{"id":5576,"date":"2024-11-20T11:04:53","date_gmt":"2024-11-20T10:04:53","guid":{"rendered":"https:\/\/gdksoftware.com\/?page_id=5576"},"modified":"2024-11-20T11:17:53","modified_gmt":"2024-11-20T10:17:53","slug":"desenvolvimento-em-delphi","status":"publish","type":"page","link":"https:\/\/gdksoftware.com\/es\/desenvolvimento-em-delphi","title":{"rendered":"Desenvolvimento em Delphi"},"content":{"rendered":"","protected":false},"excerpt":{"rendered":"","protected":false},"author":4,"featured_media":0,"parent":0,"menu_order":0,"comment_status":"closed","ping_status":"closed","template":"","meta":{"_acf_changed":false,"footnotes":""},"class_list":["post-5576","page","type-page","status-publish","hentry"],"acf":{"type_hero":"img","hero_image":1084,"hero_image_position":"","hero_title":"\u00bfTe gustar\u00eda trabajar con nuestros especialistas en Delphi?","hero_content":"","hero_link":null,"hero_show_h1":true,"flexible_content":[{"acf_fc_layout":"intro","intro_id":"","intro_title":"Desarrollo con Delphi","intro_content":""},{"acf_fc_layout":"text","text_type":"side-usps","text_marge":"sm","text_id":"","text_title":"","text_content":"\u00bfEst\u00e1s buscando un socio experto en Delphi para mejorar tu aplicaci\u00f3n? \u00bfTodav\u00eda est\u00e1s utilizando versiones antiguas de Delphi, como Delphi 5, Delphi 7 u otra versi\u00f3n anterior? \u00bfNecesitas urgentemente un desarrollador? \u00bfEst\u00e1s buscando un socio para el mantenimiento de tu aplicaci\u00f3n Delphi? Estamos aqu\u00ed para ayudarte. Contamos con un equipo de especialistas con un vasto conocimiento y experiencia en este maravilloso lenguaje de desarrollo.\r\n\r\nLl\u00e1manos y cu\u00e9ntanos cu\u00e1les son tus ideas, deseos y visiones. Nos encanta pensar en conjunto y compartir ideas contigo. \u00bfEs realmente necesario actualizar tu software a la versi\u00f3n m\u00e1s reciente de Delphi? \u00bfNecesitamos crear un proyecto completamente nuevo? \u00bfPodemos llevar tu software a un nuevo nivel con simples ajustes? Siempre seremos honestos contigo para que tomes la mejor decisi\u00f3n. Juntos, buscamos el resultado ideal y una cooperaci\u00f3n a largo plazo.","text_content2":"<h2 class=\"h3\">25+ Delphi-helden staan voor je klaar<\/h2>\r\nWat zijn we trots op ons team. De <strong>beste Delphi-specialisten van Nederland<\/strong> werken samen onder \u00e9\u00e9n dak. Stuk voor stuk intrinsiek gemotiveerde mensen met passie voor IT. Optimisten die dagelijks op hun best presteren en zichzelf continu uitdagen.\r\n\r\nMaak kennis met Remco, Tranquilo, Sibren, Alieke of \u00e9\u00e9n van onze andere helden. Samen helpen we jouw digitale ambities te vervullen. Samen maken we jouw bedrijf sterker. Samen gaan we voor het maximale resultaat en hopelijk een langdurige samenwerking.","text_content3":"","text_side_image":null,"text_side_images":null,"text_side_shortcuts_title":"","text_side_shortcuts":null,"text_side_usps":"Tenemos experiencia con las siguientes tecnolog\u00edas:\r\n<ul>\r\n \t<li>DevExpress<\/li>\r\n \t<li>Componentes TMS<\/li>\r\n \t<li>Fast-Reports<\/li>\r\n \t<li>FireDAC<\/li>\r\n \t<li>\u00a1y mucho m\u00e1s!<\/li>\r\n<\/ul>"},{"acf_fc_layout":"images","images_type":"container","images_marge":"lg","images_id":"","images_title":"","images_image":5580,"images_image2":null,"images_image3":null},{"acf_fc_layout":"text","text_type":"side-shortcuts","text_marge":"lg","text_id":"","text_title":"Nuestros especialistas en Delphi est\u00e1n listos para ayudarte","text_content":"Los mejores especialistas en Delphi de Brasil, Estados Unidos, Pa\u00edses Bajos y Reino Unido trabajan juntos en la misma empresa. \u00bfTienes un problema o desaf\u00edo t\u00e9cnico espec\u00edfico con Delphi? \u00bfQuieres llevar a tu equipo de Delphi a un nivel superior? Si es as\u00ed, conoce a James, Tranquilo, Ricardo, Patrick, Remco o a uno de nuestros otros expertos en Delphi.\r\n\r\nTodos nuestros desarrolladores de Delphi dedican dos d\u00edas cada dos meses a la investigaci\u00f3n, lo que nos permite mantener a nuestros especialistas actualizados y garantizar la calidad de los servicios que ofrecemos.","text_content2":"","text_content3":"","text_side_image":null,"text_side_images":null,"text_side_shortcuts_title":"","text_side_shortcuts":null,"text_side_usps":""},{"acf_fc_layout":"quote","quote_content":"\"Un equipo comprometido que entiende lo que necesitamos.\"","quote_id":"","quote_title":"Bas van der Ende, Hospitality Foundation Pa\u00edses Bajos."},{"acf_fc_layout":"text","text_type":"container","text_marge":"lg","text_id":"","text_title":"\u00a1Trabajando con Delphi!","text_content":"\u00bfTe gustar\u00eda hablar sobre tus proyectos en Delphi? \u00bfTienes una idea que quieres llevar a cabo y desarrollar un nuevo software? \u00bfO necesitas urgentemente un desarrollador?\r\n\r\nEstamos aqu\u00ed para ayudarte. Contamos con varios equipos de especialistas con un amplio conocimiento y especializaci\u00f3n en Delphi.","text_content2":"","text_content3":"","text_side_image":null,"text_side_images":null,"text_side_shortcuts_title":"","text_side_shortcuts":null,"text_side_usps":""},{"acf_fc_layout":"related_persons","related_persons_title":"\u00bfHablamos?","related_persons_id":"","related_persons":[5593,5588]}]},"yoast_head":"<!-- This site is optimized with the Yoast SEO Premium plugin v26.8 (Yoast SEO v27.5) - https:\/\/yoast.com\/product\/yoast-seo-premium-wordpress\/ -->\n<title>Desenvolvimento em Delphi - GDK Software<\/title>\n<meta name=\"robots\" content=\"index, follow, max-snippet:-1, max-image-preview:large, max-video-preview:-1\" \/>\n<link rel=\"canonical\" href=\"https:\/\/gdksoftware.com\/es\/desenvolvimento-em-delphi\" \/>\n<meta property=\"og:locale\" content=\"es_ES\" \/>\n<meta property=\"og:type\" content=\"article\" \/>\n<meta property=\"og:title\" content=\"Desenvolvimento em Delphi\" \/>\n<meta property=\"og:url\" content=\"https:\/\/gdksoftware.com\/es\/desenvolvimento-em-delphi\" \/>\n<meta property=\"og:site_name\" content=\"GDK Software\" \/>\n<meta property=\"article:modified_time\" content=\"2024-11-20T10:17:53+00:00\" \/>\n<meta name=\"twitter:card\" content=\"summary_large_image\" \/>\n<meta name=\"twitter:label1\" content=\"Tiempo de lectura\" \/>\n\t<meta name=\"twitter:data1\" content=\"3 minutos\" \/>\n<script type=\"application\/ld+json\" class=\"yoast-schema-graph\">{\"@context\":\"https:\\\/\\\/schema.org\",\"@graph\":[{\"@type\":\"WebPage\",\"@id\":\"https:\\\/\\\/gdksoftware.com\\\/es\\\/desenvolvimento-em-delphi\",\"url\":\"https:\\\/\\\/gdksoftware.com\\\/es\\\/desenvolvimento-em-delphi\",\"name\":\"Desenvolvimento em Delphi - GDK Software\",\"isPartOf\":{\"@id\":\"https:\\\/\\\/gdksoftware.com\\\/es#website\"},\"datePublished\":\"2024-11-20T10:04:53+00:00\",\"dateModified\":\"2024-11-20T10:17:53+00:00\",\"breadcrumb\":{\"@id\":\"https:\\\/\\\/gdksoftware.com\\\/es\\\/desenvolvimento-em-delphi#breadcrumb\"},\"inLanguage\":\"es\",\"potentialAction\":[{\"@type\":\"ReadAction\",\"target\":[\"https:\\\/\\\/gdksoftware.com\\\/es\\\/desenvolvimento-em-delphi\"]}]},{\"@type\":\"BreadcrumbList\",\"@id\":\"https:\\\/\\\/gdksoftware.com\\\/es\\\/desenvolvimento-em-delphi#breadcrumb\",\"itemListElement\":[{\"@type\":\"ListItem\",\"position\":1,\"name\":\"Home\",\"item\":\"https:\\\/\\\/gdksoftware.com\\\/es\"},{\"@type\":\"ListItem\",\"position\":2,\"name\":\"Desenvolvimento em Delphi\"}]},{\"@type\":\"WebSite\",\"@id\":\"https:\\\/\\\/gdksoftware.com\\\/es#website\",\"url\":\"https:\\\/\\\/gdksoftware.com\\\/es\",\"name\":\"GDK Software\",\"description\":\"Zet de stip op je horizon\",\"potentialAction\":[{\"@type\":\"SearchAction\",\"target\":{\"@type\":\"EntryPoint\",\"urlTemplate\":\"https:\\\/\\\/gdksoftware.com\\\/es?s={search_term_string}\"},\"query-input\":{\"@type\":\"PropertyValueSpecification\",\"valueRequired\":true,\"valueName\":\"search_term_string\"}}],\"inLanguage\":\"es\"}]}<\/script>\n<!-- \/ Yoast SEO Premium plugin. -->","yoast_head_json":{"title":"Desenvolvimento em Delphi - GDK Software","robots":{"index":"index","follow":"follow","max-snippet":"max-snippet:-1","max-image-preview":"max-image-preview:large","max-video-preview":"max-video-preview:-1"},"canonical":"https:\/\/gdksoftware.com\/es\/desenvolvimento-em-delphi","og_locale":"es_ES","og_type":"article","og_title":"Desenvolvimento em Delphi","og_url":"https:\/\/gdksoftware.com\/es\/desenvolvimento-em-delphi","og_site_name":"GDK Software","article_modified_time":"2024-11-20T10:17:53+00:00","twitter_card":"summary_large_image","twitter_misc":{"Tiempo de lectura":"3 minutos"},"schema":{"@context":"https:\/\/schema.org","@graph":[{"@type":"WebPage","@id":"https:\/\/gdksoftware.com\/es\/desenvolvimento-em-delphi","url":"https:\/\/gdksoftware.com\/es\/desenvolvimento-em-delphi","name":"Desenvolvimento em Delphi - GDK Software","isPartOf":{"@id":"https:\/\/gdksoftware.com\/es#website"},"datePublished":"2024-11-20T10:04:53+00:00","dateModified":"2024-11-20T10:17:53+00:00","breadcrumb":{"@id":"https:\/\/gdksoftware.com\/es\/desenvolvimento-em-delphi#breadcrumb"},"inLanguage":"es","potentialAction":[{"@type":"ReadAction","target":["https:\/\/gdksoftware.com\/es\/desenvolvimento-em-delphi"]}]},{"@type":"BreadcrumbList","@id":"https:\/\/gdksoftware.com\/es\/desenvolvimento-em-delphi#breadcrumb","itemListElement":[{"@type":"ListItem","position":1,"name":"Home","item":"https:\/\/gdksoftware.com\/es"},{"@type":"ListItem","position":2,"name":"Desenvolvimento em Delphi"}]},{"@type":"WebSite","@id":"https:\/\/gdksoftware.com\/es#website","url":"https:\/\/gdksoftware.com\/es","name":"GDK Software","description":"Zet de stip op je horizon","potentialAction":[{"@type":"SearchAction","target":{"@type":"EntryPoint","urlTemplate":"https:\/\/gdksoftware.com\/es?s={search_term_string}"},"query-input":{"@type":"PropertyValueSpecification","valueRequired":true,"valueName":"search_term_string"}}],"inLanguage":"es"}]}},"_links":{"self":[{"href":"https:\/\/gdksoftware.com\/es\/wp-json\/wp\/v2\/pages\/5576","targetHints":{"allow":["GET"]}}],"collection":[{"href":"https:\/\/gdksoftware.com\/es\/wp-json\/wp\/v2\/pages"}],"about":[{"href":"https:\/\/gdksoftware.com\/es\/wp-json\/wp\/v2\/types\/page"}],"author":[{"embeddable":true,"href":"https:\/\/gdksoftware.com\/es\/wp-json\/wp\/v2\/users\/4"}],"replies":[{"embeddable":true,"href":"https:\/\/gdksoftware.com\/es\/wp-json\/wp\/v2\/comments?post=5576"}],"version-history":[{"count":8,"href":"https:\/\/gdksoftware.com\/es\/wp-json\/wp\/v2\/pages\/5576\/revisions"}],"predecessor-version":[{"id":5598,"href":"https:\/\/gdksoftware.com\/es\/wp-json\/wp\/v2\/pages\/5576\/revisions\/5598"}],"wp:attachment":[{"href":"https:\/\/gdksoftware.com\/es\/wp-json\/wp\/v2\/media?parent=5576"}],"curies":[{"name":"wp","href":"https:\/\/api.w.org\/{rel}","templated":true}]}}