{"id":329,"date":"2020-03-09T13:26:15","date_gmt":"2020-03-09T13:26:15","guid":{"rendered":"https:\/\/gdksoftware.com\/?page_id=329"},"modified":"2020-07-21T15:37:42","modified_gmt":"2020-07-21T14:37:42","slug":"ambities","status":"publish","type":"page","link":"https:\/\/gdksoftware.com\/nl\/ambities","title":{"rendered":"Ambities"},"content":{"rendered":"","protected":false},"excerpt":{"rendered":"","protected":false},"author":1,"featured_media":0,"parent":0,"menu_order":2,"comment_status":"closed","ping_status":"closed","template":"","meta":{"_acf_changed":false,"footnotes":""},"class_list":["post-329","page","type-page","status-publish","hentry"],"acf":{"type_hero":"img-fw","hero_image":1078,"hero_image_position":"","hero_title":"We geven jouw ambities kleur en bouwen aan de perfecte applicatie.","hero_content":"","hero_link":{"title":"Jouw aanvalsplan","url":"#intro","target":""},"hero_show_h1":true,"flexible_content":[{"acf_fc_layout":"intro","intro_id":"intro","intro_title":"De toekomst in","intro_content":"Wat je ambitie ook is, we gaan voor de best passende oplossing. We leren jouw organisatie kennen en bouwen applicaties voor \u00e9chte gebruikers. Samen vooruit!"},{"acf_fc_layout":"block04","block04_id":"","block04_title":"Van oud naar nieuw","block04_titlesub":"Wendbaar worden door vernieuwing","block04_content":"Processen effici\u00ebnter maken? Beter koppelen met mobiele apps? Of wil je nieuwe diensten aanbieden? Er zijn duizenden redenen om over te stappen van oude naar nieuwe software. Wat jouw reden ook is, wij helpen je overstappen.","block04_link":{"title":"Meer informatie","url":"https:\/\/gdksoftware.com\/nl\/ambities\/van-oud-naar-nieuw\/","target":""},"block04_image":903,"block04_mirror":false},{"acf_fc_layout":"block04","block04_id":"","block04_title":"App ontwikkeling","block04_titlesub":"Slimme apps die je werk uit handen nemen","block04_content":"Technologie evolueert en voortdurend ontstaan er nieuwe kansen. Heb jij een superslim idee, maar kun je dit idee niet uitvoeren door technologische beperkingen? Dat is natuurlijk niet de bedoeling. Denk in mogelijkheden. Laat ons jouw volgende slimme app bouwen!","block04_link":{"title":"Meer informatie","url":"https:\/\/gdksoftware.com\/nl\/ambities\/slimme-apps\/","target":""},"block04_image":909,"block04_mirror":true},{"acf_fc_layout":"quote","quote_content":"Korte lijnen, meedenken, snel reageren, d\u00e1t is GDK. De kracht daarvan heeft ons gezamenlijk veel voordelen gebracht en is \u00e9\u00e9n van de succesfactoren van Perfectkeur.","quote_id":"","quote_title":"Gerrit van der Heide | Perfectkeur"},{"acf_fc_layout":"block04","block04_id":"","block04_title":"Systeemintegraties","block04_titlesub":"Integreer systemen en elimineer overbodige proceshandelingen","block04_content":"Knippen, plakken, kopi\u00ebren, slepen en repeat. Iedere dag dezelfde handelingen. Slimme koppelingen nemen jou en je collega\u2019s veel werk uit handen. Voorkom dat je dubbel werk doet en stop met repetitieve handelingen die veel tijd kosten.","block04_link":{"title":"Meer informatie","url":"https:\/\/gdksoftware.com\/nl\/ambities\/systeemintegraties\/","target":""},"block04_image":944,"block04_mirror":false},{"acf_fc_layout":"block04","block04_id":"","block04_title":"Innovatie","block04_titlesub":"Hoe ziet jouw digitale toekomst eruit?","block04_content":"Innovatie zit in ons DNA. We bruisen van idee\u00ebn. Iedere dag zoeken we naar nieuwe oplossingen. Hoe versnellen we processen? Hoe kunnen we klanten n\u00f3g beter helpen? Vragen die leiden tot kansen. Kansen die we met beide handen aangrijpen.","block04_link":{"title":"Meer informatie","url":"https:\/\/gdksoftware.com\/nl\/ambities\/innovatie\/","target":""},"block04_image":554,"block04_mirror":true}]},"yoast_head":"<!-- This site is optimized with the Yoast SEO Premium plugin v26.8 (Yoast SEO v27.5) - https:\/\/yoast.com\/product\/yoast-seo-premium-wordpress\/ -->\n<title>Ambities - GDK Software<\/title>\n<meta name=\"robots\" content=\"index, follow, max-snippet:-1, max-image-preview:large, max-video-preview:-1\" \/>\n<link rel=\"canonical\" href=\"https:\/\/gdksoftware.com\/nl\/ambities\" \/>\n<meta property=\"og:locale\" content=\"nl_NL\" \/>\n<meta property=\"og:type\" content=\"article\" \/>\n<meta property=\"og:title\" content=\"Ambities\" \/>\n<meta property=\"og:url\" content=\"https:\/\/gdksoftware.com\/nl\/ambities\" \/>\n<meta property=\"og:site_name\" content=\"GDK Software\" \/>\n<meta property=\"article:modified_time\" content=\"2020-07-21T14:37:42+00:00\" \/>\n<meta name=\"twitter:card\" content=\"summary_large_image\" \/>\n<script type=\"application\/ld+json\" class=\"yoast-schema-graph\">{\"@context\":\"https:\\\/\\\/schema.org\",\"@graph\":[{\"@type\":\"WebPage\",\"@id\":\"https:\\\/\\\/gdksoftware.com\\\/nl\\\/ambities\",\"url\":\"https:\\\/\\\/gdksoftware.com\\\/nl\\\/ambities\",\"name\":\"Ambities - GDK Software\",\"isPartOf\":{\"@id\":\"https:\\\/\\\/gdksoftware.com\\\/nl#website\"},\"datePublished\":\"2020-03-09T13:26:15+00:00\",\"dateModified\":\"2020-07-21T14:37:42+00:00\",\"breadcrumb\":{\"@id\":\"https:\\\/\\\/gdksoftware.com\\\/nl\\\/ambities#breadcrumb\"},\"inLanguage\":\"nl-NL\",\"potentialAction\":[{\"@type\":\"ReadAction\",\"target\":[\"https:\\\/\\\/gdksoftware.com\\\/nl\\\/ambities\"]}]},{\"@type\":\"BreadcrumbList\",\"@id\":\"https:\\\/\\\/gdksoftware.com\\\/nl\\\/ambities#breadcrumb\",\"itemListElement\":[{\"@type\":\"ListItem\",\"position\":1,\"name\":\"Home\",\"item\":\"https:\\\/\\\/gdksoftware.com\\\/nl\"},{\"@type\":\"ListItem\",\"position\":2,\"name\":\"Ambities\"}]},{\"@type\":\"WebSite\",\"@id\":\"https:\\\/\\\/gdksoftware.com\\\/nl#website\",\"url\":\"https:\\\/\\\/gdksoftware.com\\\/nl\",\"name\":\"GDK Software\",\"description\":\"Zet de stip op je horizon\",\"potentialAction\":[{\"@type\":\"SearchAction\",\"target\":{\"@type\":\"EntryPoint\",\"urlTemplate\":\"https:\\\/\\\/gdksoftware.com\\\/nl?s={search_term_string}\"},\"query-input\":{\"@type\":\"PropertyValueSpecification\",\"valueRequired\":true,\"valueName\":\"search_term_string\"}}],\"inLanguage\":\"nl-NL\"}]}<\/script>\n<!-- \/ Yoast SEO Premium plugin. -->","yoast_head_json":{"title":"Ambities - GDK Software","robots":{"index":"index","follow":"follow","max-snippet":"max-snippet:-1","max-image-preview":"max-image-preview:large","max-video-preview":"max-video-preview:-1"},"canonical":"https:\/\/gdksoftware.com\/nl\/ambities","og_locale":"nl_NL","og_type":"article","og_title":"Ambities","og_url":"https:\/\/gdksoftware.com\/nl\/ambities","og_site_name":"GDK Software","article_modified_time":"2020-07-21T14:37:42+00:00","twitter_card":"summary_large_image","schema":{"@context":"https:\/\/schema.org","@graph":[{"@type":"WebPage","@id":"https:\/\/gdksoftware.com\/nl\/ambities","url":"https:\/\/gdksoftware.com\/nl\/ambities","name":"Ambities - GDK Software","isPartOf":{"@id":"https:\/\/gdksoftware.com\/nl#website"},"datePublished":"2020-03-09T13:26:15+00:00","dateModified":"2020-07-21T14:37:42+00:00","breadcrumb":{"@id":"https:\/\/gdksoftware.com\/nl\/ambities#breadcrumb"},"inLanguage":"nl-NL","potentialAction":[{"@type":"ReadAction","target":["https:\/\/gdksoftware.com\/nl\/ambities"]}]},{"@type":"BreadcrumbList","@id":"https:\/\/gdksoftware.com\/nl\/ambities#breadcrumb","itemListElement":[{"@type":"ListItem","position":1,"name":"Home","item":"https:\/\/gdksoftware.com\/nl"},{"@type":"ListItem","position":2,"name":"Ambities"}]},{"@type":"WebSite","@id":"https:\/\/gdksoftware.com\/nl#website","url":"https:\/\/gdksoftware.com\/nl","name":"GDK Software","description":"Zet de stip op je horizon","potentialAction":[{"@type":"SearchAction","target":{"@type":"EntryPoint","urlTemplate":"https:\/\/gdksoftware.com\/nl?s={search_term_string}"},"query-input":{"@type":"PropertyValueSpecification","valueRequired":true,"valueName":"search_term_string"}}],"inLanguage":"nl-NL"}]}},"_links":{"self":[{"href":"https:\/\/gdksoftware.com\/nl\/wp-json\/wp\/v2\/pages\/329","targetHints":{"allow":["GET"]}}],"collection":[{"href":"https:\/\/gdksoftware.com\/nl\/wp-json\/wp\/v2\/pages"}],"about":[{"href":"https:\/\/gdksoftware.com\/nl\/wp-json\/wp\/v2\/types\/page"}],"author":[{"embeddable":true,"href":"https:\/\/gdksoftware.com\/nl\/wp-json\/wp\/v2\/users\/1"}],"replies":[{"embeddable":true,"href":"https:\/\/gdksoftware.com\/nl\/wp-json\/wp\/v2\/comments?post=329"}],"version-history":[{"count":0,"href":"https:\/\/gdksoftware.com\/nl\/wp-json\/wp\/v2\/pages\/329\/revisions"}],"wp:attachment":[{"href":"https:\/\/gdksoftware.com\/nl\/wp-json\/wp\/v2\/media?parent=329"}],"curies":[{"name":"wp","href":"https:\/\/api.w.org\/{rel}","templated":true}]}}