{"id":3855,"date":"2023-01-05T10:54:56","date_gmt":"2023-01-05T09:54:56","guid":{"rendered":"https:\/\/gdksoftware.com\/delphi-programming-2"},"modified":"2023-09-22T14:55:20","modified_gmt":"2023-09-22T13:55:20","slug":"delphi-programmeren","status":"publish","type":"page","link":"https:\/\/gdksoftware.com\/nl\/delphi-programmeren","title":{"rendered":"Delphi programmeren"},"content":{"rendered":"","protected":false},"excerpt":{"rendered":"","protected":false},"author":1,"featured_media":0,"parent":0,"menu_order":0,"comment_status":"closed","ping_status":"closed","template":"","meta":{"_acf_changed":false,"footnotes":""},"class_list":["post-3855","page","type-page","status-publish","hentry"],"acf":{"type_hero":"img","hero_image":2069,"hero_image_position":"","hero_title":"Delphi programmeren: Maak apps for Android, iOS & meer","hero_content":"","hero_link":null,"hero_show_h1":false,"flexible_content":[{"acf_fc_layout":"text","text_type":"container","text_marge":"none","text_id":"","text_title":"","text_content":"<strong>De nieuwste Delphi-versie is live! Hoewel dit goed nieuws is voor onze experts (nog meer mogelijkheden!), kan het voor veel bedrijven betekenen dat ze met een verouderde versie werken. Dan is het erg prettig om samen te werken met iemand die Delphi kan programmeren. Voor onze experts is Delphi een fluitje van een cent, dus bij GDK Software ben je aan het juiste adres.<\/strong>\r\n<h2>Delphi programmeren<\/h2>\r\nWerk je al met Delphi? Gaaf! Het is mogelijk (dankzij de nieuwste <a href=\"https:\/\/gdksoftware.com\/services\/delphi-upgrades-and-updates\">update<\/a>) dat je nu werkt met een verouderde versie en dat je applicatie daarom niet werkt op de nieuwste versies. Maak je geen zorgen, bij GDK Software ben je aan het juiste adres. Heb je dringend een <a href=\"https:\/\/gdksoftware.com\/services\/delphi-development\">developer<\/a> nodig? Of zoek je een partner om je Delphi applicatie te onderhouden? Wij zijn er om je te helpen met Delphi programmeren. Een sterk team van specialisten met aanzienlijke kennis en expertise over deze prachtige <a href=\"https:\/\/gdksoftware.com\/nl\/diensten\/delphi-development\">programmeertaal<\/a> staat tot je dienst.\r\n<h2>Voordelen van de nieuwste Delphi versie<\/h2>\r\nWerken met de nieuwste Delphi versie brengt een aantal voordelen met zich mee. We zetten ze graag voor je op een rijtje.\r\n<ul>\r\n \t<li>Gebruik Delphi's FMX framework voor Windows visual framework voor cross-platform responsive gebruikersinterfaces.<\/li>\r\n \t<li>Gebruik en geniet van de nieuwe hoge DPI-compatibele IDE op 4k+ schermen<\/li>\r\n \t<li>Verbeterde VCL-bibliotheek voor het gebruik van Microsofts WebView 2-besturingselement in zowel TEdgeBrowser als TWebBrowser componenten, met betere ondersteuning voor UserDataFolder en ExecutableFolder configuraties.<\/li>\r\n \t<li>Gebruik VCL stijlen tijdens het ontwerpen! Prototype stijlvolle UI's nog sneller door tijdens het ontwerpen te zien hoe je gestileerde formulieren en besturingselementen er tijdens het uitvoeren uit zullen zien.<\/li>\r\n \t<li>Sneller prototypen met visuele lijnen en verbeterde ondersteuning voor marges en opvulling<\/li>\r\n \t<li>Verbeteringen voor meerdere monitoren en meerdere vensters: Ontwerp en werk code voor hetzelfde formulier in meerdere vensters<\/li>\r\n \t<li>Ontwerp snel \u00e9\u00e9n keer je master responsive UI layout en pas daarna platform- en apparaatspecifieke renderings aan zonder dubbel werk bij het ontwerpen.<\/li>\r\n \t<li>Gebruikersinterface-elementen verbinden met gegevensbronnen met behulp van de LiveBindings Designer<\/li>\r\n<\/ul>\r\nMaar natuurlijk bekijken we eerst of het eigenlijk wel nodig is om de nieuwste versie van Delphi te gebruiken. Misschien kunnen we ook je software naar een hoger niveau tillen met een aantal relatief eenvoudige aanpassingen! Bij GDK Software geven we je altijd een eerlijk advies. Samen gaan we voor het maximale resultaat en een langdurige samenwerking!\r\n<h2>Onze Delphi-experts helpen je graag<\/h2>\r\nDe beste Delphi specialisten in Nederland, Brazili\u00eb en Engeland werken samen onder \u00e9\u00e9n dak bij GDK Software. Heb je een specifiek probleem of een technische uitdaging op het gebied van Delphi programmeren? Of wil je je Delphi-team naar een hoger niveau tillen? Maak dan kennis met een van onze experts.\r\n\r\nWij zijn er om te helpen. GDK. Een sterk team van specialisten met zeer veel Delphi kennis en vaardigheden.","text_content2":"","text_content3":"","text_side_image":null,"text_side_images":null,"text_side_shortcuts_title":"","text_side_shortcuts":null,"text_side_usps":""},{"acf_fc_layout":"related_items","related_items_title":"Meer Delphi?","related_items_id":"","related_items":[3670,3413]}]},"yoast_head":"<!-- This site is optimized with the Yoast SEO Premium plugin v26.8 (Yoast SEO v27.4) - https:\/\/yoast.com\/product\/yoast-seo-premium-wordpress\/ -->\n<title>Delphi programmeren - GDK Software<\/title>\n<meta name=\"robots\" content=\"index, follow, max-snippet:-1, max-image-preview:large, max-video-preview:-1\" \/>\n<link rel=\"canonical\" href=\"https:\/\/gdksoftware.com\/nl\/delphi-programmeren\" \/>\n<meta property=\"og:locale\" content=\"nl_NL\" \/>\n<meta property=\"og:type\" content=\"article\" \/>\n<meta property=\"og:title\" content=\"Delphi programmeren\" \/>\n<meta property=\"og:url\" content=\"https:\/\/gdksoftware.com\/nl\/delphi-programmeren\" \/>\n<meta property=\"og:site_name\" content=\"GDK Software\" \/>\n<meta property=\"article:modified_time\" content=\"2023-09-22T13:55:20+00:00\" \/>\n<meta name=\"twitter:card\" content=\"summary_large_image\" \/>\n<script type=\"application\/ld+json\" class=\"yoast-schema-graph\">{\"@context\":\"https:\\\/\\\/schema.org\",\"@graph\":[{\"@type\":\"WebPage\",\"@id\":\"https:\\\/\\\/gdksoftware.com\\\/nl\\\/delphi-programmeren\",\"url\":\"https:\\\/\\\/gdksoftware.com\\\/nl\\\/delphi-programmeren\",\"name\":\"Delphi programmeren - GDK Software\",\"isPartOf\":{\"@id\":\"https:\\\/\\\/gdksoftware.com\\\/nl#website\"},\"datePublished\":\"2023-01-05T09:54:56+00:00\",\"dateModified\":\"2023-09-22T13:55:20+00:00\",\"breadcrumb\":{\"@id\":\"https:\\\/\\\/gdksoftware.com\\\/nl\\\/delphi-programmeren#breadcrumb\"},\"inLanguage\":\"nl-NL\",\"potentialAction\":[{\"@type\":\"ReadAction\",\"target\":[\"https:\\\/\\\/gdksoftware.com\\\/nl\\\/delphi-programmeren\"]}]},{\"@type\":\"BreadcrumbList\",\"@id\":\"https:\\\/\\\/gdksoftware.com\\\/nl\\\/delphi-programmeren#breadcrumb\",\"itemListElement\":[{\"@type\":\"ListItem\",\"position\":1,\"name\":\"Home\",\"item\":\"https:\\\/\\\/gdksoftware.com\\\/nl\"},{\"@type\":\"ListItem\",\"position\":2,\"name\":\"Delphi programmeren\"}]},{\"@type\":\"WebSite\",\"@id\":\"https:\\\/\\\/gdksoftware.com\\\/nl#website\",\"url\":\"https:\\\/\\\/gdksoftware.com\\\/nl\",\"name\":\"GDK Software\",\"description\":\"Zet de stip op je horizon\",\"potentialAction\":[{\"@type\":\"SearchAction\",\"target\":{\"@type\":\"EntryPoint\",\"urlTemplate\":\"https:\\\/\\\/gdksoftware.com\\\/nl?s={search_term_string}\"},\"query-input\":{\"@type\":\"PropertyValueSpecification\",\"valueRequired\":true,\"valueName\":\"search_term_string\"}}],\"inLanguage\":\"nl-NL\"}]}<\/script>\n<!-- \/ Yoast SEO Premium plugin. -->","yoast_head_json":{"title":"Delphi programmeren - GDK Software","robots":{"index":"index","follow":"follow","max-snippet":"max-snippet:-1","max-image-preview":"max-image-preview:large","max-video-preview":"max-video-preview:-1"},"canonical":"https:\/\/gdksoftware.com\/nl\/delphi-programmeren","og_locale":"nl_NL","og_type":"article","og_title":"Delphi programmeren","og_url":"https:\/\/gdksoftware.com\/nl\/delphi-programmeren","og_site_name":"GDK Software","article_modified_time":"2023-09-22T13:55:20+00:00","twitter_card":"summary_large_image","schema":{"@context":"https:\/\/schema.org","@graph":[{"@type":"WebPage","@id":"https:\/\/gdksoftware.com\/nl\/delphi-programmeren","url":"https:\/\/gdksoftware.com\/nl\/delphi-programmeren","name":"Delphi programmeren - GDK Software","isPartOf":{"@id":"https:\/\/gdksoftware.com\/nl#website"},"datePublished":"2023-01-05T09:54:56+00:00","dateModified":"2023-09-22T13:55:20+00:00","breadcrumb":{"@id":"https:\/\/gdksoftware.com\/nl\/delphi-programmeren#breadcrumb"},"inLanguage":"nl-NL","potentialAction":[{"@type":"ReadAction","target":["https:\/\/gdksoftware.com\/nl\/delphi-programmeren"]}]},{"@type":"BreadcrumbList","@id":"https:\/\/gdksoftware.com\/nl\/delphi-programmeren#breadcrumb","itemListElement":[{"@type":"ListItem","position":1,"name":"Home","item":"https:\/\/gdksoftware.com\/nl"},{"@type":"ListItem","position":2,"name":"Delphi programmeren"}]},{"@type":"WebSite","@id":"https:\/\/gdksoftware.com\/nl#website","url":"https:\/\/gdksoftware.com\/nl","name":"GDK Software","description":"Zet de stip op je horizon","potentialAction":[{"@type":"SearchAction","target":{"@type":"EntryPoint","urlTemplate":"https:\/\/gdksoftware.com\/nl?s={search_term_string}"},"query-input":{"@type":"PropertyValueSpecification","valueRequired":true,"valueName":"search_term_string"}}],"inLanguage":"nl-NL"}]}},"_links":{"self":[{"href":"https:\/\/gdksoftware.com\/nl\/wp-json\/wp\/v2\/pages\/3855","targetHints":{"allow":["GET"]}}],"collection":[{"href":"https:\/\/gdksoftware.com\/nl\/wp-json\/wp\/v2\/pages"}],"about":[{"href":"https:\/\/gdksoftware.com\/nl\/wp-json\/wp\/v2\/types\/page"}],"author":[{"embeddable":true,"href":"https:\/\/gdksoftware.com\/nl\/wp-json\/wp\/v2\/users\/1"}],"replies":[{"embeddable":true,"href":"https:\/\/gdksoftware.com\/nl\/wp-json\/wp\/v2\/comments?post=3855"}],"version-history":[{"count":2,"href":"https:\/\/gdksoftware.com\/nl\/wp-json\/wp\/v2\/pages\/3855\/revisions"}],"predecessor-version":[{"id":4708,"href":"https:\/\/gdksoftware.com\/nl\/wp-json\/wp\/v2\/pages\/3855\/revisions\/4708"}],"wp:attachment":[{"href":"https:\/\/gdksoftware.com\/nl\/wp-json\/wp\/v2\/media?parent=3855"}],"curies":[{"name":"wp","href":"https:\/\/api.w.org\/{rel}","templated":true}]}}