{"id":4852,"date":"2023-11-07T09:13:57","date_gmt":"2023-11-07T08:13:57","guid":{"rendered":"https:\/\/gdksoftware.com\/?page_id=4852"},"modified":"2023-11-07T09:13:57","modified_gmt":"2023-11-07T08:13:57","slug":"delphi-code","status":"publish","type":"page","link":"https:\/\/gdksoftware.com\/nl\/delphi-code","title":{"rendered":"Delphi code"},"content":{"rendered":"","protected":false},"excerpt":{"rendered":"","protected":false},"author":4,"featured_media":0,"parent":0,"menu_order":0,"comment_status":"closed","ping_status":"closed","template":"","meta":{"_acf_changed":false,"footnotes":""},"class_list":["post-4852","page","type-page","status-publish","hentry"],"acf":{"type_hero":"img","hero_image":2070,"hero_image_position":"","hero_title":"Delphi-code: Is het jouw tijd om te beginnen met coderen?","hero_content":"","hero_link":null,"hero_show_h1":false,"flexible_content":[{"acf_fc_layout":"text","text_type":"container","text_marge":"none","text_id":"","text_title":"","text_content":"Wist je dat Delphi al sinds 1995 bestaat?! Sindsdien is de programmeertaal en IDE voortdurend ge\u00ebvolueerd en zijn er geavanceerde functies toegevoegd. Veranderingen in Windows stellen Delphi in staat om meer dan ooit de meest prominente programmeertaal te worden.\r\n<h2>Delphi-code: wat is het precies?<\/h2>\r\nOorspronkelijk werd Delphi ontwikkeld voor de eerste versie van Windows. Het is daarom zowel een programmeertaal als een softwareproduct (inclusief een ge\u00efntegreerde ontwikkelomgeving - IDE) om snel desktop-, mobiele, web- en andere toepassingen te ontwikkelen. Net als zijn voorganger is Delphi een algemene programmeertaal waar effici\u00ebntie voorop staat. Zelfs assemblage- en machinetaal worden ondersteund. Met andere woorden, tal van mogelijkheden!\r\n<h2>Wat onderscheidt Delphi-code?<\/h2>\r\nDe grootste kracht van Delphi is wel de snelheid. Ontwikkeld als een RAD-tool, is Delphi razendsnel in het ontwikkelen van nieuwe toepassingen.\r\n\r\nBovendien ondersteunt Delphi momenteel elk platform dat je gebruikt, zoals Windows, macOS, Linux, Android en iOS. Dit is mogelijk dankzij het cross-platform ontwikkelingsframework.\r\n<h2>Zelf leren of samenwerken met experts?<\/h2>\r\nCoderen is (helaas) vaak gelijk aan het betalen voor dure software en tijd verspillen aan het leren van een nieuwe taal. Met Delphi Community Edition is dat niet langer het geval, maar het biedt beperktere mogelijkheden in vergelijking met professionele omgevingen. Er zijn momenteel drie verschillende versies beschikbaar: Professional, Enterprise en Architect. Elk van deze versies heeft een andere prijs en biedt zijn eigen nieuwe functionaliteiten.\r\n\r\nWaar de aanschafprijs misschien niet eens het probleem is, kan de tijd die je moet investeren om te leren hoe de <a href=\"https:\/\/gdksoftware.com\/nl\/kennisbank\/delphi\">programmeertaal<\/a> werkt wel een belemmering zijn. Je leert immers niet in \u00e9\u00e9n nacht coderen. Het kost maanden, soms zelfs jaren om alle ins en outs te leren kennen. Tijd die misschien niet beschikbaar is. Of waarvoor je de juiste persoon niet kunt vinden. In dat geval is samenwerken met GDK Software de oplossing.\r\n<h2>Een toegewijd team van experts staat voor je klaar<\/h2>\r\nDe beste Delphi-specialisten in Nederland, Brazili\u00eb en Engeland werken onder \u00e9\u00e9n dak samen. Dus welke vraag je ook hebt over Delphi-code: wij zullen het antwoord voor je vinden. Heb je een specifiek probleem of technische uitdaging in Delphi? Of wil je je team naar een hoger niveau tillen? Maak dan kennis met een van onze experts. We hebben een sterk team van specialisten met een grote hoeveelheid kennis en expertise over deze prachtige ontwikkeltaal.\r\n\r\nBel ons en vertel ons jouw visie, wensen en idee\u00ebn. We denken graag met je mee. Is een upgrade naar de nieuwste versie van Delphi echt noodzakelijk? Of kunnen we jouw software naar een hoger niveau tillen met een paar aanpassingen? We geven altijd eerlijk advies. Samen streven we naar het maximale resultaat en een<a href=\"https:\/\/calendly.com\/marcogeuze\/strategy-session?month=2023-11\"> langdurige samenwerking<\/a>!","text_content2":"","text_content3":"","text_side_image":null,"text_side_images":null,"text_side_shortcuts_title":"","text_side_shortcuts":null,"text_side_usps":""},{"acf_fc_layout":"related_items","related_items_title":"Meer Delphi?","related_items_id":"","related_items":[3855,4700]}]},"yoast_head":"<!-- This site is optimized with the Yoast SEO Premium plugin v26.8 (Yoast SEO v27.3) - https:\/\/yoast.com\/product\/yoast-seo-premium-wordpress\/ -->\n<title>Delphi Code: Is het jouw tijd om in 2024 met coderen te beginnen?<\/title>\n<meta name=\"description\" content=\"Wil je leren om Delphi-code te schrijven of upgraden naar de nieuwste versie? GDK Software staat voor je klaar om je te helpen!\" \/>\n<meta name=\"robots\" content=\"index, follow, max-snippet:-1, max-image-preview:large, max-video-preview:-1\" \/>\n<link rel=\"canonical\" href=\"https:\/\/gdksoftware.com\/nl\/delphi-code\" \/>\n<meta property=\"og:locale\" content=\"nl_NL\" \/>\n<meta property=\"og:type\" content=\"article\" \/>\n<meta property=\"og:title\" content=\"Delphi code\" \/>\n<meta property=\"og:description\" content=\"Wil je leren om Delphi-code te schrijven of upgraden naar de nieuwste versie? GDK Software staat voor je klaar om je te helpen!\" \/>\n<meta property=\"og:url\" content=\"https:\/\/gdksoftware.com\/nl\/delphi-code\" \/>\n<meta property=\"og:site_name\" content=\"GDK Software\" \/>\n<meta name=\"twitter:card\" content=\"summary_large_image\" \/>\n<script type=\"application\/ld+json\" class=\"yoast-schema-graph\">{\"@context\":\"https:\\\/\\\/schema.org\",\"@graph\":[{\"@type\":\"WebPage\",\"@id\":\"https:\\\/\\\/gdksoftware.com\\\/nl\\\/delphi-code\",\"url\":\"https:\\\/\\\/gdksoftware.com\\\/nl\\\/delphi-code\",\"name\":\"Delphi Code: Is het jouw tijd om in 2024 met coderen te beginnen?\",\"isPartOf\":{\"@id\":\"https:\\\/\\\/gdksoftware.com\\\/nl#website\"},\"datePublished\":\"2023-11-07T08:13:57+00:00\",\"description\":\"Wil je leren om Delphi-code te schrijven of upgraden naar de nieuwste versie? GDK Software staat voor je klaar om je te helpen!\",\"breadcrumb\":{\"@id\":\"https:\\\/\\\/gdksoftware.com\\\/nl\\\/delphi-code#breadcrumb\"},\"inLanguage\":\"nl-NL\",\"potentialAction\":[{\"@type\":\"ReadAction\",\"target\":[\"https:\\\/\\\/gdksoftware.com\\\/nl\\\/delphi-code\"]}]},{\"@type\":\"BreadcrumbList\",\"@id\":\"https:\\\/\\\/gdksoftware.com\\\/nl\\\/delphi-code#breadcrumb\",\"itemListElement\":[{\"@type\":\"ListItem\",\"position\":1,\"name\":\"Home\",\"item\":\"https:\\\/\\\/gdksoftware.com\\\/nl\"},{\"@type\":\"ListItem\",\"position\":2,\"name\":\"Delphi code\"}]},{\"@type\":\"WebSite\",\"@id\":\"https:\\\/\\\/gdksoftware.com\\\/nl#website\",\"url\":\"https:\\\/\\\/gdksoftware.com\\\/nl\",\"name\":\"GDK Software\",\"description\":\"Zet de stip op je horizon\",\"potentialAction\":[{\"@type\":\"SearchAction\",\"target\":{\"@type\":\"EntryPoint\",\"urlTemplate\":\"https:\\\/\\\/gdksoftware.com\\\/nl?s={search_term_string}\"},\"query-input\":{\"@type\":\"PropertyValueSpecification\",\"valueRequired\":true,\"valueName\":\"search_term_string\"}}],\"inLanguage\":\"nl-NL\"}]}<\/script>\n<!-- \/ Yoast SEO Premium plugin. -->","yoast_head_json":{"title":"Delphi Code: Is het jouw tijd om in 2024 met coderen te beginnen?","description":"Wil je leren om Delphi-code te schrijven of upgraden naar de nieuwste versie? GDK Software staat voor je klaar om je te helpen!","robots":{"index":"index","follow":"follow","max-snippet":"max-snippet:-1","max-image-preview":"max-image-preview:large","max-video-preview":"max-video-preview:-1"},"canonical":"https:\/\/gdksoftware.com\/nl\/delphi-code","og_locale":"nl_NL","og_type":"article","og_title":"Delphi code","og_description":"Wil je leren om Delphi-code te schrijven of upgraden naar de nieuwste versie? GDK Software staat voor je klaar om je te helpen!","og_url":"https:\/\/gdksoftware.com\/nl\/delphi-code","og_site_name":"GDK Software","twitter_card":"summary_large_image","schema":{"@context":"https:\/\/schema.org","@graph":[{"@type":"WebPage","@id":"https:\/\/gdksoftware.com\/nl\/delphi-code","url":"https:\/\/gdksoftware.com\/nl\/delphi-code","name":"Delphi Code: Is het jouw tijd om in 2024 met coderen te beginnen?","isPartOf":{"@id":"https:\/\/gdksoftware.com\/nl#website"},"datePublished":"2023-11-07T08:13:57+00:00","description":"Wil je leren om Delphi-code te schrijven of upgraden naar de nieuwste versie? GDK Software staat voor je klaar om je te helpen!","breadcrumb":{"@id":"https:\/\/gdksoftware.com\/nl\/delphi-code#breadcrumb"},"inLanguage":"nl-NL","potentialAction":[{"@type":"ReadAction","target":["https:\/\/gdksoftware.com\/nl\/delphi-code"]}]},{"@type":"BreadcrumbList","@id":"https:\/\/gdksoftware.com\/nl\/delphi-code#breadcrumb","itemListElement":[{"@type":"ListItem","position":1,"name":"Home","item":"https:\/\/gdksoftware.com\/nl"},{"@type":"ListItem","position":2,"name":"Delphi code"}]},{"@type":"WebSite","@id":"https:\/\/gdksoftware.com\/nl#website","url":"https:\/\/gdksoftware.com\/nl","name":"GDK Software","description":"Zet de stip op je horizon","potentialAction":[{"@type":"SearchAction","target":{"@type":"EntryPoint","urlTemplate":"https:\/\/gdksoftware.com\/nl?s={search_term_string}"},"query-input":{"@type":"PropertyValueSpecification","valueRequired":true,"valueName":"search_term_string"}}],"inLanguage":"nl-NL"}]}},"_links":{"self":[{"href":"https:\/\/gdksoftware.com\/nl\/wp-json\/wp\/v2\/pages\/4852","targetHints":{"allow":["GET"]}}],"collection":[{"href":"https:\/\/gdksoftware.com\/nl\/wp-json\/wp\/v2\/pages"}],"about":[{"href":"https:\/\/gdksoftware.com\/nl\/wp-json\/wp\/v2\/types\/page"}],"author":[{"embeddable":true,"href":"https:\/\/gdksoftware.com\/nl\/wp-json\/wp\/v2\/users\/4"}],"replies":[{"embeddable":true,"href":"https:\/\/gdksoftware.com\/nl\/wp-json\/wp\/v2\/comments?post=4852"}],"version-history":[{"count":2,"href":"https:\/\/gdksoftware.com\/nl\/wp-json\/wp\/v2\/pages\/4852\/revisions"}],"predecessor-version":[{"id":4854,"href":"https:\/\/gdksoftware.com\/nl\/wp-json\/wp\/v2\/pages\/4852\/revisions\/4854"}],"wp:attachment":[{"href":"https:\/\/gdksoftware.com\/nl\/wp-json\/wp\/v2\/media?parent=4852"}],"curies":[{"name":"wp","href":"https:\/\/api.w.org\/{rel}","templated":true}]}}