{"id":5495,"date":"2024-10-02T14:48:42","date_gmt":"2024-10-02T13:48:42","guid":{"rendered":"https:\/\/gdksoftware.com\/?page_id=5495"},"modified":"2024-10-02T14:49:52","modified_gmt":"2024-10-02T13:49:52","slug":"bonjour-nous-vous-aidons-avec-delphi","status":"publish","type":"page","link":"https:\/\/gdksoftware.com\/nl\/bonjour-nous-vous-aidons-avec-delphi","title":{"rendered":"Bonjour ! Nous vous aidons avec Delphi"},"content":{"rendered":"","protected":false},"excerpt":{"rendered":"","protected":false},"author":4,"featured_media":0,"parent":0,"menu_order":0,"comment_status":"closed","ping_status":"closed","template":"","meta":{"_acf_changed":false,"footnotes":""},"class_list":["post-5495","page","type-page","status-publish","hentry"],"acf":{"type_hero":"img-text","hero_image":1077,"hero_image_position":"","hero_title":"Bonjour ! Nous vous aidons avec Delphi","hero_content":"Vous recherchez un sp\u00e9cialiste Delphi en France ? GDK Software est une entreprise internationale avec de nombreux experts Delphi. Nous avons des bureaux aux Pays-Bas, au Royaume-Uni, aux \u00c9tats-Unis et au Br\u00e9sil. Nous sommes pr\u00eats \u00e0 soutenir \u00e9galement votre entreprise en France.\r\n","hero_link":"","hero_show_h1":false,"flexible_content":[{"acf_fc_layout":"text","text_type":"container","text_marge":"md","text_id":"","text_title":"","text_content":"Notre \u00e9quipe peut vous aider avec l\u2019augmentation de capacit\u00e9, les mises \u00e0 jour et la maintenance de votre application Delphi. Nous assistons sur des questions complexes, formons vos d\u00e9veloppeurs, \u00e9valuons la qualit\u00e9 du code, am\u00e9liorons l\u2019architecture et modernisons vos applications. Nous intervenons \u00e0 l\u2019\u00e9chelle mondiale et avons une grande exp\u00e9rience dans divers secteurs, en d\u00e9veloppant et en maintenant des applications pour Windows et mobiles.\r\n\r\nLa qualit\u00e9 est notre priorit\u00e9. Nous privil\u00e9gions une approche personnelle, sans fioritures, avec une communication directe. Notre objectif est toujours d\u2019\u00e9tablir une relation \u00e0 long terme et de proposer des solutions durables.\r\n\r\nLes fuseaux horaires ne sont pas un probl\u00e8me pour nous, surtout en France. De plus, les distances ne sont pas trop grandes. Pour les grands projets, nous sommes heureux de nous rendre sur place.","text_content2":"","text_content3":"","text_side_image":null,"text_side_images":null,"text_side_shortcuts_title":"","text_side_shortcuts":null,"text_side_usps":""},{"acf_fc_layout":"images","images_type":"container","images_marge":"md","images_id":"","images_title":"","images_image":4512,"images_image2":null,"images_image3":null},{"acf_fc_layout":"text","text_type":"container","text_marge":"none","text_id":"","text_title":"D\u00e9veloppement Delphi","text_content":"Vous cherchez un partenaire pour la maintenance de votre application Delphi ? Travaillez-vous encore avec des versions obsol\u00e8tes, comme Delphi 5 ou Delphi 7 ? Avez-vous besoin de d\u00e9veloppeurs en urgence ? Nous sommes l\u00e0 pour vous aider. Nous disposons d\u2019une \u00e9quipe solide de sp\u00e9cialistes, avec une expertise approfondie dans ce magnifique langage de d\u00e9veloppement.","text_content2":"","text_content3":"","text_side_image":null,"text_side_images":null,"text_side_shortcuts_title":"","text_side_shortcuts":null,"text_side_usps":""},{"acf_fc_layout":"text","text_type":"container","text_marge":"none","text_id":"","text_title":"Mises \u00e0 niveau Delphi","text_content":"\u00c9vitez que le d\u00e9veloppement de vos applications ne stagne. Mettez \u00e0 jour votre application Delphi pour rester \u00e0 jour. GDK Software est sp\u00e9cialis\u00e9e dans la mise \u00e0 niveau des anciennes applications Delphi vers les versions les plus r\u00e9centes.","text_content2":"","text_content3":"","text_side_image":null,"text_side_images":null,"text_side_shortcuts_title":"","text_side_shortcuts":null,"text_side_usps":""},{"acf_fc_layout":"text","text_type":"container","text_marge":"none","text_id":"","text_title":"Applications low-code Delphi avec Codolex","text_content":"Pr\u00eat pour la transformation num\u00e9rique ? Le d\u00e9veloppement d\u2019applications peut \u00eatre beaucoup plus rapide que vous ne le pensez. Il ne s\u2019agit que de quelques semaines, plut\u00f4t que de plusieurs mois. Avec la plateforme low-code Codolex, vous d\u00e9marrez sur les chapeaux de roue.","text_content2":"","text_content3":"","text_side_image":null,"text_side_images":null,"text_side_shortcuts_title":"","text_side_shortcuts":null,"text_side_usps":""},{"acf_fc_layout":"text","text_type":"container","text_marge":"md","text_id":"","text_title":"Vous souhaitez en savoir plus ?","text_content":"<div>Laissez-nous vous aider \u00e0 concr\u00e9tiser vos ambitions. Prenez rendez-vous avec\u00a0<span class=\"il\">Marco<\/span>\u00a0ou Kees, et discutons de Delphi !<\/div>\r\n<div><\/div>","text_content2":"","text_content3":"","text_side_image":null,"text_side_images":null,"text_side_shortcuts_title":"","text_side_shortcuts":null,"text_side_usps":""}]},"yoast_head":"<!-- This site is optimized with the Yoast SEO Premium plugin v26.8 (Yoast SEO v27.5) - https:\/\/yoast.com\/product\/yoast-seo-premium-wordpress\/ -->\n<title>Bonjour ! Nous vous aidons avec Delphi - GDK Software<\/title>\n<meta name=\"robots\" content=\"index, follow, max-snippet:-1, max-image-preview:large, max-video-preview:-1\" \/>\n<link rel=\"canonical\" href=\"https:\/\/gdksoftware.com\/nl\/bonjour-nous-vous-aidons-avec-delphi\" \/>\n<meta property=\"og:locale\" content=\"nl_NL\" \/>\n<meta property=\"og:type\" content=\"article\" \/>\n<meta property=\"og:title\" content=\"Bonjour ! Nous vous aidons avec Delphi\" \/>\n<meta property=\"og:url\" content=\"https:\/\/gdksoftware.com\/nl\/bonjour-nous-vous-aidons-avec-delphi\" \/>\n<meta property=\"og:site_name\" content=\"GDK Software\" \/>\n<meta property=\"article:modified_time\" content=\"2024-10-02T13:49:52+00:00\" \/>\n<meta name=\"twitter:card\" content=\"summary_large_image\" \/>\n<meta name=\"twitter:label1\" content=\"Geschatte leestijd\" \/>\n\t<meta name=\"twitter:data1\" content=\"3 minuten\" \/>\n<script type=\"application\/ld+json\" class=\"yoast-schema-graph\">{\"@context\":\"https:\\\/\\\/schema.org\",\"@graph\":[{\"@type\":\"WebPage\",\"@id\":\"https:\\\/\\\/gdksoftware.com\\\/nl\\\/bonjour-nous-vous-aidons-avec-delphi\",\"url\":\"https:\\\/\\\/gdksoftware.com\\\/nl\\\/bonjour-nous-vous-aidons-avec-delphi\",\"name\":\"Bonjour ! Nous vous aidons avec Delphi - GDK Software\",\"isPartOf\":{\"@id\":\"https:\\\/\\\/gdksoftware.com\\\/nl#website\"},\"datePublished\":\"2024-10-02T13:48:42+00:00\",\"dateModified\":\"2024-10-02T13:49:52+00:00\",\"breadcrumb\":{\"@id\":\"https:\\\/\\\/gdksoftware.com\\\/nl\\\/bonjour-nous-vous-aidons-avec-delphi#breadcrumb\"},\"inLanguage\":\"nl-NL\",\"potentialAction\":[{\"@type\":\"ReadAction\",\"target\":[\"https:\\\/\\\/gdksoftware.com\\\/nl\\\/bonjour-nous-vous-aidons-avec-delphi\"]}]},{\"@type\":\"BreadcrumbList\",\"@id\":\"https:\\\/\\\/gdksoftware.com\\\/nl\\\/bonjour-nous-vous-aidons-avec-delphi#breadcrumb\",\"itemListElement\":[{\"@type\":\"ListItem\",\"position\":1,\"name\":\"Home\",\"item\":\"https:\\\/\\\/gdksoftware.com\\\/nl\"},{\"@type\":\"ListItem\",\"position\":2,\"name\":\"Bonjour ! Nous vous aidons avec Delphi\"}]},{\"@type\":\"WebSite\",\"@id\":\"https:\\\/\\\/gdksoftware.com\\\/nl#website\",\"url\":\"https:\\\/\\\/gdksoftware.com\\\/nl\",\"name\":\"GDK Software\",\"description\":\"Zet de stip op je horizon\",\"potentialAction\":[{\"@type\":\"SearchAction\",\"target\":{\"@type\":\"EntryPoint\",\"urlTemplate\":\"https:\\\/\\\/gdksoftware.com\\\/nl?s={search_term_string}\"},\"query-input\":{\"@type\":\"PropertyValueSpecification\",\"valueRequired\":true,\"valueName\":\"search_term_string\"}}],\"inLanguage\":\"nl-NL\"}]}<\/script>\n<!-- \/ Yoast SEO Premium plugin. -->","yoast_head_json":{"title":"Bonjour ! Nous vous aidons avec Delphi - GDK Software","robots":{"index":"index","follow":"follow","max-snippet":"max-snippet:-1","max-image-preview":"max-image-preview:large","max-video-preview":"max-video-preview:-1"},"canonical":"https:\/\/gdksoftware.com\/nl\/bonjour-nous-vous-aidons-avec-delphi","og_locale":"nl_NL","og_type":"article","og_title":"Bonjour ! Nous vous aidons avec Delphi","og_url":"https:\/\/gdksoftware.com\/nl\/bonjour-nous-vous-aidons-avec-delphi","og_site_name":"GDK Software","article_modified_time":"2024-10-02T13:49:52+00:00","twitter_card":"summary_large_image","twitter_misc":{"Geschatte leestijd":"3 minuten"},"schema":{"@context":"https:\/\/schema.org","@graph":[{"@type":"WebPage","@id":"https:\/\/gdksoftware.com\/nl\/bonjour-nous-vous-aidons-avec-delphi","url":"https:\/\/gdksoftware.com\/nl\/bonjour-nous-vous-aidons-avec-delphi","name":"Bonjour ! Nous vous aidons avec Delphi - GDK Software","isPartOf":{"@id":"https:\/\/gdksoftware.com\/nl#website"},"datePublished":"2024-10-02T13:48:42+00:00","dateModified":"2024-10-02T13:49:52+00:00","breadcrumb":{"@id":"https:\/\/gdksoftware.com\/nl\/bonjour-nous-vous-aidons-avec-delphi#breadcrumb"},"inLanguage":"nl-NL","potentialAction":[{"@type":"ReadAction","target":["https:\/\/gdksoftware.com\/nl\/bonjour-nous-vous-aidons-avec-delphi"]}]},{"@type":"BreadcrumbList","@id":"https:\/\/gdksoftware.com\/nl\/bonjour-nous-vous-aidons-avec-delphi#breadcrumb","itemListElement":[{"@type":"ListItem","position":1,"name":"Home","item":"https:\/\/gdksoftware.com\/nl"},{"@type":"ListItem","position":2,"name":"Bonjour ! Nous vous aidons avec Delphi"}]},{"@type":"WebSite","@id":"https:\/\/gdksoftware.com\/nl#website","url":"https:\/\/gdksoftware.com\/nl","name":"GDK Software","description":"Zet de stip op je horizon","potentialAction":[{"@type":"SearchAction","target":{"@type":"EntryPoint","urlTemplate":"https:\/\/gdksoftware.com\/nl?s={search_term_string}"},"query-input":{"@type":"PropertyValueSpecification","valueRequired":true,"valueName":"search_term_string"}}],"inLanguage":"nl-NL"}]}},"_links":{"self":[{"href":"https:\/\/gdksoftware.com\/nl\/wp-json\/wp\/v2\/pages\/5495","targetHints":{"allow":["GET"]}}],"collection":[{"href":"https:\/\/gdksoftware.com\/nl\/wp-json\/wp\/v2\/pages"}],"about":[{"href":"https:\/\/gdksoftware.com\/nl\/wp-json\/wp\/v2\/types\/page"}],"author":[{"embeddable":true,"href":"https:\/\/gdksoftware.com\/nl\/wp-json\/wp\/v2\/users\/4"}],"replies":[{"embeddable":true,"href":"https:\/\/gdksoftware.com\/nl\/wp-json\/wp\/v2\/comments?post=5495"}],"version-history":[{"count":3,"href":"https:\/\/gdksoftware.com\/nl\/wp-json\/wp\/v2\/pages\/5495\/revisions"}],"predecessor-version":[{"id":5498,"href":"https:\/\/gdksoftware.com\/nl\/wp-json\/wp\/v2\/pages\/5495\/revisions\/5498"}],"wp:attachment":[{"href":"https:\/\/gdksoftware.com\/nl\/wp-json\/wp\/v2\/media?parent=5495"}],"curies":[{"name":"wp","href":"https:\/\/api.w.org\/{rel}","templated":true}]}}