{"id":5540,"date":"2024-10-21T13:24:03","date_gmt":"2024-10-21T12:24:03","guid":{"rendered":"https:\/\/gdksoftware.com\/?page_id=5540"},"modified":"2024-11-04T12:17:29","modified_gmt":"2024-11-04T11:17:29","slug":"hallo-wir-helfen-ihnen-mit-delphi","status":"publish","type":"page","link":"https:\/\/gdksoftware.com\/nl\/hallo-wir-helfen-ihnen-mit-delphi","title":{"rendered":"Hallo! Wir helfen Ihnen mit Delphi"},"content":{"rendered":"","protected":false},"excerpt":{"rendered":"","protected":false},"author":4,"featured_media":0,"parent":0,"menu_order":0,"comment_status":"closed","ping_status":"closed","template":"","meta":{"_acf_changed":false,"footnotes":""},"class_list":["post-5540","page","type-page","status-publish","hentry"],"acf":{"type_hero":"img-text","hero_image":1200,"hero_image_position":"","hero_title":"Hallo! Wir helfen Ihnen mit Delphi","hero_content":"Suchen Sie einen Delphi-Spezialisten in Deutschland? GDK Software ist ein internationales Unternehmen mit zahlreichen Delphi-Experten. Wir haben B\u00fcros in den Niederlanden, im Vereinigten K\u00f6nigreich, in den USA und in Brasilien. Wir sind bereit, auch Ihr Unternehmen in Deutschland zu unterst\u00fctzen.","hero_link":"","hero_show_h1":false,"flexible_content":[{"acf_fc_layout":"text","text_type":"container","text_marge":"md","text_id":"","text_title":"","text_content":"<p class=\"p1\">Unser Team kann Ihnen bei Kapazit\u00e4tserweiterungen, Updates und der Wartung Ihrer Delphi-Anwendung helfen. Wir unterst\u00fctzen Sie bei komplexen Fragen, schulen Ihre Entwickler, bewerten die Codequalit\u00e4t, verbessern die Architektur und modernisieren Ihre Anwendungen. Wir arbeiten weltweit und verf\u00fcgen \u00fcber umfassende Erfahrung in verschiedenen Branchen, insbesondere in der Entwicklung und Wartung von Windows- und mobilen Anwendungen.<\/p>\r\n<p class=\"p1\">Qualit\u00e4t ist unsere Priorit\u00e4t. Wir legen Wert auf einen pers\u00f6nlichen, unkomplizierten Ansatz mit direkter Kommunikation. Unser Ziel ist es, immer eine langfristige Beziehung aufzubauen und nachhaltige L\u00f6sungen anzubieten.<\/p>\r\n<p class=\"p1\">Zeitzonen sind f\u00fcr uns kein Problem, besonders in Deutschland. Au\u00dferdem sind die Entfernungen nicht allzu gro\u00df. F\u00fcr gro\u00dfe Projekte reisen wir gerne vor Ort an.<\/p>","text_content2":"","text_content3":"","text_side_image":null,"text_side_images":null,"text_side_shortcuts_title":"","text_side_shortcuts":null,"text_side_usps":""},{"acf_fc_layout":"images","images_type":"container","images_marge":"md","images_id":"","images_title":"","images_image":4782,"images_image2":null,"images_image3":null},{"acf_fc_layout":"text","text_type":"container","text_marge":"none","text_id":"","text_title":"Delphi-Entwicklung","text_content":"<p class=\"p1\">Suchen Sie einen Partner f\u00fcr die Wartung Ihrer Delphi-Anwendung? Arbeiten Sie noch mit veralteten Versionen wie Delphi 5 oder Delphi 7? Ben\u00f6tigen Sie dringend Entwickler? Wir sind hier, um Ihnen zu helfen. Wir verf\u00fcgen \u00fcber ein starkes Team von Spezialisten mit umfassender Expertise in dieser gro\u00dfartigen Programmiersprache.<\/p>","text_content2":"","text_content3":"","text_side_image":null,"text_side_images":null,"text_side_shortcuts_title":"","text_side_shortcuts":null,"text_side_usps":""},{"acf_fc_layout":"text","text_type":"container","text_marge":"none","text_id":"","text_title":"Delphi-Upgrades","text_content":"<p class=\"p1\">Vermeiden Sie, dass die Entwicklung Ihrer Anwendungen ins Stocken ger\u00e4t. Aktualisieren Sie Ihre Delphi-Anwendung, um auf dem neuesten Stand zu bleiben. GDK Software ist auf die Aktualisierung alter Delphi-Anwendungen auf die neuesten Versionen spezialisiert.<\/p>","text_content2":"","text_content3":"","text_side_image":null,"text_side_images":null,"text_side_shortcuts_title":"","text_side_shortcuts":null,"text_side_usps":""},{"acf_fc_layout":"text","text_type":"container","text_marge":"none","text_id":"","text_title":"Low-Code-Delphi-Anwendungen mit Codolex","text_content":"<p class=\"p1\">Bereit f\u00fcr die digitale Transformation? Die Anwendungsentwicklung kann viel schneller gehen, als Sie denken. Es dauert nur wenige Wochen, statt mehrere Monate. Mit der Low-Code-Plattform Codolex starten Sie sofort durch.<\/p>","text_content2":"","text_content3":"","text_side_image":null,"text_side_images":null,"text_side_shortcuts_title":"","text_side_shortcuts":null,"text_side_usps":""},{"acf_fc_layout":"text","text_type":"container","text_marge":"none","text_id":"","text_title":"M\u00f6chten Sie mehr erfahren?","text_content":"<p class=\"p1\">Lassen Sie uns Ihnen helfen, Ihre Ziele zu verwirklichen. Vereinbaren Sie einen Termin mit Marco oder Kees, und lassen Sie uns \u00fcber Delphi sprechen!<\/p>","text_content2":"","text_content3":"","text_side_image":null,"text_side_images":null,"text_side_shortcuts_title":"","text_side_shortcuts":null,"text_side_usps":""}]},"yoast_head":"<!-- This site is optimized with the Yoast SEO Premium plugin v26.8 (Yoast SEO v27.4) - https:\/\/yoast.com\/product\/yoast-seo-premium-wordpress\/ -->\n<title>Hallo! Wir helfen Ihnen mit Delphi - GDK Software<\/title>\n<meta name=\"robots\" content=\"index, follow, max-snippet:-1, max-image-preview:large, max-video-preview:-1\" \/>\n<link rel=\"canonical\" href=\"https:\/\/gdksoftware.com\/nl\/hallo-wir-helfen-ihnen-mit-delphi\" \/>\n<meta property=\"og:locale\" content=\"nl_NL\" \/>\n<meta property=\"og:type\" content=\"article\" \/>\n<meta property=\"og:title\" content=\"Hallo! Wir helfen Ihnen mit Delphi\" \/>\n<meta property=\"og:url\" content=\"https:\/\/gdksoftware.com\/nl\/hallo-wir-helfen-ihnen-mit-delphi\" \/>\n<meta property=\"og:site_name\" content=\"GDK Software\" \/>\n<meta property=\"article:modified_time\" content=\"2024-11-04T11:17:29+00:00\" \/>\n<meta name=\"twitter:card\" content=\"summary_large_image\" \/>\n<meta name=\"twitter:label1\" content=\"Geschatte leestijd\" \/>\n\t<meta name=\"twitter:data1\" content=\"2 minuten\" \/>\n<script type=\"application\/ld+json\" class=\"yoast-schema-graph\">{\"@context\":\"https:\\\/\\\/schema.org\",\"@graph\":[{\"@type\":\"WebPage\",\"@id\":\"https:\\\/\\\/gdksoftware.com\\\/nl\\\/hallo-wir-helfen-ihnen-mit-delphi\",\"url\":\"https:\\\/\\\/gdksoftware.com\\\/nl\\\/hallo-wir-helfen-ihnen-mit-delphi\",\"name\":\"Hallo! Wir helfen Ihnen mit Delphi - GDK Software\",\"isPartOf\":{\"@id\":\"https:\\\/\\\/gdksoftware.com\\\/nl#website\"},\"datePublished\":\"2024-10-21T12:24:03+00:00\",\"dateModified\":\"2024-11-04T11:17:29+00:00\",\"breadcrumb\":{\"@id\":\"https:\\\/\\\/gdksoftware.com\\\/nl\\\/hallo-wir-helfen-ihnen-mit-delphi#breadcrumb\"},\"inLanguage\":\"nl-NL\",\"potentialAction\":[{\"@type\":\"ReadAction\",\"target\":[\"https:\\\/\\\/gdksoftware.com\\\/nl\\\/hallo-wir-helfen-ihnen-mit-delphi\"]}]},{\"@type\":\"BreadcrumbList\",\"@id\":\"https:\\\/\\\/gdksoftware.com\\\/nl\\\/hallo-wir-helfen-ihnen-mit-delphi#breadcrumb\",\"itemListElement\":[{\"@type\":\"ListItem\",\"position\":1,\"name\":\"Home\",\"item\":\"https:\\\/\\\/gdksoftware.com\\\/nl\"},{\"@type\":\"ListItem\",\"position\":2,\"name\":\"Hallo! Wir helfen Ihnen mit Delphi\"}]},{\"@type\":\"WebSite\",\"@id\":\"https:\\\/\\\/gdksoftware.com\\\/nl#website\",\"url\":\"https:\\\/\\\/gdksoftware.com\\\/nl\",\"name\":\"GDK Software\",\"description\":\"Zet de stip op je horizon\",\"potentialAction\":[{\"@type\":\"SearchAction\",\"target\":{\"@type\":\"EntryPoint\",\"urlTemplate\":\"https:\\\/\\\/gdksoftware.com\\\/nl?s={search_term_string}\"},\"query-input\":{\"@type\":\"PropertyValueSpecification\",\"valueRequired\":true,\"valueName\":\"search_term_string\"}}],\"inLanguage\":\"nl-NL\"}]}<\/script>\n<!-- \/ Yoast SEO Premium plugin. -->","yoast_head_json":{"title":"Hallo! Wir helfen Ihnen mit Delphi - GDK Software","robots":{"index":"index","follow":"follow","max-snippet":"max-snippet:-1","max-image-preview":"max-image-preview:large","max-video-preview":"max-video-preview:-1"},"canonical":"https:\/\/gdksoftware.com\/nl\/hallo-wir-helfen-ihnen-mit-delphi","og_locale":"nl_NL","og_type":"article","og_title":"Hallo! Wir helfen Ihnen mit Delphi","og_url":"https:\/\/gdksoftware.com\/nl\/hallo-wir-helfen-ihnen-mit-delphi","og_site_name":"GDK Software","article_modified_time":"2024-11-04T11:17:29+00:00","twitter_card":"summary_large_image","twitter_misc":{"Geschatte leestijd":"2 minuten"},"schema":{"@context":"https:\/\/schema.org","@graph":[{"@type":"WebPage","@id":"https:\/\/gdksoftware.com\/nl\/hallo-wir-helfen-ihnen-mit-delphi","url":"https:\/\/gdksoftware.com\/nl\/hallo-wir-helfen-ihnen-mit-delphi","name":"Hallo! Wir helfen Ihnen mit Delphi - GDK Software","isPartOf":{"@id":"https:\/\/gdksoftware.com\/nl#website"},"datePublished":"2024-10-21T12:24:03+00:00","dateModified":"2024-11-04T11:17:29+00:00","breadcrumb":{"@id":"https:\/\/gdksoftware.com\/nl\/hallo-wir-helfen-ihnen-mit-delphi#breadcrumb"},"inLanguage":"nl-NL","potentialAction":[{"@type":"ReadAction","target":["https:\/\/gdksoftware.com\/nl\/hallo-wir-helfen-ihnen-mit-delphi"]}]},{"@type":"BreadcrumbList","@id":"https:\/\/gdksoftware.com\/nl\/hallo-wir-helfen-ihnen-mit-delphi#breadcrumb","itemListElement":[{"@type":"ListItem","position":1,"name":"Home","item":"https:\/\/gdksoftware.com\/nl"},{"@type":"ListItem","position":2,"name":"Hallo! Wir helfen Ihnen mit Delphi"}]},{"@type":"WebSite","@id":"https:\/\/gdksoftware.com\/nl#website","url":"https:\/\/gdksoftware.com\/nl","name":"GDK Software","description":"Zet de stip op je horizon","potentialAction":[{"@type":"SearchAction","target":{"@type":"EntryPoint","urlTemplate":"https:\/\/gdksoftware.com\/nl?s={search_term_string}"},"query-input":{"@type":"PropertyValueSpecification","valueRequired":true,"valueName":"search_term_string"}}],"inLanguage":"nl-NL"}]}},"_links":{"self":[{"href":"https:\/\/gdksoftware.com\/nl\/wp-json\/wp\/v2\/pages\/5540","targetHints":{"allow":["GET"]}}],"collection":[{"href":"https:\/\/gdksoftware.com\/nl\/wp-json\/wp\/v2\/pages"}],"about":[{"href":"https:\/\/gdksoftware.com\/nl\/wp-json\/wp\/v2\/types\/page"}],"author":[{"embeddable":true,"href":"https:\/\/gdksoftware.com\/nl\/wp-json\/wp\/v2\/users\/4"}],"replies":[{"embeddable":true,"href":"https:\/\/gdksoftware.com\/nl\/wp-json\/wp\/v2\/comments?post=5540"}],"version-history":[{"count":3,"href":"https:\/\/gdksoftware.com\/nl\/wp-json\/wp\/v2\/pages\/5540\/revisions"}],"predecessor-version":[{"id":5544,"href":"https:\/\/gdksoftware.com\/nl\/wp-json\/wp\/v2\/pages\/5540\/revisions\/5544"}],"wp:attachment":[{"href":"https:\/\/gdksoftware.com\/nl\/wp-json\/wp\/v2\/media?parent=5540"}],"curies":[{"name":"wp","href":"https:\/\/api.w.org\/{rel}","templated":true}]}}