{"id":2812,"date":"2020-03-03T11:01:01","date_gmt":"2020-03-03T11:01:01","guid":{"rendered":"https:\/\/gdksoftware.com\/gdk-software-mendix-en-delphi-development"},"modified":"2024-10-07T13:38:01","modified_gmt":"2024-10-07T12:38:01","slug":"gdk-software-desenvolvimento-mendix-e-delphi","status":"publish","type":"page","link":"https:\/\/gdksoftware.com\/pt-br","title":{"rendered":"GDK Software, Desenvolvimento Delphi"},"content":{"rendered":"","protected":false},"excerpt":{"rendered":"","protected":false},"author":1,"featured_media":0,"parent":0,"menu_order":0,"comment_status":"closed","ping_status":"open","template":"","meta":{"_acf_changed":false,"footnotes":""},"class_list":["post-2812","page","type-page","status-publish","hentry"],"acf":{"type_hero":"img-text","hero_image":878,"hero_image_position":"30% 30%","hero_title":"N\u00f3s somos <strong>Delphi<span class=\"text-secondary\">.<\/span><\/strong>","hero_content":"Voc\u00ea tem um desafio Delphi e est\u00e1 procurando por experi\u00eancia ou capacidade? Nossos especialistas e desenvolvedores est\u00e3o prontos para realizar suas ambi\u00e7\u00f5es e objetivos. N\u00f3s lhe ajudamos com prazer com novos desenvolvimentos, atualiza\u00e7\u00f5es e manuten\u00e7\u00e3o de sua aplica\u00e7\u00e3o Delphi.","hero_link":{"title":"Como podemos ajudar voc\u00ea?","url":"#ambitions","target":""},"hero_show_h1":true,"flexible_content":[{"acf_fc_layout":"intro","intro_id":"ambitions","intro_title":"Especialistas em Delphi com paix\u00e3o!","intro_content":"N\u00f3s entendemos seu neg\u00f3cio e tornamos seus objetivos digitais alcan\u00e7\u00e1veis. Passos pequenos e pr\u00e1ticos fornecem resultados grandes e tang\u00edveis. Expanda seu horizonte."},{"acf_fc_layout":"block01","block01_image":887,"block01_items":[{"item_link":{"title":"Desenvolvimento Delphi","url":"https:\/\/gdksoftware.com\/pt-br\/servicos\/desenvolvimento-delphi","target":""},"item_content":"Trabalhe com nossos especialistas em Delphi."},{"item_link":{"title":"Atualiza\u00e7\u00f5es da Delphi","url":"https:\/\/gdksoftware.com\/pt-br\/servicos\/delphi-atualiza-e-moderniza","target":""},"item_content":"Atualize seu aplicativo Delphi antigo para a vers\u00e3o mais recente."},{"item_link":{"title":"Codolex low code - Delphi","url":"https:\/\/codolex.com","target":""},"item_content":"Desenvolva em um instante em uma plataforma moderna"}]},{"acf_fc_layout":"block02","block02_id":"","block02_title":"Trabalhando juntos","block02_intro":"Qualquer que seja a sua ambi\u00e7\u00e3o, n\u00f3s buscamos a melhor solu\u00e7\u00e3o para a sua organiza\u00e7\u00e3o. N\u00f3s conheceremos o seu neg\u00f3cio e construiremos aplica\u00e7\u00f5es voltadas para o usu\u00e1rio. ","block02_link":{"title":"Fale com a GDK","url":"https:\/\/gdksoftware.com\/pt-br\/servicos","target":""}},{"acf_fc_layout":"cases","cases_id":"cases","cases_title":"Casos de sucesso","cases_items":[1525,1557,1535,4251]},{"acf_fc_layout":"career","career_title":"TRABALHANDO NA GDK","career_id":"","career_titlesub":"Expanda seus horizontes","career_content":"Na GDK, voc\u00ea trabalha em uma equipe motivada com desenvolvedores experientes e jovens estudantes. Mergulhe nas t\u00e9cnicas mais recentes, aprenda com seus clientes e siga uma ampla variedade de cursos de treinamento. Na GDK, al\u00e9m do software, voc\u00ea tamb\u00e9m se desenvolver\u00e1.","career_items":[{"item_title":"Remco Vorthoren","item_quote":"Considero muito importante os desafios","item_image":537,"item_link":{"title":"Saiba mais","url":"https:\/\/gdksoftware.com\/remco-about-gdk\/","target":""}},{"item_title":"Reinier Stam","item_quote":"Sem hierarquia: sempre h\u00e1 espa\u00e7o para sua pr\u00f3pria ideia","item_image":540,"item_link":{"title":"Saiba mais","url":"https:\/\/gdksoftware.com\/reinier-about-gdk\/","target":""}}],"career_showall":false},{"acf_fc_layout":"actual","actual_id":"","actual_title":"NOVIDADES"}]},"yoast_head":"<!-- This site is optimized with the Yoast SEO Premium plugin v26.8 (Yoast SEO v27.4) - https:\/\/yoast.com\/product\/yoast-seo-premium-wordpress\/ -->\n<title>GDK Software, Desenvolvimento Delphi - GDK Software<\/title>\n<meta name=\"description\" content=\"Voc\u00ea tem um desafio Delphi e est\u00e1 procurando por experi\u00eancia ou capacidade? Nossos especialistas est\u00e3o prontos para realizar seus objetivos.\" \/>\n<meta name=\"robots\" content=\"index, follow, max-snippet:-1, max-image-preview:large, max-video-preview:-1\" \/>\n<link rel=\"canonical\" href=\"https:\/\/gdksoftware.com\/pt-br\" \/>\n<meta property=\"og:locale\" content=\"pt_BR\" \/>\n<meta property=\"og:type\" content=\"article\" \/>\n<meta property=\"og:title\" content=\"GDK Software, Desenvolvimento Delphi\" \/>\n<meta property=\"og:description\" content=\"Voc\u00ea tem um desafio Delphi e est\u00e1 procurando por experi\u00eancia ou capacidade? Nossos especialistas est\u00e3o prontos para realizar seus objetivos.\" \/>\n<meta property=\"og:url\" content=\"https:\/\/gdksoftware.com\/pt-br\" \/>\n<meta property=\"og:site_name\" content=\"GDK Software\" \/>\n<meta property=\"article:modified_time\" content=\"2024-10-07T12:38:01+00:00\" \/>\n<meta name=\"twitter:card\" content=\"summary_large_image\" \/>\n<meta name=\"twitter:label1\" content=\"Est. tempo de leitura\" \/>\n\t<meta name=\"twitter:data1\" content=\"1 minuto\" \/>\n<script type=\"application\/ld+json\" class=\"yoast-schema-graph\">{\"@context\":\"https:\\\/\\\/schema.org\",\"@graph\":[{\"@type\":\"WebPage\",\"@id\":\"https:\\\/\\\/gdksoftware.com\\\/pt-br\",\"url\":\"https:\\\/\\\/gdksoftware.com\\\/pt-br\",\"name\":\"GDK Software, Desenvolvimento Delphi - GDK Software\",\"isPartOf\":{\"@id\":\"https:\\\/\\\/gdksoftware.com\\\/pt-br#website\"},\"datePublished\":\"2020-03-03T11:01:01+00:00\",\"dateModified\":\"2024-10-07T12:38:01+00:00\",\"description\":\"Voc\u00ea tem um desafio Delphi e est\u00e1 procurando por experi\u00eancia ou capacidade? Nossos especialistas est\u00e3o prontos para realizar seus objetivos.\",\"breadcrumb\":{\"@id\":\"https:\\\/\\\/gdksoftware.com\\\/pt-br#breadcrumb\"},\"inLanguage\":\"pt-BR\",\"potentialAction\":[{\"@type\":\"ReadAction\",\"target\":[\"https:\\\/\\\/gdksoftware.com\\\/pt-br\"]}]},{\"@type\":\"BreadcrumbList\",\"@id\":\"https:\\\/\\\/gdksoftware.com\\\/pt-br#breadcrumb\",\"itemListElement\":[{\"@type\":\"ListItem\",\"position\":1,\"name\":\"Home\",\"item\":\"https:\\\/\\\/gdksoftware.com\\\/pt-br\"},{\"@type\":\"ListItem\",\"position\":2,\"name\":\"GDK Software, Desenvolvimento Delphi\"}]},{\"@type\":\"WebSite\",\"@id\":\"https:\\\/\\\/gdksoftware.com\\\/pt-br#website\",\"url\":\"https:\\\/\\\/gdksoftware.com\\\/pt-br\",\"name\":\"GDK Software\",\"description\":\"Zet de stip op je horizon\",\"potentialAction\":[{\"@type\":\"SearchAction\",\"target\":{\"@type\":\"EntryPoint\",\"urlTemplate\":\"https:\\\/\\\/gdksoftware.com\\\/pt-br?s={search_term_string}\"},\"query-input\":{\"@type\":\"PropertyValueSpecification\",\"valueRequired\":true,\"valueName\":\"search_term_string\"}}],\"inLanguage\":\"pt-BR\"}]}<\/script>\n<!-- \/ Yoast SEO Premium plugin. -->","yoast_head_json":{"title":"GDK Software, Desenvolvimento Delphi - GDK Software","description":"Voc\u00ea tem um desafio Delphi e est\u00e1 procurando por experi\u00eancia ou capacidade? Nossos especialistas est\u00e3o prontos para realizar seus objetivos.","robots":{"index":"index","follow":"follow","max-snippet":"max-snippet:-1","max-image-preview":"max-image-preview:large","max-video-preview":"max-video-preview:-1"},"canonical":"https:\/\/gdksoftware.com\/pt-br","og_locale":"pt_BR","og_type":"article","og_title":"GDK Software, Desenvolvimento Delphi","og_description":"Voc\u00ea tem um desafio Delphi e est\u00e1 procurando por experi\u00eancia ou capacidade? Nossos especialistas est\u00e3o prontos para realizar seus objetivos.","og_url":"https:\/\/gdksoftware.com\/pt-br","og_site_name":"GDK Software","article_modified_time":"2024-10-07T12:38:01+00:00","twitter_card":"summary_large_image","twitter_misc":{"Est. tempo de leitura":"1 minuto"},"schema":{"@context":"https:\/\/schema.org","@graph":[{"@type":"WebPage","@id":"https:\/\/gdksoftware.com\/pt-br","url":"https:\/\/gdksoftware.com\/pt-br","name":"GDK Software, Desenvolvimento Delphi - GDK Software","isPartOf":{"@id":"https:\/\/gdksoftware.com\/pt-br#website"},"datePublished":"2020-03-03T11:01:01+00:00","dateModified":"2024-10-07T12:38:01+00:00","description":"Voc\u00ea tem um desafio Delphi e est\u00e1 procurando por experi\u00eancia ou capacidade? Nossos especialistas est\u00e3o prontos para realizar seus objetivos.","breadcrumb":{"@id":"https:\/\/gdksoftware.com\/pt-br#breadcrumb"},"inLanguage":"pt-BR","potentialAction":[{"@type":"ReadAction","target":["https:\/\/gdksoftware.com\/pt-br"]}]},{"@type":"BreadcrumbList","@id":"https:\/\/gdksoftware.com\/pt-br#breadcrumb","itemListElement":[{"@type":"ListItem","position":1,"name":"Home","item":"https:\/\/gdksoftware.com\/pt-br"},{"@type":"ListItem","position":2,"name":"GDK Software, Desenvolvimento Delphi"}]},{"@type":"WebSite","@id":"https:\/\/gdksoftware.com\/pt-br#website","url":"https:\/\/gdksoftware.com\/pt-br","name":"GDK Software","description":"Zet de stip op je horizon","potentialAction":[{"@type":"SearchAction","target":{"@type":"EntryPoint","urlTemplate":"https:\/\/gdksoftware.com\/pt-br?s={search_term_string}"},"query-input":{"@type":"PropertyValueSpecification","valueRequired":true,"valueName":"search_term_string"}}],"inLanguage":"pt-BR"}]}},"_links":{"self":[{"href":"https:\/\/gdksoftware.com\/pt-br\/wp-json\/wp\/v2\/pages\/2812","targetHints":{"allow":["GET"]}}],"collection":[{"href":"https:\/\/gdksoftware.com\/pt-br\/wp-json\/wp\/v2\/pages"}],"about":[{"href":"https:\/\/gdksoftware.com\/pt-br\/wp-json\/wp\/v2\/types\/page"}],"author":[{"embeddable":true,"href":"https:\/\/gdksoftware.com\/pt-br\/wp-json\/wp\/v2\/users\/1"}],"replies":[{"embeddable":true,"href":"https:\/\/gdksoftware.com\/pt-br\/wp-json\/wp\/v2\/comments?post=2812"}],"version-history":[{"count":26,"href":"https:\/\/gdksoftware.com\/pt-br\/wp-json\/wp\/v2\/pages\/2812\/revisions"}],"predecessor-version":[{"id":5083,"href":"https:\/\/gdksoftware.com\/pt-br\/wp-json\/wp\/v2\/pages\/2812\/revisions\/5083"}],"wp:attachment":[{"href":"https:\/\/gdksoftware.com\/pt-br\/wp-json\/wp\/v2\/media?parent=2812"}],"curies":[{"name":"wp","href":"https:\/\/api.w.org\/{rel}","templated":true}]}}