{"id":2859,"date":"2020-04-15T12:37:26","date_gmt":"2020-04-15T12:37:26","guid":{"rendered":"https:\/\/gdksoftware.com\/from-old-to-new"},"modified":"2023-03-31T19:55:52","modified_gmt":"2023-03-31T18:55:52","slug":"do-antigo-para-o-novo","status":"publish","type":"page","link":"https:\/\/gdksoftware.com\/pt-br\/objetivos\/do-antigo-para-o-novo","title":{"rendered":"Do antigo para o novo"},"content":{"rendered":"","protected":false},"excerpt":{"rendered":"","protected":false},"author":1,"featured_media":0,"parent":3081,"menu_order":0,"comment_status":"closed","ping_status":"closed","template":"","meta":{"_acf_changed":false,"footnotes":""},"class_list":["post-2859","page","type-page","status-publish","hentry"],"acf":{"type_hero":"img","hero_image":986,"hero_image_position":"","hero_title":"Torne-se \u00e1gil atualizando softwares desatualizados","hero_content":"","hero_link":null,"hero_show_h1":true,"flexible_content":[{"acf_fc_layout":"intro","intro_id":"","intro_title":"O PROBLEMA","intro_content":"Tornar os processos mais eficientes? Criar links aprimorados com aplicativos m\u00f3veis? Ou voc\u00ea quer oferecer novos servi\u00e7os? Existem milhares de raz\u00f5es para atualizar o software velho para o mais recente. Quaisquer que sejam suas motiva\u00e7\u00f5es, podemos ajud\u00e1-lo a fazer a transi\u00e7\u00e3o."},{"acf_fc_layout":"text","text_type":"columns-2","text_marge":"lg","text_id":"","text_title":"","text_content":"Voc\u00ea trabalha com <strong>o mesmo software<\/strong> h\u00e1 anos. O software \u00e9 basicamente est\u00e1vel. Voc\u00ea pode trabalhar com ele, assim como seus colegas ou clientes. No entanto, os primeiros problemas est\u00e3o come\u00e7ando a aparecer. A expans\u00e3o ou atualiza\u00e7\u00e3o \u00e9 dif\u00edcil, sen\u00e3o imposs\u00edvel. Voc\u00ea costuma receber reclama\u00e7\u00f5es sobre a interface. Tirar proveito da web n\u00e3o \u00e9 poss\u00edvel. Vincular com <a href=\"https:\/\/gdksoftware.com\/pt-br\/aplicativos-inteligentes\">aplicativos m\u00f3veis<\/a>? Isso est\u00e1 fora de quest\u00e3o. Voc\u00ea sente que precisa fazer algo, mas o qu\u00ea?","text_content2":"Voc\u00ea n\u00e3o est\u00e1 sozinho. Ainda existem muitas <strong><a href=\"https:\/\/gdksoftware.com\/knowledgebase\/legacy-software-applications\/\">aplica\u00e7\u00f5es legados<\/a><\/strong> em uso pelas empresas. Esses programas s\u00e3o est\u00e1veis e funcionam bem. No entanto, pode ser arriscado usar esses aplicativos. Pode haver um suporte m\u00ednimo e falta de novas funcionalidades. \u00c9 como se o tempo parasse, enquanto outras empresas inovam e constroem aplica\u00e7\u00f5es progressivas e integradas com t\u00e9cnicas modernas.","text_content3":"","text_side_image":null,"text_side_images":null,"text_side_shortcuts_title":"","text_side_shortcuts":null,"text_side_usps":""},{"acf_fc_layout":"text","text_type":"columns-2","text_marge":"xl","text_id":"","text_title":"Deixe seu software evoluir","text_content":"Fa\u00e7a a mudan\u00e7a antes que seja tarde demais. Deixe seu aplicativo que est\u00e1 desatualizado evoluir novamente. Podemos reconstruir seu aplicativo legado e implementar seus novos requisitos ao mesmo tempo. Um aplicativo m\u00f3vel? Conex\u00f5es com sistemas back-end ou bancos de dados externos? Novos m\u00f3dulos? O que voc\u00ea quiser!","text_content2":"Ao fazer isso, levamos em considera\u00e7\u00e3o alguns princ\u00edpios importantes, como por exemplo, os usu\u00e1rios que n\u00e3o gostam de mudan\u00e7as. Podemos gui\u00e1-los suavemente do sistema antigo para o novo ambiente. O novo aplicativo continuar\u00e1 funcionando t\u00e3o bem quanto o antigo, mas \u00e9 claro que ter\u00e1 uma apar\u00eancia mais nova e moderna.","text_content3":"","text_side_image":null,"text_side_images":null,"text_side_shortcuts_title":"","text_side_shortcuts":null,"text_side_usps":""},{"acf_fc_layout":"images","images_type":"container","images_marge":"lg","images_id":"","images_title":"","images_image":944,"images_image2":null,"images_image3":null},{"acf_fc_layout":"text","text_type":"side-shortcuts","text_marge":"xl","text_id":"","text_title":"Na pr\u00e1tica","text_content":"Migrar um grande sistema legado para um aplicativo moderno n\u00e3o \u00e9 isento de riscos. Considere os grandes projetos governamentais que fracassaram. Freq\u00fcentemente, voc\u00ea v\u00ea esses projetos sendo executados fora do prazo de tempo ou or\u00e7amento. Felizmente, tamb\u00e9m existem muitos projetos que s\u00e3o desenvolvidos dentro do prazo e do or\u00e7amento. Como podemos conseguir isso? Substituindo o software antigo pela plataforma moderna de baixo c\u00f3digo <a href=\"https:\/\/gdksoftware.com\/pt-br\/aplicativos-low-code-com-mendix\">Mendix<\/a> em etapas pequenas e gerenci\u00e1veis.\r\n\r\nVoc\u00ea est\u00e1 curioso sobre nossos projetos de sucesso? D\u00ea uma olhada em nossos cases.","text_content2":"","text_content3":"","text_side_image":null,"text_side_images":null,"text_side_shortcuts_title":"Projetos reais","text_side_shortcuts":[{"shortcut_link":{"title":"Ambulancia Animal","url":"https:\/\/gdksoftware.com\/case\/registration-system-dierenambulance\/","target":""}},{"shortcut_link":{"title":"Novo portal para o HSN","url":"https:\/\/gdksoftware.com\/case\/all-in-one-portal-for-horeca-stichting-nederland\/","target":""}}],"text_side_usps":""},{"acf_fc_layout":"quote","quote_content":"\"GDK sempre quer fazer algo bonito. N\u00f3s realmente fazemos isso juntos.\"","quote_id":"","quote_title":"Jur van der Kooij - Owner, Glasportaal"},{"acf_fc_layout":"related_persons","related_persons_title":"Curioso como fazemos isso?","related_persons_id":"","related_persons":[1384,1387]}]},"yoast_head":"<!-- This site is optimized with the Yoast SEO Premium plugin v26.8 (Yoast SEO v27.4) - https:\/\/yoast.com\/product\/yoast-seo-premium-wordpress\/ -->\n<title>Do antigo para o novo - GDK Software<\/title>\n<meta name=\"description\" content=\"Fa\u00e7a a mudan\u00e7a antes que seja tarde demais. Deixe seu aplicativo que est\u00e1 desatualizado evoluir novamente.\" \/>\n<meta name=\"robots\" content=\"index, follow, max-snippet:-1, max-image-preview:large, max-video-preview:-1\" \/>\n<link rel=\"canonical\" href=\"https:\/\/gdksoftware.com\/pt-br\/objetivos\/do-antigo-para-o-novo\" \/>\n<meta property=\"og:locale\" content=\"pt_BR\" \/>\n<meta property=\"og:type\" content=\"article\" \/>\n<meta property=\"og:title\" content=\"Do antigo para o novo\" \/>\n<meta property=\"og:description\" content=\"Fa\u00e7a a mudan\u00e7a antes que seja tarde demais. Deixe seu aplicativo que est\u00e1 desatualizado evoluir novamente.\" \/>\n<meta property=\"og:url\" content=\"https:\/\/gdksoftware.com\/pt-br\/objetivos\/do-antigo-para-o-novo\" \/>\n<meta property=\"og:site_name\" content=\"GDK Software\" \/>\n<meta property=\"article:modified_time\" content=\"2023-03-31T18:55:52+00:00\" \/>\n<meta name=\"twitter:card\" content=\"summary_large_image\" \/>\n<script type=\"application\/ld+json\" class=\"yoast-schema-graph\">{\"@context\":\"https:\\\/\\\/schema.org\",\"@graph\":[{\"@type\":\"WebPage\",\"@id\":\"https:\\\/\\\/gdksoftware.com\\\/pt-br\\\/objetivos\\\/do-antigo-para-o-novo\",\"url\":\"https:\\\/\\\/gdksoftware.com\\\/pt-br\\\/objetivos\\\/do-antigo-para-o-novo\",\"name\":\"Do antigo para o novo - GDK Software\",\"isPartOf\":{\"@id\":\"https:\\\/\\\/gdksoftware.com\\\/pt-br#website\"},\"datePublished\":\"2020-04-15T12:37:26+00:00\",\"dateModified\":\"2023-03-31T18:55:52+00:00\",\"description\":\"Fa\u00e7a a mudan\u00e7a antes que seja tarde demais. Deixe seu aplicativo que est\u00e1 desatualizado evoluir novamente.\",\"breadcrumb\":{\"@id\":\"https:\\\/\\\/gdksoftware.com\\\/pt-br\\\/objetivos\\\/do-antigo-para-o-novo#breadcrumb\"},\"inLanguage\":\"pt-BR\",\"potentialAction\":[{\"@type\":\"ReadAction\",\"target\":[\"https:\\\/\\\/gdksoftware.com\\\/pt-br\\\/objetivos\\\/do-antigo-para-o-novo\"]}]},{\"@type\":\"BreadcrumbList\",\"@id\":\"https:\\\/\\\/gdksoftware.com\\\/pt-br\\\/objetivos\\\/do-antigo-para-o-novo#breadcrumb\",\"itemListElement\":[{\"@type\":\"ListItem\",\"position\":1,\"name\":\"Home\",\"item\":\"https:\\\/\\\/gdksoftware.com\\\/pt-br\"},{\"@type\":\"ListItem\",\"position\":2,\"name\":\"Objetivos\",\"item\":\"https:\\\/\\\/gdksoftware.com\\\/pt-br\\\/objetivos\"},{\"@type\":\"ListItem\",\"position\":3,\"name\":\"Do antigo para o novo\"}]},{\"@type\":\"WebSite\",\"@id\":\"https:\\\/\\\/gdksoftware.com\\\/pt-br#website\",\"url\":\"https:\\\/\\\/gdksoftware.com\\\/pt-br\",\"name\":\"GDK Software\",\"description\":\"Zet de stip op je horizon\",\"potentialAction\":[{\"@type\":\"SearchAction\",\"target\":{\"@type\":\"EntryPoint\",\"urlTemplate\":\"https:\\\/\\\/gdksoftware.com\\\/pt-br?s={search_term_string}\"},\"query-input\":{\"@type\":\"PropertyValueSpecification\",\"valueRequired\":true,\"valueName\":\"search_term_string\"}}],\"inLanguage\":\"pt-BR\"}]}<\/script>\n<!-- \/ Yoast SEO Premium plugin. -->","yoast_head_json":{"title":"Do antigo para o novo - GDK Software","description":"Fa\u00e7a a mudan\u00e7a antes que seja tarde demais. Deixe seu aplicativo que est\u00e1 desatualizado evoluir novamente.","robots":{"index":"index","follow":"follow","max-snippet":"max-snippet:-1","max-image-preview":"max-image-preview:large","max-video-preview":"max-video-preview:-1"},"canonical":"https:\/\/gdksoftware.com\/pt-br\/objetivos\/do-antigo-para-o-novo","og_locale":"pt_BR","og_type":"article","og_title":"Do antigo para o novo","og_description":"Fa\u00e7a a mudan\u00e7a antes que seja tarde demais. Deixe seu aplicativo que est\u00e1 desatualizado evoluir novamente.","og_url":"https:\/\/gdksoftware.com\/pt-br\/objetivos\/do-antigo-para-o-novo","og_site_name":"GDK Software","article_modified_time":"2023-03-31T18:55:52+00:00","twitter_card":"summary_large_image","schema":{"@context":"https:\/\/schema.org","@graph":[{"@type":"WebPage","@id":"https:\/\/gdksoftware.com\/pt-br\/objetivos\/do-antigo-para-o-novo","url":"https:\/\/gdksoftware.com\/pt-br\/objetivos\/do-antigo-para-o-novo","name":"Do antigo para o novo - GDK Software","isPartOf":{"@id":"https:\/\/gdksoftware.com\/pt-br#website"},"datePublished":"2020-04-15T12:37:26+00:00","dateModified":"2023-03-31T18:55:52+00:00","description":"Fa\u00e7a a mudan\u00e7a antes que seja tarde demais. Deixe seu aplicativo que est\u00e1 desatualizado evoluir novamente.","breadcrumb":{"@id":"https:\/\/gdksoftware.com\/pt-br\/objetivos\/do-antigo-para-o-novo#breadcrumb"},"inLanguage":"pt-BR","potentialAction":[{"@type":"ReadAction","target":["https:\/\/gdksoftware.com\/pt-br\/objetivos\/do-antigo-para-o-novo"]}]},{"@type":"BreadcrumbList","@id":"https:\/\/gdksoftware.com\/pt-br\/objetivos\/do-antigo-para-o-novo#breadcrumb","itemListElement":[{"@type":"ListItem","position":1,"name":"Home","item":"https:\/\/gdksoftware.com\/pt-br"},{"@type":"ListItem","position":2,"name":"Objetivos","item":"https:\/\/gdksoftware.com\/pt-br\/objetivos"},{"@type":"ListItem","position":3,"name":"Do antigo para o novo"}]},{"@type":"WebSite","@id":"https:\/\/gdksoftware.com\/pt-br#website","url":"https:\/\/gdksoftware.com\/pt-br","name":"GDK Software","description":"Zet de stip op je horizon","potentialAction":[{"@type":"SearchAction","target":{"@type":"EntryPoint","urlTemplate":"https:\/\/gdksoftware.com\/pt-br?s={search_term_string}"},"query-input":{"@type":"PropertyValueSpecification","valueRequired":true,"valueName":"search_term_string"}}],"inLanguage":"pt-BR"}]}},"_links":{"self":[{"href":"https:\/\/gdksoftware.com\/pt-br\/wp-json\/wp\/v2\/pages\/2859","targetHints":{"allow":["GET"]}}],"collection":[{"href":"https:\/\/gdksoftware.com\/pt-br\/wp-json\/wp\/v2\/pages"}],"about":[{"href":"https:\/\/gdksoftware.com\/pt-br\/wp-json\/wp\/v2\/types\/page"}],"author":[{"embeddable":true,"href":"https:\/\/gdksoftware.com\/pt-br\/wp-json\/wp\/v2\/users\/1"}],"replies":[{"embeddable":true,"href":"https:\/\/gdksoftware.com\/pt-br\/wp-json\/wp\/v2\/comments?post=2859"}],"version-history":[{"count":9,"href":"https:\/\/gdksoftware.com\/pt-br\/wp-json\/wp\/v2\/pages\/2859\/revisions"}],"predecessor-version":[{"id":3646,"href":"https:\/\/gdksoftware.com\/pt-br\/wp-json\/wp\/v2\/pages\/2859\/revisions\/3646"}],"up":[{"embeddable":true,"href":"https:\/\/gdksoftware.com\/pt-br\/wp-json\/wp\/v2\/pages\/3081"}],"wp:attachment":[{"href":"https:\/\/gdksoftware.com\/pt-br\/wp-json\/wp\/v2\/media?parent=2859"}],"curies":[{"name":"wp","href":"https:\/\/api.w.org\/{rel}","templated":true}]}}