{"id":2885,"date":"2020-05-11T13:26:47","date_gmt":"2020-05-11T13:26:47","guid":{"rendered":"https:\/\/gdksoftware.com\/clever-apps"},"modified":"2023-03-31T20:39:11","modified_gmt":"2023-03-31T19:39:11","slug":"aplicativos-inteligentes","status":"publish","type":"page","link":"https:\/\/gdksoftware.com\/pt-br\/objetivos\/aplicativos-inteligentes","title":{"rendered":"Desenvolvimento de Aplicativos"},"content":{"rendered":"","protected":false},"excerpt":{"rendered":"","protected":false},"author":2,"featured_media":0,"parent":3081,"menu_order":1,"comment_status":"closed","ping_status":"closed","template":"","meta":{"_acf_changed":false,"footnotes":""},"class_list":["post-2885","page","type-page","status-publish","hentry"],"acf":{"type_hero":"img","hero_image":673,"hero_image_position":"","hero_title":"Aplicativos inteligentes que trabalham para voc\u00ea","hero_content":"","hero_link":null,"hero_show_h1":true,"flexible_content":[{"acf_fc_layout":"intro","intro_id":"","intro_title":"Nosso ponto de partida","intro_content":"Aplicativos que funcionam na velocidade da luz e cumprem o prometido. Buscamos continuamente renova\u00e7\u00e3o e inova\u00e7\u00e3o."},{"acf_fc_layout":"text","text_type":"columns-2","text_marge":"lg","text_id":"","text_title":"","text_content":"A tecnologia evolui e <strong>novas oportunidades s\u00e3o criadas a todo instante<\/strong>. Voc\u00ea tem uma ideia inteligente, mas n\u00e3o consegue implement\u00e1-la devido a limita\u00e7\u00f5es tecnol\u00f3gicas? Pense nas possibilidades. Deixe-nos construir seu pr\u00f3ximo aplicativo inteligente!","text_content2":"Uma <strong>ideia simples, pode fazer toda a diferen\u00e7a<\/strong>. Automatize uma atividade di\u00e1ria. Torne o software mais amig\u00e1vel e objetivo para os usu\u00e1rios finais ou agregue valor para seus clientes. Um aplicativo inteligente torna sua vida muito mais f\u00e1cil.","text_content3":"","text_side_image":null,"text_side_images":null,"text_side_shortcuts_title":"Meer weten?","text_side_shortcuts":[{"shortcut_link":{"title":"Contact","url":"https:\/\/gdksoftware.com\/contact\/","target":""}}],"text_side_usps":""},{"acf_fc_layout":"images","images_type":"container","images_marge":"lg","images_id":"","images_title":"","images_image":1064,"images_image2":null,"images_image3":null},{"acf_fc_layout":"text","text_type":"side-shortcuts","text_marge":"lg","text_id":"","text_title":"Um aplicativo pronto em algumas semanas","text_content":"Quer fazer seu primeiro aplicativo sem um processo de desenvolvimento demorado? Parece imposs\u00edvel, mas agora \u00e9 simples de fazer. Por exemplo, <strong>em poucas semanas lan\u00e7amos<\/strong> um aplicativo que permite aos motoristas de um grande empresa de log\u00edstica visualizar e reservar viagens. Como fizemos isso? Usamos a <a href=\"https:\/\/gdksoftware.com\/pt-br\/aplicativos-low-code-com-mendix\"><strong>plataforma de low code chamada Mendix<\/strong><\/a>, com a qual podemos construir e lan\u00e7ar aplicativos rapidamente.","text_content2":"","text_content3":"","text_side_image":null,"text_side_images":null,"text_side_shortcuts_title":"Quer um novo aplicativo?","text_side_shortcuts":[{"shortcut_link":{"title":"Desenvolvimento Mendix","url":"https:\/\/gdksoftware.com\/pt-br\/aplicativos-low-code-com-mendix","target":""}}],"text_side_usps":""},{"acf_fc_layout":"images","images_type":"container","images_marge":"lg","images_id":"","images_title":"","images_image":912,"images_image2":null,"images_image3":null},{"acf_fc_layout":"text","text_type":"side-shortcuts","text_marge":"lg","text_id":"","text_title":"Dif\u00edcil?","text_content":"Um grande <a href=\"https:\/\/gdksoftware.com\/knowledgebase\/legacy-software-applications\/\">sistema legado<\/a> conectado a um novo aplicativo moderno. Isso \u00e9 muito dif\u00edcil, certo? Felizmente, na pr\u00e1tica, n\u00e3o \u00e9 assim. Nossa experi\u00eancia tecnol\u00f3gica vers\u00e1til nos torna \u00fanicos. Podemos entender sistemas extensos e complexos. Reconhecemos os problemas que voc\u00ea pode encontrar e, portanto, podemos integrar rapidamente um aplicativo a um sistema existente. Afinal, j\u00e1 fizemos isso muitas vezes.\r\n\r\nGostar\u00edamos de fazer o trabalho por voc\u00ea. Voc\u00ea - assim como nossos outros clientes - deseja ser l\u00edder de mercado com aplicativos inteligentes? N\u00f3s gostar\u00edamos pensar sobre isso com voc\u00ea.","text_content2":"","text_content3":"","text_side_image":null,"text_side_images":null,"text_side_shortcuts_title":"Projetos atuais","text_side_shortcuts":[{"shortcut_link":{"title":"Novo portal para o HSN","url":"https:\/\/gdksoftware.com\/case\/all-in-one-portal-for-horeca-stichting-nederland\/","target":""}},{"shortcut_link":{"title":"Glasportaal in Mendix","url":"https:\/\/gdksoftware.com\/case\/glasportaal-from-delphi-to-mendix\/","target":""}},{"shortcut_link":{"title":"Tailor-made aplicativos","url":"https:\/\/gdksoftware.com\/case\/tailor-made-applications-for-perfectkeur\/","target":""}}],"text_side_usps":""},{"acf_fc_layout":"related_persons","related_persons_title":"Com alguma ideia nova?","related_persons_id":"","related_persons":[1398,1384]}]},"yoast_head":"<!-- This site is optimized with the Yoast SEO Premium plugin v26.8 (Yoast SEO v27.4) - https:\/\/yoast.com\/product\/yoast-seo-premium-wordpress\/ -->\n<title>Desenvolvimento de Aplicativos - GDK Software<\/title>\n<meta name=\"description\" content=\"Aplicativos que funcionam na velocidade da luz e cumprem o prometido. Buscamos continuamente renova\u00e7\u00e3o e inova\u00e7\u00e3o.\" \/>\n<meta name=\"robots\" content=\"index, follow, max-snippet:-1, max-image-preview:large, max-video-preview:-1\" \/>\n<link rel=\"canonical\" href=\"https:\/\/gdksoftware.com\/pt-br\/objetivos\/aplicativos-inteligentes\" \/>\n<meta property=\"og:locale\" content=\"pt_BR\" \/>\n<meta property=\"og:type\" content=\"article\" \/>\n<meta property=\"og:title\" content=\"Desenvolvimento de Aplicativos\" \/>\n<meta property=\"og:description\" content=\"Aplicativos que funcionam na velocidade da luz e cumprem o prometido. Buscamos continuamente renova\u00e7\u00e3o e inova\u00e7\u00e3o.\" \/>\n<meta property=\"og:url\" content=\"https:\/\/gdksoftware.com\/pt-br\/objetivos\/aplicativos-inteligentes\" \/>\n<meta property=\"og:site_name\" content=\"GDK Software\" \/>\n<meta property=\"article:modified_time\" content=\"2023-03-31T19:39:11+00:00\" \/>\n<meta name=\"twitter:card\" content=\"summary_large_image\" \/>\n<script type=\"application\/ld+json\" class=\"yoast-schema-graph\">{\"@context\":\"https:\\\/\\\/schema.org\",\"@graph\":[{\"@type\":\"WebPage\",\"@id\":\"https:\\\/\\\/gdksoftware.com\\\/pt-br\\\/objetivos\\\/aplicativos-inteligentes\",\"url\":\"https:\\\/\\\/gdksoftware.com\\\/pt-br\\\/objetivos\\\/aplicativos-inteligentes\",\"name\":\"Desenvolvimento de Aplicativos - GDK Software\",\"isPartOf\":{\"@id\":\"https:\\\/\\\/gdksoftware.com\\\/pt-br#website\"},\"datePublished\":\"2020-05-11T13:26:47+00:00\",\"dateModified\":\"2023-03-31T19:39:11+00:00\",\"description\":\"Aplicativos que funcionam na velocidade da luz e cumprem o prometido. Buscamos continuamente renova\u00e7\u00e3o e inova\u00e7\u00e3o.\",\"breadcrumb\":{\"@id\":\"https:\\\/\\\/gdksoftware.com\\\/pt-br\\\/objetivos\\\/aplicativos-inteligentes#breadcrumb\"},\"inLanguage\":\"pt-BR\",\"potentialAction\":[{\"@type\":\"ReadAction\",\"target\":[\"https:\\\/\\\/gdksoftware.com\\\/pt-br\\\/objetivos\\\/aplicativos-inteligentes\"]}]},{\"@type\":\"BreadcrumbList\",\"@id\":\"https:\\\/\\\/gdksoftware.com\\\/pt-br\\\/objetivos\\\/aplicativos-inteligentes#breadcrumb\",\"itemListElement\":[{\"@type\":\"ListItem\",\"position\":1,\"name\":\"Home\",\"item\":\"https:\\\/\\\/gdksoftware.com\\\/pt-br\"},{\"@type\":\"ListItem\",\"position\":2,\"name\":\"Objetivos\",\"item\":\"https:\\\/\\\/gdksoftware.com\\\/pt-br\\\/objetivos\"},{\"@type\":\"ListItem\",\"position\":3,\"name\":\"Desenvolvimento de Aplicativos\"}]},{\"@type\":\"WebSite\",\"@id\":\"https:\\\/\\\/gdksoftware.com\\\/pt-br#website\",\"url\":\"https:\\\/\\\/gdksoftware.com\\\/pt-br\",\"name\":\"GDK Software\",\"description\":\"Zet de stip op je horizon\",\"potentialAction\":[{\"@type\":\"SearchAction\",\"target\":{\"@type\":\"EntryPoint\",\"urlTemplate\":\"https:\\\/\\\/gdksoftware.com\\\/pt-br?s={search_term_string}\"},\"query-input\":{\"@type\":\"PropertyValueSpecification\",\"valueRequired\":true,\"valueName\":\"search_term_string\"}}],\"inLanguage\":\"pt-BR\"}]}<\/script>\n<!-- \/ Yoast SEO Premium plugin. -->","yoast_head_json":{"title":"Desenvolvimento de Aplicativos - GDK Software","description":"Aplicativos que funcionam na velocidade da luz e cumprem o prometido. Buscamos continuamente renova\u00e7\u00e3o e inova\u00e7\u00e3o.","robots":{"index":"index","follow":"follow","max-snippet":"max-snippet:-1","max-image-preview":"max-image-preview:large","max-video-preview":"max-video-preview:-1"},"canonical":"https:\/\/gdksoftware.com\/pt-br\/objetivos\/aplicativos-inteligentes","og_locale":"pt_BR","og_type":"article","og_title":"Desenvolvimento de Aplicativos","og_description":"Aplicativos que funcionam na velocidade da luz e cumprem o prometido. Buscamos continuamente renova\u00e7\u00e3o e inova\u00e7\u00e3o.","og_url":"https:\/\/gdksoftware.com\/pt-br\/objetivos\/aplicativos-inteligentes","og_site_name":"GDK Software","article_modified_time":"2023-03-31T19:39:11+00:00","twitter_card":"summary_large_image","schema":{"@context":"https:\/\/schema.org","@graph":[{"@type":"WebPage","@id":"https:\/\/gdksoftware.com\/pt-br\/objetivos\/aplicativos-inteligentes","url":"https:\/\/gdksoftware.com\/pt-br\/objetivos\/aplicativos-inteligentes","name":"Desenvolvimento de Aplicativos - GDK Software","isPartOf":{"@id":"https:\/\/gdksoftware.com\/pt-br#website"},"datePublished":"2020-05-11T13:26:47+00:00","dateModified":"2023-03-31T19:39:11+00:00","description":"Aplicativos que funcionam na velocidade da luz e cumprem o prometido. Buscamos continuamente renova\u00e7\u00e3o e inova\u00e7\u00e3o.","breadcrumb":{"@id":"https:\/\/gdksoftware.com\/pt-br\/objetivos\/aplicativos-inteligentes#breadcrumb"},"inLanguage":"pt-BR","potentialAction":[{"@type":"ReadAction","target":["https:\/\/gdksoftware.com\/pt-br\/objetivos\/aplicativos-inteligentes"]}]},{"@type":"BreadcrumbList","@id":"https:\/\/gdksoftware.com\/pt-br\/objetivos\/aplicativos-inteligentes#breadcrumb","itemListElement":[{"@type":"ListItem","position":1,"name":"Home","item":"https:\/\/gdksoftware.com\/pt-br"},{"@type":"ListItem","position":2,"name":"Objetivos","item":"https:\/\/gdksoftware.com\/pt-br\/objetivos"},{"@type":"ListItem","position":3,"name":"Desenvolvimento de Aplicativos"}]},{"@type":"WebSite","@id":"https:\/\/gdksoftware.com\/pt-br#website","url":"https:\/\/gdksoftware.com\/pt-br","name":"GDK Software","description":"Zet de stip op je horizon","potentialAction":[{"@type":"SearchAction","target":{"@type":"EntryPoint","urlTemplate":"https:\/\/gdksoftware.com\/pt-br?s={search_term_string}"},"query-input":{"@type":"PropertyValueSpecification","valueRequired":true,"valueName":"search_term_string"}}],"inLanguage":"pt-BR"}]}},"_links":{"self":[{"href":"https:\/\/gdksoftware.com\/pt-br\/wp-json\/wp\/v2\/pages\/2885","targetHints":{"allow":["GET"]}}],"collection":[{"href":"https:\/\/gdksoftware.com\/pt-br\/wp-json\/wp\/v2\/pages"}],"about":[{"href":"https:\/\/gdksoftware.com\/pt-br\/wp-json\/wp\/v2\/types\/page"}],"author":[{"embeddable":true,"href":"https:\/\/gdksoftware.com\/pt-br\/wp-json\/wp\/v2\/users\/2"}],"replies":[{"embeddable":true,"href":"https:\/\/gdksoftware.com\/pt-br\/wp-json\/wp\/v2\/comments?post=2885"}],"version-history":[{"count":7,"href":"https:\/\/gdksoftware.com\/pt-br\/wp-json\/wp\/v2\/pages\/2885\/revisions"}],"predecessor-version":[{"id":3655,"href":"https:\/\/gdksoftware.com\/pt-br\/wp-json\/wp\/v2\/pages\/2885\/revisions\/3655"}],"up":[{"embeddable":true,"href":"https:\/\/gdksoftware.com\/pt-br\/wp-json\/wp\/v2\/pages\/3081"}],"wp:attachment":[{"href":"https:\/\/gdksoftware.com\/pt-br\/wp-json\/wp\/v2\/media?parent=2885"}],"curies":[{"name":"wp","href":"https:\/\/api.w.org\/{rel}","templated":true}]}}