{"id":2895,"date":"2020-05-07T15:15:57","date_gmt":"2020-05-07T15:15:57","guid":{"rendered":"https:\/\/gdksoftware.com\/delphi-development"},"modified":"2024-01-26T07:58:49","modified_gmt":"2024-01-26T06:58:49","slug":"desenvolvimento-em-delphi","status":"publish","type":"page","link":"https:\/\/gdksoftware.com\/pt-br\/servicos\/desenvolvimento-em-delphi","title":{"rendered":"Desenvolvimento em Delphi"},"content":{"rendered":"","protected":false},"excerpt":{"rendered":"","protected":false},"author":2,"featured_media":0,"parent":3007,"menu_order":0,"comment_status":"closed","ping_status":"closed","template":"","meta":{"_acf_changed":false,"footnotes":""},"class_list":["post-2895","page","type-page","status-publish","hentry"],"acf":{"type_hero":"img","hero_image":1084,"hero_image_position":"","hero_title":"Voc\u00ea gostaria de trabalhar com nossos especialistas Delphi?","hero_content":"","hero_link":null,"hero_show_h1":true,"flexible_content":[{"acf_fc_layout":"intro","intro_id":"","intro_title":"Desenvolvimento com Delphi","intro_content":"Voc\u00ea est\u00e1 procurando um parceiro Delphi para melhorar seu aplicativo?"},{"acf_fc_layout":"text","text_type":"side-usps","text_marge":"sm","text_id":"","text_title":"","text_content":"Voc\u00ea ainda est\u00e1 trabalhando com as vers\u00f5es antigas do Delphi? <strong>Delphi 5<\/strong> ou <strong>Delphi 7<\/strong> ou qualquer outra vers\u00e3o antiga. Voc\u00ea precisa urgentemente de um desenvolvedor? Voc\u00ea est\u00e1 procurando um parceiro para a <strong>manuten\u00e7\u00e3o<\/strong> de seu <strong>aplicativo Delphi<\/strong>? Estamos aqui para ajud\u00e1-lo. Temos uma equipe de especialistas com uma quantidade substancial de conhecimento e experi\u00eancia nesta maravilhosa linguagem de desenvolvimento.\r\n\r\nNos ligue e<strong> diga quais s\u00e3o suas vis\u00f5es, desejos e ideias<\/strong>. Gostamos de pensar e compartilhar ideias com voc\u00ea. \u00c9 realmente necess\u00e1rio atualizar seu software para a vers\u00e3o mais recente do Delphi? Precisamos criar um projeto totalmente novo? Podemos levar seu software a um novo n\u00edvel com ajustes simples? Seremos sempre honestos com voc\u00ea para que voc\u00ea tome a decis\u00e3o correta. Juntos, buscamos o resultado ideal e uma coopera\u00e7\u00e3o de longo prazo.","text_content2":"<h2 class=\"h3\">25+ Delphi-helden staan voor je klaar<\/h2>\r\nWat zijn we trots op ons team. De <strong>beste Delphi-specialisten van Nederland<\/strong> werken samen onder \u00e9\u00e9n dak. Stuk voor stuk intrinsiek gemotiveerde mensen met passie voor IT. Optimisten die dagelijks op hun best presteren en zichzelf continu uitdagen.\r\n\r\nMaak kennis met Remco, Tranquilo, Sibren, Alieke of \u00e9\u00e9n van onze andere helden. Samen helpen we jouw digitale ambities te vervullen. Samen maken we jouw bedrijf sterker. Samen gaan we voor het maximale resultaat en hopelijk een langdurige samenwerking.","text_content3":"","text_side_image":null,"text_side_images":null,"text_side_shortcuts_title":"","text_side_shortcuts":null,"text_side_usps":"N\u00f3s temos experi\u00eancia com as seguintes tecnologias:\r\n<ul>\r\n \t<li>DevExpress<\/li>\r\n \t<li>TMS components<\/li>\r\n \t<li>Fast-Reports<\/li>\r\n \t<li>FireDAC<\/li>\r\n \t<li>e muito mais!<\/li>\r\n<\/ul>"},{"acf_fc_layout":"images","images_type":"container","images_marge":"lg","images_id":"","images_title":"","images_image":1199,"images_image2":null,"images_image3":null},{"acf_fc_layout":"text","text_type":"side-shortcuts","text_marge":"lg","text_id":"","text_title":"Nossos especialistas Delphi est\u00e3o prontos para voc\u00ea","text_content":"Os melhores especialistas do Delphi no Brasil, os Estados Unidos, na Holanda e no Reino Unido est\u00e3o trabalhando juntos na mesma empresa. Voc\u00ea tem um problema espec\u00edfico ou desafio t\u00e9cnico no Delphi? Voc\u00ea quer levar sua pr\u00f3pria equipe Delphi a um n\u00edvel superior? Se sim, conhe\u00e7a James, Tranquilo, Ricardo, Patrick, Remco ou um de nossos outros especialistas da Delphi.\r\n\r\nTodos os nossos desenvolvedores Delphi passam dois dias a cada dois meses conduzindo pesquisas, com isso mantemos nossos especialistas atualizados garantindo a qualidade dos servi\u00e7os que prestamos.","text_content2":"","text_content3":"","text_side_image":null,"text_side_images":null,"text_side_shortcuts_title":"Casos de sucessos","text_side_shortcuts":[{"shortcut_link":{"title":"Delphi para gestores de escrit\u00f3rios","url":"https:\/\/gdksoftware.com\/pt-br\/cases-de-succeso\/groundbreaking-delphi-software-for-administrators-offices","target":""}},{"shortcut_link":{"title":"Sistema de cursos para o HSN","url":"https:\/\/gdksoftware.com\/pt-br\/cases-de-succeso\/all-in-one-portal-for-horeca-stichting-nederland","target":""}}],"text_side_usps":""},{"acf_fc_layout":"block03","block03_id":"","block03_title":"Vamos conversar?","block03_link":{"title":"Whatsapp","url":"https:\/\/wa.me\/5519993771300","target":"_blank"}},{"acf_fc_layout":"quote","quote_content":"\"Uma equipe comprometida que entende o que precisamos\"","quote_id":"","quote_title":"Bas van der Ende, Hospitality Foundation Holanda"},{"acf_fc_layout":"text","text_type":"side-usps","text_marge":"md","text_id":"","text_title":"Trabalhando com Delphi!","text_content":"Voc\u00ea <strong>gostaria de conversar<\/strong> sobre seus projetos Delphi? Voc\u00ea gostaria de colocar uma ideia em pr\u00e1tica e\u00a0 iniciar o desenvolvimento de um novo software? Ou voc\u00ea precisa urgentemente de um desenvolvedor?\r\n\r\nEstamos aqui para ajud\u00e1-lo. Temos v\u00e1rias equipes de especialistas com grande <strong>conhecimento e especializa\u00e7\u00e3o em Delphi<\/strong>.","text_content2":"","text_content3":"","text_side_image":null,"text_side_images":null,"text_side_shortcuts_title":"","text_side_shortcuts":null,"text_side_usps":""},{"acf_fc_layout":"block03","block03_id":"","block03_title":"Vamos conversar?","block03_link":{"title":"Envie-nos um email!","url":"mailto:info@gdksoftware.com","target":""}},{"acf_fc_layout":"related_persons","related_persons_title":"Podemos falar sobre qualquer assunto relacionado ao Delphi","related_persons_id":"","related_persons":[1398,3068]}]},"yoast_head":"<!-- This site is optimized with the Yoast SEO Premium plugin v26.8 (Yoast SEO v27.4) - https:\/\/yoast.com\/product\/yoast-seo-premium-wordpress\/ -->\n<title>Procurando por especialistas em Delphi? Somos #1 em desenvolvimento Delphi!<\/title>\n<meta name=\"description\" content=\"Voc\u00ea est\u00e1 procurando por um parceiro Delphi para desenvolver ainda mais sua aplica\u00e7\u00e3o? N\u00f3s temos os melhores, entre em contato conosco.\" \/>\n<meta name=\"robots\" content=\"index, follow, max-snippet:-1, max-image-preview:large, max-video-preview:-1\" \/>\n<link rel=\"canonical\" href=\"https:\/\/gdksoftware.com\/pt-br\/servicos\/desenvolvimento-em-delphi\" \/>\n<meta property=\"og:locale\" content=\"pt_BR\" \/>\n<meta property=\"og:type\" content=\"article\" \/>\n<meta property=\"og:title\" content=\"Desenvolvimento em Delphi\" \/>\n<meta property=\"og:description\" content=\"Voc\u00ea est\u00e1 procurando por um parceiro Delphi para desenvolver ainda mais sua aplica\u00e7\u00e3o? N\u00f3s temos os melhores, entre em contato conosco.\" \/>\n<meta property=\"og:url\" content=\"https:\/\/gdksoftware.com\/pt-br\/servicos\/desenvolvimento-em-delphi\" \/>\n<meta property=\"og:site_name\" content=\"GDK Software\" \/>\n<meta property=\"article:modified_time\" content=\"2024-01-26T06:58:49+00:00\" \/>\n<meta name=\"twitter:card\" content=\"summary_large_image\" \/>\n<meta name=\"twitter:label1\" content=\"Est. tempo de leitura\" \/>\n\t<meta name=\"twitter:data1\" content=\"2 minutos\" \/>\n<script type=\"application\/ld+json\" class=\"yoast-schema-graph\">{\"@context\":\"https:\\\/\\\/schema.org\",\"@graph\":[{\"@type\":\"WebPage\",\"@id\":\"https:\\\/\\\/gdksoftware.com\\\/pt-br\\\/servicos\\\/desenvolvimento-em-delphi\",\"url\":\"https:\\\/\\\/gdksoftware.com\\\/pt-br\\\/servicos\\\/desenvolvimento-em-delphi\",\"name\":\"Procurando por especialistas em Delphi? Somos #1 em desenvolvimento Delphi!\",\"isPartOf\":{\"@id\":\"https:\\\/\\\/gdksoftware.com\\\/pt-br#website\"},\"datePublished\":\"2020-05-07T15:15:57+00:00\",\"dateModified\":\"2024-01-26T06:58:49+00:00\",\"description\":\"Voc\u00ea est\u00e1 procurando por um parceiro Delphi para desenvolver ainda mais sua aplica\u00e7\u00e3o? N\u00f3s temos os melhores, entre em contato conosco.\",\"breadcrumb\":{\"@id\":\"https:\\\/\\\/gdksoftware.com\\\/pt-br\\\/servicos\\\/desenvolvimento-em-delphi#breadcrumb\"},\"inLanguage\":\"pt-BR\",\"potentialAction\":[{\"@type\":\"ReadAction\",\"target\":[\"https:\\\/\\\/gdksoftware.com\\\/pt-br\\\/servicos\\\/desenvolvimento-em-delphi\"]}]},{\"@type\":\"BreadcrumbList\",\"@id\":\"https:\\\/\\\/gdksoftware.com\\\/pt-br\\\/servicos\\\/desenvolvimento-em-delphi#breadcrumb\",\"itemListElement\":[{\"@type\":\"ListItem\",\"position\":1,\"name\":\"Home\",\"item\":\"https:\\\/\\\/gdksoftware.com\\\/pt-br\"},{\"@type\":\"ListItem\",\"position\":2,\"name\":\"Servi\u00e7os\",\"item\":\"https:\\\/\\\/gdksoftware.com\\\/pt-br\\\/servicos\"},{\"@type\":\"ListItem\",\"position\":3,\"name\":\"Desenvolvimento em Delphi\"}]},{\"@type\":\"WebSite\",\"@id\":\"https:\\\/\\\/gdksoftware.com\\\/pt-br#website\",\"url\":\"https:\\\/\\\/gdksoftware.com\\\/pt-br\",\"name\":\"GDK Software\",\"description\":\"Zet de stip op je horizon\",\"potentialAction\":[{\"@type\":\"SearchAction\",\"target\":{\"@type\":\"EntryPoint\",\"urlTemplate\":\"https:\\\/\\\/gdksoftware.com\\\/pt-br?s={search_term_string}\"},\"query-input\":{\"@type\":\"PropertyValueSpecification\",\"valueRequired\":true,\"valueName\":\"search_term_string\"}}],\"inLanguage\":\"pt-BR\"}]}<\/script>\n<!-- \/ Yoast SEO Premium plugin. -->","yoast_head_json":{"title":"Procurando por especialistas em Delphi? Somos #1 em desenvolvimento Delphi!","description":"Voc\u00ea est\u00e1 procurando por um parceiro Delphi para desenvolver ainda mais sua aplica\u00e7\u00e3o? N\u00f3s temos os melhores, entre em contato conosco.","robots":{"index":"index","follow":"follow","max-snippet":"max-snippet:-1","max-image-preview":"max-image-preview:large","max-video-preview":"max-video-preview:-1"},"canonical":"https:\/\/gdksoftware.com\/pt-br\/servicos\/desenvolvimento-em-delphi","og_locale":"pt_BR","og_type":"article","og_title":"Desenvolvimento em Delphi","og_description":"Voc\u00ea est\u00e1 procurando por um parceiro Delphi para desenvolver ainda mais sua aplica\u00e7\u00e3o? N\u00f3s temos os melhores, entre em contato conosco.","og_url":"https:\/\/gdksoftware.com\/pt-br\/servicos\/desenvolvimento-em-delphi","og_site_name":"GDK Software","article_modified_time":"2024-01-26T06:58:49+00:00","twitter_card":"summary_large_image","twitter_misc":{"Est. tempo de leitura":"2 minutos"},"schema":{"@context":"https:\/\/schema.org","@graph":[{"@type":"WebPage","@id":"https:\/\/gdksoftware.com\/pt-br\/servicos\/desenvolvimento-em-delphi","url":"https:\/\/gdksoftware.com\/pt-br\/servicos\/desenvolvimento-em-delphi","name":"Procurando por especialistas em Delphi? Somos #1 em desenvolvimento Delphi!","isPartOf":{"@id":"https:\/\/gdksoftware.com\/pt-br#website"},"datePublished":"2020-05-07T15:15:57+00:00","dateModified":"2024-01-26T06:58:49+00:00","description":"Voc\u00ea est\u00e1 procurando por um parceiro Delphi para desenvolver ainda mais sua aplica\u00e7\u00e3o? N\u00f3s temos os melhores, entre em contato conosco.","breadcrumb":{"@id":"https:\/\/gdksoftware.com\/pt-br\/servicos\/desenvolvimento-em-delphi#breadcrumb"},"inLanguage":"pt-BR","potentialAction":[{"@type":"ReadAction","target":["https:\/\/gdksoftware.com\/pt-br\/servicos\/desenvolvimento-em-delphi"]}]},{"@type":"BreadcrumbList","@id":"https:\/\/gdksoftware.com\/pt-br\/servicos\/desenvolvimento-em-delphi#breadcrumb","itemListElement":[{"@type":"ListItem","position":1,"name":"Home","item":"https:\/\/gdksoftware.com\/pt-br"},{"@type":"ListItem","position":2,"name":"Servi\u00e7os","item":"https:\/\/gdksoftware.com\/pt-br\/servicos"},{"@type":"ListItem","position":3,"name":"Desenvolvimento em Delphi"}]},{"@type":"WebSite","@id":"https:\/\/gdksoftware.com\/pt-br#website","url":"https:\/\/gdksoftware.com\/pt-br","name":"GDK Software","description":"Zet de stip op je horizon","potentialAction":[{"@type":"SearchAction","target":{"@type":"EntryPoint","urlTemplate":"https:\/\/gdksoftware.com\/pt-br?s={search_term_string}"},"query-input":{"@type":"PropertyValueSpecification","valueRequired":true,"valueName":"search_term_string"}}],"inLanguage":"pt-BR"}]}},"_links":{"self":[{"href":"https:\/\/gdksoftware.com\/pt-br\/wp-json\/wp\/v2\/pages\/2895","targetHints":{"allow":["GET"]}}],"collection":[{"href":"https:\/\/gdksoftware.com\/pt-br\/wp-json\/wp\/v2\/pages"}],"about":[{"href":"https:\/\/gdksoftware.com\/pt-br\/wp-json\/wp\/v2\/types\/page"}],"author":[{"embeddable":true,"href":"https:\/\/gdksoftware.com\/pt-br\/wp-json\/wp\/v2\/users\/2"}],"replies":[{"embeddable":true,"href":"https:\/\/gdksoftware.com\/pt-br\/wp-json\/wp\/v2\/comments?post=2895"}],"version-history":[{"count":13,"href":"https:\/\/gdksoftware.com\/pt-br\/wp-json\/wp\/v2\/pages\/2895\/revisions"}],"predecessor-version":[{"id":5047,"href":"https:\/\/gdksoftware.com\/pt-br\/wp-json\/wp\/v2\/pages\/2895\/revisions\/5047"}],"up":[{"embeddable":true,"href":"https:\/\/gdksoftware.com\/pt-br\/wp-json\/wp\/v2\/pages\/3007"}],"wp:attachment":[{"href":"https:\/\/gdksoftware.com\/pt-br\/wp-json\/wp\/v2\/media?parent=2895"}],"curies":[{"name":"wp","href":"https:\/\/api.w.org\/{rel}","templated":true}]}}