{"id":2911,"date":"2020-05-19T15:06:33","date_gmt":"2020-05-19T14:06:33","guid":{"rendered":"https:\/\/gdksoftware.com\/innovation"},"modified":"2023-03-31T17:44:03","modified_gmt":"2023-03-31T16:44:03","slug":"inovacao","status":"publish","type":"page","link":"https:\/\/gdksoftware.com\/pt-br\/objetivos\/inovacao","title":{"rendered":"Inova\u00e7\u00e3o: est\u00e1 em nosso DNA"},"content":{"rendered":"","protected":false},"excerpt":{"rendered":"","protected":false},"author":2,"featured_media":0,"parent":3081,"menu_order":3,"comment_status":"closed","ping_status":"closed","template":"","meta":{"_acf_changed":false,"footnotes":""},"class_list":["post-2911","page","type-page","status-publish","hentry"],"acf":{"type_hero":"img","hero_image":900,"hero_image_position":"","hero_title":"Com o que se parece o seu futuro digital?","hero_content":"","hero_link":null,"hero_show_h1":true,"flexible_content":[{"acf_fc_layout":"intro","intro_id":"","intro_title":"Transforma\u00e7\u00e3o digital","intro_content":"Inova\u00e7\u00e3o est\u00e1 no nosso DNA. N\u00f3s somos cheios de id\u00e9ias. Todos os dias procuramos por novas solu\u00e7\u00f5es. Como podemos ajudar nossos clientes cada vez mais?"},{"acf_fc_layout":"text","text_type":"container","text_marge":"lg","text_id":"","text_title":"","text_content":"Como n\u00f3s aceleramos processos? Como podemos melhor utilizar graph databases? E se n\u00f3s conseguimos conectar ambos os sistemas? Esse tipo de pergunta \u00e9 o que nos leva a novas oportunidades. E n\u00f3s agarramos essas oportunidades com ambas as m\u00e3os.\r\n\r\nNa GDK Software n\u00f3s criamos espa\u00e7o para a <strong>criatividade, experimentos e vis\u00f5es<\/strong>. Os desenvolvedores compartilham suas ideias de pesquisa e desenvolvimento e tiram 2 dias por m\u00eas para pesquisar sobre o assunto. Novas sementes s\u00e3o plantadas todo m\u00eas, das quais muitas solu\u00e7\u00f5es elegantes surgem. S\u00e3o as nossas solu\u00e7\u00f5es inovadoras que permitem que nossos clientes cres\u00e7am ainda mais.","text_content2":"En juist dat aansluiten op het web of op losse apps kan zoveel voordelen opleveren. Daarom is herbouw van een oude legacy applicatie meestal noodzakelijk om wensen te kunnen realiseren. Het belangrijk om een aantal uitgangspunten in gedachten te houden. Gebruikers houden niet van verandering. Daarom denken we bij het vervangen van een applicatie altijd zorgvuldig na over de huidige interface, en begeleiden we de gebruikers van het systeem naar de nieuwe omgeving.","text_content3":"","text_side_image":null,"text_side_images":null,"text_side_shortcuts_title":"","text_side_shortcuts":null,"text_side_usps":""},{"acf_fc_layout":"images","images_type":"container","images_marge":"lg","images_id":"","images_title":"","images_image":1061,"images_image2":null,"images_image3":null},{"acf_fc_layout":"text","text_type":"side-shortcuts","text_marge":"xl","text_id":"","text_title":"Time de estudantes","text_content":"N\u00f3s tamb\u00e9m vemos essa criatividade em nosso <strong>time de estudantes de analistas de banco de dados<\/strong>. Este time \u00e9 focado em estudar problemas e propor solu\u00e7\u00f5es de big data. Estes estudantes possuem completa liberdade para a inovar. Por exemplo, este time desenvolveu um algoritmo para Perfectkeur para demonstrar a demanda e carga de trabalho dos inspetores em um mapa. Isso permite a organiza\u00e7\u00e3o enxergar rapidamente quais as regi\u00f5es com maior demanda e novos inspetores s\u00e3o alocados para supri-las.\r\n\r\nCurioso sobre o nosso sucesso? D\u00ea uma olhada em nossos casos!","text_content2":"","text_content3":"","text_side_image":null,"text_side_images":null,"text_side_shortcuts_title":"Projetos em andamento","text_side_shortcuts":[{"shortcut_link":{"title":"Inova\u00e7\u00e3o por Perfectkeur","url":"https:\/\/gdksoftware.com\/case\/tailor-made-applications-for-perfectkeur\/","target":""}},{"shortcut_link":{"title":"Portal para HSN","url":"https:\/\/gdksoftware.com\/case\/all-in-one-portal-for-horeca-stichting-nederland\/","target":""}},{"shortcut_link":{"title":"Ambul\u00e2ncia de Animais","url":"https:\/\/gdksoftware.com\/case\/registration-system-dierenambulance\/","target":""}},{"shortcut_link":{"title":"Aplicativo Mendix Glassportaal","url":"https:\/\/gdksoftware.com\/case\/glasportaal-from-delphi-to-mendix\/","target":""}}],"text_side_usps":""},{"acf_fc_layout":"quote","quote_content":"\"GDK \u00e9 um excelente parceiro. Os desenvolvedores avaliam os processos juntamente com voc\u00ea.\"","quote_id":"","quote_title":"Bas van der Ende, Horeca Stichting Holanda"},{"acf_fc_layout":"text","text_type":"container","text_marge":"none","text_id":"","text_title":"Formando uma parceria juntos","text_content":"Inova\u00e7\u00e3o ajuda empresas com a transforma\u00e7\u00e3o digital, aproveitando o potencial das tecnologias e integra\u00e7\u00f5es dispon\u00edveis. Juntos, n\u00f3s modernizamos aplicativos desatualizados ou escritos com vers\u00f5es antigas. Ao mesmo tempo n\u00f3s desenvolvemos aplicativos m\u00f3veis com foco em dados, que deixa voc\u00ea mais preparado para o futuro. N\u00f3s vamos formar uma parceria com voc\u00ea: um compromisso mutuo onde vamos aprender tudo sobre a sua organiza\u00e7\u00e3o. Juntos, vamos levar um ao outro adiante em uma inova\u00e7\u00e3o cont\u00ednua, agora e no futuro.","text_content2":"","text_content3":"","text_side_image":null,"text_side_images":null,"text_side_shortcuts_title":"","text_side_shortcuts":null,"text_side_usps":""},{"acf_fc_layout":"related_persons","related_persons_title":"Voc\u00ea gostaria de inovar conosco?","related_persons_id":"","related_persons":[1491,1398]}]},"yoast_head":"<!-- This site is optimized with the Yoast SEO Premium plugin v26.8 (Yoast SEO v27.4) - https:\/\/yoast.com\/product\/yoast-seo-premium-wordpress\/ -->\n<title>Inova\u00e7\u00e3o: est\u00e1 em nosso DNA - GDK Software<\/title>\n<meta name=\"description\" content=\"Inova\u00e7\u00e3o est\u00e1 no nosso DNA. N\u00f3s somos cheios de id\u00e9ias. Todos os dias procuramos por novas solu\u00e7\u00f5es. Como podemos ajudar nossos clientes cada vez mais?\" \/>\n<meta name=\"robots\" content=\"index, follow, max-snippet:-1, max-image-preview:large, max-video-preview:-1\" \/>\n<link rel=\"canonical\" href=\"https:\/\/gdksoftware.com\/pt-br\/objetivos\/inovacao\" \/>\n<meta property=\"og:locale\" content=\"pt_BR\" \/>\n<meta property=\"og:type\" content=\"article\" \/>\n<meta property=\"og:title\" content=\"Inova\u00e7\u00e3o: est\u00e1 em nosso DNA\" \/>\n<meta property=\"og:description\" content=\"Inova\u00e7\u00e3o est\u00e1 no nosso DNA. N\u00f3s somos cheios de id\u00e9ias. Todos os dias procuramos por novas solu\u00e7\u00f5es. Como podemos ajudar nossos clientes cada vez mais?\" \/>\n<meta property=\"og:url\" content=\"https:\/\/gdksoftware.com\/pt-br\/objetivos\/inovacao\" \/>\n<meta property=\"og:site_name\" content=\"GDK Software\" \/>\n<meta property=\"article:modified_time\" content=\"2023-03-31T16:44:03+00:00\" \/>\n<meta name=\"twitter:card\" content=\"summary_large_image\" \/>\n<script type=\"application\/ld+json\" class=\"yoast-schema-graph\">{\"@context\":\"https:\\\/\\\/schema.org\",\"@graph\":[{\"@type\":\"WebPage\",\"@id\":\"https:\\\/\\\/gdksoftware.com\\\/pt-br\\\/objetivos\\\/inovacao\",\"url\":\"https:\\\/\\\/gdksoftware.com\\\/pt-br\\\/objetivos\\\/inovacao\",\"name\":\"Inova\u00e7\u00e3o: est\u00e1 em nosso DNA - GDK Software\",\"isPartOf\":{\"@id\":\"https:\\\/\\\/gdksoftware.com\\\/pt-br#website\"},\"datePublished\":\"2020-05-19T14:06:33+00:00\",\"dateModified\":\"2023-03-31T16:44:03+00:00\",\"description\":\"Inova\u00e7\u00e3o est\u00e1 no nosso DNA. N\u00f3s somos cheios de id\u00e9ias. Todos os dias procuramos por novas solu\u00e7\u00f5es. Como podemos ajudar nossos clientes cada vez mais?\",\"breadcrumb\":{\"@id\":\"https:\\\/\\\/gdksoftware.com\\\/pt-br\\\/objetivos\\\/inovacao#breadcrumb\"},\"inLanguage\":\"pt-BR\",\"potentialAction\":[{\"@type\":\"ReadAction\",\"target\":[\"https:\\\/\\\/gdksoftware.com\\\/pt-br\\\/objetivos\\\/inovacao\"]}]},{\"@type\":\"BreadcrumbList\",\"@id\":\"https:\\\/\\\/gdksoftware.com\\\/pt-br\\\/objetivos\\\/inovacao#breadcrumb\",\"itemListElement\":[{\"@type\":\"ListItem\",\"position\":1,\"name\":\"Home\",\"item\":\"https:\\\/\\\/gdksoftware.com\\\/pt-br\"},{\"@type\":\"ListItem\",\"position\":2,\"name\":\"Objetivos\",\"item\":\"https:\\\/\\\/gdksoftware.com\\\/pt-br\\\/objetivos\"},{\"@type\":\"ListItem\",\"position\":3,\"name\":\"Inova\u00e7\u00e3o: est\u00e1 em nosso DNA\"}]},{\"@type\":\"WebSite\",\"@id\":\"https:\\\/\\\/gdksoftware.com\\\/pt-br#website\",\"url\":\"https:\\\/\\\/gdksoftware.com\\\/pt-br\",\"name\":\"GDK Software\",\"description\":\"Zet de stip op je horizon\",\"potentialAction\":[{\"@type\":\"SearchAction\",\"target\":{\"@type\":\"EntryPoint\",\"urlTemplate\":\"https:\\\/\\\/gdksoftware.com\\\/pt-br?s={search_term_string}\"},\"query-input\":{\"@type\":\"PropertyValueSpecification\",\"valueRequired\":true,\"valueName\":\"search_term_string\"}}],\"inLanguage\":\"pt-BR\"}]}<\/script>\n<!-- \/ Yoast SEO Premium plugin. -->","yoast_head_json":{"title":"Inova\u00e7\u00e3o: est\u00e1 em nosso DNA - GDK Software","description":"Inova\u00e7\u00e3o est\u00e1 no nosso DNA. N\u00f3s somos cheios de id\u00e9ias. Todos os dias procuramos por novas solu\u00e7\u00f5es. Como podemos ajudar nossos clientes cada vez mais?","robots":{"index":"index","follow":"follow","max-snippet":"max-snippet:-1","max-image-preview":"max-image-preview:large","max-video-preview":"max-video-preview:-1"},"canonical":"https:\/\/gdksoftware.com\/pt-br\/objetivos\/inovacao","og_locale":"pt_BR","og_type":"article","og_title":"Inova\u00e7\u00e3o: est\u00e1 em nosso DNA","og_description":"Inova\u00e7\u00e3o est\u00e1 no nosso DNA. N\u00f3s somos cheios de id\u00e9ias. Todos os dias procuramos por novas solu\u00e7\u00f5es. Como podemos ajudar nossos clientes cada vez mais?","og_url":"https:\/\/gdksoftware.com\/pt-br\/objetivos\/inovacao","og_site_name":"GDK Software","article_modified_time":"2023-03-31T16:44:03+00:00","twitter_card":"summary_large_image","schema":{"@context":"https:\/\/schema.org","@graph":[{"@type":"WebPage","@id":"https:\/\/gdksoftware.com\/pt-br\/objetivos\/inovacao","url":"https:\/\/gdksoftware.com\/pt-br\/objetivos\/inovacao","name":"Inova\u00e7\u00e3o: est\u00e1 em nosso DNA - GDK Software","isPartOf":{"@id":"https:\/\/gdksoftware.com\/pt-br#website"},"datePublished":"2020-05-19T14:06:33+00:00","dateModified":"2023-03-31T16:44:03+00:00","description":"Inova\u00e7\u00e3o est\u00e1 no nosso DNA. N\u00f3s somos cheios de id\u00e9ias. Todos os dias procuramos por novas solu\u00e7\u00f5es. Como podemos ajudar nossos clientes cada vez mais?","breadcrumb":{"@id":"https:\/\/gdksoftware.com\/pt-br\/objetivos\/inovacao#breadcrumb"},"inLanguage":"pt-BR","potentialAction":[{"@type":"ReadAction","target":["https:\/\/gdksoftware.com\/pt-br\/objetivos\/inovacao"]}]},{"@type":"BreadcrumbList","@id":"https:\/\/gdksoftware.com\/pt-br\/objetivos\/inovacao#breadcrumb","itemListElement":[{"@type":"ListItem","position":1,"name":"Home","item":"https:\/\/gdksoftware.com\/pt-br"},{"@type":"ListItem","position":2,"name":"Objetivos","item":"https:\/\/gdksoftware.com\/pt-br\/objetivos"},{"@type":"ListItem","position":3,"name":"Inova\u00e7\u00e3o: est\u00e1 em nosso DNA"}]},{"@type":"WebSite","@id":"https:\/\/gdksoftware.com\/pt-br#website","url":"https:\/\/gdksoftware.com\/pt-br","name":"GDK Software","description":"Zet de stip op je horizon","potentialAction":[{"@type":"SearchAction","target":{"@type":"EntryPoint","urlTemplate":"https:\/\/gdksoftware.com\/pt-br?s={search_term_string}"},"query-input":{"@type":"PropertyValueSpecification","valueRequired":true,"valueName":"search_term_string"}}],"inLanguage":"pt-BR"}]}},"_links":{"self":[{"href":"https:\/\/gdksoftware.com\/pt-br\/wp-json\/wp\/v2\/pages\/2911","targetHints":{"allow":["GET"]}}],"collection":[{"href":"https:\/\/gdksoftware.com\/pt-br\/wp-json\/wp\/v2\/pages"}],"about":[{"href":"https:\/\/gdksoftware.com\/pt-br\/wp-json\/wp\/v2\/types\/page"}],"author":[{"embeddable":true,"href":"https:\/\/gdksoftware.com\/pt-br\/wp-json\/wp\/v2\/users\/2"}],"replies":[{"embeddable":true,"href":"https:\/\/gdksoftware.com\/pt-br\/wp-json\/wp\/v2\/comments?post=2911"}],"version-history":[{"count":3,"href":"https:\/\/gdksoftware.com\/pt-br\/wp-json\/wp\/v2\/pages\/2911\/revisions"}],"predecessor-version":[{"id":3657,"href":"https:\/\/gdksoftware.com\/pt-br\/wp-json\/wp\/v2\/pages\/2911\/revisions\/3657"}],"up":[{"embeddable":true,"href":"https:\/\/gdksoftware.com\/pt-br\/wp-json\/wp\/v2\/pages\/3081"}],"wp:attachment":[{"href":"https:\/\/gdksoftware.com\/pt-br\/wp-json\/wp\/v2\/media?parent=2911"}],"curies":[{"name":"wp","href":"https:\/\/api.w.org\/{rel}","templated":true}]}}