{"id":3007,"date":"2020-04-10T13:09:29","date_gmt":"2020-04-10T13:09:29","guid":{"rendered":"https:\/\/gdksoftware.com\/services"},"modified":"2024-12-06T09:52:00","modified_gmt":"2024-12-06T08:52:00","slug":"servicos","status":"publish","type":"page","link":"https:\/\/gdksoftware.com\/pt-br\/servicos","title":{"rendered":"Servi\u00e7os"},"content":{"rendered":"","protected":false},"excerpt":{"rendered":"","protected":false},"author":1,"featured_media":0,"parent":0,"menu_order":1,"comment_status":"closed","ping_status":"closed","template":"","meta":{"_acf_changed":false,"footnotes":""},"class_list":["post-3007","page","type-page","status-publish","hentry"],"acf":{"type_hero":"img-fw","hero_image":1052,"hero_image_position":"75% 50%","hero_title":"+25 especialistas em Delphi est\u00e3o prontos para voc\u00ea","hero_content":"","hero_link":"","hero_show_h1":true,"flexible_content":[{"acf_fc_layout":"intro","intro_id":"intro","intro_title":"O que n\u00f3s fazemos na GDK","intro_content":"Desenvolver sistemas \u00e9 a nossa paix\u00e3o. Com nosso time de desenvolvedores entusiastas, constru\u00edmos solu\u00e7\u00f5es inovadoras."},{"acf_fc_layout":"block04","block04_id":"","block04_title":"Desenvolvimento Delphi","block04_titlesub":"Trabalhe com nosso time de experts em Delphi","block04_content":"Voc\u00ea est\u00e1 procurando por um parceiro para cuidar das suas aplica\u00e7\u00f5es Delphi? Ainda trabalhando com vers\u00f5es desatualizadas ainda sendo desenvolvidas em Delphi 5 our Delphi 7? Voc\u00ea est\u00e1 precisando de um desenvolvedor com urg\u00eancia? Estamos aqui para te ajudar. N\u00f3s temos um time forte de especialistas Delphi com s\u00f3lido conhecimento e vasta experi\u00eancia nesta incr\u00edvel linguagem de desenvolvimento de software.","block04_link":{"title":"Saiba mais","url":"https:\/\/gdksoftware.com\/pt-br\/servicos\/delphi-development","target":""},"block04_image":1050,"block04_mirror":true},{"acf_fc_layout":"quote","quote_content":"\"Trabalhar com a GDK \u00e9 uma oportunidade de ouro. Tomamos a decis\u00e3o correta!\"","quote_id":"","quote_title":"Paul Onkenhout, Diretor na Dierenambulance, Gooi e Vechtstreek"},{"acf_fc_layout":"block04","block04_id":"","block04_title":"Atualiza\u00e7\u00f5es e migra\u00e7\u00f5es em Delphi","block04_titlesub":"Atualiza\u00e7\u00e3o inteligente para a \u00faltima vers\u00e3o do Delphi","block04_content":"Previna atrasos no desenvolvimento. Fa\u00e7a o upgrade da sua aplica\u00e7\u00e3o Delphi e esteja atualizado. A GDK \u00e9 especialista em realizar upgrades de vers\u00f5es antigas para as mais novas vers\u00f5es do Delphi.","block04_link":{"title":"Saiba mais","url":"https:\/\/gdksoftware.com\/pt-br\/servicos\/delphi-atualiza-e-moderniza","target":""},"block04_image":797,"block04_mirror":false},{"acf_fc_layout":"block04","block04_id":"","block04_title":"Aplicativos low-code com Codolex","block04_titlesub":"Desenvolva rapidamente em uma plataforma moderna","block04_content":"Pronto para a transforma\u00e7\u00e3o digital? O desenvolvimento de aplica\u00e7\u00f5es pode ser realizado muito mais rapidamente do que voc\u00ea imagina. \u00c9 uma quest\u00e3o de semanas ao inv\u00e9s de meses. Com a plataforma de low-code <strong>Codolex<\/strong>, voc\u00ea j\u00e1 inicia um passo \u00e0 frente!","block04_link":{"title":"Saiba mais","url":"https:\/\/codolex.com","target":"_blank"},"block04_image":1048,"block04_mirror":false}]},"yoast_head":"<!-- This site is optimized with the Yoast SEO Premium plugin v26.8 (Yoast SEO v27.3) - https:\/\/yoast.com\/product\/yoast-seo-premium-wordpress\/ -->\n<title>Servi\u00e7os - GDK Software<\/title>\n<meta name=\"description\" content=\"The specialist in Delphi and Mendix development. Building software is our passion. We work on international assignments with enthusiastic developers.\" \/>\n<meta name=\"robots\" content=\"index, follow, max-snippet:-1, max-image-preview:large, max-video-preview:-1\" \/>\n<link rel=\"canonical\" href=\"https:\/\/gdksoftware.com\/pt-br\/servicos\" \/>\n<meta property=\"og:locale\" content=\"pt_BR\" \/>\n<meta property=\"og:type\" content=\"article\" \/>\n<meta property=\"og:title\" content=\"Servi\u00e7os\" \/>\n<meta property=\"og:description\" content=\"The specialist in Delphi and Mendix development. Building software is our passion. We work on international assignments with enthusiastic developers.\" \/>\n<meta property=\"og:url\" content=\"https:\/\/gdksoftware.com\/pt-br\/servicos\" \/>\n<meta property=\"og:site_name\" content=\"GDK Software\" \/>\n<meta property=\"article:modified_time\" content=\"2024-12-06T08:52:00+00:00\" \/>\n<meta name=\"twitter:card\" content=\"summary_large_image\" \/>\n<meta name=\"twitter:label1\" content=\"Est. tempo de leitura\" \/>\n\t<meta name=\"twitter:data1\" content=\"1 minuto\" \/>\n<script type=\"application\/ld+json\" class=\"yoast-schema-graph\">{\"@context\":\"https:\\\/\\\/schema.org\",\"@graph\":[{\"@type\":\"WebPage\",\"@id\":\"https:\\\/\\\/gdksoftware.com\\\/pt-br\\\/servicos\",\"url\":\"https:\\\/\\\/gdksoftware.com\\\/pt-br\\\/servicos\",\"name\":\"Servi\u00e7os - GDK Software\",\"isPartOf\":{\"@id\":\"https:\\\/\\\/gdksoftware.com\\\/pt-br#website\"},\"datePublished\":\"2020-04-10T13:09:29+00:00\",\"dateModified\":\"2024-12-06T08:52:00+00:00\",\"description\":\"The specialist in Delphi and Mendix development. Building software is our passion. We work on international assignments with enthusiastic developers.\",\"breadcrumb\":{\"@id\":\"https:\\\/\\\/gdksoftware.com\\\/pt-br\\\/servicos#breadcrumb\"},\"inLanguage\":\"pt-BR\",\"potentialAction\":[{\"@type\":\"ReadAction\",\"target\":[\"https:\\\/\\\/gdksoftware.com\\\/pt-br\\\/servicos\"]}]},{\"@type\":\"BreadcrumbList\",\"@id\":\"https:\\\/\\\/gdksoftware.com\\\/pt-br\\\/servicos#breadcrumb\",\"itemListElement\":[{\"@type\":\"ListItem\",\"position\":1,\"name\":\"Home\",\"item\":\"https:\\\/\\\/gdksoftware.com\\\/pt-br\"},{\"@type\":\"ListItem\",\"position\":2,\"name\":\"Servi\u00e7os\"}]},{\"@type\":\"WebSite\",\"@id\":\"https:\\\/\\\/gdksoftware.com\\\/pt-br#website\",\"url\":\"https:\\\/\\\/gdksoftware.com\\\/pt-br\",\"name\":\"GDK Software\",\"description\":\"Zet de stip op je horizon\",\"potentialAction\":[{\"@type\":\"SearchAction\",\"target\":{\"@type\":\"EntryPoint\",\"urlTemplate\":\"https:\\\/\\\/gdksoftware.com\\\/pt-br?s={search_term_string}\"},\"query-input\":{\"@type\":\"PropertyValueSpecification\",\"valueRequired\":true,\"valueName\":\"search_term_string\"}}],\"inLanguage\":\"pt-BR\"}]}<\/script>\n<!-- \/ Yoast SEO Premium plugin. -->","yoast_head_json":{"title":"Servi\u00e7os - GDK Software","description":"The specialist in Delphi and Mendix development. Building software is our passion. We work on international assignments with enthusiastic developers.","robots":{"index":"index","follow":"follow","max-snippet":"max-snippet:-1","max-image-preview":"max-image-preview:large","max-video-preview":"max-video-preview:-1"},"canonical":"https:\/\/gdksoftware.com\/pt-br\/servicos","og_locale":"pt_BR","og_type":"article","og_title":"Servi\u00e7os","og_description":"The specialist in Delphi and Mendix development. Building software is our passion. We work on international assignments with enthusiastic developers.","og_url":"https:\/\/gdksoftware.com\/pt-br\/servicos","og_site_name":"GDK Software","article_modified_time":"2024-12-06T08:52:00+00:00","twitter_card":"summary_large_image","twitter_misc":{"Est. tempo de leitura":"1 minuto"},"schema":{"@context":"https:\/\/schema.org","@graph":[{"@type":"WebPage","@id":"https:\/\/gdksoftware.com\/pt-br\/servicos","url":"https:\/\/gdksoftware.com\/pt-br\/servicos","name":"Servi\u00e7os - GDK Software","isPartOf":{"@id":"https:\/\/gdksoftware.com\/pt-br#website"},"datePublished":"2020-04-10T13:09:29+00:00","dateModified":"2024-12-06T08:52:00+00:00","description":"The specialist in Delphi and Mendix development. Building software is our passion. We work on international assignments with enthusiastic developers.","breadcrumb":{"@id":"https:\/\/gdksoftware.com\/pt-br\/servicos#breadcrumb"},"inLanguage":"pt-BR","potentialAction":[{"@type":"ReadAction","target":["https:\/\/gdksoftware.com\/pt-br\/servicos"]}]},{"@type":"BreadcrumbList","@id":"https:\/\/gdksoftware.com\/pt-br\/servicos#breadcrumb","itemListElement":[{"@type":"ListItem","position":1,"name":"Home","item":"https:\/\/gdksoftware.com\/pt-br"},{"@type":"ListItem","position":2,"name":"Servi\u00e7os"}]},{"@type":"WebSite","@id":"https:\/\/gdksoftware.com\/pt-br#website","url":"https:\/\/gdksoftware.com\/pt-br","name":"GDK Software","description":"Zet de stip op je horizon","potentialAction":[{"@type":"SearchAction","target":{"@type":"EntryPoint","urlTemplate":"https:\/\/gdksoftware.com\/pt-br?s={search_term_string}"},"query-input":{"@type":"PropertyValueSpecification","valueRequired":true,"valueName":"search_term_string"}}],"inLanguage":"pt-BR"}]}},"_links":{"self":[{"href":"https:\/\/gdksoftware.com\/pt-br\/wp-json\/wp\/v2\/pages\/3007","targetHints":{"allow":["GET"]}}],"collection":[{"href":"https:\/\/gdksoftware.com\/pt-br\/wp-json\/wp\/v2\/pages"}],"about":[{"href":"https:\/\/gdksoftware.com\/pt-br\/wp-json\/wp\/v2\/types\/page"}],"author":[{"embeddable":true,"href":"https:\/\/gdksoftware.com\/pt-br\/wp-json\/wp\/v2\/users\/1"}],"replies":[{"embeddable":true,"href":"https:\/\/gdksoftware.com\/pt-br\/wp-json\/wp\/v2\/comments?post=3007"}],"version-history":[{"count":9,"href":"https:\/\/gdksoftware.com\/pt-br\/wp-json\/wp\/v2\/pages\/3007\/revisions"}],"predecessor-version":[{"id":5659,"href":"https:\/\/gdksoftware.com\/pt-br\/wp-json\/wp\/v2\/pages\/3007\/revisions\/5659"}],"wp:attachment":[{"href":"https:\/\/gdksoftware.com\/pt-br\/wp-json\/wp\/v2\/media?parent=3007"}],"curies":[{"name":"wp","href":"https:\/\/api.w.org\/{rel}","templated":true}]}}