{"id":3081,"date":"2020-03-09T13:26:15","date_gmt":"2020-03-09T13:26:15","guid":{"rendered":"https:\/\/gdksoftware.com\/ambitions"},"modified":"2023-03-31T17:56:14","modified_gmt":"2023-03-31T16:56:14","slug":"objetivos","status":"publish","type":"page","link":"https:\/\/gdksoftware.com\/pt-br\/objetivos","title":{"rendered":"Objetivos"},"content":{"rendered":"","protected":false},"excerpt":{"rendered":"","protected":false},"author":1,"featured_media":0,"parent":0,"menu_order":2,"comment_status":"closed","ping_status":"closed","template":"","meta":{"_acf_changed":false,"footnotes":""},"class_list":["post-3081","page","type-page","status-publish","hentry"],"acf":{"type_hero":"img-fw","hero_image":1078,"hero_image_position":"","hero_title":"N\u00f3s damos vida aos seus objetivos e desenvolvemos a aplica\u00e7\u00e3o ideal.","hero_content":"","hero_link":{"title":"Seu plano de a\u00e7\u00e3o","url":"#intro","target":""},"hero_show_h1":true,"flexible_content":[{"acf_fc_layout":"intro","intro_id":"intro","intro_title":"Em dire\u00e7\u00e3o ao futuro","intro_content":"Quaisquer que sejam seus objetivos, n\u00f3s nos empenharemos para uma melhor solu\u00e7\u00e3o de suas necessidades. N\u00f3s iremos estudar sua organiza\u00e7\u00e3o e construiremos aplica\u00e7\u00f5es para usu\u00e1rios do mundo-real. N\u00f3s avan\u00e7aremos juntos!"},{"acf_fc_layout":"block04","block04_id":"","block04_title":"Do antigo para o novo","block04_titlesub":"Torne-se mais \u00e1gil atrav\u00e9s de inova\u00e7\u00e3o","block04_content":"Deseja ter processos mais eficientes? Melhor integra\u00e7\u00e3o com aplicativos m\u00f3veis? Gostaria de oferecer melhores servi\u00e7os? Existem milhares de motivos para se fazer o upgrade de uma aplica\u00e7\u00e3o antiga para uma solu\u00e7\u00e3o mais nova e moderna. Quaisquer que sejam suas motiva\u00e7\u00f5es, n\u00f3s podemos ajudar voc\u00ea a fazer essa transi\u00e7\u00e3o.","block04_link":{"title":"Maiores informa\u00e7\u00f5es","url":"https:\/\/gdksoftware.com\/pt-br\/objetivos\/do-antigo-para-o-novo","target":""},"block04_image":903,"block04_mirror":false},{"acf_fc_layout":"block04","block04_id":"","block04_title":"Desenvolvimento de aplica\u00e7\u00f5es","block04_titlesub":"Aplicativos mais inteligentes diminuem sua carga de trabalho","block04_content":"A tecnologia evolui e novas oportunidades est\u00e3o constantemente surgindo. Voc\u00ea possui boas ideais, mas n\u00e3o consegue implementar devido a limita\u00e7\u00f5es tecnol\u00f3gicas? Pense nas possibilidades. Deixe-nos escrever a sua pr\u00f3xima aplica\u00e7\u00e3o inteligente!","block04_link":{"title":"Maiores informa\u00e7\u00f5es","url":"https:\/\/gdksoftware.com\/pt-br\/objetivos\/aplicativos-inteligentes","target":""},"block04_image":909,"block04_mirror":true},{"acf_fc_layout":"quote","quote_content":"Comunica\u00e7\u00e3o direta, pensar em conjunto, agir com rapidez, isso \u00e9 a GDK. Esses pontos fortes trouxeram para n\u00f3s muito benef\u00edcios e tem contribu\u00eddo para o sucesso da Perfectkeur.","quote_id":"","quote_title":"Gerrit van der Heide | Perfectkeur"},{"acf_fc_layout":"block04","block04_id":"","block04_title":"Integra\u00e7\u00e3o de sistemas","block04_titlesub":"Integrar sistemas e eliminar processos desnecess\u00e1rios","block04_content":"Cortar, colar, copiar, arrastar e repetir. Todos os dias as mesmas a\u00e7\u00f5es. Integra\u00e7\u00f5es inteligentes podem economizar a voc\u00ea e a seus colegas muito trabalho. Evite duplicidades e acabe com tarefas repetitivas que consomem muito do seu tempo.","block04_link":{"title":"Maiores informa\u00e7\u00f5es","url":"https:\/\/gdksoftware.com\/pt-br\/objetivos\/integracao-de-sistemas","target":""},"block04_image":944,"block04_mirror":false},{"acf_fc_layout":"block04","block04_id":"","block04_title":"Inova\u00e7\u00e3o","block04_titlesub":"Como se parece o seu futuro digital?","block04_content":"Inova\u00e7\u00e3o est\u00e1 no nosso DNA. N\u00f3s somos cheios de id\u00e9ias. Todos os dias estamos procurando por novas solu\u00e7\u00f5es. Como aceleramos processos? Como podemos ajudar ainda mais nossos clientes? Estas s\u00e3o perguntas que nos dirigem para as oportunidades. N\u00f3s agarramos essas oportunidades com ambas as m\u00e3os.","block04_link":{"title":"Maiores informa\u00e7\u00f5es","url":"https:\/\/gdksoftware.com\/pt-br\/objetivos\/inovacao","target":""},"block04_image":554,"block04_mirror":true}]},"yoast_head":"<!-- This site is optimized with the Yoast SEO Premium plugin v26.8 (Yoast SEO v27.5) - https:\/\/yoast.com\/product\/yoast-seo-premium-wordpress\/ -->\n<title>Objetivos - GDK Software<\/title>\n<meta name=\"description\" content=\"Quaisquer que sejam seus objetivos, n\u00f3s nos empenharemos para uma melhor solu\u00e7\u00e3o de suas necessidades.\" \/>\n<meta name=\"robots\" content=\"index, follow, max-snippet:-1, max-image-preview:large, max-video-preview:-1\" \/>\n<link rel=\"canonical\" href=\"https:\/\/gdksoftware.com\/pt-br\/objetivos\" \/>\n<meta property=\"og:locale\" content=\"pt_BR\" \/>\n<meta property=\"og:type\" content=\"article\" \/>\n<meta property=\"og:title\" content=\"Objetivos\" \/>\n<meta property=\"og:description\" content=\"Quaisquer que sejam seus objetivos, n\u00f3s nos empenharemos para uma melhor solu\u00e7\u00e3o de suas necessidades.\" \/>\n<meta property=\"og:url\" content=\"https:\/\/gdksoftware.com\/pt-br\/objetivos\" \/>\n<meta property=\"og:site_name\" content=\"GDK Software\" \/>\n<meta property=\"article:modified_time\" content=\"2023-03-31T16:56:14+00:00\" \/>\n<meta name=\"twitter:card\" content=\"summary_large_image\" \/>\n<script type=\"application\/ld+json\" class=\"yoast-schema-graph\">{\"@context\":\"https:\\\/\\\/schema.org\",\"@graph\":[{\"@type\":\"WebPage\",\"@id\":\"https:\\\/\\\/gdksoftware.com\\\/pt-br\\\/objetivos\",\"url\":\"https:\\\/\\\/gdksoftware.com\\\/pt-br\\\/objetivos\",\"name\":\"Objetivos - GDK Software\",\"isPartOf\":{\"@id\":\"https:\\\/\\\/gdksoftware.com\\\/pt-br#website\"},\"datePublished\":\"2020-03-09T13:26:15+00:00\",\"dateModified\":\"2023-03-31T16:56:14+00:00\",\"description\":\"Quaisquer que sejam seus objetivos, n\u00f3s nos empenharemos para uma melhor solu\u00e7\u00e3o de suas necessidades.\",\"breadcrumb\":{\"@id\":\"https:\\\/\\\/gdksoftware.com\\\/pt-br\\\/objetivos#breadcrumb\"},\"inLanguage\":\"pt-BR\",\"potentialAction\":[{\"@type\":\"ReadAction\",\"target\":[\"https:\\\/\\\/gdksoftware.com\\\/pt-br\\\/objetivos\"]}]},{\"@type\":\"BreadcrumbList\",\"@id\":\"https:\\\/\\\/gdksoftware.com\\\/pt-br\\\/objetivos#breadcrumb\",\"itemListElement\":[{\"@type\":\"ListItem\",\"position\":1,\"name\":\"Home\",\"item\":\"https:\\\/\\\/gdksoftware.com\\\/pt-br\"},{\"@type\":\"ListItem\",\"position\":2,\"name\":\"Objetivos\"}]},{\"@type\":\"WebSite\",\"@id\":\"https:\\\/\\\/gdksoftware.com\\\/pt-br#website\",\"url\":\"https:\\\/\\\/gdksoftware.com\\\/pt-br\",\"name\":\"GDK Software\",\"description\":\"Zet de stip op je horizon\",\"potentialAction\":[{\"@type\":\"SearchAction\",\"target\":{\"@type\":\"EntryPoint\",\"urlTemplate\":\"https:\\\/\\\/gdksoftware.com\\\/pt-br?s={search_term_string}\"},\"query-input\":{\"@type\":\"PropertyValueSpecification\",\"valueRequired\":true,\"valueName\":\"search_term_string\"}}],\"inLanguage\":\"pt-BR\"}]}<\/script>\n<!-- \/ Yoast SEO Premium plugin. -->","yoast_head_json":{"title":"Objetivos - GDK Software","description":"Quaisquer que sejam seus objetivos, n\u00f3s nos empenharemos para uma melhor solu\u00e7\u00e3o de suas necessidades.","robots":{"index":"index","follow":"follow","max-snippet":"max-snippet:-1","max-image-preview":"max-image-preview:large","max-video-preview":"max-video-preview:-1"},"canonical":"https:\/\/gdksoftware.com\/pt-br\/objetivos","og_locale":"pt_BR","og_type":"article","og_title":"Objetivos","og_description":"Quaisquer que sejam seus objetivos, n\u00f3s nos empenharemos para uma melhor solu\u00e7\u00e3o de suas necessidades.","og_url":"https:\/\/gdksoftware.com\/pt-br\/objetivos","og_site_name":"GDK Software","article_modified_time":"2023-03-31T16:56:14+00:00","twitter_card":"summary_large_image","schema":{"@context":"https:\/\/schema.org","@graph":[{"@type":"WebPage","@id":"https:\/\/gdksoftware.com\/pt-br\/objetivos","url":"https:\/\/gdksoftware.com\/pt-br\/objetivos","name":"Objetivos - GDK Software","isPartOf":{"@id":"https:\/\/gdksoftware.com\/pt-br#website"},"datePublished":"2020-03-09T13:26:15+00:00","dateModified":"2023-03-31T16:56:14+00:00","description":"Quaisquer que sejam seus objetivos, n\u00f3s nos empenharemos para uma melhor solu\u00e7\u00e3o de suas necessidades.","breadcrumb":{"@id":"https:\/\/gdksoftware.com\/pt-br\/objetivos#breadcrumb"},"inLanguage":"pt-BR","potentialAction":[{"@type":"ReadAction","target":["https:\/\/gdksoftware.com\/pt-br\/objetivos"]}]},{"@type":"BreadcrumbList","@id":"https:\/\/gdksoftware.com\/pt-br\/objetivos#breadcrumb","itemListElement":[{"@type":"ListItem","position":1,"name":"Home","item":"https:\/\/gdksoftware.com\/pt-br"},{"@type":"ListItem","position":2,"name":"Objetivos"}]},{"@type":"WebSite","@id":"https:\/\/gdksoftware.com\/pt-br#website","url":"https:\/\/gdksoftware.com\/pt-br","name":"GDK Software","description":"Zet de stip op je horizon","potentialAction":[{"@type":"SearchAction","target":{"@type":"EntryPoint","urlTemplate":"https:\/\/gdksoftware.com\/pt-br?s={search_term_string}"},"query-input":{"@type":"PropertyValueSpecification","valueRequired":true,"valueName":"search_term_string"}}],"inLanguage":"pt-BR"}]}},"_links":{"self":[{"href":"https:\/\/gdksoftware.com\/pt-br\/wp-json\/wp\/v2\/pages\/3081","targetHints":{"allow":["GET"]}}],"collection":[{"href":"https:\/\/gdksoftware.com\/pt-br\/wp-json\/wp\/v2\/pages"}],"about":[{"href":"https:\/\/gdksoftware.com\/pt-br\/wp-json\/wp\/v2\/types\/page"}],"author":[{"embeddable":true,"href":"https:\/\/gdksoftware.com\/pt-br\/wp-json\/wp\/v2\/users\/1"}],"replies":[{"embeddable":true,"href":"https:\/\/gdksoftware.com\/pt-br\/wp-json\/wp\/v2\/comments?post=3081"}],"version-history":[{"count":12,"href":"https:\/\/gdksoftware.com\/pt-br\/wp-json\/wp\/v2\/pages\/3081\/revisions"}],"predecessor-version":[{"id":3645,"href":"https:\/\/gdksoftware.com\/pt-br\/wp-json\/wp\/v2\/pages\/3081\/revisions\/3645"}],"wp:attachment":[{"href":"https:\/\/gdksoftware.com\/pt-br\/wp-json\/wp\/v2\/media?parent=3081"}],"curies":[{"name":"wp","href":"https:\/\/api.w.org\/{rel}","templated":true}]}}