{"id":3106,"date":"2020-03-09T13:25:58","date_gmt":"2020-03-09T13:25:58","guid":{"rendered":"https:\/\/gdksoftware.com\/about-gdk"},"modified":"2023-10-13T14:49:11","modified_gmt":"2023-10-13T13:49:11","slug":"sobre-a-gdk","status":"publish","type":"page","link":"https:\/\/gdksoftware.com\/pt-br\/sobre-a-gdk","title":{"rendered":"Sobre a GDK"},"content":{"rendered":"","protected":false},"excerpt":{"rendered":"","protected":false},"author":1,"featured_media":0,"parent":0,"menu_order":3,"comment_status":"closed","ping_status":"closed","template":"","meta":{"_acf_changed":false,"footnotes":""},"class_list":["post-3106","page","type-page","status-publish","hentry"],"acf":{"type_hero":"img-text","hero_image":895,"hero_image_position":"50% 50%","hero_title":"Ol\u00e1! <br><strong>N\u00f3s somos a GDK<span class=\"text-secondary\">.<\/span><\/strong>","hero_content":"Construir software \u00e9 a nossa paix\u00e3o. Com entusiasmo e expertise, n\u00f3s constru\u00edmos solu\u00e7\u00f5es para nossos clientes.","hero_link":{"title":"Saiba mais","url":"#intro","target":""},"hero_show_h1":false,"flexible_content":[{"acf_fc_layout":"intro","intro_id":"intro","intro_title":"Um resumo da GDK","intro_content":"N\u00f3s compartilhamos uma paix\u00e3o pelo desenvolvimento de software e gostamos de nos manter sempre um passo \u00e0 frente. Para n\u00f3s n\u00e3o existe software padr\u00e3o, mas somente desafios sob medida."},{"acf_fc_layout":"text","text_type":"columns-2","text_marge":"lg","text_id":"","text_title":"","text_content":"N\u00f3s constru\u00edmos uma reputa\u00e7\u00e3o com nossa <strong><a href=\"https:\/\/gdksoftware.com\/pt-br\/servicos\/desenvolvimento-delphi\">expertise em Delphi. <\/a><\/strong>N\u00f3s somos a empresa de software que desenvolve para o amanh\u00e3. N\u00f3s constru\u00edmos solu\u00e7\u00f5es de TI para um mundo digital onde estagna\u00e7\u00e3o \u00e9 coisa do passado. Ferramentas inovadoras que tornam nossos clientes l\u00edderes na transforma\u00e7\u00e3o digital.","text_content2":"Juntamente com o contato com clientes, o ambiente de trabalho algo extremamente importante para n\u00f3s. Perfei\u00e7\u00e3o e profissionalismo s\u00e3o de primordial import\u00e2ncia para n\u00f3s, por\u00e9m t\u00e3o importante quanto n\u00f3s tratamos uns aos outros. Um ambiente de trabalho seguro e confi\u00e1vel, onde cada um pode ser ele mesmo. Todos os dias almo\u00e7amos juntos e duas vezes ao ano nos reunimos como empresa para o nosso \"Company Days\".","text_content3":"","text_side_image":null,"text_side_images":null,"text_side_shortcuts_title":"","text_side_shortcuts":null,"text_side_usps":""},{"acf_fc_layout":"images","images_type":"container","images_marge":"xl","images_id":"","images_title":"","images_image":610,"images_image2":null,"images_image3":null},{"acf_fc_layout":"team","team_title":"Tudo em um olhar","team_id":"team","team_titlesub":"Nosso time GDK"},{"acf_fc_layout":"career","career_title":"Trabalhando na GDK?","career_id":"","career_titlesub":"Expanda seu horizonte","career_content":"Na GDK voc\u00ea trabalha em um time entusiasmado com desenvolvedores experientes e tamb\u00e9m jovens estudantes. Mergulhe a voc\u00ea mesmo nas \u00faltimas tecnologias, aprenda com os seus clientes e tenha acesso a uma grande variedade de treinamentos. Na GDK, al\u00e9m de software, voc\u00ea ir\u00e1 desenvolver-se a si mesmo.","career_items":null,"career_showall":true}]},"yoast_head":"<!-- This site is optimized with the Yoast SEO Premium plugin v26.8 (Yoast SEO v27.4) - https:\/\/yoast.com\/product\/yoast-seo-premium-wordpress\/ -->\n<title>Sobre a GDK - GDK Software<\/title>\n<meta name=\"description\" content=\"Construir software \u00e9 a nossa paix\u00e3o. Com entusiasmo e expertise, n\u00f3s constru\u00edmos solu\u00e7\u00f5es para nossos clientes.\" \/>\n<meta name=\"robots\" content=\"index, follow, max-snippet:-1, max-image-preview:large, max-video-preview:-1\" \/>\n<link rel=\"canonical\" href=\"https:\/\/gdksoftware.com\/pt-br\/sobre-a-gdk\" \/>\n<meta property=\"og:locale\" content=\"pt_BR\" \/>\n<meta property=\"og:type\" content=\"article\" \/>\n<meta property=\"og:title\" content=\"Sobre a GDK\" \/>\n<meta property=\"og:description\" content=\"Construir software \u00e9 a nossa paix\u00e3o. Com entusiasmo e expertise, n\u00f3s constru\u00edmos solu\u00e7\u00f5es para nossos clientes.\" \/>\n<meta property=\"og:url\" content=\"https:\/\/gdksoftware.com\/pt-br\/sobre-a-gdk\" \/>\n<meta property=\"og:site_name\" content=\"GDK Software\" \/>\n<meta property=\"article:modified_time\" content=\"2023-10-13T13:49:11+00:00\" \/>\n<meta name=\"twitter:card\" content=\"summary_large_image\" \/>\n<script type=\"application\/ld+json\" class=\"yoast-schema-graph\">{\"@context\":\"https:\\\/\\\/schema.org\",\"@graph\":[{\"@type\":\"WebPage\",\"@id\":\"https:\\\/\\\/gdksoftware.com\\\/pt-br\\\/sobre-a-gdk\",\"url\":\"https:\\\/\\\/gdksoftware.com\\\/pt-br\\\/sobre-a-gdk\",\"name\":\"Sobre a GDK - GDK Software\",\"isPartOf\":{\"@id\":\"https:\\\/\\\/gdksoftware.com\\\/pt-br#website\"},\"datePublished\":\"2020-03-09T13:25:58+00:00\",\"dateModified\":\"2023-10-13T13:49:11+00:00\",\"description\":\"Construir software \u00e9 a nossa paix\u00e3o. Com entusiasmo e expertise, n\u00f3s constru\u00edmos solu\u00e7\u00f5es para nossos clientes.\",\"breadcrumb\":{\"@id\":\"https:\\\/\\\/gdksoftware.com\\\/pt-br\\\/sobre-a-gdk#breadcrumb\"},\"inLanguage\":\"pt-BR\",\"potentialAction\":[{\"@type\":\"ReadAction\",\"target\":[\"https:\\\/\\\/gdksoftware.com\\\/pt-br\\\/sobre-a-gdk\"]}]},{\"@type\":\"BreadcrumbList\",\"@id\":\"https:\\\/\\\/gdksoftware.com\\\/pt-br\\\/sobre-a-gdk#breadcrumb\",\"itemListElement\":[{\"@type\":\"ListItem\",\"position\":1,\"name\":\"Home\",\"item\":\"https:\\\/\\\/gdksoftware.com\\\/pt-br\"},{\"@type\":\"ListItem\",\"position\":2,\"name\":\"Sobre a GDK\"}]},{\"@type\":\"WebSite\",\"@id\":\"https:\\\/\\\/gdksoftware.com\\\/pt-br#website\",\"url\":\"https:\\\/\\\/gdksoftware.com\\\/pt-br\",\"name\":\"GDK Software\",\"description\":\"Zet de stip op je horizon\",\"potentialAction\":[{\"@type\":\"SearchAction\",\"target\":{\"@type\":\"EntryPoint\",\"urlTemplate\":\"https:\\\/\\\/gdksoftware.com\\\/pt-br?s={search_term_string}\"},\"query-input\":{\"@type\":\"PropertyValueSpecification\",\"valueRequired\":true,\"valueName\":\"search_term_string\"}}],\"inLanguage\":\"pt-BR\"}]}<\/script>\n<!-- \/ Yoast SEO Premium plugin. -->","yoast_head_json":{"title":"Sobre a GDK - GDK Software","description":"Construir software \u00e9 a nossa paix\u00e3o. Com entusiasmo e expertise, n\u00f3s constru\u00edmos solu\u00e7\u00f5es para nossos clientes.","robots":{"index":"index","follow":"follow","max-snippet":"max-snippet:-1","max-image-preview":"max-image-preview:large","max-video-preview":"max-video-preview:-1"},"canonical":"https:\/\/gdksoftware.com\/pt-br\/sobre-a-gdk","og_locale":"pt_BR","og_type":"article","og_title":"Sobre a GDK","og_description":"Construir software \u00e9 a nossa paix\u00e3o. Com entusiasmo e expertise, n\u00f3s constru\u00edmos solu\u00e7\u00f5es para nossos clientes.","og_url":"https:\/\/gdksoftware.com\/pt-br\/sobre-a-gdk","og_site_name":"GDK Software","article_modified_time":"2023-10-13T13:49:11+00:00","twitter_card":"summary_large_image","schema":{"@context":"https:\/\/schema.org","@graph":[{"@type":"WebPage","@id":"https:\/\/gdksoftware.com\/pt-br\/sobre-a-gdk","url":"https:\/\/gdksoftware.com\/pt-br\/sobre-a-gdk","name":"Sobre a GDK - GDK Software","isPartOf":{"@id":"https:\/\/gdksoftware.com\/pt-br#website"},"datePublished":"2020-03-09T13:25:58+00:00","dateModified":"2023-10-13T13:49:11+00:00","description":"Construir software \u00e9 a nossa paix\u00e3o. Com entusiasmo e expertise, n\u00f3s constru\u00edmos solu\u00e7\u00f5es para nossos clientes.","breadcrumb":{"@id":"https:\/\/gdksoftware.com\/pt-br\/sobre-a-gdk#breadcrumb"},"inLanguage":"pt-BR","potentialAction":[{"@type":"ReadAction","target":["https:\/\/gdksoftware.com\/pt-br\/sobre-a-gdk"]}]},{"@type":"BreadcrumbList","@id":"https:\/\/gdksoftware.com\/pt-br\/sobre-a-gdk#breadcrumb","itemListElement":[{"@type":"ListItem","position":1,"name":"Home","item":"https:\/\/gdksoftware.com\/pt-br"},{"@type":"ListItem","position":2,"name":"Sobre a GDK"}]},{"@type":"WebSite","@id":"https:\/\/gdksoftware.com\/pt-br#website","url":"https:\/\/gdksoftware.com\/pt-br","name":"GDK Software","description":"Zet de stip op je horizon","potentialAction":[{"@type":"SearchAction","target":{"@type":"EntryPoint","urlTemplate":"https:\/\/gdksoftware.com\/pt-br?s={search_term_string}"},"query-input":{"@type":"PropertyValueSpecification","valueRequired":true,"valueName":"search_term_string"}}],"inLanguage":"pt-BR"}]}},"_links":{"self":[{"href":"https:\/\/gdksoftware.com\/pt-br\/wp-json\/wp\/v2\/pages\/3106","targetHints":{"allow":["GET"]}}],"collection":[{"href":"https:\/\/gdksoftware.com\/pt-br\/wp-json\/wp\/v2\/pages"}],"about":[{"href":"https:\/\/gdksoftware.com\/pt-br\/wp-json\/wp\/v2\/types\/page"}],"author":[{"embeddable":true,"href":"https:\/\/gdksoftware.com\/pt-br\/wp-json\/wp\/v2\/users\/1"}],"replies":[{"embeddable":true,"href":"https:\/\/gdksoftware.com\/pt-br\/wp-json\/wp\/v2\/comments?post=3106"}],"version-history":[{"count":8,"href":"https:\/\/gdksoftware.com\/pt-br\/wp-json\/wp\/v2\/pages\/3106\/revisions"}],"predecessor-version":[{"id":4803,"href":"https:\/\/gdksoftware.com\/pt-br\/wp-json\/wp\/v2\/pages\/3106\/revisions\/4803"}],"wp:attachment":[{"href":"https:\/\/gdksoftware.com\/pt-br\/wp-json\/wp\/v2\/media?parent=3106"}],"curies":[{"name":"wp","href":"https:\/\/api.w.org\/{rel}","templated":true}]}}