{"id":3115,"date":"2020-03-09T13:26:07","date_gmt":"2020-03-09T13:26:07","guid":{"rendered":"https:\/\/gdksoftware.com\/contact-us"},"modified":"2023-03-31T17:53:31","modified_gmt":"2023-03-31T16:53:31","slug":"fale-conosco","status":"publish","type":"page","link":"https:\/\/gdksoftware.com\/pt-br\/fale-conosco","title":{"rendered":"Fale conosco"},"content":{"rendered":"","protected":false},"excerpt":{"rendered":"","protected":false},"author":1,"featured_media":0,"parent":0,"menu_order":4,"comment_status":"closed","ping_status":"closed","template":"","meta":{"_acf_changed":false,"footnotes":""},"class_list":["post-3115","page","type-page","status-publish","hentry"],"acf":{"type_hero":"img-text","hero_image":906,"hero_image_position":"100% 40%","hero_title":"Fale com a GDK.","hero_content":"Voc\u00ea quer causar impacto com a sua aplica\u00e7\u00e3o? Voc\u00ea possui uma ideia genial para levar o seu neg\u00f3cio adiante? Ou voc\u00ea gostaria somente perguntar alguma coisa? N\u00f3s gostamos de conversar e adorar\u00edamos te ajudar. Voc\u00ea pode nos ligar ou enviar um e-mail solicitando ajuda.","hero_link":{"title":"Fa\u00e7a-nos uma visita","url":"#contact","target":""},"hero_show_h1":false,"flexible_content":[{"acf_fc_layout":"contact","contact_id":"contact"}]},"yoast_head":"<!-- This site is optimized with the Yoast SEO Premium plugin v26.8 (Yoast SEO v27.4) - https:\/\/yoast.com\/product\/yoast-seo-premium-wordpress\/ -->\n<title>Fale conosco - GDK Software<\/title>\n<meta name=\"description\" content=\"Voc\u00ea possui uma ideia genial para levar o seu neg\u00f3cio adiante? N\u00f3s gostamos de conversar e adorar\u00edamos te ajudar.\" \/>\n<meta name=\"robots\" content=\"index, follow, max-snippet:-1, max-image-preview:large, max-video-preview:-1\" \/>\n<link rel=\"canonical\" href=\"https:\/\/gdksoftware.com\/pt-br\/fale-conosco\" \/>\n<meta property=\"og:locale\" content=\"pt_BR\" \/>\n<meta property=\"og:type\" content=\"article\" \/>\n<meta property=\"og:title\" content=\"Fale conosco\" \/>\n<meta property=\"og:description\" content=\"Voc\u00ea possui uma ideia genial para levar o seu neg\u00f3cio adiante? N\u00f3s gostamos de conversar e adorar\u00edamos te ajudar.\" \/>\n<meta property=\"og:url\" content=\"https:\/\/gdksoftware.com\/pt-br\/fale-conosco\" \/>\n<meta property=\"og:site_name\" content=\"GDK Software\" \/>\n<meta property=\"article:modified_time\" content=\"2023-03-31T16:53:31+00:00\" \/>\n<meta name=\"twitter:card\" content=\"summary_large_image\" \/>\n<script type=\"application\/ld+json\" class=\"yoast-schema-graph\">{\"@context\":\"https:\\\/\\\/schema.org\",\"@graph\":[{\"@type\":\"WebPage\",\"@id\":\"https:\\\/\\\/gdksoftware.com\\\/pt-br\\\/fale-conosco\",\"url\":\"https:\\\/\\\/gdksoftware.com\\\/pt-br\\\/fale-conosco\",\"name\":\"Fale conosco - GDK Software\",\"isPartOf\":{\"@id\":\"https:\\\/\\\/gdksoftware.com\\\/pt-br#website\"},\"datePublished\":\"2020-03-09T13:26:07+00:00\",\"dateModified\":\"2023-03-31T16:53:31+00:00\",\"description\":\"Voc\u00ea possui uma ideia genial para levar o seu neg\u00f3cio adiante? N\u00f3s gostamos de conversar e adorar\u00edamos te ajudar.\",\"breadcrumb\":{\"@id\":\"https:\\\/\\\/gdksoftware.com\\\/pt-br\\\/fale-conosco#breadcrumb\"},\"inLanguage\":\"pt-BR\",\"potentialAction\":[{\"@type\":\"ReadAction\",\"target\":[\"https:\\\/\\\/gdksoftware.com\\\/pt-br\\\/fale-conosco\"]}]},{\"@type\":\"BreadcrumbList\",\"@id\":\"https:\\\/\\\/gdksoftware.com\\\/pt-br\\\/fale-conosco#breadcrumb\",\"itemListElement\":[{\"@type\":\"ListItem\",\"position\":1,\"name\":\"Home\",\"item\":\"https:\\\/\\\/gdksoftware.com\\\/pt-br\"},{\"@type\":\"ListItem\",\"position\":2,\"name\":\"Fale conosco\"}]},{\"@type\":\"WebSite\",\"@id\":\"https:\\\/\\\/gdksoftware.com\\\/pt-br#website\",\"url\":\"https:\\\/\\\/gdksoftware.com\\\/pt-br\",\"name\":\"GDK Software\",\"description\":\"Zet de stip op je horizon\",\"potentialAction\":[{\"@type\":\"SearchAction\",\"target\":{\"@type\":\"EntryPoint\",\"urlTemplate\":\"https:\\\/\\\/gdksoftware.com\\\/pt-br?s={search_term_string}\"},\"query-input\":{\"@type\":\"PropertyValueSpecification\",\"valueRequired\":true,\"valueName\":\"search_term_string\"}}],\"inLanguage\":\"pt-BR\"}]}<\/script>\n<!-- \/ Yoast SEO Premium plugin. -->","yoast_head_json":{"title":"Fale conosco - GDK Software","description":"Voc\u00ea possui uma ideia genial para levar o seu neg\u00f3cio adiante? N\u00f3s gostamos de conversar e adorar\u00edamos te ajudar.","robots":{"index":"index","follow":"follow","max-snippet":"max-snippet:-1","max-image-preview":"max-image-preview:large","max-video-preview":"max-video-preview:-1"},"canonical":"https:\/\/gdksoftware.com\/pt-br\/fale-conosco","og_locale":"pt_BR","og_type":"article","og_title":"Fale conosco","og_description":"Voc\u00ea possui uma ideia genial para levar o seu neg\u00f3cio adiante? N\u00f3s gostamos de conversar e adorar\u00edamos te ajudar.","og_url":"https:\/\/gdksoftware.com\/pt-br\/fale-conosco","og_site_name":"GDK Software","article_modified_time":"2023-03-31T16:53:31+00:00","twitter_card":"summary_large_image","schema":{"@context":"https:\/\/schema.org","@graph":[{"@type":"WebPage","@id":"https:\/\/gdksoftware.com\/pt-br\/fale-conosco","url":"https:\/\/gdksoftware.com\/pt-br\/fale-conosco","name":"Fale conosco - GDK Software","isPartOf":{"@id":"https:\/\/gdksoftware.com\/pt-br#website"},"datePublished":"2020-03-09T13:26:07+00:00","dateModified":"2023-03-31T16:53:31+00:00","description":"Voc\u00ea possui uma ideia genial para levar o seu neg\u00f3cio adiante? N\u00f3s gostamos de conversar e adorar\u00edamos te ajudar.","breadcrumb":{"@id":"https:\/\/gdksoftware.com\/pt-br\/fale-conosco#breadcrumb"},"inLanguage":"pt-BR","potentialAction":[{"@type":"ReadAction","target":["https:\/\/gdksoftware.com\/pt-br\/fale-conosco"]}]},{"@type":"BreadcrumbList","@id":"https:\/\/gdksoftware.com\/pt-br\/fale-conosco#breadcrumb","itemListElement":[{"@type":"ListItem","position":1,"name":"Home","item":"https:\/\/gdksoftware.com\/pt-br"},{"@type":"ListItem","position":2,"name":"Fale conosco"}]},{"@type":"WebSite","@id":"https:\/\/gdksoftware.com\/pt-br#website","url":"https:\/\/gdksoftware.com\/pt-br","name":"GDK Software","description":"Zet de stip op je horizon","potentialAction":[{"@type":"SearchAction","target":{"@type":"EntryPoint","urlTemplate":"https:\/\/gdksoftware.com\/pt-br?s={search_term_string}"},"query-input":{"@type":"PropertyValueSpecification","valueRequired":true,"valueName":"search_term_string"}}],"inLanguage":"pt-BR"}]}},"_links":{"self":[{"href":"https:\/\/gdksoftware.com\/pt-br\/wp-json\/wp\/v2\/pages\/3115","targetHints":{"allow":["GET"]}}],"collection":[{"href":"https:\/\/gdksoftware.com\/pt-br\/wp-json\/wp\/v2\/pages"}],"about":[{"href":"https:\/\/gdksoftware.com\/pt-br\/wp-json\/wp\/v2\/types\/page"}],"author":[{"embeddable":true,"href":"https:\/\/gdksoftware.com\/pt-br\/wp-json\/wp\/v2\/users\/1"}],"replies":[{"embeddable":true,"href":"https:\/\/gdksoftware.com\/pt-br\/wp-json\/wp\/v2\/comments?post=3115"}],"version-history":[{"count":4,"href":"https:\/\/gdksoftware.com\/pt-br\/wp-json\/wp\/v2\/pages\/3115\/revisions"}],"predecessor-version":[{"id":3757,"href":"https:\/\/gdksoftware.com\/pt-br\/wp-json\/wp\/v2\/pages\/3115\/revisions\/3757"}],"wp:attachment":[{"href":"https:\/\/gdksoftware.com\/pt-br\/wp-json\/wp\/v2\/media?parent=3115"}],"curies":[{"name":"wp","href":"https:\/\/api.w.org\/{rel}","templated":true}]}}