{"id":3130,"date":"2020-05-12T10:27:48","date_gmt":"2020-05-12T10:27:48","guid":{"rendered":"https:\/\/gdksoftware.com\/servicos\/delphi-upgrades-and-updates"},"modified":"2023-02-14T16:29:42","modified_gmt":"2023-02-14T15:29:42","slug":"delphi-atualiza-e-moderniza","status":"publish","type":"page","link":"https:\/\/gdksoftware.com\/pt-br\/servicos\/delphi-atualiza-e-moderniza","title":{"rendered":"Atualiza\u00e7\u00f5es da Delphi"},"content":{"rendered":"","protected":false},"excerpt":{"rendered":"","protected":false},"author":2,"featured_media":0,"parent":3007,"menu_order":2,"comment_status":"closed","ping_status":"closed","template":"","meta":{"_acf_changed":false,"footnotes":""},"class_list":["post-3130","page","type-page","status-publish","hentry"],"acf":{"type_hero":"img","hero_image":1072,"hero_image_position":"","hero_title":"Atualiza\u00e7\u00e3o inteligente para o mais novo Delphi","hero_content":"","hero_link":null,"hero_show_h1":true,"flexible_content":[{"acf_fc_layout":"intro","intro_id":"intro","intro_title":"Software Delphi desatualizado?","intro_content":"Evite que o seu desenvolvimento fique estagnado. Atualize sua aplica\u00e7\u00e3o Delphi e mantenha-se atualizado."},{"acf_fc_layout":"text","text_type":"columns-2","text_marge":"lg","text_id":"over","text_title":"","text_content":"Voc\u00ea tem uma aplica\u00e7\u00e3o que \u00e9 desenvolvida com <strong>Delphi 5, 7<\/strong> ou outra vers\u00e3o j\u00e1 desatualizada do Delphi? Voc\u00ea est\u00e1 atingindo os limites do desenvolvimento? Ou a sua aplica\u00e7\u00e3o n\u00e3o est\u00e1 funcionando corretamente no Windows 11? Ent\u00e3o est\u00e1 na hora de fazer um upgrade ou update para as novas vers\u00f5es do Delphi.","text_content2":"Com nossos anos de experi\u00eancia, podemos converter a sua aplica\u00e7\u00e3o Delphi para a vers\u00e3o mais recente. N\u00f3s fazemos isso com nossa pr\u00f3pria ferramenta de convers\u00e3o. Isto nos permite fazer a convers\u00e3o mais rapidamente enquanto o desenvolvimento da sua aplica\u00e7\u00e3o pode continuar normalmente. N\u00f3s iremos te ajudar a dar um upgrade ou update o seu software Delphi.","text_content3":"","text_side_image":null,"text_side_images":null,"text_side_shortcuts_title":"","text_side_shortcuts":null,"text_side_usps":""},{"acf_fc_layout":"block03","block03_id":"","block03_title":"Entre em contato","block03_link":{"title":"Clique aqui","url":"https:\/\/gdksoftware.com\/pt-br\/fale-conosco","target":"_blank"}},{"acf_fc_layout":"images","images_type":"container","images_marge":"lg","images_id":"","images_title":"","images_image":1046,"images_image2":null,"images_image3":null},{"acf_fc_layout":"text","text_type":"side-usps","text_marge":"lg","text_id":"aanpak","text_title":"Como atualizar sua aplica\u00e7\u00e3o Delphi para uma nova vers\u00e3o","text_content":"N\u00f3s come\u00e7amos com uma an\u00e1lise inicial do software. Gra\u00e7as a esta varredura r\u00e1pida n\u00f3s desvendamos o c\u00f3digo fonte. Quais componentes s\u00e3o usados? H\u00e1 algum risco em atualizar para uma nova vers\u00e3o Delphi? Em tr\u00eas dias voc\u00ea sabe o resultado desta an\u00e1lise.\r\n\r\nAp\u00f3s a an\u00e1lise n\u00f3s discutimos nossas descobertas e apresentamos nosso plano de a\u00e7\u00e3o e para isso n\u00f3s levamos v\u00e1rios fatores em considera\u00e7\u00e3o. Voc\u00ea tem seus pr\u00f3prios desenvolvedores trabalhando na aplica\u00e7\u00e3o? Qual \u00e9 o tempo total de retorno desejado? Voc\u00ea receber\u00e1 ent\u00e3o um or\u00e7amento personalizado e n\u00f3s come\u00e7aremos a trabalhar!\r\n\r\nhttps:\/\/www.youtube.com\/watch?v=M1jNMalA68g","text_content2":"","text_content3":"","text_side_image":null,"text_side_images":null,"text_side_shortcuts_title":"","text_side_shortcuts":null,"text_side_usps":"<ul>\r\n \t<li>Todas as vers\u00f5es poss\u00edveis do Delphi<\/li>\r\n \t<li>Incluindo componentes tais como DevExpress, BDE, ferramentas de relat\u00f3rio<\/li>\r\n \t<li>Projeto de 25.000 linhas a +2.500.000 linhas de c\u00f3digo<\/li>\r\n \t<li>Mais de 500 solu\u00e7\u00f5es de atualiza\u00e7\u00e3o predefinidas<\/li>\r\n<\/ul>"},{"acf_fc_layout":"block03","block03_id":"","block03_title":"Atualizando sua aplica\u00e7\u00e3o Delphi? Envie uma mensagem e n\u00f3s vamos come\u00e7ar a trabalhar!","block03_link":{"title":"Envie um e-mail","url":"mailto:info@gdksoftware.com","target":""}},{"acf_fc_layout":"related_persons","related_persons_title":"N\u00f3s lhe contamos tudo sobre a atualiza\u00e7\u00e3o do seu Delphi","related_persons_id":"","related_persons":[414,3068]}]},"yoast_head":"<!-- This site is optimized with the Yoast SEO Premium plugin v26.8 (Yoast SEO v27.4) - https:\/\/yoast.com\/product\/yoast-seo-premium-wordpress\/ -->\n<title>O seu software Delphi \u00e9 atualizado de forma mais fina!<\/title>\n<meta name=\"description\" content=\"Com anos de experi\u00eancia em Delphi, n\u00f3s podemos converter qualquer aplica\u00e7\u00e3o Delphi para a vers\u00e3o mais recente. Inove, atualize e mantenha!\" \/>\n<meta name=\"robots\" content=\"index, follow, max-snippet:-1, max-image-preview:large, max-video-preview:-1\" \/>\n<link rel=\"canonical\" href=\"https:\/\/gdksoftware.com\/pt-br\/servicos\/delphi-atualiza-e-moderniza\" \/>\n<meta property=\"og:locale\" content=\"pt_BR\" \/>\n<meta property=\"og:type\" content=\"article\" \/>\n<meta property=\"og:title\" content=\"Atualiza\u00e7\u00f5es da Delphi\" \/>\n<meta property=\"og:description\" content=\"Com anos de experi\u00eancia em Delphi, n\u00f3s podemos converter qualquer aplica\u00e7\u00e3o Delphi para a vers\u00e3o mais recente. Inove, atualize e mantenha!\" \/>\n<meta property=\"og:url\" content=\"https:\/\/gdksoftware.com\/pt-br\/servicos\/delphi-atualiza-e-moderniza\" \/>\n<meta property=\"og:site_name\" content=\"GDK Software\" \/>\n<meta property=\"article:modified_time\" content=\"2023-02-14T15:29:42+00:00\" \/>\n<meta name=\"twitter:card\" content=\"summary_large_image\" \/>\n<script type=\"application\/ld+json\" class=\"yoast-schema-graph\">{\"@context\":\"https:\\\/\\\/schema.org\",\"@graph\":[{\"@type\":\"WebPage\",\"@id\":\"https:\\\/\\\/gdksoftware.com\\\/pt-br\\\/servicos\\\/delphi-atualiza-e-moderniza\",\"url\":\"https:\\\/\\\/gdksoftware.com\\\/pt-br\\\/servicos\\\/delphi-atualiza-e-moderniza\",\"name\":\"O seu software Delphi \u00e9 atualizado de forma mais fina!\",\"isPartOf\":{\"@id\":\"https:\\\/\\\/gdksoftware.com\\\/pt-br#website\"},\"datePublished\":\"2020-05-12T10:27:48+00:00\",\"dateModified\":\"2023-02-14T15:29:42+00:00\",\"description\":\"Com anos de experi\u00eancia em Delphi, n\u00f3s podemos converter qualquer aplica\u00e7\u00e3o Delphi para a vers\u00e3o mais recente. Inove, atualize e mantenha!\",\"breadcrumb\":{\"@id\":\"https:\\\/\\\/gdksoftware.com\\\/pt-br\\\/servicos\\\/delphi-atualiza-e-moderniza#breadcrumb\"},\"inLanguage\":\"pt-BR\",\"potentialAction\":[{\"@type\":\"ReadAction\",\"target\":[\"https:\\\/\\\/gdksoftware.com\\\/pt-br\\\/servicos\\\/delphi-atualiza-e-moderniza\"]}]},{\"@type\":\"BreadcrumbList\",\"@id\":\"https:\\\/\\\/gdksoftware.com\\\/pt-br\\\/servicos\\\/delphi-atualiza-e-moderniza#breadcrumb\",\"itemListElement\":[{\"@type\":\"ListItem\",\"position\":1,\"name\":\"Home\",\"item\":\"https:\\\/\\\/gdksoftware.com\\\/pt-br\"},{\"@type\":\"ListItem\",\"position\":2,\"name\":\"Servi\u00e7os\",\"item\":\"https:\\\/\\\/gdksoftware.com\\\/pt-br\\\/servicos\"},{\"@type\":\"ListItem\",\"position\":3,\"name\":\"Atualiza\u00e7\u00f5es da Delphi\"}]},{\"@type\":\"WebSite\",\"@id\":\"https:\\\/\\\/gdksoftware.com\\\/pt-br#website\",\"url\":\"https:\\\/\\\/gdksoftware.com\\\/pt-br\",\"name\":\"GDK Software\",\"description\":\"Zet de stip op je horizon\",\"potentialAction\":[{\"@type\":\"SearchAction\",\"target\":{\"@type\":\"EntryPoint\",\"urlTemplate\":\"https:\\\/\\\/gdksoftware.com\\\/pt-br?s={search_term_string}\"},\"query-input\":{\"@type\":\"PropertyValueSpecification\",\"valueRequired\":true,\"valueName\":\"search_term_string\"}}],\"inLanguage\":\"pt-BR\"}]}<\/script>\n<!-- \/ Yoast SEO Premium plugin. -->","yoast_head_json":{"title":"O seu software Delphi \u00e9 atualizado de forma mais fina!","description":"Com anos de experi\u00eancia em Delphi, n\u00f3s podemos converter qualquer aplica\u00e7\u00e3o Delphi para a vers\u00e3o mais recente. Inove, atualize e mantenha!","robots":{"index":"index","follow":"follow","max-snippet":"max-snippet:-1","max-image-preview":"max-image-preview:large","max-video-preview":"max-video-preview:-1"},"canonical":"https:\/\/gdksoftware.com\/pt-br\/servicos\/delphi-atualiza-e-moderniza","og_locale":"pt_BR","og_type":"article","og_title":"Atualiza\u00e7\u00f5es da Delphi","og_description":"Com anos de experi\u00eancia em Delphi, n\u00f3s podemos converter qualquer aplica\u00e7\u00e3o Delphi para a vers\u00e3o mais recente. Inove, atualize e mantenha!","og_url":"https:\/\/gdksoftware.com\/pt-br\/servicos\/delphi-atualiza-e-moderniza","og_site_name":"GDK Software","article_modified_time":"2023-02-14T15:29:42+00:00","twitter_card":"summary_large_image","schema":{"@context":"https:\/\/schema.org","@graph":[{"@type":"WebPage","@id":"https:\/\/gdksoftware.com\/pt-br\/servicos\/delphi-atualiza-e-moderniza","url":"https:\/\/gdksoftware.com\/pt-br\/servicos\/delphi-atualiza-e-moderniza","name":"O seu software Delphi \u00e9 atualizado de forma mais fina!","isPartOf":{"@id":"https:\/\/gdksoftware.com\/pt-br#website"},"datePublished":"2020-05-12T10:27:48+00:00","dateModified":"2023-02-14T15:29:42+00:00","description":"Com anos de experi\u00eancia em Delphi, n\u00f3s podemos converter qualquer aplica\u00e7\u00e3o Delphi para a vers\u00e3o mais recente. Inove, atualize e mantenha!","breadcrumb":{"@id":"https:\/\/gdksoftware.com\/pt-br\/servicos\/delphi-atualiza-e-moderniza#breadcrumb"},"inLanguage":"pt-BR","potentialAction":[{"@type":"ReadAction","target":["https:\/\/gdksoftware.com\/pt-br\/servicos\/delphi-atualiza-e-moderniza"]}]},{"@type":"BreadcrumbList","@id":"https:\/\/gdksoftware.com\/pt-br\/servicos\/delphi-atualiza-e-moderniza#breadcrumb","itemListElement":[{"@type":"ListItem","position":1,"name":"Home","item":"https:\/\/gdksoftware.com\/pt-br"},{"@type":"ListItem","position":2,"name":"Servi\u00e7os","item":"https:\/\/gdksoftware.com\/pt-br\/servicos"},{"@type":"ListItem","position":3,"name":"Atualiza\u00e7\u00f5es da Delphi"}]},{"@type":"WebSite","@id":"https:\/\/gdksoftware.com\/pt-br#website","url":"https:\/\/gdksoftware.com\/pt-br","name":"GDK Software","description":"Zet de stip op je horizon","potentialAction":[{"@type":"SearchAction","target":{"@type":"EntryPoint","urlTemplate":"https:\/\/gdksoftware.com\/pt-br?s={search_term_string}"},"query-input":{"@type":"PropertyValueSpecification","valueRequired":true,"valueName":"search_term_string"}}],"inLanguage":"pt-BR"}]}},"_links":{"self":[{"href":"https:\/\/gdksoftware.com\/pt-br\/wp-json\/wp\/v2\/pages\/3130","targetHints":{"allow":["GET"]}}],"collection":[{"href":"https:\/\/gdksoftware.com\/pt-br\/wp-json\/wp\/v2\/pages"}],"about":[{"href":"https:\/\/gdksoftware.com\/pt-br\/wp-json\/wp\/v2\/types\/page"}],"author":[{"embeddable":true,"href":"https:\/\/gdksoftware.com\/pt-br\/wp-json\/wp\/v2\/users\/2"}],"replies":[{"embeddable":true,"href":"https:\/\/gdksoftware.com\/pt-br\/wp-json\/wp\/v2\/comments?post=3130"}],"version-history":[{"count":9,"href":"https:\/\/gdksoftware.com\/pt-br\/wp-json\/wp\/v2\/pages\/3130\/revisions"}],"predecessor-version":[{"id":3988,"href":"https:\/\/gdksoftware.com\/pt-br\/wp-json\/wp\/v2\/pages\/3130\/revisions\/3988"}],"up":[{"embeddable":true,"href":"https:\/\/gdksoftware.com\/pt-br\/wp-json\/wp\/v2\/pages\/3007"}],"wp:attachment":[{"href":"https:\/\/gdksoftware.com\/pt-br\/wp-json\/wp\/v2\/media?parent=3130"}],"curies":[{"name":"wp","href":"https:\/\/api.w.org\/{rel}","templated":true}]}}