{"id":3134,"date":"2020-04-09T13:40:50","date_gmt":"2020-04-09T13:40:50","guid":{"rendered":"https:\/\/gdksoftware.com\/careers"},"modified":"2023-03-31T18:01:37","modified_gmt":"2023-03-31T17:01:37","slug":"carreiras","status":"publish","type":"page","link":"https:\/\/gdksoftware.com\/pt-br\/carreiras","title":{"rendered":"Carreiras"},"content":{"rendered":"","protected":false},"excerpt":{"rendered":"","protected":false},"author":1,"featured_media":0,"parent":0,"menu_order":5,"comment_status":"closed","ping_status":"closed","template":"","meta":{"_acf_changed":false,"footnotes":""},"class_list":["post-3134","page","type-page","status-publish","hentry"],"acf":{"type_hero":"img-text","hero_image":1046,"hero_image_position":"","hero_title":"Trabalhando na GDK Software","hero_content":"Desenvolva software e voc\u00ea mesmo. Na GDK, oferecemos um ambiente de trabalho agrad\u00e1vel. Nosso time \u00e9 formado por desenvolvedores motivados e entusiasmados. Crie solu\u00e7\u00f5es inovadoras para clientes nacionais e internacionais. Aprenda as t\u00e9cnicas mais modernas e ganhe acesso aos cursos que voc\u00ea achar mais interessantes.","hero_link":{"title":"Veja nossas vagas em aberto","url":"#vacatures","target":""},"hero_show_h1":false,"flexible_content":[{"acf_fc_layout":"career","career_title":"Trabalhando na GDK","career_id":"vacatures","career_titlesub":"Expanda seus horizontes","career_content":"N\u00f3s estamos sempre procurando por estudantes e desenvolvedores que possuem paix\u00e3o e talento. Vejas nossas \u00faltimas vagas em aberto e envie-nos seu curr\u00edculo. Quem sabe, talvez possamos nos encontrar em breve em Rio Claro, Papendrecht ou Londres.","career_items":[{"item_title":"Erwin","item_quote":"\"Suas pr\u00f3prias iniciativas s\u00e3o muito bem-vindas aqui.\"","item_image":546,"item_link":{"title":"Leia mais","url":"https:\/\/gdksoftware.com\/erwin-about-gdk\/","target":""}},{"item_title":"Johnny","item_quote":"\"N\u00e3o h\u00e1 competi\u00e7\u00e3o entre colegas aqui. N\u00f3s respeitamos uns aos outros.\"","item_image":917,"item_link":{"title":"Leia mais","url":"https:\/\/gdksoftware.com\/johnny-about-gdk\/","target":""}}],"career_showall":false},{"acf_fc_layout":"usps","usps_title":"","usps_id":"","usps_titlesub":"T\u00edpica GDK","usps_content":"Um bom sal\u00e1rio, colegas amig\u00e1veis e um \u00f3timos ambiente de trabalho. Estes s\u00e3o ingredientes que nos deixam satisfeitos. Mas n\u00f3s entendemos que nosso pessoal merece ainda mais. Gadgets gratuitos, eventos inesquec\u00edveis e um ambiente para desenvolvimento pessoal. Isso tamb\u00e9m \u00e9 GDK!\r\n","usps_items":[{"item_title":"Company Days","item_content":"Um evento incr\u00edvel com todos os colegas, realizado duas vezes por ano. De corrida de Kart a comidas deliciosas.","item_icon":1349},{"item_title":"Research Days","item_content":"Dois dias a cada 2 meses para voc\u00ea pesquisar o que quiser. Para inovar e o desenvolvimento de novas ideias","item_icon":1354},{"item_title":"Regalias culturais","item_content":"Anuidade para visitar museus para voc\u00ea e sua fam\u00edlia. Kobo e-reader gratuitamente com assinatura.","item_icon":1352},{"item_title":"Regalias fitness","item_content":"Declare sua mensalidade da academia ou clube esportivo (limitado a \u20ac30 ao m\u00eas).","item_icon":1356},{"item_title":"Gadgets","item_content":"\u20ac500 por ano para gastar com gadgets ou coisas legais para o seu computador.","item_icon":1358},{"item_title":"Almo\u00e7o gratuito","item_content":"Almo\u00e7o gr\u00e1tis no escrit\u00f3rio. Deixe seus sandu\u00edches em casa!","item_icon":1360}]},{"acf_fc_layout":"block03","block03_id":"","block03_title":"Interessado? Entre em contato","block03_link":{"title":"Marque um hor\u00e1rio","url":"https:\/\/gdksoftware.com\/contact\/","target":""}}]},"yoast_head":"<!-- This site is optimized with the Yoast SEO Premium plugin v26.8 (Yoast SEO v27.4) - https:\/\/yoast.com\/product\/yoast-seo-premium-wordpress\/ -->\n<title>Carreiras - GDK Software<\/title>\n<meta name=\"description\" content=\"Desenvolva software e voc\u00ea mesmo. Na GDK, oferecemos um ambiente de trabalho agrad\u00e1vel.\" \/>\n<meta name=\"robots\" content=\"index, follow, max-snippet:-1, max-image-preview:large, max-video-preview:-1\" \/>\n<link rel=\"canonical\" href=\"https:\/\/gdksoftware.com\/pt-br\/carreiras\" \/>\n<meta property=\"og:locale\" content=\"pt_BR\" \/>\n<meta property=\"og:type\" content=\"article\" \/>\n<meta property=\"og:title\" content=\"Carreiras\" \/>\n<meta property=\"og:description\" content=\"Desenvolva software e voc\u00ea mesmo. Na GDK, oferecemos um ambiente de trabalho agrad\u00e1vel.\" \/>\n<meta property=\"og:url\" content=\"https:\/\/gdksoftware.com\/pt-br\/carreiras\" \/>\n<meta property=\"og:site_name\" content=\"GDK Software\" \/>\n<meta property=\"article:modified_time\" content=\"2023-03-31T17:01:37+00:00\" \/>\n<meta name=\"twitter:card\" content=\"summary_large_image\" \/>\n<script type=\"application\/ld+json\" class=\"yoast-schema-graph\">{\"@context\":\"https:\\\/\\\/schema.org\",\"@graph\":[{\"@type\":\"WebPage\",\"@id\":\"https:\\\/\\\/gdksoftware.com\\\/pt-br\\\/carreiras\",\"url\":\"https:\\\/\\\/gdksoftware.com\\\/pt-br\\\/carreiras\",\"name\":\"Carreiras - GDK Software\",\"isPartOf\":{\"@id\":\"https:\\\/\\\/gdksoftware.com\\\/pt-br#website\"},\"datePublished\":\"2020-04-09T13:40:50+00:00\",\"dateModified\":\"2023-03-31T17:01:37+00:00\",\"description\":\"Desenvolva software e voc\u00ea mesmo. Na GDK, oferecemos um ambiente de trabalho agrad\u00e1vel.\",\"breadcrumb\":{\"@id\":\"https:\\\/\\\/gdksoftware.com\\\/pt-br\\\/carreiras#breadcrumb\"},\"inLanguage\":\"pt-BR\",\"potentialAction\":[{\"@type\":\"ReadAction\",\"target\":[\"https:\\\/\\\/gdksoftware.com\\\/pt-br\\\/carreiras\"]}]},{\"@type\":\"BreadcrumbList\",\"@id\":\"https:\\\/\\\/gdksoftware.com\\\/pt-br\\\/carreiras#breadcrumb\",\"itemListElement\":[{\"@type\":\"ListItem\",\"position\":1,\"name\":\"Home\",\"item\":\"https:\\\/\\\/gdksoftware.com\\\/pt-br\"},{\"@type\":\"ListItem\",\"position\":2,\"name\":\"Carreiras\"}]},{\"@type\":\"WebSite\",\"@id\":\"https:\\\/\\\/gdksoftware.com\\\/pt-br#website\",\"url\":\"https:\\\/\\\/gdksoftware.com\\\/pt-br\",\"name\":\"GDK Software\",\"description\":\"Zet de stip op je horizon\",\"potentialAction\":[{\"@type\":\"SearchAction\",\"target\":{\"@type\":\"EntryPoint\",\"urlTemplate\":\"https:\\\/\\\/gdksoftware.com\\\/pt-br?s={search_term_string}\"},\"query-input\":{\"@type\":\"PropertyValueSpecification\",\"valueRequired\":true,\"valueName\":\"search_term_string\"}}],\"inLanguage\":\"pt-BR\"}]}<\/script>\n<!-- \/ Yoast SEO Premium plugin. -->","yoast_head_json":{"title":"Carreiras - GDK Software","description":"Desenvolva software e voc\u00ea mesmo. Na GDK, oferecemos um ambiente de trabalho agrad\u00e1vel.","robots":{"index":"index","follow":"follow","max-snippet":"max-snippet:-1","max-image-preview":"max-image-preview:large","max-video-preview":"max-video-preview:-1"},"canonical":"https:\/\/gdksoftware.com\/pt-br\/carreiras","og_locale":"pt_BR","og_type":"article","og_title":"Carreiras","og_description":"Desenvolva software e voc\u00ea mesmo. Na GDK, oferecemos um ambiente de trabalho agrad\u00e1vel.","og_url":"https:\/\/gdksoftware.com\/pt-br\/carreiras","og_site_name":"GDK Software","article_modified_time":"2023-03-31T17:01:37+00:00","twitter_card":"summary_large_image","schema":{"@context":"https:\/\/schema.org","@graph":[{"@type":"WebPage","@id":"https:\/\/gdksoftware.com\/pt-br\/carreiras","url":"https:\/\/gdksoftware.com\/pt-br\/carreiras","name":"Carreiras - GDK Software","isPartOf":{"@id":"https:\/\/gdksoftware.com\/pt-br#website"},"datePublished":"2020-04-09T13:40:50+00:00","dateModified":"2023-03-31T17:01:37+00:00","description":"Desenvolva software e voc\u00ea mesmo. Na GDK, oferecemos um ambiente de trabalho agrad\u00e1vel.","breadcrumb":{"@id":"https:\/\/gdksoftware.com\/pt-br\/carreiras#breadcrumb"},"inLanguage":"pt-BR","potentialAction":[{"@type":"ReadAction","target":["https:\/\/gdksoftware.com\/pt-br\/carreiras"]}]},{"@type":"BreadcrumbList","@id":"https:\/\/gdksoftware.com\/pt-br\/carreiras#breadcrumb","itemListElement":[{"@type":"ListItem","position":1,"name":"Home","item":"https:\/\/gdksoftware.com\/pt-br"},{"@type":"ListItem","position":2,"name":"Carreiras"}]},{"@type":"WebSite","@id":"https:\/\/gdksoftware.com\/pt-br#website","url":"https:\/\/gdksoftware.com\/pt-br","name":"GDK Software","description":"Zet de stip op je horizon","potentialAction":[{"@type":"SearchAction","target":{"@type":"EntryPoint","urlTemplate":"https:\/\/gdksoftware.com\/pt-br?s={search_term_string}"},"query-input":{"@type":"PropertyValueSpecification","valueRequired":true,"valueName":"search_term_string"}}],"inLanguage":"pt-BR"}]}},"_links":{"self":[{"href":"https:\/\/gdksoftware.com\/pt-br\/wp-json\/wp\/v2\/pages\/3134","targetHints":{"allow":["GET"]}}],"collection":[{"href":"https:\/\/gdksoftware.com\/pt-br\/wp-json\/wp\/v2\/pages"}],"about":[{"href":"https:\/\/gdksoftware.com\/pt-br\/wp-json\/wp\/v2\/types\/page"}],"author":[{"embeddable":true,"href":"https:\/\/gdksoftware.com\/pt-br\/wp-json\/wp\/v2\/users\/1"}],"replies":[{"embeddable":true,"href":"https:\/\/gdksoftware.com\/pt-br\/wp-json\/wp\/v2\/comments?post=3134"}],"version-history":[{"count":5,"href":"https:\/\/gdksoftware.com\/pt-br\/wp-json\/wp\/v2\/pages\/3134\/revisions"}],"predecessor-version":[{"id":3932,"href":"https:\/\/gdksoftware.com\/pt-br\/wp-json\/wp\/v2\/pages\/3134\/revisions\/3932"}],"wp:attachment":[{"href":"https:\/\/gdksoftware.com\/pt-br\/wp-json\/wp\/v2\/media?parent=3134"}],"curies":[{"name":"wp","href":"https:\/\/api.w.org\/{rel}","templated":true}]}}