{"id":3558,"date":"2022-09-13T12:32:21","date_gmt":"2022-09-13T11:32:21","guid":{"rendered":"https:\/\/gdksoftware.com\/?page_id=3558"},"modified":"2023-10-06T17:28:28","modified_gmt":"2023-10-06T16:28:28","slug":"aplicacao-em-delphi","status":"publish","type":"page","link":"https:\/\/gdksoftware.com\/pt-br\/aplicacao-em-delphi","title":{"rendered":"Precisa de uma aplica\u00e7\u00e3o Delphi? Aqui est\u00e1 tudo o que voc\u00ea precisa saber!"},"content":{"rendered":"<h3 class=\"p1\">Precisa de uma aplica\u00e7\u00e3o Delphi? Deixe-nos ajud\u00e1-lo! N\u00f3s constru\u00edmos aplica\u00e7\u00f5es de excelente qualidade em Delphi.<\/h3>\n<p>Nossos desenvolvedores internos de Delphi usam seus conhecimentos sobre Pascal para criar aplica\u00e7\u00f5es para empresas em todo o mundo. Utilizamos a vers\u00e3o mais recente da Delphi: RAD Studio 11. Portanto, podemos compilar aplica\u00e7\u00f5es para o mais novo Windows, bem como para os mais novos dispositivos MacOS.<\/p>\n<p>Voc\u00ea deseja atualizar ou atualizar uma aplica\u00e7\u00e3o Delphi mais antiga? Nossos desenvolvedores Delphi t\u00eam um amplo conhecimento de muitas vers\u00f5es diferentes do Delphi. Voc\u00ea sabia que ainda suportamos as antigas aplica\u00e7\u00f5es Delphi 3 e 4? \u00c9 claro que \u00e9 s\u00e1bio atualizar para uma vers\u00e3o mais recente. Os custos para suportar uma aplica\u00e7\u00e3o antiga podem ser mais altos do que para desenvolver uma nova aplica\u00e7\u00e3o no Delphi 11. Mas nem sempre \u00e9 necess\u00e1rio atualizar ou atualizar. Podemos calcular isso para voc\u00ea, para que voc\u00ea conhe\u00e7a a melhor solu\u00e7\u00e3o. Juntos, buscamos um resultado \u00f3timo.<\/p>\n<p>Voc\u00eas t\u00eam seus pr\u00f3prios desenvolvedores? Perfeito, ent\u00e3o podemos trabalhar juntos para construir uma aplica\u00e7\u00e3o melhor. Uma grande vantagem de seus pr\u00f3prios programadores \u00e9 que eles conhecem o c\u00f3digo de dentro para fora. Eles est\u00e3o embutidos na empresa e est\u00e3o cientes das necessidades das partes interessadas. A vantagem de nossos desenvolvedores \u00e9 que trabalhamos para muitas empresas e que sempre usamos as mais novas ferramentas quando elas est\u00e3o dispon\u00edveis. N\u00e3o h\u00e1 um problema t\u00e9cnico ou um choque na estrada que n\u00e3o possamos resolver. Vamos trabalhar juntos e obter o melhor resultado final.<\/p>\n<h3 class=\"p1\">Quanto tempo leva para construir uma aplica\u00e7\u00e3o Delphi?<\/h3>\n<p class=\"p1\">Isto depende da complexidade da aplica\u00e7\u00e3o. A aplica\u00e7\u00e3o tem apenas uma fun\u00e7\u00e3o ou \u00e9 uma grande aplica\u00e7\u00e3o com muitas conex\u00f5es e extens\u00f5es externas? Existe a possibilidade de log in ou a aplica\u00e7\u00e3o est\u00e1 aberta a todos os usu\u00e1rios? A aplica\u00e7\u00e3o funciona em um tipo de dispositivo (por exemplo, somente em computadores) ou em todos os dispositivos (incluindo telefones celulares)? A aplica\u00e7\u00e3o \u00e9 multil\u00edng\u00fce? Algumas aplica\u00e7\u00f5es est\u00e3o prontas em algumas dezenas de horas, enquanto outras requerem centenas ou at\u00e9 milhares de horas de programa\u00e7\u00e3o.<\/p>\n<h3 class=\"p1\">Aplica\u00e7\u00e3o em Delphi ou uma solu\u00e7\u00e3o no-code ou low-code?<\/h3>\n<p class=\"p1\">Ainda n\u00e3o tem certeza se a Delphi \u00e9 o caminho a seguir? GDK Software trabalha com muitos sistemas diferentes, incluindo sistemas de low-code, como o <a href=\"https:\/\/codolex.com\/\">Codolex<\/a>. Temos o prazer de aconselh\u00e1-lo.<\/p>\n","protected":false},"excerpt":{"rendered":"<p>Precisa de uma aplica\u00e7\u00e3o Delphi? Deixe-nos ajud\u00e1-lo! N\u00f3s constru\u00edmos aplica\u00e7\u00f5es de excelente qualidade em Delphi. Nossos desenvolvedores internos de Delphi usam seus conhecimentos sobre Pascal para criar aplica\u00e7\u00f5es para empresas em todo o mundo. Utilizamos a vers\u00e3o mais recente da Delphi: RAD Studio 11. Portanto, podemos compilar aplica\u00e7\u00f5es para o mais novo Windows, bem como [&hellip;]<\/p>\n","protected":false},"author":4,"featured_media":2805,"parent":0,"menu_order":0,"comment_status":"closed","ping_status":"closed","template":"","meta":{"_acf_changed":false,"footnotes":""},"class_list":["post-3558","page","type-page","status-publish","has-post-thumbnail","hentry"],"acf":{"type_hero":"img","hero_image":1077,"hero_image_position":"","hero_title":"Precisa de uma aplica\u00e7\u00e3o Delphi? Aqui est\u00e1 tudo o que voc\u00ea precisa saber!","hero_content":"","hero_link":null,"hero_show_h1":false,"flexible_content":[{"acf_fc_layout":"related_persons","related_persons_title":"Entre em contato com nossos especialistas em Delphi","related_persons_id":"","related_persons":[1398,1384]}]},"yoast_head":"<!-- This site is optimized with the Yoast SEO Premium plugin v26.8 (Yoast SEO v27.4) - https:\/\/yoast.com\/product\/yoast-seo-premium-wordpress\/ -->\n<title>Precisa de uma aplica\u00e7\u00e3o Delphi? Aqui est\u00e1 tudo o que voc\u00ea precisa saber!<\/title>\n<meta name=\"description\" content=\"Precisa de uma aplica\u00e7\u00e3o Delphi? Deixe-nos ajud\u00e1-lo! N\u00f3s constru\u00edmos aplica\u00e7\u00f5es de excelente qualidade em Delphi.\" \/>\n<meta name=\"robots\" content=\"index, follow, max-snippet:-1, max-image-preview:large, max-video-preview:-1\" \/>\n<link rel=\"canonical\" href=\"https:\/\/gdksoftware.com\/pt-br\/aplicacao-em-delphi\" \/>\n<meta property=\"og:locale\" content=\"pt_BR\" \/>\n<meta property=\"og:type\" content=\"article\" \/>\n<meta property=\"og:title\" content=\"Precisa de uma aplica\u00e7\u00e3o Delphi? Aqui est\u00e1 tudo o que voc\u00ea precisa saber!\" \/>\n<meta property=\"og:description\" content=\"Precisa de uma aplica\u00e7\u00e3o Delphi? Deixe-nos ajud\u00e1-lo! N\u00f3s constru\u00edmos aplica\u00e7\u00f5es de excelente qualidade em Delphi.\" \/>\n<meta property=\"og:url\" content=\"https:\/\/gdksoftware.com\/pt-br\/aplicacao-em-delphi\" \/>\n<meta property=\"og:site_name\" content=\"GDK Software\" \/>\n<meta property=\"article:modified_time\" content=\"2023-10-06T16:28:28+00:00\" \/>\n<meta property=\"og:image\" content=\"https:\/\/gdksoftware.com\/wp-content\/uploads\/2021\/10\/Overleg-achter-computer-scaled.jpg\" \/>\n\t<meta property=\"og:image:width\" content=\"2560\" \/>\n\t<meta property=\"og:image:height\" content=\"1707\" \/>\n\t<meta property=\"og:image:type\" content=\"image\/jpeg\" \/>\n<meta name=\"twitter:card\" content=\"summary_large_image\" \/>\n<meta name=\"twitter:label1\" content=\"Est. tempo de leitura\" \/>\n\t<meta name=\"twitter:data1\" content=\"2 minutos\" \/>\n<script type=\"application\/ld+json\" class=\"yoast-schema-graph\">{\"@context\":\"https:\\\/\\\/schema.org\",\"@graph\":[{\"@type\":\"WebPage\",\"@id\":\"https:\\\/\\\/gdksoftware.com\\\/pt-br\\\/aplicacao-em-delphi\",\"url\":\"https:\\\/\\\/gdksoftware.com\\\/pt-br\\\/aplicacao-em-delphi\",\"name\":\"Precisa de uma aplica\u00e7\u00e3o Delphi? Aqui est\u00e1 tudo o que voc\u00ea precisa saber!\",\"isPartOf\":{\"@id\":\"https:\\\/\\\/gdksoftware.com\\\/pt-br#website\"},\"primaryImageOfPage\":{\"@id\":\"https:\\\/\\\/gdksoftware.com\\\/pt-br\\\/aplicacao-em-delphi#primaryimage\"},\"image\":{\"@id\":\"https:\\\/\\\/gdksoftware.com\\\/pt-br\\\/aplicacao-em-delphi#primaryimage\"},\"thumbnailUrl\":\"https:\\\/\\\/gdksoftware.com\\\/wp-content\\\/uploads\\\/2021\\\/10\\\/Overleg-achter-computer-scaled.jpg\",\"datePublished\":\"2022-09-13T11:32:21+00:00\",\"dateModified\":\"2023-10-06T16:28:28+00:00\",\"description\":\"Precisa de uma aplica\u00e7\u00e3o Delphi? Deixe-nos ajud\u00e1-lo! N\u00f3s constru\u00edmos aplica\u00e7\u00f5es de excelente qualidade em Delphi.\",\"breadcrumb\":{\"@id\":\"https:\\\/\\\/gdksoftware.com\\\/pt-br\\\/aplicacao-em-delphi#breadcrumb\"},\"inLanguage\":\"pt-BR\",\"potentialAction\":[{\"@type\":\"ReadAction\",\"target\":[\"https:\\\/\\\/gdksoftware.com\\\/pt-br\\\/aplicacao-em-delphi\"]}]},{\"@type\":\"ImageObject\",\"inLanguage\":\"pt-BR\",\"@id\":\"https:\\\/\\\/gdksoftware.com\\\/pt-br\\\/aplicacao-em-delphi#primaryimage\",\"url\":\"https:\\\/\\\/gdksoftware.com\\\/wp-content\\\/uploads\\\/2021\\\/10\\\/Overleg-achter-computer-scaled.jpg\",\"contentUrl\":\"https:\\\/\\\/gdksoftware.com\\\/wp-content\\\/uploads\\\/2021\\\/10\\\/Overleg-achter-computer-scaled.jpg\",\"width\":2560,\"height\":1707},{\"@type\":\"BreadcrumbList\",\"@id\":\"https:\\\/\\\/gdksoftware.com\\\/pt-br\\\/aplicacao-em-delphi#breadcrumb\",\"itemListElement\":[{\"@type\":\"ListItem\",\"position\":1,\"name\":\"Home\",\"item\":\"https:\\\/\\\/gdksoftware.com\\\/pt-br\"},{\"@type\":\"ListItem\",\"position\":2,\"name\":\"Precisa de uma aplica\u00e7\u00e3o Delphi? Aqui est\u00e1 tudo o que voc\u00ea precisa saber!\"}]},{\"@type\":\"WebSite\",\"@id\":\"https:\\\/\\\/gdksoftware.com\\\/pt-br#website\",\"url\":\"https:\\\/\\\/gdksoftware.com\\\/pt-br\",\"name\":\"GDK Software\",\"description\":\"Zet de stip op je horizon\",\"potentialAction\":[{\"@type\":\"SearchAction\",\"target\":{\"@type\":\"EntryPoint\",\"urlTemplate\":\"https:\\\/\\\/gdksoftware.com\\\/pt-br?s={search_term_string}\"},\"query-input\":{\"@type\":\"PropertyValueSpecification\",\"valueRequired\":true,\"valueName\":\"search_term_string\"}}],\"inLanguage\":\"pt-BR\"}]}<\/script>\n<!-- \/ Yoast SEO Premium plugin. -->","yoast_head_json":{"title":"Precisa de uma aplica\u00e7\u00e3o Delphi? Aqui est\u00e1 tudo o que voc\u00ea precisa saber!","description":"Precisa de uma aplica\u00e7\u00e3o Delphi? Deixe-nos ajud\u00e1-lo! N\u00f3s constru\u00edmos aplica\u00e7\u00f5es de excelente qualidade em Delphi.","robots":{"index":"index","follow":"follow","max-snippet":"max-snippet:-1","max-image-preview":"max-image-preview:large","max-video-preview":"max-video-preview:-1"},"canonical":"https:\/\/gdksoftware.com\/pt-br\/aplicacao-em-delphi","og_locale":"pt_BR","og_type":"article","og_title":"Precisa de uma aplica\u00e7\u00e3o Delphi? Aqui est\u00e1 tudo o que voc\u00ea precisa saber!","og_description":"Precisa de uma aplica\u00e7\u00e3o Delphi? Deixe-nos ajud\u00e1-lo! N\u00f3s constru\u00edmos aplica\u00e7\u00f5es de excelente qualidade em Delphi.","og_url":"https:\/\/gdksoftware.com\/pt-br\/aplicacao-em-delphi","og_site_name":"GDK Software","article_modified_time":"2023-10-06T16:28:28+00:00","og_image":[{"width":2560,"height":1707,"url":"https:\/\/gdksoftware.com\/wp-content\/uploads\/2021\/10\/Overleg-achter-computer-scaled.jpg","type":"image\/jpeg"}],"twitter_card":"summary_large_image","twitter_misc":{"Est. tempo de leitura":"2 minutos"},"schema":{"@context":"https:\/\/schema.org","@graph":[{"@type":"WebPage","@id":"https:\/\/gdksoftware.com\/pt-br\/aplicacao-em-delphi","url":"https:\/\/gdksoftware.com\/pt-br\/aplicacao-em-delphi","name":"Precisa de uma aplica\u00e7\u00e3o Delphi? Aqui est\u00e1 tudo o que voc\u00ea precisa saber!","isPartOf":{"@id":"https:\/\/gdksoftware.com\/pt-br#website"},"primaryImageOfPage":{"@id":"https:\/\/gdksoftware.com\/pt-br\/aplicacao-em-delphi#primaryimage"},"image":{"@id":"https:\/\/gdksoftware.com\/pt-br\/aplicacao-em-delphi#primaryimage"},"thumbnailUrl":"https:\/\/gdksoftware.com\/wp-content\/uploads\/2021\/10\/Overleg-achter-computer-scaled.jpg","datePublished":"2022-09-13T11:32:21+00:00","dateModified":"2023-10-06T16:28:28+00:00","description":"Precisa de uma aplica\u00e7\u00e3o Delphi? Deixe-nos ajud\u00e1-lo! N\u00f3s constru\u00edmos aplica\u00e7\u00f5es de excelente qualidade em Delphi.","breadcrumb":{"@id":"https:\/\/gdksoftware.com\/pt-br\/aplicacao-em-delphi#breadcrumb"},"inLanguage":"pt-BR","potentialAction":[{"@type":"ReadAction","target":["https:\/\/gdksoftware.com\/pt-br\/aplicacao-em-delphi"]}]},{"@type":"ImageObject","inLanguage":"pt-BR","@id":"https:\/\/gdksoftware.com\/pt-br\/aplicacao-em-delphi#primaryimage","url":"https:\/\/gdksoftware.com\/wp-content\/uploads\/2021\/10\/Overleg-achter-computer-scaled.jpg","contentUrl":"https:\/\/gdksoftware.com\/wp-content\/uploads\/2021\/10\/Overleg-achter-computer-scaled.jpg","width":2560,"height":1707},{"@type":"BreadcrumbList","@id":"https:\/\/gdksoftware.com\/pt-br\/aplicacao-em-delphi#breadcrumb","itemListElement":[{"@type":"ListItem","position":1,"name":"Home","item":"https:\/\/gdksoftware.com\/pt-br"},{"@type":"ListItem","position":2,"name":"Precisa de uma aplica\u00e7\u00e3o Delphi? Aqui est\u00e1 tudo o que voc\u00ea precisa saber!"}]},{"@type":"WebSite","@id":"https:\/\/gdksoftware.com\/pt-br#website","url":"https:\/\/gdksoftware.com\/pt-br","name":"GDK Software","description":"Zet de stip op je horizon","potentialAction":[{"@type":"SearchAction","target":{"@type":"EntryPoint","urlTemplate":"https:\/\/gdksoftware.com\/pt-br?s={search_term_string}"},"query-input":{"@type":"PropertyValueSpecification","valueRequired":true,"valueName":"search_term_string"}}],"inLanguage":"pt-BR"}]}},"_links":{"self":[{"href":"https:\/\/gdksoftware.com\/pt-br\/wp-json\/wp\/v2\/pages\/3558","targetHints":{"allow":["GET"]}}],"collection":[{"href":"https:\/\/gdksoftware.com\/pt-br\/wp-json\/wp\/v2\/pages"}],"about":[{"href":"https:\/\/gdksoftware.com\/pt-br\/wp-json\/wp\/v2\/types\/page"}],"author":[{"embeddable":true,"href":"https:\/\/gdksoftware.com\/pt-br\/wp-json\/wp\/v2\/users\/4"}],"replies":[{"embeddable":true,"href":"https:\/\/gdksoftware.com\/pt-br\/wp-json\/wp\/v2\/comments?post=3558"}],"version-history":[{"count":11,"href":"https:\/\/gdksoftware.com\/pt-br\/wp-json\/wp\/v2\/pages\/3558\/revisions"}],"predecessor-version":[{"id":4735,"href":"https:\/\/gdksoftware.com\/pt-br\/wp-json\/wp\/v2\/pages\/3558\/revisions\/4735"}],"wp:featuredmedia":[{"embeddable":true,"href":"https:\/\/gdksoftware.com\/pt-br\/wp-json\/wp\/v2\/media\/2805"}],"wp:attachment":[{"href":"https:\/\/gdksoftware.com\/pt-br\/wp-json\/wp\/v2\/media?parent=3558"}],"curies":[{"name":"wp","href":"https:\/\/api.w.org\/{rel}","templated":true}]}}