{"id":3743,"date":"2022-11-03T09:57:26","date_gmt":"2022-11-03T08:57:26","guid":{"rendered":"https:\/\/gdksoftware.com\/?page_id=3743"},"modified":"2023-04-03T17:49:12","modified_gmt":"2023-04-03T16:49:12","slug":"programacao-em-delphi","status":"publish","type":"page","link":"https:\/\/gdksoftware.com\/pt-br\/programacao-em-delphi","title":{"rendered":"Precisa de ajuda com a programa\u00e7\u00e3o em Delphi?"},"content":{"rendered":"","protected":false},"excerpt":{"rendered":"","protected":false},"author":4,"featured_media":0,"parent":0,"menu_order":0,"comment_status":"closed","ping_status":"closed","template":"","meta":{"_acf_changed":false,"footnotes":""},"class_list":["post-3743","page","type-page","status-publish","hentry"],"acf":{"type_hero":"img","hero_image":3227,"hero_image_position":"","hero_title":"Precisa de ajuda com a programa\u00e7\u00e3o em Delphi?","hero_content":"","hero_link":null,"hero_show_h1":false,"flexible_content":[{"acf_fc_layout":"text","text_type":"container","text_marge":"none","text_id":"","text_title":"","text_content":"<h3><strong>O que \u00e9 exatamente a programa\u00e7\u00e3o Delphi? Para que ele \u00e9 usado? E ainda \u00e9 usado? O Delphi \u00e9 f\u00e1cil de aprender? Ou \u00e9 semelhante ao Python? Voc\u00ea pode me ajudar?<\/strong><\/h3>\r\nApenas algumas das perguntas que recebemos muitas vezes na <a href=\"https:\/\/gdksoftware.com\/pt-br\/sobre-a-gdk\">GDK Software<\/a>. Felizmente, voc\u00ea veio ao lugar certo. Somos o especialista em Delphi (e Mendix) que voc\u00ea est\u00e1 procurando. Descubra todas as possibilidades e amplie seus horizontes! Precisa da ajuda de um de nossos especialistas? <a href=\"https:\/\/gdksoftware.com\/pt-br\/fale-conosco\">Contate-nos<\/a> diretamente ou fa\u00e7a-nos uma visita. Teremos o maior prazer em ajud\u00e1-lo.\r\n<h2>O que \u00e9 programa\u00e7\u00e3o Delphi?<\/h2>\r\nA programa\u00e7\u00e3o Delphi (tamb\u00e9m conhecida como Embarcadero Delphi) \u00e9 uma linguagem de programa\u00e7\u00e3o relativamente antiga e um kit de desenvolvimento de software - completo com uma IDE (Integrated Development Environment). Como o programa j\u00e1 existe h\u00e1 muito tempo, muitas empresas utilizam aplica\u00e7\u00f5es Delphi ultrapassadas. Assim que estas empresas - tanto nacionais quanto internacionais - precisam atualizar ou atualizar sua aplica\u00e7\u00e3o Delphi, elas v\u00eam para a GDK Software. Afinal, empregamos muitos bons programadores Delphi que ficariam felizes em ajud\u00e1-lo (voltar) no caminho certo tamb\u00e9m!\r\n\r\nSe uma <a href=\"https:\/\/gdksoftware.com\/pt-br\/servicos\/delphi-atualiza-e-moderniza\">atualiza\u00e7\u00e3o<\/a> for necess\u00e1ria, as aplica\u00e7\u00f5es s\u00e3o atualizadas para a \u00faltima vers\u00e3o do Delphi (atualmente 11). A grande vantagem de tal atualiza\u00e7\u00e3o \u00e9 que as novas vers\u00f5es Delphi oferecem muito mais recursos. Por exemplo, as aplica\u00e7\u00f5es tamb\u00e9m funcionam on-line, em celulares e Mac.\r\n<h2>Para que \u00e9 usada a programa\u00e7\u00e3o Delphi? \u00c9 uma linguagem de programa\u00e7\u00e3o ainda utilizada?<\/h2>\r\n25 anos ap\u00f3s seu lan\u00e7amento, a programa\u00e7\u00e3o Delphi ainda existe. Tantas empresas ainda est\u00e3o usando a linguagem de programa\u00e7\u00e3o Delphi desde que ela foi lan\u00e7ada h\u00e1 25 anos. Apesar de ser uma linguagem de programa\u00e7\u00e3o bastante antiga, trabalhamos muito com ela em todo o mundo, por exemplo, para desenvolver aplica\u00e7\u00f5es Windows. Mas tamb\u00e9m para o desenvolvimento de aplica\u00e7\u00f5es web, aplica\u00e7\u00f5es de aprendizado de m\u00e1quina, aplica\u00e7\u00f5es desktop, aplica\u00e7\u00f5es Windows e aplica\u00e7\u00f5es m\u00f3veis para sistemas operacionais OS X, iOS e Android, entre outros.\r\n<h2>O Delphi \u00e9 f\u00e1cil de aprender?<\/h2>\r\nPor que \u00e9 t\u00e3o bom ser um desenvolvedor Delphi em 2022, uma vez que a codifica\u00e7\u00e3o com Delphi envelheceu um pouco? A programa\u00e7\u00e3o Delphi ainda \u00e9 uma das l<a href=\"https:\/\/gdksoftware.com\/nl\/kennisbank\/delphi\">inguagens de programa\u00e7\u00e3o mais lend\u00e1rias do mundo<\/a>. Voc\u00ea tamb\u00e9m poderia cham\u00e1-lo de um verdadeiro marco na hist\u00f3ria! \u00c9 claro que muitos concorrentes j\u00e1 entraram no mercado, mas a Delphi tem o seu pr\u00f3prio mercado e \u00e9 utilizada extensivamente no dia-a-dia.\r\n\r\nSimples, voc\u00ea pode pensar. Aprenda a codificar com Delphi e comece voc\u00ea mesmo, certo? Muitas informa\u00e7\u00f5es sobre a programa\u00e7\u00e3o Delphi podem ser encontradas online. No entanto, aprender todos os detalhes da Delphi vai levar anos. E mesmo assim, voc\u00ea enfrentar\u00e1 desafios com os quais n\u00e3o sabe o que fazer. \u00c9 aqui que entra o Software GDK! Empregamos muitos programadores Delphi realmente bons que est\u00e3o felizes em ajudar voc\u00ea a come\u00e7ar. E nove em cada dez vezes, \u00e9 tamb\u00e9m mais econ\u00f4mico.\r\n<h2>A Delphi \u00e9 semelhante \u00e0 Python?<\/h2>\r\nEm m\u00e9dia, nove linguagens de programa\u00e7\u00e3o s\u00e3o 'inventadas' por ano. A codifica\u00e7\u00e3o de Delphi n\u00e3o deu um grito, mas obviamente h\u00e1 alguns que valem a pena mencionar, como Python. Delphi e Python s\u00e3o, de fato, 'irm\u00e3os de software'. De fato, Delphi \u00e9 uma linguagem de programa\u00e7\u00e3o est\u00e1tica, enquanto Python \u00e9 din\u00e2mica. A principal diferen\u00e7a est\u00e1 na indenta\u00e7\u00e3o: para o c\u00f3digo de indenta\u00e7\u00e3o, Python requer consist\u00eancia rigorosa, pois faz parte da sintaxe da linguagem. Nos programas Delphi, por outro lado, a forma de recuo e o n\u00famero de espa\u00e7os ou abas n\u00e3o afetam diretamente a sintaxe do c\u00f3digo, tornando-o um pouco mais simples.\r\n\r\nEm geral, a Delphi tem mais caracter\u00edsticas que a Python, dando-lhe mais relev\u00e2ncia comercial que sua contraparte, especialmente para os setores do mercado consumidor e business-to-business. A Python, por sua vez, se beneficia de sua natureza de fonte aberta e custo de entrada mais baixo.\r\n\r\nTamb\u00e9m muito importante \u00e9 que onde o c\u00f3digo Python \u00e9 sens\u00edvel a mai\u00fasculas e min\u00fasculas, o c\u00f3digo <a href=\"https:\/\/gdksoftware.com\/pt-br\/servicos\/desenvolvimento-em-delphi\">Delphi<\/a> n\u00e3o \u00e9. Algo que ajuda os desenvolvedores Delphi a evitar v\u00e1rios tipos de erros relacionados a casos que s\u00e3o dif\u00edceis de diagnosticar e corrigir. \u00c9 justo dizer que a sensibilidade ao caso do Python pode ser uma grande frustra\u00e7\u00e3o para os desenvolvedores Python novatos.\r\n<h2>Amplie seus horizontes<\/h2>\r\nPrecisa de ajuda com a programa\u00e7\u00e3o Delphi ou tem um desafio <a href=\"https:\/\/gdksoftware.com\/pt-br\/diensten\/mendix-development\">Mendix<\/a>? ENossos especialistas e desenvolvedores est\u00e3o prontos para realizar suas ambi\u00e7\u00f5es e objetivos. Estamos felizes em ajud\u00e1-lo com novos desenvolvimentos, atualiza\u00e7\u00f5es e manuten\u00e7\u00e3o de sua aplica\u00e7\u00e3o Delphi ou Mendix. Deseja saber mais sobre a codifica\u00e7\u00e3o Delphi? <a href=\"https:\/\/gdksoftware.com\/pt-br\">Continue lendo.<\/a> Ou <a href=\"https:\/\/gdksoftware.com\/pt-br\/fale-conosco\">entre em contato<\/a> conosco diretamente!","text_content2":"","text_content3":"","text_side_image":null,"text_side_images":null,"text_side_shortcuts_title":"","text_side_shortcuts":null,"text_side_usps":""},{"acf_fc_layout":"related_items","related_items_title":"Mais Delphi?","related_items_id":"","related_items":[3695,568]}]},"yoast_head":"<!-- This site is optimized with the Yoast SEO Premium plugin v26.8 (Yoast SEO v27.4) - https:\/\/yoast.com\/product\/yoast-seo-premium-wordpress\/ -->\n<title>Precisa de ajuda com programa\u00e7\u00e3o Delphi? Escolha o Software GDK<\/title>\n<meta name=\"description\" content=\"Precisa de ajuda com a programa\u00e7\u00e3o Delphi? Amplie seus horizontes e escolha o Software GDK. Nossos especialistas e desenvolvedores ficar\u00e3o felizes em ajudar voc\u00ea.\" \/>\n<meta name=\"robots\" content=\"index, follow, max-snippet:-1, max-image-preview:large, max-video-preview:-1\" \/>\n<link rel=\"canonical\" href=\"https:\/\/gdksoftware.com\/pt-br\/programacao-em-delphi\" \/>\n<meta property=\"og:locale\" content=\"pt_BR\" \/>\n<meta property=\"og:type\" content=\"article\" \/>\n<meta property=\"og:title\" content=\"Precisa de ajuda com a programa\u00e7\u00e3o em Delphi?\" \/>\n<meta property=\"og:description\" content=\"Precisa de ajuda com a programa\u00e7\u00e3o Delphi? Amplie seus horizontes e escolha o Software GDK. Nossos especialistas e desenvolvedores ficar\u00e3o felizes em ajudar voc\u00ea.\" \/>\n<meta property=\"og:url\" content=\"https:\/\/gdksoftware.com\/pt-br\/programacao-em-delphi\" \/>\n<meta property=\"og:site_name\" content=\"GDK Software\" \/>\n<meta property=\"article:modified_time\" content=\"2023-04-03T16:49:12+00:00\" \/>\n<meta name=\"twitter:card\" content=\"summary_large_image\" \/>\n<script type=\"application\/ld+json\" class=\"yoast-schema-graph\">{\"@context\":\"https:\\\/\\\/schema.org\",\"@graph\":[{\"@type\":\"WebPage\",\"@id\":\"https:\\\/\\\/gdksoftware.com\\\/pt-br\\\/programacao-em-delphi\",\"url\":\"https:\\\/\\\/gdksoftware.com\\\/pt-br\\\/programacao-em-delphi\",\"name\":\"Precisa de ajuda com programa\u00e7\u00e3o Delphi? Escolha o Software GDK\",\"isPartOf\":{\"@id\":\"https:\\\/\\\/gdksoftware.com\\\/pt-br#website\"},\"datePublished\":\"2022-11-03T08:57:26+00:00\",\"dateModified\":\"2023-04-03T16:49:12+00:00\",\"description\":\"Precisa de ajuda com a programa\u00e7\u00e3o Delphi? Amplie seus horizontes e escolha o Software GDK. Nossos especialistas e desenvolvedores ficar\u00e3o felizes em ajudar voc\u00ea.\",\"breadcrumb\":{\"@id\":\"https:\\\/\\\/gdksoftware.com\\\/pt-br\\\/programacao-em-delphi#breadcrumb\"},\"inLanguage\":\"pt-BR\",\"potentialAction\":[{\"@type\":\"ReadAction\",\"target\":[\"https:\\\/\\\/gdksoftware.com\\\/pt-br\\\/programacao-em-delphi\"]}]},{\"@type\":\"BreadcrumbList\",\"@id\":\"https:\\\/\\\/gdksoftware.com\\\/pt-br\\\/programacao-em-delphi#breadcrumb\",\"itemListElement\":[{\"@type\":\"ListItem\",\"position\":1,\"name\":\"Home\",\"item\":\"https:\\\/\\\/gdksoftware.com\\\/pt-br\"},{\"@type\":\"ListItem\",\"position\":2,\"name\":\"Precisa de ajuda com a programa\u00e7\u00e3o em Delphi?\"}]},{\"@type\":\"WebSite\",\"@id\":\"https:\\\/\\\/gdksoftware.com\\\/pt-br#website\",\"url\":\"https:\\\/\\\/gdksoftware.com\\\/pt-br\",\"name\":\"GDK Software\",\"description\":\"Zet de stip op je horizon\",\"potentialAction\":[{\"@type\":\"SearchAction\",\"target\":{\"@type\":\"EntryPoint\",\"urlTemplate\":\"https:\\\/\\\/gdksoftware.com\\\/pt-br?s={search_term_string}\"},\"query-input\":{\"@type\":\"PropertyValueSpecification\",\"valueRequired\":true,\"valueName\":\"search_term_string\"}}],\"inLanguage\":\"pt-BR\"}]}<\/script>\n<!-- \/ Yoast SEO Premium plugin. -->","yoast_head_json":{"title":"Precisa de ajuda com programa\u00e7\u00e3o Delphi? Escolha o Software GDK","description":"Precisa de ajuda com a programa\u00e7\u00e3o Delphi? Amplie seus horizontes e escolha o Software GDK. Nossos especialistas e desenvolvedores ficar\u00e3o felizes em ajudar voc\u00ea.","robots":{"index":"index","follow":"follow","max-snippet":"max-snippet:-1","max-image-preview":"max-image-preview:large","max-video-preview":"max-video-preview:-1"},"canonical":"https:\/\/gdksoftware.com\/pt-br\/programacao-em-delphi","og_locale":"pt_BR","og_type":"article","og_title":"Precisa de ajuda com a programa\u00e7\u00e3o em Delphi?","og_description":"Precisa de ajuda com a programa\u00e7\u00e3o Delphi? Amplie seus horizontes e escolha o Software GDK. Nossos especialistas e desenvolvedores ficar\u00e3o felizes em ajudar voc\u00ea.","og_url":"https:\/\/gdksoftware.com\/pt-br\/programacao-em-delphi","og_site_name":"GDK Software","article_modified_time":"2023-04-03T16:49:12+00:00","twitter_card":"summary_large_image","schema":{"@context":"https:\/\/schema.org","@graph":[{"@type":"WebPage","@id":"https:\/\/gdksoftware.com\/pt-br\/programacao-em-delphi","url":"https:\/\/gdksoftware.com\/pt-br\/programacao-em-delphi","name":"Precisa de ajuda com programa\u00e7\u00e3o Delphi? Escolha o Software GDK","isPartOf":{"@id":"https:\/\/gdksoftware.com\/pt-br#website"},"datePublished":"2022-11-03T08:57:26+00:00","dateModified":"2023-04-03T16:49:12+00:00","description":"Precisa de ajuda com a programa\u00e7\u00e3o Delphi? Amplie seus horizontes e escolha o Software GDK. Nossos especialistas e desenvolvedores ficar\u00e3o felizes em ajudar voc\u00ea.","breadcrumb":{"@id":"https:\/\/gdksoftware.com\/pt-br\/programacao-em-delphi#breadcrumb"},"inLanguage":"pt-BR","potentialAction":[{"@type":"ReadAction","target":["https:\/\/gdksoftware.com\/pt-br\/programacao-em-delphi"]}]},{"@type":"BreadcrumbList","@id":"https:\/\/gdksoftware.com\/pt-br\/programacao-em-delphi#breadcrumb","itemListElement":[{"@type":"ListItem","position":1,"name":"Home","item":"https:\/\/gdksoftware.com\/pt-br"},{"@type":"ListItem","position":2,"name":"Precisa de ajuda com a programa\u00e7\u00e3o em Delphi?"}]},{"@type":"WebSite","@id":"https:\/\/gdksoftware.com\/pt-br#website","url":"https:\/\/gdksoftware.com\/pt-br","name":"GDK Software","description":"Zet de stip op je horizon","potentialAction":[{"@type":"SearchAction","target":{"@type":"EntryPoint","urlTemplate":"https:\/\/gdksoftware.com\/pt-br?s={search_term_string}"},"query-input":{"@type":"PropertyValueSpecification","valueRequired":true,"valueName":"search_term_string"}}],"inLanguage":"pt-BR"}]}},"_links":{"self":[{"href":"https:\/\/gdksoftware.com\/pt-br\/wp-json\/wp\/v2\/pages\/3743","targetHints":{"allow":["GET"]}}],"collection":[{"href":"https:\/\/gdksoftware.com\/pt-br\/wp-json\/wp\/v2\/pages"}],"about":[{"href":"https:\/\/gdksoftware.com\/pt-br\/wp-json\/wp\/v2\/types\/page"}],"author":[{"embeddable":true,"href":"https:\/\/gdksoftware.com\/pt-br\/wp-json\/wp\/v2\/users\/4"}],"replies":[{"embeddable":true,"href":"https:\/\/gdksoftware.com\/pt-br\/wp-json\/wp\/v2\/comments?post=3743"}],"version-history":[{"count":8,"href":"https:\/\/gdksoftware.com\/pt-br\/wp-json\/wp\/v2\/pages\/3743\/revisions"}],"predecessor-version":[{"id":4164,"href":"https:\/\/gdksoftware.com\/pt-br\/wp-json\/wp\/v2\/pages\/3743\/revisions\/4164"}],"wp:attachment":[{"href":"https:\/\/gdksoftware.com\/pt-br\/wp-json\/wp\/v2\/media?parent=3743"}],"curies":[{"name":"wp","href":"https:\/\/api.w.org\/{rel}","templated":true}]}}