{"id":4067,"date":"2022-03-15T11:25:47","date_gmt":"2022-03-15T10:25:47","guid":{"rendered":"https:\/\/gdksoftware.com\/what-is-ide"},"modified":"2023-03-20T20:21:45","modified_gmt":"2023-03-20T19:21:45","slug":"o-que-e-ide","status":"publish","type":"page","link":"https:\/\/gdksoftware.com\/pt-br\/o-que-e-ide","title":{"rendered":"O que \u00e9 IDE?"},"content":{"rendered":"","protected":false},"excerpt":{"rendered":"","protected":false},"author":4,"featured_media":0,"parent":0,"menu_order":0,"comment_status":"closed","ping_status":"closed","template":"","meta":{"_acf_changed":false,"footnotes":""},"class_list":["post-4067","page","type-page","status-publish","hentry"],"acf":{"type_hero":"img","hero_image":2069,"hero_image_position":"","hero_title":"O que \u00e9 IDE?","hero_content":"","hero_link":null,"hero_show_h1":false,"flexible_content":[{"acf_fc_layout":"text","text_type":"container","text_marge":"none","text_id":"","text_title":"","text_content":"<h4>Uma IDE \u00e9 um ambiente de desenvolvimento integrado. Os desenvolvedores utilizam este software para construir aplica\u00e7\u00f5es. Ele consiste em v\u00e1rios componentes que juntos formam um conjunto de software em uma \u00fanica GUI.<\/h4>\r\nOriginalmente, um ambiente de desenvolvimento de software consistia de alguns programas necess\u00e1rios, tais como um depurador e um compilador. Os desenvolvedores usavam um editor simples para editar o c\u00f3digo fonte. Alguns programas no ambiente de desenvolvimento estavam cientes da exist\u00eancia um do outro e podiam compartilhar diret\u00f3rios, mas n\u00e3o havia uma boa coopera\u00e7\u00e3o entre eles.\r\n\r\nPara simplificar o trabalho com programas separados, foram lan\u00e7ados ambientes de desenvolvimento integrado (IDE's). Ao combinar as v\u00e1rias fun\u00e7\u00f5es de um ambiente de desenvolvimento em um programa, pode-se poupar tempo, pois n\u00e3o \u00e9 mais necess\u00e1rio usar outro programa para o pr\u00f3ximo passo no processo de desenvolvimento. Al\u00e9m disso, uma IDE tem uma interface de usu\u00e1rio consistente, tornando as v\u00e1rias ferramentas mais f\u00e1ceis e intuitivas de usar.\r\n<h3>O que est\u00e1 inclu\u00eddo em uma IDE?<\/h3>\r\nDiferentes fun\u00e7\u00f5es e programas podem ser combinados em uma IDE. Por exemplo: um editor de c\u00f3digo para modificar ou escrever c\u00f3digo fonte, um compilador ou linker para verificar o software e torn\u00e1-lo execut\u00e1vel, um depurador para diagnosticar, detectar e corrigir erros no software, um editor de interface gr\u00e1fica para tornar o software de f\u00e1cil utiliza\u00e7\u00e3o, um sistema de controle de vers\u00e3o para permitir o desenvolvimento colaborativo, ferramentas de automa\u00e7\u00e3o e ferramentas de modelagem para automatizar tarefas do desenvolvedor e economizar tempo, um navegador de classe para estudar propriedades de uma hierarquia de classes orientada a objetos e um navegador de objeto para inspecionar objetos em um programa aplicativo em execu\u00e7\u00e3o.\r\n<h3>Quais s\u00e3o as vantagens de uma IDE?<\/h3>\r\nUma IDE pode melhorar a produtividade de um desenvolvedor. Imagine dois estudantes que queiram fazer uma apresenta\u00e7\u00e3o. O aluno A usa PowerPoint, enquanto o aluno B usa programas diferentes. Ele usa um aplicativo para escolher uma fonte, um programa para recortar fotos no tamanho certo, um aplicativo para verificar a ortografia e um programa separado para adicionar slides. O aluno A termina sua apresenta\u00e7\u00e3o dentro de uma hora, enquanto o aluno B ainda est\u00e1 ocupado. Ele tem que alternar entre os programas para fazer a apresenta\u00e7\u00e3o e isso leva muito tempo.\r\n\r\nMas h\u00e1 ainda mais vantagens:\r\n- Multitarefa f\u00e1cil: um desenvolvedor pode analisar o c\u00f3digo e verificar a sintaxe durante a edi\u00e7\u00e3o.\r\n- Mantenha-se atualizado: as IDE's introduzem novos modelos e amostras de projetos. Os desenvolvedores aprendem constantemente e se atualizam.\r\n- Standartiza\u00e7\u00e3o: As IDE's regulam o processo de desenvolvimento. Os programadores podem trabalhar em conjunto, o que \u00e9 bom para a padroniza\u00e7\u00e3o.\r\n<h3>O que \u00e9 a IDE Delphi?<\/h3>\r\nA Delphi tamb\u00e9m tem uma IDE. A Delphi 10 tem muitos atalhos e plugins. Quase todos os desenvolvedores Delphi utilizam esses atalhos e plugins para trabalhar mais rapidamente. Embora seja poss\u00edvel editar arquivos fonte fora da IDE do Delphi ou usando outras IDEs (Lazarus), n\u00f3s recomendamos a IDE do Delphi. Muitos componentes n\u00e3o s\u00e3o adequados para o Lazarus.","text_content2":"","text_content3":"","text_side_image":null,"text_side_images":null,"text_side_shortcuts_title":"","text_side_shortcuts":null,"text_side_usps":""}]},"yoast_head":"<!-- This site is optimized with the Yoast SEO Premium plugin v26.8 (Yoast SEO v27.4) - https:\/\/yoast.com\/product\/yoast-seo-premium-wordpress\/ -->\n<title>O que \u00e9 IDE? - GDK Software<\/title>\n<meta name=\"description\" content=\"Uma IDE pode melhorar a produtividade de um desenvolvedor. Combinando as v\u00e1rias fun\u00e7\u00f5es de um programa. Entenda mais sobre o assunto!\" \/>\n<meta name=\"robots\" content=\"index, follow, max-snippet:-1, max-image-preview:large, max-video-preview:-1\" \/>\n<link rel=\"canonical\" href=\"https:\/\/gdksoftware.com\/pt-br\/o-que-e-ide\" \/>\n<meta property=\"og:locale\" content=\"pt_BR\" \/>\n<meta property=\"og:type\" content=\"article\" \/>\n<meta property=\"og:title\" content=\"O que \u00e9 IDE?\" \/>\n<meta property=\"og:description\" content=\"Uma IDE pode melhorar a produtividade de um desenvolvedor. Combinando as v\u00e1rias fun\u00e7\u00f5es de um programa. Entenda mais sobre o assunto!\" \/>\n<meta property=\"og:url\" content=\"https:\/\/gdksoftware.com\/pt-br\/o-que-e-ide\" \/>\n<meta property=\"og:site_name\" content=\"GDK Software\" \/>\n<meta property=\"article:modified_time\" content=\"2023-03-20T19:21:45+00:00\" \/>\n<meta name=\"twitter:card\" content=\"summary_large_image\" \/>\n<script type=\"application\/ld+json\" class=\"yoast-schema-graph\">{\"@context\":\"https:\\\/\\\/schema.org\",\"@graph\":[{\"@type\":\"WebPage\",\"@id\":\"https:\\\/\\\/gdksoftware.com\\\/pt-br\\\/o-que-e-ide\",\"url\":\"https:\\\/\\\/gdksoftware.com\\\/pt-br\\\/o-que-e-ide\",\"name\":\"O que \u00e9 IDE? - GDK Software\",\"isPartOf\":{\"@id\":\"https:\\\/\\\/gdksoftware.com\\\/pt-br#website\"},\"datePublished\":\"2022-03-15T10:25:47+00:00\",\"dateModified\":\"2023-03-20T19:21:45+00:00\",\"description\":\"Uma IDE pode melhorar a produtividade de um desenvolvedor. Combinando as v\u00e1rias fun\u00e7\u00f5es de um programa. Entenda mais sobre o assunto!\",\"breadcrumb\":{\"@id\":\"https:\\\/\\\/gdksoftware.com\\\/pt-br\\\/o-que-e-ide#breadcrumb\"},\"inLanguage\":\"pt-BR\",\"potentialAction\":[{\"@type\":\"ReadAction\",\"target\":[\"https:\\\/\\\/gdksoftware.com\\\/pt-br\\\/o-que-e-ide\"]}]},{\"@type\":\"BreadcrumbList\",\"@id\":\"https:\\\/\\\/gdksoftware.com\\\/pt-br\\\/o-que-e-ide#breadcrumb\",\"itemListElement\":[{\"@type\":\"ListItem\",\"position\":1,\"name\":\"Home\",\"item\":\"https:\\\/\\\/gdksoftware.com\\\/pt-br\"},{\"@type\":\"ListItem\",\"position\":2,\"name\":\"O que \u00e9 IDE?\"}]},{\"@type\":\"WebSite\",\"@id\":\"https:\\\/\\\/gdksoftware.com\\\/pt-br#website\",\"url\":\"https:\\\/\\\/gdksoftware.com\\\/pt-br\",\"name\":\"GDK Software\",\"description\":\"Zet de stip op je horizon\",\"potentialAction\":[{\"@type\":\"SearchAction\",\"target\":{\"@type\":\"EntryPoint\",\"urlTemplate\":\"https:\\\/\\\/gdksoftware.com\\\/pt-br?s={search_term_string}\"},\"query-input\":{\"@type\":\"PropertyValueSpecification\",\"valueRequired\":true,\"valueName\":\"search_term_string\"}}],\"inLanguage\":\"pt-BR\"}]}<\/script>\n<!-- \/ Yoast SEO Premium plugin. -->","yoast_head_json":{"title":"O que \u00e9 IDE? - GDK Software","description":"Uma IDE pode melhorar a produtividade de um desenvolvedor. Combinando as v\u00e1rias fun\u00e7\u00f5es de um programa. Entenda mais sobre o assunto!","robots":{"index":"index","follow":"follow","max-snippet":"max-snippet:-1","max-image-preview":"max-image-preview:large","max-video-preview":"max-video-preview:-1"},"canonical":"https:\/\/gdksoftware.com\/pt-br\/o-que-e-ide","og_locale":"pt_BR","og_type":"article","og_title":"O que \u00e9 IDE?","og_description":"Uma IDE pode melhorar a produtividade de um desenvolvedor. Combinando as v\u00e1rias fun\u00e7\u00f5es de um programa. Entenda mais sobre o assunto!","og_url":"https:\/\/gdksoftware.com\/pt-br\/o-que-e-ide","og_site_name":"GDK Software","article_modified_time":"2023-03-20T19:21:45+00:00","twitter_card":"summary_large_image","schema":{"@context":"https:\/\/schema.org","@graph":[{"@type":"WebPage","@id":"https:\/\/gdksoftware.com\/pt-br\/o-que-e-ide","url":"https:\/\/gdksoftware.com\/pt-br\/o-que-e-ide","name":"O que \u00e9 IDE? - GDK Software","isPartOf":{"@id":"https:\/\/gdksoftware.com\/pt-br#website"},"datePublished":"2022-03-15T10:25:47+00:00","dateModified":"2023-03-20T19:21:45+00:00","description":"Uma IDE pode melhorar a produtividade de um desenvolvedor. Combinando as v\u00e1rias fun\u00e7\u00f5es de um programa. Entenda mais sobre o assunto!","breadcrumb":{"@id":"https:\/\/gdksoftware.com\/pt-br\/o-que-e-ide#breadcrumb"},"inLanguage":"pt-BR","potentialAction":[{"@type":"ReadAction","target":["https:\/\/gdksoftware.com\/pt-br\/o-que-e-ide"]}]},{"@type":"BreadcrumbList","@id":"https:\/\/gdksoftware.com\/pt-br\/o-que-e-ide#breadcrumb","itemListElement":[{"@type":"ListItem","position":1,"name":"Home","item":"https:\/\/gdksoftware.com\/pt-br"},{"@type":"ListItem","position":2,"name":"O que \u00e9 IDE?"}]},{"@type":"WebSite","@id":"https:\/\/gdksoftware.com\/pt-br#website","url":"https:\/\/gdksoftware.com\/pt-br","name":"GDK Software","description":"Zet de stip op je horizon","potentialAction":[{"@type":"SearchAction","target":{"@type":"EntryPoint","urlTemplate":"https:\/\/gdksoftware.com\/pt-br?s={search_term_string}"},"query-input":{"@type":"PropertyValueSpecification","valueRequired":true,"valueName":"search_term_string"}}],"inLanguage":"pt-BR"}]}},"_links":{"self":[{"href":"https:\/\/gdksoftware.com\/pt-br\/wp-json\/wp\/v2\/pages\/4067","targetHints":{"allow":["GET"]}}],"collection":[{"href":"https:\/\/gdksoftware.com\/pt-br\/wp-json\/wp\/v2\/pages"}],"about":[{"href":"https:\/\/gdksoftware.com\/pt-br\/wp-json\/wp\/v2\/types\/page"}],"author":[{"embeddable":true,"href":"https:\/\/gdksoftware.com\/pt-br\/wp-json\/wp\/v2\/users\/4"}],"replies":[{"embeddable":true,"href":"https:\/\/gdksoftware.com\/pt-br\/wp-json\/wp\/v2\/comments?post=4067"}],"version-history":[{"count":2,"href":"https:\/\/gdksoftware.com\/pt-br\/wp-json\/wp\/v2\/pages\/4067\/revisions"}],"predecessor-version":[{"id":4069,"href":"https:\/\/gdksoftware.com\/pt-br\/wp-json\/wp\/v2\/pages\/4067\/revisions\/4069"}],"wp:attachment":[{"href":"https:\/\/gdksoftware.com\/pt-br\/wp-json\/wp\/v2\/media?parent=4067"}],"curies":[{"name":"wp","href":"https:\/\/api.w.org\/{rel}","templated":true}]}}