{"id":4084,"date":"2022-10-28T09:13:09","date_gmt":"2022-10-28T08:13:09","guid":{"rendered":"https:\/\/gdksoftware.com\/how-to-update-delphi"},"modified":"2023-03-21T20:38:10","modified_gmt":"2023-03-21T19:38:10","slug":"como-atualizar-o-delphi","status":"publish","type":"page","link":"https:\/\/gdksoftware.com\/pt-br\/como-atualizar-o-delphi","title":{"rendered":"Como atualizar o Delphi"},"content":{"rendered":"","protected":false},"excerpt":{"rendered":"","protected":false},"author":1,"featured_media":0,"parent":0,"menu_order":0,"comment_status":"closed","ping_status":"closed","template":"","meta":{"_acf_changed":false,"footnotes":""},"class_list":["post-4084","page","type-page","status-publish","hentry"],"acf":{"type_hero":"img","hero_image":2152,"hero_image_position":"","hero_title":"Como atualizar o Delphi?","hero_content":"","hero_link":null,"hero_show_h1":false,"flexible_content":[{"acf_fc_layout":"text","text_type":"container","text_marge":"none","text_id":"","text_title":"","text_content":"<strong>O que \u00e9 exatamente Delphi? Como funciona? E como atualizar o Delphi da maneira correta? Voc\u00ea est\u00e1 trabalhando com uma aplica\u00e7\u00e3o que foi desenvolvida em Delphi <a href=\"https:\/\/gdksoftware.com\/knowledgebase\/delphi-5\" target=\"_blank\" rel=\"noopener\">5<\/a>, <a href=\"https:\/\/gdksoftware.com\/knowledgebase\/delphi-6\" target=\"_blank\" rel=\"noopener\">6<\/a> or <a href=\"https:\/\/gdksoftware.com\/knowledgebase\/delphi-7\" target=\"_blank\" rel=\"noopener\">7<\/a> ou outra vers\u00e3o ultrapassada da Delphi e voc\u00ea est\u00e1 atingindo os limites do ambiente de desenvolvimento? Ou sua aplica\u00e7\u00e3o n\u00e3o funciona mais adequadamente no Windows 10, por exemplo?<\/strong>\r\n\r\nSe voc\u00ea estiver enfrentando (um destes) problemas, faz sentido atualizar para a vers\u00e3o mais recente da Delphi. Leia mais e comece a trabalhar. Ou <a href=\"https:\/\/gdksoftware.com\/contact-us\" target=\"_blank\" rel=\"noopener\">entre em contato conosco<\/a> imediatamente e fale com um de nossos especialistas. Eles ficar\u00e3o felizes em ajudar voc\u00ea!\r\n\r\n<h2>O que \u00e9 Delphi exatamente?<\/h2>\r\nDelphi tamb\u00e9m \u00e9 conhecida como Embarcadero Delphi ou Pascal. \u00c9 uma linguagem de programa\u00e7\u00e3o bastante antiga, mas desde Delphi 1 ela inclui uma IDE (<a href=\"https:\/\/gdksoftware.com\/knowledgebase\/what-is-the-delphi-ide\" target=\"_blank\" rel=\"noopener\">Ambiente de Desenvolvimento Integrado<\/a>). Muitas empresas ainda usam vers\u00f5es antigas das aplica\u00e7\u00f5es Delphi, uma vez que ela j\u00e1 existe h\u00e1 muito tempo. Quando as empresas (nacionais e internacionais) precisam renovar ou atualizar sua aplica\u00e7\u00e3o Delphi, elas v\u00eam para a GDK Software. Como atualizar o Delphi \u00e9 particularmente complicado. Portanto, eles est\u00e3o fazendo a jogada certa entrando em contato conosco. N\u00f3s empregamos muitos bons programadores Delphi.\r\n\r\n<h2>Como atualizar a Delphi?<\/h2>\r\nCaso estejamos atualizando sua aplica\u00e7\u00e3o Delphi para uma vers\u00e3o mais recente, come\u00e7amos com uma an\u00e1lise inicial do software. Gra\u00e7as a esta r\u00e1pida an\u00e1lise, podemos desvendar o c\u00f3digo fonte. Respondemos perguntas como:\r\n<ul>\r\n \t<li>Que componentes s\u00e3o utilizados?<\/li>\r\n \t<li>Existe algum risco de atualiza\u00e7\u00e3o ou atualiza\u00e7\u00e3o para uma nova vers\u00e3o Delphi?<\/li>\r\n<\/ul>\r\nVoc\u00ea receber\u00e1 os resultados desta an\u00e1lise dentro de tr\u00eas dias \u00fateis. Ap\u00f3s a an\u00e1lise, discutimos nossas conclus\u00f5es e apresentamos nosso plano de abordagem sobre como atualizar a Delphi. Ao fazer isso, levamos em conta v\u00e1rios fatores. Como, por exemplo, voc\u00ea tem seu pr\u00f3prio <a href=\"https:\/\/gdksoftware.com\/services\/delphi-development\" target=\"_blank\" rel=\"noopener\">desenvolvedor<\/a> trabalhando na aplica\u00e7\u00e3o? Qual \u00e9 o lead time desejado? Voc\u00ea receber\u00e1 ent\u00e3o uma oferta sob medida e n\u00f3s come\u00e7aremos a trabalhar. Vamos come\u00e7ar a atualizar sua aplica\u00e7\u00e3o Delphi!\r\n\r\n<h2>Por que a GDK Software?<\/h2>\r\nCom nossos anos de experi\u00eancia, sabemos como atualizar a Delphi para a vers\u00e3o mais recente (atualmente Delphi 11). Conseguimos isso com um <a href=\"https:\/\/gdksoftware.com\/knowledgebase\/upgrading-delphi-software-the-smart-way\" target=\"_blank\" rel=\"noopener\">ferramenta de convers\u00e3o<\/a> que n\u00f3s mesmos desenvolvemos. Isto nos permite realizar uma convers\u00e3o mais r\u00e1pida, durante a qual o desenvolvimento de sua aplica\u00e7\u00e3o pode continuar.\r\n\r\nNa <a href=\"https:\/\/gdksoftware.com\/about-gdk\" target=\"_blank\" rel=\"noopener\">GDK Software<\/a> estamos muito orgulhosos de nossos especialistas em Delphi. Nossos programadores da Delphi tamb\u00e9m trabalham em seus pr\u00f3prios projetos e continuam a inovar. Eles constroem aplica\u00e7\u00f5es inteligentes que facilitam seu trabalho.\r\n\r\nCompartilhamos uma paix\u00e3o pelo desenvolvimento de software e adoramos manter o \u00edmpeto. Para n\u00f3s, n\u00e3o existe software padr\u00e3o, apenas desafios feitos sob medida.\r\n\r\n<h2>Al\u00e9m da Delphi, fornecemos ainda mais<\/h2>\r\nConstru\u00edmos uma reputa\u00e7\u00e3o com nossa experi\u00eancia em Delphi, mas isso n\u00e3o \u00e9 de forma alguma a \u00fanica coisa. Tamb\u00e9m nos desenvolvemos com <a href=\"https:\/\/gdksoftware.com\/services\/mendix-development\" target=\"_blank\" rel=\"noopener\">Mendix<\/a> e outras linguagens de desenvolvimento. Somos a empresa de software que se desenvolve para o amanh\u00e3. Constru\u00edmos solu\u00e7\u00f5es de TI para um mundo digital onde a estagna\u00e7\u00e3o \u00e9 uma coisa do passado. Ferramentas inovadoras que fazem de nossos clientes l\u00edderes na transforma\u00e7\u00e3o digital.\r\n\r\n<h2>Deixe-nos ajudar voc\u00ea a realizar suas ambi\u00e7\u00f5es<\/h2>\r\nVoc\u00ea tem um Delphi (<a href=\"https:\/\/gdksoftware.com\/services\/mendix-development\" target=\"_blank\" rel=\"noopener\">or Mendix<\/a>) ce voc\u00ea est\u00e1 procurando por experi\u00eancia ou capacidade? Nossos especialistas e desenvolvedores est\u00e3o prontos para realizar suas ambi\u00e7\u00f5es e objetivos. Teremos prazer em ajud\u00e1-lo com novos desenvolvimentos, atualiza\u00e7\u00f5es e manuten\u00e7\u00e3o de sua <a href=\"https:\/\/gdksoftware.com\/delphi-application\" target=\"_blank\" rel=\"noopener\">aplia\u00e7\u00e3o<\/a> Delphi ou Medix. Deseja saber mais sobre como atualizar a Delphi? <a href=\"https:\/\/gdksoftware.com\/#ambitions\" target=\"_blank\" rel=\"noopener\">Saiba mais aqui<\/a>. Ou <a href=\"https:\/\/gdksoftware.com\/contact-us\" target=\"_blank\" rel=\"noopener\">entre em contato conosco<\/a>!","text_content2":"","text_content3":"","text_side_image":null,"text_side_images":null,"text_side_shortcuts_title":"","text_side_shortcuts":null,"text_side_usps":""},{"acf_fc_layout":"related_items","related_items_title":"Mais sobre Delphi?","related_items_id":"","related_items":[3670,3558]}]},"yoast_head":"<!-- This site is optimized with the Yoast SEO Premium plugin v26.8 (Yoast SEO v27.5) - https:\/\/yoast.com\/product\/yoast-seo-premium-wordpress\/ -->\n<title>How to update Delphi? Get started &amp; learn more | GDK Software<\/title>\n<meta name=\"description\" content=\"Como atualizar a Delphi pode ser um desafio e tanto. Por sorte voc\u00ea veio ao lugar certo na GDK Software. Leia tudo sobre ele e comece!\" \/>\n<meta name=\"robots\" content=\"index, follow, max-snippet:-1, max-image-preview:large, max-video-preview:-1\" \/>\n<link rel=\"canonical\" href=\"https:\/\/gdksoftware.com\/pt-br\/como-atualizar-o-delphi\" \/>\n<meta property=\"og:locale\" content=\"pt_BR\" \/>\n<meta property=\"og:type\" content=\"article\" \/>\n<meta property=\"og:title\" content=\"Como atualizar o Delphi\" \/>\n<meta property=\"og:description\" content=\"Como atualizar a Delphi pode ser um desafio e tanto. Por sorte voc\u00ea veio ao lugar certo na GDK Software. Leia tudo sobre ele e comece!\" \/>\n<meta property=\"og:url\" content=\"https:\/\/gdksoftware.com\/pt-br\/como-atualizar-o-delphi\" \/>\n<meta property=\"og:site_name\" content=\"GDK Software\" \/>\n<meta property=\"article:modified_time\" content=\"2023-03-21T19:38:10+00:00\" \/>\n<meta name=\"twitter:card\" content=\"summary_large_image\" \/>\n<script type=\"application\/ld+json\" class=\"yoast-schema-graph\">{\"@context\":\"https:\\\/\\\/schema.org\",\"@graph\":[{\"@type\":\"WebPage\",\"@id\":\"https:\\\/\\\/gdksoftware.com\\\/pt-br\\\/como-atualizar-o-delphi\",\"url\":\"https:\\\/\\\/gdksoftware.com\\\/pt-br\\\/como-atualizar-o-delphi\",\"name\":\"How to update Delphi? Get started & learn more | GDK Software\",\"isPartOf\":{\"@id\":\"https:\\\/\\\/gdksoftware.com\\\/pt-br#website\"},\"datePublished\":\"2022-10-28T08:13:09+00:00\",\"dateModified\":\"2023-03-21T19:38:10+00:00\",\"description\":\"Como atualizar a Delphi pode ser um desafio e tanto. Por sorte voc\u00ea veio ao lugar certo na GDK Software. Leia tudo sobre ele e comece!\",\"breadcrumb\":{\"@id\":\"https:\\\/\\\/gdksoftware.com\\\/pt-br\\\/como-atualizar-o-delphi#breadcrumb\"},\"inLanguage\":\"pt-BR\",\"potentialAction\":[{\"@type\":\"ReadAction\",\"target\":[\"https:\\\/\\\/gdksoftware.com\\\/pt-br\\\/como-atualizar-o-delphi\"]}]},{\"@type\":\"BreadcrumbList\",\"@id\":\"https:\\\/\\\/gdksoftware.com\\\/pt-br\\\/como-atualizar-o-delphi#breadcrumb\",\"itemListElement\":[{\"@type\":\"ListItem\",\"position\":1,\"name\":\"Home\",\"item\":\"https:\\\/\\\/gdksoftware.com\\\/pt-br\"},{\"@type\":\"ListItem\",\"position\":2,\"name\":\"Como atualizar o Delphi\"}]},{\"@type\":\"WebSite\",\"@id\":\"https:\\\/\\\/gdksoftware.com\\\/pt-br#website\",\"url\":\"https:\\\/\\\/gdksoftware.com\\\/pt-br\",\"name\":\"GDK Software\",\"description\":\"Zet de stip op je horizon\",\"potentialAction\":[{\"@type\":\"SearchAction\",\"target\":{\"@type\":\"EntryPoint\",\"urlTemplate\":\"https:\\\/\\\/gdksoftware.com\\\/pt-br?s={search_term_string}\"},\"query-input\":{\"@type\":\"PropertyValueSpecification\",\"valueRequired\":true,\"valueName\":\"search_term_string\"}}],\"inLanguage\":\"pt-BR\"}]}<\/script>\n<!-- \/ Yoast SEO Premium plugin. -->","yoast_head_json":{"title":"How to update Delphi? Get started & learn more | GDK Software","description":"Como atualizar a Delphi pode ser um desafio e tanto. Por sorte voc\u00ea veio ao lugar certo na GDK Software. Leia tudo sobre ele e comece!","robots":{"index":"index","follow":"follow","max-snippet":"max-snippet:-1","max-image-preview":"max-image-preview:large","max-video-preview":"max-video-preview:-1"},"canonical":"https:\/\/gdksoftware.com\/pt-br\/como-atualizar-o-delphi","og_locale":"pt_BR","og_type":"article","og_title":"Como atualizar o Delphi","og_description":"Como atualizar a Delphi pode ser um desafio e tanto. Por sorte voc\u00ea veio ao lugar certo na GDK Software. Leia tudo sobre ele e comece!","og_url":"https:\/\/gdksoftware.com\/pt-br\/como-atualizar-o-delphi","og_site_name":"GDK Software","article_modified_time":"2023-03-21T19:38:10+00:00","twitter_card":"summary_large_image","schema":{"@context":"https:\/\/schema.org","@graph":[{"@type":"WebPage","@id":"https:\/\/gdksoftware.com\/pt-br\/como-atualizar-o-delphi","url":"https:\/\/gdksoftware.com\/pt-br\/como-atualizar-o-delphi","name":"How to update Delphi? Get started & learn more | GDK Software","isPartOf":{"@id":"https:\/\/gdksoftware.com\/pt-br#website"},"datePublished":"2022-10-28T08:13:09+00:00","dateModified":"2023-03-21T19:38:10+00:00","description":"Como atualizar a Delphi pode ser um desafio e tanto. Por sorte voc\u00ea veio ao lugar certo na GDK Software. Leia tudo sobre ele e comece!","breadcrumb":{"@id":"https:\/\/gdksoftware.com\/pt-br\/como-atualizar-o-delphi#breadcrumb"},"inLanguage":"pt-BR","potentialAction":[{"@type":"ReadAction","target":["https:\/\/gdksoftware.com\/pt-br\/como-atualizar-o-delphi"]}]},{"@type":"BreadcrumbList","@id":"https:\/\/gdksoftware.com\/pt-br\/como-atualizar-o-delphi#breadcrumb","itemListElement":[{"@type":"ListItem","position":1,"name":"Home","item":"https:\/\/gdksoftware.com\/pt-br"},{"@type":"ListItem","position":2,"name":"Como atualizar o Delphi"}]},{"@type":"WebSite","@id":"https:\/\/gdksoftware.com\/pt-br#website","url":"https:\/\/gdksoftware.com\/pt-br","name":"GDK Software","description":"Zet de stip op je horizon","potentialAction":[{"@type":"SearchAction","target":{"@type":"EntryPoint","urlTemplate":"https:\/\/gdksoftware.com\/pt-br?s={search_term_string}"},"query-input":{"@type":"PropertyValueSpecification","valueRequired":true,"valueName":"search_term_string"}}],"inLanguage":"pt-BR"}]}},"_links":{"self":[{"href":"https:\/\/gdksoftware.com\/pt-br\/wp-json\/wp\/v2\/pages\/4084","targetHints":{"allow":["GET"]}}],"collection":[{"href":"https:\/\/gdksoftware.com\/pt-br\/wp-json\/wp\/v2\/pages"}],"about":[{"href":"https:\/\/gdksoftware.com\/pt-br\/wp-json\/wp\/v2\/types\/page"}],"author":[{"embeddable":true,"href":"https:\/\/gdksoftware.com\/pt-br\/wp-json\/wp\/v2\/users\/1"}],"replies":[{"embeddable":true,"href":"https:\/\/gdksoftware.com\/pt-br\/wp-json\/wp\/v2\/comments?post=4084"}],"version-history":[{"count":6,"href":"https:\/\/gdksoftware.com\/pt-br\/wp-json\/wp\/v2\/pages\/4084\/revisions"}],"predecessor-version":[{"id":4090,"href":"https:\/\/gdksoftware.com\/pt-br\/wp-json\/wp\/v2\/pages\/4084\/revisions\/4090"}],"wp:attachment":[{"href":"https:\/\/gdksoftware.com\/pt-br\/wp-json\/wp\/v2\/media?parent=4084"}],"curies":[{"name":"wp","href":"https:\/\/api.w.org\/{rel}","templated":true}]}}