{"id":4172,"date":"2022-03-15T13:56:05","date_gmt":"2022-03-15T12:56:05","guid":{"rendered":"https:\/\/gdksoftware.com\/is-there-a-perfect-delphi-migration-tool"},"modified":"2023-03-30T20:39:12","modified_gmt":"2023-03-30T19:39:12","slug":"existe-uma-ferramenta-perfeita-para-migracao-delphi","status":"publish","type":"page","link":"https:\/\/gdksoftware.com\/pt-br\/existe-uma-ferramenta-perfeita-para-migracao-delphi","title":{"rendered":"Existe uma ferramenta perfeita para migra\u00e7\u00e3o Delphi?"},"content":{"rendered":"","protected":false},"excerpt":{"rendered":"","protected":false},"author":4,"featured_media":0,"parent":0,"menu_order":0,"comment_status":"closed","ping_status":"closed","template":"","meta":{"_acf_changed":false,"footnotes":""},"class_list":["post-4172","page","type-page","status-publish","hentry"],"acf":{"type_hero":"img","hero_image":555,"hero_image_position":"","hero_title":"Existe uma ferramenta perfeita para migra\u00e7\u00e3o Delphi?","hero_content":"","hero_link":null,"hero_show_h1":false,"flexible_content":[{"acf_fc_layout":"text","text_type":"container","text_marge":"md","text_id":"","text_title":"","text_content":"<h4>A resposta curta \u00e9 n\u00e3o. A migra\u00e7\u00e3o de uma aplica\u00e7\u00e3o Delphi de qualquer vers\u00e3o anterior a 2009 para uma vers\u00e3o moderna da Delphi n\u00e3o \u00e9 f\u00e1cil.<\/h4>\r\n\u00c0s vezes uma migra\u00e7\u00e3o Delphi \u00e9 f\u00e1cil. Isto depende da complexidade de uma aplica\u00e7\u00e3o e da vers\u00e3o atual do Delphi. A migra\u00e7\u00e3o de Delphi 2007 para Delphi 10 \u00e9 freq\u00fcentemente mais simples do que a migra\u00e7\u00e3o de uma vers\u00e3o mais antiga (Delphi 5) para Delphi 10. Este \u00faltimo tem mais componentes obsoletos e mais c\u00f3digo precisa ser reescrito.\r\n\r\nPor exemplo, voc\u00ea tem que estar ciente da introdu\u00e7\u00e3o do Unicode. Embarcadero introduziu o suporte completo ao Unicode no RAD Studio em 2008. Isso envolveu uma mudan\u00e7a radical em v\u00e1rios tipos de dados fundamentais: as defini\u00e7\u00f5es para os tipos String, Char e PChar mudaram. Estas mudan\u00e7as introduziram problemas potenciais de migra\u00e7\u00e3o para aplica\u00e7\u00f5es, bibliotecas e unidades compartilhadas. Portanto: a migra\u00e7\u00e3o de uma aplica\u00e7\u00e3o mais antiga para o Delphi 10 - tipos de dados baseados em Char, PChar e String - pode ser um desafio.\r\n<h3>GDK Duster<\/h3>\r\nOs programadores Delphi da GDK Software migraram centenas de aplica\u00e7\u00f5es Delphi existentes. Acontece frequentemente que cerca de oitenta a noventa por cento do c\u00f3digo pode ser reutilizado. Os dez a vinte por cento restantes t\u00eam que ser reescritos. Muitas vezes usamos nossa pr\u00f3pria ferramenta de migra\u00e7\u00e3o para reescrever o c\u00f3digo antigo automaticamente. Esta ferramenta de migra\u00e7\u00e3o \u00e9 chamada de GDK Duster. No GDK Duster, h\u00e1 mais de 500 solu\u00e7\u00f5es prontas para uso. O GDK Duster usa o compilador Delphi para compilar programas automaticamente, procurar por erros e modificar o c\u00f3digo para corrigir esses erros. Uma grande parte dos erros pode ser resolvida automaticamente. E o resto? Com o conveniente editor incorporado, voc\u00ea mesmo pode facilmente adicionar novas solu\u00e7\u00f5es \u00e0 lista, ent\u00e3o voc\u00ea s\u00f3 tem que adicionar cada solu\u00e7\u00e3o uma vez.\r\n\r\nVeja como funciona o Duster no v\u00eddeo abaixo:\r\n\r\n<a href=\"https:\/\/www.youtube.com\/watch?v=aiH7pe54Hio\">https:\/\/www.youtube.com\/watch?v=XIgnaVP0j6U<\/a>\r\n<h3>Iniciar a migra\u00e7\u00e3o de sua aplica\u00e7\u00e3o?<\/h3>\r\nVoc\u00ea quer migrar sua aplica\u00e7\u00e3o Delphi existente? Voc\u00ea pode faz\u00ea-lo voc\u00ea mesmo com o GDK Duster ou pode entrar em contato conosco. Teremos o maior prazer em discutir as possibilidades com voc\u00ea. Se voc\u00ea escolher a GDK Software, voc\u00ea ser\u00e1 assistido por uma forte equipe de especialistas. Esperamos v\u00ea-lo em breve!\r\n\r\n<a class=\"btn btn-primary btn-icon\" href=\"https:\/\/gdksoftware.com\/pt-br\/fale-conosco\" target=\"\" rel=\"noopener\">Planeje uma sess\u00e3o de estrat\u00e9gia online gratuita com a GDK!<\/a>","text_content2":"","text_content3":"","text_side_image":null,"text_side_images":null,"text_side_shortcuts_title":"","text_side_shortcuts":null,"text_side_usps":""}]},"yoast_head":"<!-- This site is optimized with the Yoast SEO Premium plugin v26.8 (Yoast SEO v27.4) - https:\/\/yoast.com\/product\/yoast-seo-premium-wordpress\/ -->\n<title>Existe uma ferramenta perfeita para migra\u00e7\u00e3o Delphi? - GDK Software<\/title>\n<meta name=\"description\" content=\"Os programadores Delphi da GDK Software migraram centenas de aplica\u00e7\u00f5es Delphi existentes, com o GDK Duster, h\u00e1 mais de 500 solu\u00e7\u00f5es prontas para uso.\" \/>\n<meta name=\"robots\" content=\"index, follow, max-snippet:-1, max-image-preview:large, max-video-preview:-1\" \/>\n<link rel=\"canonical\" href=\"https:\/\/gdksoftware.com\/pt-br\/existe-uma-ferramenta-perfeita-para-migracao-delphi\" \/>\n<meta property=\"og:locale\" content=\"pt_BR\" \/>\n<meta property=\"og:type\" content=\"article\" \/>\n<meta property=\"og:title\" content=\"Existe uma ferramenta perfeita para migra\u00e7\u00e3o Delphi?\" \/>\n<meta property=\"og:description\" content=\"Os programadores Delphi da GDK Software migraram centenas de aplica\u00e7\u00f5es Delphi existentes, com o GDK Duster, h\u00e1 mais de 500 solu\u00e7\u00f5es prontas para uso.\" \/>\n<meta property=\"og:url\" content=\"https:\/\/gdksoftware.com\/pt-br\/existe-uma-ferramenta-perfeita-para-migracao-delphi\" \/>\n<meta property=\"og:site_name\" content=\"GDK Software\" \/>\n<meta property=\"article:modified_time\" content=\"2023-03-30T19:39:12+00:00\" \/>\n<meta name=\"twitter:card\" content=\"summary_large_image\" \/>\n<script type=\"application\/ld+json\" class=\"yoast-schema-graph\">{\"@context\":\"https:\\\/\\\/schema.org\",\"@graph\":[{\"@type\":\"WebPage\",\"@id\":\"https:\\\/\\\/gdksoftware.com\\\/pt-br\\\/existe-uma-ferramenta-perfeita-para-migracao-delphi\",\"url\":\"https:\\\/\\\/gdksoftware.com\\\/pt-br\\\/existe-uma-ferramenta-perfeita-para-migracao-delphi\",\"name\":\"Existe uma ferramenta perfeita para migra\u00e7\u00e3o Delphi? - GDK Software\",\"isPartOf\":{\"@id\":\"https:\\\/\\\/gdksoftware.com\\\/pt-br#website\"},\"datePublished\":\"2022-03-15T12:56:05+00:00\",\"dateModified\":\"2023-03-30T19:39:12+00:00\",\"description\":\"Os programadores Delphi da GDK Software migraram centenas de aplica\u00e7\u00f5es Delphi existentes, com o GDK Duster, h\u00e1 mais de 500 solu\u00e7\u00f5es prontas para uso.\",\"breadcrumb\":{\"@id\":\"https:\\\/\\\/gdksoftware.com\\\/pt-br\\\/existe-uma-ferramenta-perfeita-para-migracao-delphi#breadcrumb\"},\"inLanguage\":\"pt-BR\",\"potentialAction\":[{\"@type\":\"ReadAction\",\"target\":[\"https:\\\/\\\/gdksoftware.com\\\/pt-br\\\/existe-uma-ferramenta-perfeita-para-migracao-delphi\"]}]},{\"@type\":\"BreadcrumbList\",\"@id\":\"https:\\\/\\\/gdksoftware.com\\\/pt-br\\\/existe-uma-ferramenta-perfeita-para-migracao-delphi#breadcrumb\",\"itemListElement\":[{\"@type\":\"ListItem\",\"position\":1,\"name\":\"Home\",\"item\":\"https:\\\/\\\/gdksoftware.com\\\/pt-br\"},{\"@type\":\"ListItem\",\"position\":2,\"name\":\"Existe uma ferramenta perfeita para migra\u00e7\u00e3o Delphi?\"}]},{\"@type\":\"WebSite\",\"@id\":\"https:\\\/\\\/gdksoftware.com\\\/pt-br#website\",\"url\":\"https:\\\/\\\/gdksoftware.com\\\/pt-br\",\"name\":\"GDK Software\",\"description\":\"Zet de stip op je horizon\",\"potentialAction\":[{\"@type\":\"SearchAction\",\"target\":{\"@type\":\"EntryPoint\",\"urlTemplate\":\"https:\\\/\\\/gdksoftware.com\\\/pt-br?s={search_term_string}\"},\"query-input\":{\"@type\":\"PropertyValueSpecification\",\"valueRequired\":true,\"valueName\":\"search_term_string\"}}],\"inLanguage\":\"pt-BR\"}]}<\/script>\n<!-- \/ Yoast SEO Premium plugin. -->","yoast_head_json":{"title":"Existe uma ferramenta perfeita para migra\u00e7\u00e3o Delphi? - GDK Software","description":"Os programadores Delphi da GDK Software migraram centenas de aplica\u00e7\u00f5es Delphi existentes, com o GDK Duster, h\u00e1 mais de 500 solu\u00e7\u00f5es prontas para uso.","robots":{"index":"index","follow":"follow","max-snippet":"max-snippet:-1","max-image-preview":"max-image-preview:large","max-video-preview":"max-video-preview:-1"},"canonical":"https:\/\/gdksoftware.com\/pt-br\/existe-uma-ferramenta-perfeita-para-migracao-delphi","og_locale":"pt_BR","og_type":"article","og_title":"Existe uma ferramenta perfeita para migra\u00e7\u00e3o Delphi?","og_description":"Os programadores Delphi da GDK Software migraram centenas de aplica\u00e7\u00f5es Delphi existentes, com o GDK Duster, h\u00e1 mais de 500 solu\u00e7\u00f5es prontas para uso.","og_url":"https:\/\/gdksoftware.com\/pt-br\/existe-uma-ferramenta-perfeita-para-migracao-delphi","og_site_name":"GDK Software","article_modified_time":"2023-03-30T19:39:12+00:00","twitter_card":"summary_large_image","schema":{"@context":"https:\/\/schema.org","@graph":[{"@type":"WebPage","@id":"https:\/\/gdksoftware.com\/pt-br\/existe-uma-ferramenta-perfeita-para-migracao-delphi","url":"https:\/\/gdksoftware.com\/pt-br\/existe-uma-ferramenta-perfeita-para-migracao-delphi","name":"Existe uma ferramenta perfeita para migra\u00e7\u00e3o Delphi? - GDK Software","isPartOf":{"@id":"https:\/\/gdksoftware.com\/pt-br#website"},"datePublished":"2022-03-15T12:56:05+00:00","dateModified":"2023-03-30T19:39:12+00:00","description":"Os programadores Delphi da GDK Software migraram centenas de aplica\u00e7\u00f5es Delphi existentes, com o GDK Duster, h\u00e1 mais de 500 solu\u00e7\u00f5es prontas para uso.","breadcrumb":{"@id":"https:\/\/gdksoftware.com\/pt-br\/existe-uma-ferramenta-perfeita-para-migracao-delphi#breadcrumb"},"inLanguage":"pt-BR","potentialAction":[{"@type":"ReadAction","target":["https:\/\/gdksoftware.com\/pt-br\/existe-uma-ferramenta-perfeita-para-migracao-delphi"]}]},{"@type":"BreadcrumbList","@id":"https:\/\/gdksoftware.com\/pt-br\/existe-uma-ferramenta-perfeita-para-migracao-delphi#breadcrumb","itemListElement":[{"@type":"ListItem","position":1,"name":"Home","item":"https:\/\/gdksoftware.com\/pt-br"},{"@type":"ListItem","position":2,"name":"Existe uma ferramenta perfeita para migra\u00e7\u00e3o Delphi?"}]},{"@type":"WebSite","@id":"https:\/\/gdksoftware.com\/pt-br#website","url":"https:\/\/gdksoftware.com\/pt-br","name":"GDK Software","description":"Zet de stip op je horizon","potentialAction":[{"@type":"SearchAction","target":{"@type":"EntryPoint","urlTemplate":"https:\/\/gdksoftware.com\/pt-br?s={search_term_string}"},"query-input":{"@type":"PropertyValueSpecification","valueRequired":true,"valueName":"search_term_string"}}],"inLanguage":"pt-BR"}]}},"_links":{"self":[{"href":"https:\/\/gdksoftware.com\/pt-br\/wp-json\/wp\/v2\/pages\/4172","targetHints":{"allow":["GET"]}}],"collection":[{"href":"https:\/\/gdksoftware.com\/pt-br\/wp-json\/wp\/v2\/pages"}],"about":[{"href":"https:\/\/gdksoftware.com\/pt-br\/wp-json\/wp\/v2\/types\/page"}],"author":[{"embeddable":true,"href":"https:\/\/gdksoftware.com\/pt-br\/wp-json\/wp\/v2\/users\/4"}],"replies":[{"embeddable":true,"href":"https:\/\/gdksoftware.com\/pt-br\/wp-json\/wp\/v2\/comments?post=4172"}],"version-history":[{"count":2,"href":"https:\/\/gdksoftware.com\/pt-br\/wp-json\/wp\/v2\/pages\/4172\/revisions"}],"predecessor-version":[{"id":4174,"href":"https:\/\/gdksoftware.com\/pt-br\/wp-json\/wp\/v2\/pages\/4172\/revisions\/4174"}],"wp:attachment":[{"href":"https:\/\/gdksoftware.com\/pt-br\/wp-json\/wp\/v2\/media?parent=4172"}],"curies":[{"name":"wp","href":"https:\/\/api.w.org\/{rel}","templated":true}]}}