{"id":4177,"date":"2022-01-11T09:52:09","date_gmt":"2022-01-11T08:52:09","guid":{"rendered":"https:\/\/gdksoftware.com\/delphi-developer-jobs"},"modified":"2023-03-31T14:22:51","modified_gmt":"2023-03-31T13:22:51","slug":"trabalhos-para-desenvovedores-delphi","status":"publish","type":"page","link":"https:\/\/gdksoftware.com\/pt-br\/trabalhos-para-desenvovedores-delphi","title":{"rendered":"Trabalhos para desenvolvedores Delphi: onde encontrar seu pr\u00f3ximo desafio?"},"content":{"rendered":"<p><strong>Procurando por um novo emprego como desenvolvedor Delphi? Existem muitas vagas abertas, ent\u00e3o encontre seu novo desafio!<\/strong><\/p>\n<p>A maioria das empresas pede a um desenvolvedor Delphi para atualizar ou atualizar suas pr\u00f3prias aplica\u00e7\u00f5es. Tamb\u00e9m \u00e9 poss\u00edvel trabalhar para uma ag\u00eancia &#8211; como a GDK Software &#8211; e trabalhar para muitos clientes diferentes. A grande vantagem \u00e9 que voc\u00ea d\u00e1 grandes passos como desenvolvedor, porque aprende com seus colegas e enfrenta diferentes desafios.<\/p>\n<p>Voc\u00ea mora na Holanda, Reino Unido ou Brasil? Na GDK Software estamos sempre \u00e0 procura de desenvolvedores Delphi experientes. Por favor, verifique nossa p\u00e1gina &#8216;<a href=\"https:\/\/gdksoftware.com\/pt-br\/carreiras\">Carreiras<\/a>&#8216;.<\/p>\n<h3>Encontre empregos na Delphi em Indeed<\/h3>\n<p>H\u00e1 tamb\u00e9m v\u00e1rios conselhos de empregos onde voc\u00ea pode encontrar vagas Delphi em sua \u00e1rea. O local de trabalho mais conhecido \u00e9 <a href=\"https:\/\/www.indeed.com\/jobs?q=delphi+developer&amp;vjk=7b819e61e9ed03dd\">Indeed<\/a>. De fato, \u00e9 um site mundial de emprego para an\u00fancios de emprego lan\u00e7ados em 2004. O site agrega as ofertas de emprego da Delphi a partir de milhares de sites.<\/p>\n<h3>Confira tamb\u00e9m LinkedIn Jobs<\/h3>\n<p>Al\u00e9m disso, \u00e9 recomendado criar um perfil no LinkedIn e visualizar as<a href=\"https:\/\/www.linkedin.com\/jobs\/search\/?currentJobId=3500668766&amp;keywords=delphi\"> vagas no LinkedIn<\/a>. Cada vez mais empresas est\u00e3o anunciando vagas nesta plataforma de m\u00eddia social, porque o LinkedIn n\u00e3o cobra nenhum custo por isso. H\u00e1 tamb\u00e9m uma grande comunidade Delphi no LinkedIn, portanto \u00e9 interessante para muitas empresas empurrar suas vagas para l\u00e1.<\/p>\n","protected":false},"excerpt":{"rendered":"<p>Procurando por um novo emprego como desenvolvedor Delphi? Existem muitas vagas abertas, ent\u00e3o encontre seu novo desafio! A maioria das empresas pede a um desenvolvedor Delphi para atualizar ou atualizar suas pr\u00f3prias aplica\u00e7\u00f5es. Tamb\u00e9m \u00e9 poss\u00edvel trabalhar para uma ag\u00eancia &#8211; como a GDK Software &#8211; e trabalhar para muitos clientes diferentes. A grande vantagem [&hellip;]<\/p>\n","protected":false},"author":4,"featured_media":4167,"parent":0,"menu_order":0,"comment_status":"closed","ping_status":"closed","template":"","meta":{"_acf_changed":false,"footnotes":""},"class_list":["post-4177","page","type-page","status-publish","has-post-thumbnail","hentry"],"acf":{"type_hero":"img","hero_image":2805,"hero_image_position":"","hero_title":"Trabalhos para desenvolvedores Delphi: onde encontrar seu pr\u00f3ximo desafio?","hero_content":"","hero_link":null,"hero_show_h1":false,"flexible_content":null},"yoast_head":"<!-- This site is optimized with the Yoast SEO Premium plugin v26.8 (Yoast SEO v27.4) - https:\/\/yoast.com\/product\/yoast-seo-premium-wordpress\/ -->\n<title>Trabalhos para desenvolvedores Delphi: onde encontrar seu pr\u00f3ximo desafio? - GDK Software<\/title>\n<meta name=\"description\" content=\"Voc\u00ea mora na Holanda ou no Reino Unido? Na GDK Software estamos sempre \u00e0 procura de desenvolvedores Delphi experientes.\" \/>\n<meta name=\"robots\" content=\"index, follow, max-snippet:-1, max-image-preview:large, max-video-preview:-1\" \/>\n<link rel=\"canonical\" href=\"https:\/\/gdksoftware.com\/pt-br\/trabalhos-para-desenvovedores-delphi\" \/>\n<meta property=\"og:locale\" content=\"pt_BR\" \/>\n<meta property=\"og:type\" content=\"article\" \/>\n<meta property=\"og:title\" content=\"Trabalhos para desenvolvedores Delphi: onde encontrar seu pr\u00f3ximo desafio?\" \/>\n<meta property=\"og:description\" content=\"Voc\u00ea mora na Holanda ou no Reino Unido? Na GDK Software estamos sempre \u00e0 procura de desenvolvedores Delphi experientes.\" \/>\n<meta property=\"og:url\" content=\"https:\/\/gdksoftware.com\/pt-br\/trabalhos-para-desenvovedores-delphi\" \/>\n<meta property=\"og:site_name\" content=\"GDK Software\" \/>\n<meta property=\"article:modified_time\" content=\"2023-03-31T13:22:51+00:00\" \/>\n<meta property=\"og:image\" content=\"https:\/\/gdksoftware.com\/wp-content\/uploads\/2021\/10\/Overleg-achter-computer-scaled.jpg\" \/>\n\t<meta property=\"og:image:width\" content=\"2560\" \/>\n\t<meta property=\"og:image:height\" content=\"1707\" \/>\n\t<meta property=\"og:image:type\" content=\"image\/jpeg\" \/>\n<meta name=\"twitter:card\" content=\"summary_large_image\" \/>\n<meta name=\"twitter:label1\" content=\"Est. tempo de leitura\" \/>\n\t<meta name=\"twitter:data1\" content=\"2 minutos\" \/>\n<script type=\"application\/ld+json\" class=\"yoast-schema-graph\">{\"@context\":\"https:\\\/\\\/schema.org\",\"@graph\":[{\"@type\":\"WebPage\",\"@id\":\"https:\\\/\\\/gdksoftware.com\\\/pt-br\\\/trabalhos-para-desenvovedores-delphi\",\"url\":\"https:\\\/\\\/gdksoftware.com\\\/pt-br\\\/trabalhos-para-desenvovedores-delphi\",\"name\":\"Trabalhos para desenvolvedores Delphi: onde encontrar seu pr\u00f3ximo desafio? - GDK Software\",\"isPartOf\":{\"@id\":\"https:\\\/\\\/gdksoftware.com\\\/pt-br#website\"},\"primaryImageOfPage\":{\"@id\":\"https:\\\/\\\/gdksoftware.com\\\/pt-br\\\/trabalhos-para-desenvovedores-delphi#primaryimage\"},\"image\":{\"@id\":\"https:\\\/\\\/gdksoftware.com\\\/pt-br\\\/trabalhos-para-desenvovedores-delphi#primaryimage\"},\"thumbnailUrl\":\"https:\\\/\\\/gdksoftware.com\\\/wp-content\\\/uploads\\\/2021\\\/10\\\/Overleg-achter-computer-scaled.jpg\",\"datePublished\":\"2022-01-11T08:52:09+00:00\",\"dateModified\":\"2023-03-31T13:22:51+00:00\",\"description\":\"Voc\u00ea mora na Holanda ou no Reino Unido? Na GDK Software estamos sempre \u00e0 procura de desenvolvedores Delphi experientes.\",\"breadcrumb\":{\"@id\":\"https:\\\/\\\/gdksoftware.com\\\/pt-br\\\/trabalhos-para-desenvovedores-delphi#breadcrumb\"},\"inLanguage\":\"pt-BR\",\"potentialAction\":[{\"@type\":\"ReadAction\",\"target\":[\"https:\\\/\\\/gdksoftware.com\\\/pt-br\\\/trabalhos-para-desenvovedores-delphi\"]}]},{\"@type\":\"ImageObject\",\"inLanguage\":\"pt-BR\",\"@id\":\"https:\\\/\\\/gdksoftware.com\\\/pt-br\\\/trabalhos-para-desenvovedores-delphi#primaryimage\",\"url\":\"https:\\\/\\\/gdksoftware.com\\\/wp-content\\\/uploads\\\/2021\\\/10\\\/Overleg-achter-computer-scaled.jpg\",\"contentUrl\":\"https:\\\/\\\/gdksoftware.com\\\/wp-content\\\/uploads\\\/2021\\\/10\\\/Overleg-achter-computer-scaled.jpg\",\"width\":2560,\"height\":1707},{\"@type\":\"BreadcrumbList\",\"@id\":\"https:\\\/\\\/gdksoftware.com\\\/pt-br\\\/trabalhos-para-desenvovedores-delphi#breadcrumb\",\"itemListElement\":[{\"@type\":\"ListItem\",\"position\":1,\"name\":\"Home\",\"item\":\"https:\\\/\\\/gdksoftware.com\\\/pt-br\"},{\"@type\":\"ListItem\",\"position\":2,\"name\":\"Trabalhos para desenvolvedores Delphi: onde encontrar seu pr\u00f3ximo desafio?\"}]},{\"@type\":\"WebSite\",\"@id\":\"https:\\\/\\\/gdksoftware.com\\\/pt-br#website\",\"url\":\"https:\\\/\\\/gdksoftware.com\\\/pt-br\",\"name\":\"GDK Software\",\"description\":\"Zet de stip op je horizon\",\"potentialAction\":[{\"@type\":\"SearchAction\",\"target\":{\"@type\":\"EntryPoint\",\"urlTemplate\":\"https:\\\/\\\/gdksoftware.com\\\/pt-br?s={search_term_string}\"},\"query-input\":{\"@type\":\"PropertyValueSpecification\",\"valueRequired\":true,\"valueName\":\"search_term_string\"}}],\"inLanguage\":\"pt-BR\"}]}<\/script>\n<!-- \/ Yoast SEO Premium plugin. -->","yoast_head_json":{"title":"Trabalhos para desenvolvedores Delphi: onde encontrar seu pr\u00f3ximo desafio? - GDK Software","description":"Voc\u00ea mora na Holanda ou no Reino Unido? Na GDK Software estamos sempre \u00e0 procura de desenvolvedores Delphi experientes.","robots":{"index":"index","follow":"follow","max-snippet":"max-snippet:-1","max-image-preview":"max-image-preview:large","max-video-preview":"max-video-preview:-1"},"canonical":"https:\/\/gdksoftware.com\/pt-br\/trabalhos-para-desenvovedores-delphi","og_locale":"pt_BR","og_type":"article","og_title":"Trabalhos para desenvolvedores Delphi: onde encontrar seu pr\u00f3ximo desafio?","og_description":"Voc\u00ea mora na Holanda ou no Reino Unido? Na GDK Software estamos sempre \u00e0 procura de desenvolvedores Delphi experientes.","og_url":"https:\/\/gdksoftware.com\/pt-br\/trabalhos-para-desenvovedores-delphi","og_site_name":"GDK Software","article_modified_time":"2023-03-31T13:22:51+00:00","og_image":[{"width":2560,"height":1707,"url":"https:\/\/gdksoftware.com\/wp-content\/uploads\/2021\/10\/Overleg-achter-computer-scaled.jpg","type":"image\/jpeg"}],"twitter_card":"summary_large_image","twitter_misc":{"Est. tempo de leitura":"2 minutos"},"schema":{"@context":"https:\/\/schema.org","@graph":[{"@type":"WebPage","@id":"https:\/\/gdksoftware.com\/pt-br\/trabalhos-para-desenvovedores-delphi","url":"https:\/\/gdksoftware.com\/pt-br\/trabalhos-para-desenvovedores-delphi","name":"Trabalhos para desenvolvedores Delphi: onde encontrar seu pr\u00f3ximo desafio? - GDK Software","isPartOf":{"@id":"https:\/\/gdksoftware.com\/pt-br#website"},"primaryImageOfPage":{"@id":"https:\/\/gdksoftware.com\/pt-br\/trabalhos-para-desenvovedores-delphi#primaryimage"},"image":{"@id":"https:\/\/gdksoftware.com\/pt-br\/trabalhos-para-desenvovedores-delphi#primaryimage"},"thumbnailUrl":"https:\/\/gdksoftware.com\/wp-content\/uploads\/2021\/10\/Overleg-achter-computer-scaled.jpg","datePublished":"2022-01-11T08:52:09+00:00","dateModified":"2023-03-31T13:22:51+00:00","description":"Voc\u00ea mora na Holanda ou no Reino Unido? Na GDK Software estamos sempre \u00e0 procura de desenvolvedores Delphi experientes.","breadcrumb":{"@id":"https:\/\/gdksoftware.com\/pt-br\/trabalhos-para-desenvovedores-delphi#breadcrumb"},"inLanguage":"pt-BR","potentialAction":[{"@type":"ReadAction","target":["https:\/\/gdksoftware.com\/pt-br\/trabalhos-para-desenvovedores-delphi"]}]},{"@type":"ImageObject","inLanguage":"pt-BR","@id":"https:\/\/gdksoftware.com\/pt-br\/trabalhos-para-desenvovedores-delphi#primaryimage","url":"https:\/\/gdksoftware.com\/wp-content\/uploads\/2021\/10\/Overleg-achter-computer-scaled.jpg","contentUrl":"https:\/\/gdksoftware.com\/wp-content\/uploads\/2021\/10\/Overleg-achter-computer-scaled.jpg","width":2560,"height":1707},{"@type":"BreadcrumbList","@id":"https:\/\/gdksoftware.com\/pt-br\/trabalhos-para-desenvovedores-delphi#breadcrumb","itemListElement":[{"@type":"ListItem","position":1,"name":"Home","item":"https:\/\/gdksoftware.com\/pt-br"},{"@type":"ListItem","position":2,"name":"Trabalhos para desenvolvedores Delphi: onde encontrar seu pr\u00f3ximo desafio?"}]},{"@type":"WebSite","@id":"https:\/\/gdksoftware.com\/pt-br#website","url":"https:\/\/gdksoftware.com\/pt-br","name":"GDK Software","description":"Zet de stip op je horizon","potentialAction":[{"@type":"SearchAction","target":{"@type":"EntryPoint","urlTemplate":"https:\/\/gdksoftware.com\/pt-br?s={search_term_string}"},"query-input":{"@type":"PropertyValueSpecification","valueRequired":true,"valueName":"search_term_string"}}],"inLanguage":"pt-BR"}]}},"_links":{"self":[{"href":"https:\/\/gdksoftware.com\/pt-br\/wp-json\/wp\/v2\/pages\/4177","targetHints":{"allow":["GET"]}}],"collection":[{"href":"https:\/\/gdksoftware.com\/pt-br\/wp-json\/wp\/v2\/pages"}],"about":[{"href":"https:\/\/gdksoftware.com\/pt-br\/wp-json\/wp\/v2\/types\/page"}],"author":[{"embeddable":true,"href":"https:\/\/gdksoftware.com\/pt-br\/wp-json\/wp\/v2\/users\/4"}],"replies":[{"embeddable":true,"href":"https:\/\/gdksoftware.com\/pt-br\/wp-json\/wp\/v2\/comments?post=4177"}],"version-history":[{"count":3,"href":"https:\/\/gdksoftware.com\/pt-br\/wp-json\/wp\/v2\/pages\/4177\/revisions"}],"predecessor-version":[{"id":4180,"href":"https:\/\/gdksoftware.com\/pt-br\/wp-json\/wp\/v2\/pages\/4177\/revisions\/4180"}],"wp:featuredmedia":[{"embeddable":true,"href":"https:\/\/gdksoftware.com\/pt-br\/wp-json\/wp\/v2\/media\/4167"}],"wp:attachment":[{"href":"https:\/\/gdksoftware.com\/pt-br\/wp-json\/wp\/v2\/media?parent=4177"}],"curies":[{"name":"wp","href":"https:\/\/api.w.org\/{rel}","templated":true}]}}