{"id":4182,"date":"2021-06-23T15:41:31","date_gmt":"2021-06-23T14:41:31","guid":{"rendered":"https:\/\/gdksoftware.com\/no-code-and-low-code"},"modified":"2023-03-31T15:27:56","modified_gmt":"2023-03-31T14:27:56","slug":"o-que-no-code-e-low-code-significam","status":"publish","type":"page","link":"https:\/\/gdksoftware.com\/pt-br\/o-que-no-code-e-low-code-significam","title":{"rendered":"O que &#8220;No Code&#8221; e &#8220;Low Code&#8221; significam?"},"content":{"rendered":"","protected":false},"excerpt":{"rendered":"","protected":false},"author":1,"featured_media":3011,"parent":0,"menu_order":0,"comment_status":"closed","ping_status":"closed","template":"","meta":{"_acf_changed":false,"footnotes":""},"class_list":["post-4182","page","type-page","status-publish","has-post-thumbnail","hentry"],"acf":{"type_hero":"img","hero_image":1083,"hero_image_position":"","hero_title":"O que \"No Code\" e \"Low Code\" significam?","hero_content":"","hero_link":null,"hero_show_h1":false,"flexible_content":[{"acf_fc_layout":"text","text_type":"container","text_marge":"none","text_id":"","text_title":"","text_content":"<strong>Programa\u00e7\u00e3o sem digita\u00e7\u00e3o de uma \u00fanica linha de c\u00f3digo. Isto j\u00e1 \u00e9 poss\u00edvel, gra\u00e7as \u00e0 aus\u00eancia de c\u00f3digo e ao baixo c\u00f3digo. Mas quais s\u00e3o as diferen\u00e7as entre Low code e No code?<\/strong>\r\n\r\nAs plataformas de No code e Low code est\u00e3o chegando. Elas est\u00e3o prontas para a digitaliza\u00e7\u00e3o de nossa sociedade. H\u00e1 uma grande demanda para desenvolvedores, mas n\u00e3o h\u00e1 profissionais qualificados suficientes, o que significa que muitas empresas t\u00eam escassez. Gra\u00e7as \u00e0 no code e low code aplicativos podem ser desenvolvidos mais rapidamente. Isto significa que as empresas podem se concentrar mais na inova\u00e7\u00e3o.\r\n\r\nO low code e no code s\u00e3o muito parecidos. Por exemplo, \u00e9 utilizado um fluxo de trabalho no qual blocos visuais com c\u00f3digo s\u00e3o arrastados. Mas tamb\u00e9m h\u00e1 algumas diferen\u00e7as.\r\n\r\n<img class=\"alignnone size-full wp-image-2668\" src=\"https:\/\/gdksoftware.com\/wp-content\/uploads\/2021\/06\/featured-tools-2@2x.png\" alt=\"\" width=\"600\" \/>\r\n<h3>Low code<\/h3>\r\nPor exemplo, o low code requer conhecimento de programa\u00e7\u00e3o. Noventa por cento de uma aplica\u00e7\u00e3o pode ser modelada visualmente, mas dez por cento de uma aplica\u00e7\u00e3o deve ser programada. Mendix \u00e9 uma conhecida plataforma de low code. Na GDK Software somos parceiros do Mendix, por isso desenvolvemos muitas aplica\u00e7\u00f5es Mendix. Existem outras plataformas de low code, como a Thinkwise e a OutSystems. Todas estas plataformas de low code usam principalmente Java &amp; .NET. O Mendix permite que os desenvolvedores criem aplica\u00e7\u00f5es web m\u00f3veis e progressivas e integrem aplica\u00e7\u00f5es via APIs. Tudo isso \u00e9 poss\u00edvel dentro de uma plataforma completa, de ponta a ponta.\r\n<h3>No code<\/h3>\r\nNo code requer nenhum conhecimento de programa\u00e7\u00e3o, o que torna no code muito adequado para os chamados desenvolvedores cidad\u00e3os. Estas s\u00e3o pessoas sem conhecimentos de programa\u00e7\u00e3o. Gra\u00e7as \u00e0 aus\u00eancia de c\u00f3digo, elas podem converter suas pr\u00f3prias id\u00e9ias em um aplicativo funcional. No final, os desenvolvedores s\u00e3o sempre necess\u00e1rios para converter uma prova de conceito em uma aplica\u00e7\u00e3o operacional. Nenhuma plataforma de c\u00f3digo \u00e9 baseada em Javascript e HTML.\r\n<h3>Uma quest\u00e3o de escala<\/h3>\r\nLow code or no code? As diferen\u00e7as s\u00e3o pequenas, mas eventualmente \u00e9 uma quest\u00e3o de escala. Mendix e OutSystems trabalham com licen\u00e7as. Se uma empresa est\u00e1 se desenvolvendo em pequena escala, os custos de licenciamento podem ser muito altos. Nesse caso, pode ser s\u00e1bio construir uma aplica\u00e7\u00e3o de c\u00f3digo completo feita sob medida em vez de uma aplica\u00e7\u00e3o de low code ou no code.","text_content2":"","text_content3":"","text_side_image":null,"text_side_images":null,"text_side_shortcuts_title":"","text_side_shortcuts":null,"text_side_usps":""},{"acf_fc_layout":"related_persons","related_persons_title":"Let's talk!","related_persons_id":"","related_persons":[1398,1384]}]},"yoast_head":"<!-- This site is optimized with the Yoast SEO Premium plugin v26.8 (Yoast SEO v27.3) - https:\/\/yoast.com\/product\/yoast-seo-premium-wordpress\/ -->\n<title>O que &quot;No Code&quot; e &quot;Low Code&quot; significam? - GDK Software<\/title>\n<meta name=\"description\" content=\"As plataformas de No code e Low code est\u00e3o chegando. Elas est\u00e3o prontas para a digitaliza\u00e7\u00e3o de nossa sociedade.\" \/>\n<meta name=\"robots\" content=\"index, follow, max-snippet:-1, max-image-preview:large, max-video-preview:-1\" \/>\n<link rel=\"canonical\" href=\"https:\/\/gdksoftware.com\/pt-br\/o-que-no-code-e-low-code-significam\" \/>\n<meta property=\"og:locale\" content=\"pt_BR\" \/>\n<meta property=\"og:type\" content=\"article\" \/>\n<meta property=\"og:title\" content=\"O que &quot;No Code&quot; e &quot;Low Code&quot; significam?\" \/>\n<meta property=\"og:description\" content=\"As plataformas de No code e Low code est\u00e3o chegando. Elas est\u00e3o prontas para a digitaliza\u00e7\u00e3o de nossa sociedade.\" \/>\n<meta property=\"og:url\" content=\"https:\/\/gdksoftware.com\/pt-br\/o-que-no-code-e-low-code-significam\" \/>\n<meta property=\"og:site_name\" content=\"GDK Software\" \/>\n<meta property=\"article:modified_time\" content=\"2023-03-31T14:27:56+00:00\" \/>\n<meta property=\"og:image\" content=\"https:\/\/gdksoftware.com\/wp-content\/uploads\/2020\/05\/Startmeeting-Delphi-1-1-scaled.jpg\" \/>\n\t<meta property=\"og:image:width\" content=\"2560\" \/>\n\t<meta property=\"og:image:height\" content=\"1707\" \/>\n\t<meta property=\"og:image:type\" content=\"image\/jpeg\" \/>\n<meta name=\"twitter:card\" content=\"summary_large_image\" \/>\n<script type=\"application\/ld+json\" class=\"yoast-schema-graph\">{\"@context\":\"https:\\\/\\\/schema.org\",\"@graph\":[{\"@type\":\"WebPage\",\"@id\":\"https:\\\/\\\/gdksoftware.com\\\/pt-br\\\/o-que-no-code-e-low-code-significam\",\"url\":\"https:\\\/\\\/gdksoftware.com\\\/pt-br\\\/o-que-no-code-e-low-code-significam\",\"name\":\"O que \\\"No Code\\\" e \\\"Low Code\\\" significam? - GDK Software\",\"isPartOf\":{\"@id\":\"https:\\\/\\\/gdksoftware.com\\\/pt-br#website\"},\"primaryImageOfPage\":{\"@id\":\"https:\\\/\\\/gdksoftware.com\\\/pt-br\\\/o-que-no-code-e-low-code-significam#primaryimage\"},\"image\":{\"@id\":\"https:\\\/\\\/gdksoftware.com\\\/pt-br\\\/o-que-no-code-e-low-code-significam#primaryimage\"},\"thumbnailUrl\":\"https:\\\/\\\/gdksoftware.com\\\/wp-content\\\/uploads\\\/2020\\\/05\\\/Startmeeting-Delphi-1-1-scaled.jpg\",\"datePublished\":\"2021-06-23T14:41:31+00:00\",\"dateModified\":\"2023-03-31T14:27:56+00:00\",\"description\":\"As plataformas de No code e Low code est\u00e3o chegando. Elas est\u00e3o prontas para a digitaliza\u00e7\u00e3o de nossa sociedade.\",\"breadcrumb\":{\"@id\":\"https:\\\/\\\/gdksoftware.com\\\/pt-br\\\/o-que-no-code-e-low-code-significam#breadcrumb\"},\"inLanguage\":\"pt-BR\",\"potentialAction\":[{\"@type\":\"ReadAction\",\"target\":[\"https:\\\/\\\/gdksoftware.com\\\/pt-br\\\/o-que-no-code-e-low-code-significam\"]}]},{\"@type\":\"ImageObject\",\"inLanguage\":\"pt-BR\",\"@id\":\"https:\\\/\\\/gdksoftware.com\\\/pt-br\\\/o-que-no-code-e-low-code-significam#primaryimage\",\"url\":\"https:\\\/\\\/gdksoftware.com\\\/wp-content\\\/uploads\\\/2020\\\/05\\\/Startmeeting-Delphi-1-1-scaled.jpg\",\"contentUrl\":\"https:\\\/\\\/gdksoftware.com\\\/wp-content\\\/uploads\\\/2020\\\/05\\\/Startmeeting-Delphi-1-1-scaled.jpg\",\"width\":2560,\"height\":1707},{\"@type\":\"BreadcrumbList\",\"@id\":\"https:\\\/\\\/gdksoftware.com\\\/pt-br\\\/o-que-no-code-e-low-code-significam#breadcrumb\",\"itemListElement\":[{\"@type\":\"ListItem\",\"position\":1,\"name\":\"Home\",\"item\":\"https:\\\/\\\/gdksoftware.com\\\/pt-br\"},{\"@type\":\"ListItem\",\"position\":2,\"name\":\"O que &#8220;No Code&#8221; e &#8220;Low Code&#8221; significam?\"}]},{\"@type\":\"WebSite\",\"@id\":\"https:\\\/\\\/gdksoftware.com\\\/pt-br#website\",\"url\":\"https:\\\/\\\/gdksoftware.com\\\/pt-br\",\"name\":\"GDK Software\",\"description\":\"Zet de stip op je horizon\",\"potentialAction\":[{\"@type\":\"SearchAction\",\"target\":{\"@type\":\"EntryPoint\",\"urlTemplate\":\"https:\\\/\\\/gdksoftware.com\\\/pt-br?s={search_term_string}\"},\"query-input\":{\"@type\":\"PropertyValueSpecification\",\"valueRequired\":true,\"valueName\":\"search_term_string\"}}],\"inLanguage\":\"pt-BR\"}]}<\/script>\n<!-- \/ Yoast SEO Premium plugin. -->","yoast_head_json":{"title":"O que \"No Code\" e \"Low Code\" significam? - GDK Software","description":"As plataformas de No code e Low code est\u00e3o chegando. Elas est\u00e3o prontas para a digitaliza\u00e7\u00e3o de nossa sociedade.","robots":{"index":"index","follow":"follow","max-snippet":"max-snippet:-1","max-image-preview":"max-image-preview:large","max-video-preview":"max-video-preview:-1"},"canonical":"https:\/\/gdksoftware.com\/pt-br\/o-que-no-code-e-low-code-significam","og_locale":"pt_BR","og_type":"article","og_title":"O que \"No Code\" e \"Low Code\" significam?","og_description":"As plataformas de No code e Low code est\u00e3o chegando. Elas est\u00e3o prontas para a digitaliza\u00e7\u00e3o de nossa sociedade.","og_url":"https:\/\/gdksoftware.com\/pt-br\/o-que-no-code-e-low-code-significam","og_site_name":"GDK Software","article_modified_time":"2023-03-31T14:27:56+00:00","og_image":[{"width":2560,"height":1707,"url":"https:\/\/gdksoftware.com\/wp-content\/uploads\/2020\/05\/Startmeeting-Delphi-1-1-scaled.jpg","type":"image\/jpeg"}],"twitter_card":"summary_large_image","schema":{"@context":"https:\/\/schema.org","@graph":[{"@type":"WebPage","@id":"https:\/\/gdksoftware.com\/pt-br\/o-que-no-code-e-low-code-significam","url":"https:\/\/gdksoftware.com\/pt-br\/o-que-no-code-e-low-code-significam","name":"O que \"No Code\" e \"Low Code\" significam? - GDK Software","isPartOf":{"@id":"https:\/\/gdksoftware.com\/pt-br#website"},"primaryImageOfPage":{"@id":"https:\/\/gdksoftware.com\/pt-br\/o-que-no-code-e-low-code-significam#primaryimage"},"image":{"@id":"https:\/\/gdksoftware.com\/pt-br\/o-que-no-code-e-low-code-significam#primaryimage"},"thumbnailUrl":"https:\/\/gdksoftware.com\/wp-content\/uploads\/2020\/05\/Startmeeting-Delphi-1-1-scaled.jpg","datePublished":"2021-06-23T14:41:31+00:00","dateModified":"2023-03-31T14:27:56+00:00","description":"As plataformas de No code e Low code est\u00e3o chegando. Elas est\u00e3o prontas para a digitaliza\u00e7\u00e3o de nossa sociedade.","breadcrumb":{"@id":"https:\/\/gdksoftware.com\/pt-br\/o-que-no-code-e-low-code-significam#breadcrumb"},"inLanguage":"pt-BR","potentialAction":[{"@type":"ReadAction","target":["https:\/\/gdksoftware.com\/pt-br\/o-que-no-code-e-low-code-significam"]}]},{"@type":"ImageObject","inLanguage":"pt-BR","@id":"https:\/\/gdksoftware.com\/pt-br\/o-que-no-code-e-low-code-significam#primaryimage","url":"https:\/\/gdksoftware.com\/wp-content\/uploads\/2020\/05\/Startmeeting-Delphi-1-1-scaled.jpg","contentUrl":"https:\/\/gdksoftware.com\/wp-content\/uploads\/2020\/05\/Startmeeting-Delphi-1-1-scaled.jpg","width":2560,"height":1707},{"@type":"BreadcrumbList","@id":"https:\/\/gdksoftware.com\/pt-br\/o-que-no-code-e-low-code-significam#breadcrumb","itemListElement":[{"@type":"ListItem","position":1,"name":"Home","item":"https:\/\/gdksoftware.com\/pt-br"},{"@type":"ListItem","position":2,"name":"O que &#8220;No Code&#8221; e &#8220;Low Code&#8221; significam?"}]},{"@type":"WebSite","@id":"https:\/\/gdksoftware.com\/pt-br#website","url":"https:\/\/gdksoftware.com\/pt-br","name":"GDK Software","description":"Zet de stip op je horizon","potentialAction":[{"@type":"SearchAction","target":{"@type":"EntryPoint","urlTemplate":"https:\/\/gdksoftware.com\/pt-br?s={search_term_string}"},"query-input":{"@type":"PropertyValueSpecification","valueRequired":true,"valueName":"search_term_string"}}],"inLanguage":"pt-BR"}]}},"_links":{"self":[{"href":"https:\/\/gdksoftware.com\/pt-br\/wp-json\/wp\/v2\/pages\/4182","targetHints":{"allow":["GET"]}}],"collection":[{"href":"https:\/\/gdksoftware.com\/pt-br\/wp-json\/wp\/v2\/pages"}],"about":[{"href":"https:\/\/gdksoftware.com\/pt-br\/wp-json\/wp\/v2\/types\/page"}],"author":[{"embeddable":true,"href":"https:\/\/gdksoftware.com\/pt-br\/wp-json\/wp\/v2\/users\/1"}],"replies":[{"embeddable":true,"href":"https:\/\/gdksoftware.com\/pt-br\/wp-json\/wp\/v2\/comments?post=4182"}],"version-history":[{"count":2,"href":"https:\/\/gdksoftware.com\/pt-br\/wp-json\/wp\/v2\/pages\/4182\/revisions"}],"predecessor-version":[{"id":4185,"href":"https:\/\/gdksoftware.com\/pt-br\/wp-json\/wp\/v2\/pages\/4182\/revisions\/4185"}],"wp:featuredmedia":[{"embeddable":true,"href":"https:\/\/gdksoftware.com\/pt-br\/wp-json\/wp\/v2\/media\/3011"}],"wp:attachment":[{"href":"https:\/\/gdksoftware.com\/pt-br\/wp-json\/wp\/v2\/media?parent=4182"}],"curies":[{"name":"wp","href":"https:\/\/api.w.org\/{rel}","templated":true}]}}