{"id":4219,"date":"2020-06-23T13:53:52","date_gmt":"2020-06-23T12:53:52","guid":{"rendered":"https:\/\/gdksoftware.com\/remco-about-gdk"},"modified":"2023-03-31T17:21:16","modified_gmt":"2023-03-31T16:21:16","slug":"remco-sobre-a-gdk","status":"publish","type":"page","link":"https:\/\/gdksoftware.com\/pt-br\/remco-sobre-a-gdk","title":{"rendered":"Remco sobre a GDK"},"content":{"rendered":"","protected":false},"excerpt":{"rendered":"","protected":false},"author":4,"featured_media":0,"parent":0,"menu_order":0,"comment_status":"closed","ping_status":"closed","template":"","meta":{"_acf_changed":false,"footnotes":""},"class_list":["post-4219","page","type-page","status-publish","hentry"],"acf":{"type_hero":"img-text","hero_image":537,"hero_image_position":"","hero_title":"\"Atribuo grande import\u00e2ncia a um desafio necess\u00e1rio\"","hero_content":"","hero_link":"","hero_show_h1":false,"flexible_content":[{"acf_fc_layout":"text","text_type":"container","text_marge":"lg","text_id":"","text_title":"","text_content":"<strong>O desenvolvedor Remco se deparou com a GDK durante seus estudos e decidiu candidatar-se a um emprego. Uma boa jogada! Ele vem trabalhando h\u00e1 alguns anos e cresceu como desenvolvedor e como pessoa. \"Delphi, Mendix, Reage: Eu tento ganhar o m\u00e1ximo de conhecimento poss\u00edvel. Desta forma, posso participar das discuss\u00f5es com meus colegas e saber o que est\u00e1 acontecendo. N\u00f3s nos mantemos afiados um ao outro\".<\/strong>\r\n\r\n<strong>Cada vez mais divers\u00e3o na programa\u00e7\u00e3o<\/strong>\r\n\r\nRemco iniciou seu curso de inform\u00e1tica em Breda sem conhecimentos de programa\u00e7\u00e3o. \"Isso foi muito dif\u00edcil, porque voc\u00ea tem que entender os princ\u00edpios da programa\u00e7\u00e3o\", diz ele. \"Eu n\u00e3o tinha inten\u00e7\u00e3o de me tornar um desenvolvedor no in\u00edcio de meus estudos\". Isso mudou durante meus estudos\". No segundo ano, comecei a fazer aplica\u00e7\u00f5es que funcionavam e fazia algo \u00fatil. Isso me deu muito mais prazer, porque agora eu podia exibir informa\u00e7\u00f5es em pain\u00e9is gr\u00e1ficos, fazer jogos 2D e desenvolver aplica\u00e7\u00f5es para controlar o hardware\". Por exemplo, escrevi um programa para controlar as l\u00e2mpadas Philips Hue e desenvolvi um sistema para monitorar o consumo de energia atrav\u00e9s da leitura do medidor de eletricidade no arm\u00e1rio do medidor\".","text_content2":"","text_content3":"","text_side_image":null,"text_side_images":null,"text_side_shortcuts_title":"","text_side_shortcuts":null,"text_side_usps":""},{"acf_fc_layout":"quote","quote_content":"\"A atmosfera no trabalho \u00e9 talvez ainda mais importante do que o trabalho que fa\u00e7o\".","quote_id":"","quote_title":"Remco, desenvolvedor da GDK"},{"acf_fc_layout":"text","text_type":"columns-2","text_marge":"lg","text_id":"","text_title":"","text_content":"<h4>Clean Code<\/h4>\r\nAp\u00f3s quatro anos de divers\u00e3o, a Remco se uniu \u00e0 GDK como desenvolvedora da Delphi. \"Queremos levar nosso software a um alto padr\u00e3o e mant\u00ea-lo l\u00e1. Eu noto que quando fazemos uma atualiza\u00e7\u00e3o da Delphi para um novo cliente. Ent\u00e3o vejo peda\u00e7os de c\u00f3digo de um desenvolvedor Delphi externo que \u00e9 um pouco antiquado.\r\n\r\n\"Por exemplo, na GDK usamos princ\u00edpios espec\u00edficos que n\u00e3o est\u00e3o sendo usados com freq\u00fc\u00eancia suficiente em outros lugares. Tentamos escrever certas pe\u00e7as de c\u00f3digo que n\u00e3o s\u00e3o dependentes umas das outras. Se algo falhar, ent\u00e3o outra parte da aplica\u00e7\u00e3o ainda funcionar\u00e1. Isto torna a escrita e a manuten\u00e7\u00e3o de uma aplica\u00e7\u00e3o muito mais f\u00e1cil e menos demorada. O livro 'Clean Code' cont\u00e9m diretrizes sobre como fazer software como desenvolvedor. \u00c9 nisto que meus colegas e eu confiamos\".","text_content2":"<strong>Ambiente de trabalho positivo<\/strong>\r\n\r\nA atmosfera dentro da empresa \u00e9 muito importante para a Remco. \"Isto talvez seja ainda mais importante do que o trabalho que fa\u00e7o. Temos v\u00e1rios dias de empresa por ano, durante os quais nos encontramos com nossos colegas ingleses. No ano passado, fizemos uma ca\u00e7a ao tesouro em Londres com uma t\u00e1bua, indo ao Big Ben e ao London Eye. \u00c9 claro que todos n\u00f3s \u00e9ramos muito competitivos, ha ha. Na GDK n\u00f3s gostamos de um jogo.\r\n\r\n\"Os n\u00fameros anuais s\u00e3o compartilhados durante estes dias. Os membros da equipe tamb\u00e9m apresentam os resultados de seus pr\u00f3prios projetos de pesquisa. Como programadores, nos esfor\u00e7amos para melhorar continuamente e, portanto, nos \u00e9 permitido inovar durante os Dias de Pesquisa\". Eu desenvolvi um back end JavaScript e o compartilhei com a empresa. Outras pessoas est\u00e3o trabalhando em quest\u00f5es diferentes. Como podemos lan\u00e7ar ou construir software de forma mais eficiente? Quais estruturas de programa\u00e7\u00e3o s\u00e3o utilizadas nos projetos Delphi? \u00c9 bom ver que os colegas podem apresentar bem e que eles comunicam com entusiasmo seus resultados ao grupo\".","text_content3":"","text_side_image":null,"text_side_images":null,"text_side_shortcuts_title":"","text_side_shortcuts":null,"text_side_usps":""},{"acf_fc_layout":"images","images_type":"container","images_marge":"lg","images_id":"","images_title":"","images_image":1080,"images_image2":null,"images_image3":null},{"acf_fc_layout":"text","text_type":"container","text_marge":"lg","text_id":"","text_title":"","text_content":"<strong>Manter-se f\u00edsica e culturalmente saud\u00e1vel<\/strong>\r\n\r\nAl\u00e9m de seu sal\u00e1rio, a Remco recebe certos benef\u00edcios, como um passe anual de museu, dinheiro para comprar gadgets, uma academia de gin\u00e1stica e um e-reader Kobo com uma assinatura. \"Eu realmente vejo isto como um b\u00f4nus. Eu acho que estas vantagens s\u00e3o mais um incentivo do que, por exemplo, um d\u00e9cimo terceiro m\u00eas. Como programador, voc\u00ea tem que cuidar de si mesmo. Com estas vantagens voc\u00ea se mant\u00e9m saud\u00e1vel f\u00edsicamente e culturalmente\".","text_content2":"","text_content3":"","text_side_image":null,"text_side_images":null,"text_side_shortcuts_title":"","text_side_shortcuts":null,"text_side_usps":""}]},"yoast_head":"<!-- This site is optimized with the Yoast SEO Premium plugin v26.8 (Yoast SEO v27.4) - https:\/\/yoast.com\/product\/yoast-seo-premium-wordpress\/ -->\n<title>Remco sobre a GDK - GDK Software<\/title>\n<meta name=\"description\" content=\"&quot;A atmosfera no trabalho \u00e9 talvez ainda mais importante do que o trabalho que fa\u00e7o&quot;.\" \/>\n<meta name=\"robots\" content=\"index, follow, max-snippet:-1, max-image-preview:large, max-video-preview:-1\" \/>\n<link rel=\"canonical\" href=\"https:\/\/gdksoftware.com\/pt-br\/remco-sobre-a-gdk\" \/>\n<meta property=\"og:locale\" content=\"pt_BR\" \/>\n<meta property=\"og:type\" content=\"article\" \/>\n<meta property=\"og:title\" content=\"Remco sobre a GDK\" \/>\n<meta property=\"og:description\" content=\"&quot;A atmosfera no trabalho \u00e9 talvez ainda mais importante do que o trabalho que fa\u00e7o&quot;.\" \/>\n<meta property=\"og:url\" content=\"https:\/\/gdksoftware.com\/pt-br\/remco-sobre-a-gdk\" \/>\n<meta property=\"og:site_name\" content=\"GDK Software\" \/>\n<meta property=\"article:modified_time\" content=\"2023-03-31T16:21:16+00:00\" \/>\n<meta name=\"twitter:card\" content=\"summary_large_image\" \/>\n<script type=\"application\/ld+json\" class=\"yoast-schema-graph\">{\"@context\":\"https:\\\/\\\/schema.org\",\"@graph\":[{\"@type\":\"WebPage\",\"@id\":\"https:\\\/\\\/gdksoftware.com\\\/pt-br\\\/remco-sobre-a-gdk\",\"url\":\"https:\\\/\\\/gdksoftware.com\\\/pt-br\\\/remco-sobre-a-gdk\",\"name\":\"Remco sobre a GDK - GDK Software\",\"isPartOf\":{\"@id\":\"https:\\\/\\\/gdksoftware.com\\\/pt-br#website\"},\"datePublished\":\"2020-06-23T12:53:52+00:00\",\"dateModified\":\"2023-03-31T16:21:16+00:00\",\"description\":\"\\\"A atmosfera no trabalho \u00e9 talvez ainda mais importante do que o trabalho que fa\u00e7o\\\".\",\"breadcrumb\":{\"@id\":\"https:\\\/\\\/gdksoftware.com\\\/pt-br\\\/remco-sobre-a-gdk#breadcrumb\"},\"inLanguage\":\"pt-BR\",\"potentialAction\":[{\"@type\":\"ReadAction\",\"target\":[\"https:\\\/\\\/gdksoftware.com\\\/pt-br\\\/remco-sobre-a-gdk\"]}]},{\"@type\":\"BreadcrumbList\",\"@id\":\"https:\\\/\\\/gdksoftware.com\\\/pt-br\\\/remco-sobre-a-gdk#breadcrumb\",\"itemListElement\":[{\"@type\":\"ListItem\",\"position\":1,\"name\":\"Home\",\"item\":\"https:\\\/\\\/gdksoftware.com\\\/pt-br\"},{\"@type\":\"ListItem\",\"position\":2,\"name\":\"Remco sobre a GDK\"}]},{\"@type\":\"WebSite\",\"@id\":\"https:\\\/\\\/gdksoftware.com\\\/pt-br#website\",\"url\":\"https:\\\/\\\/gdksoftware.com\\\/pt-br\",\"name\":\"GDK Software\",\"description\":\"Zet de stip op je horizon\",\"potentialAction\":[{\"@type\":\"SearchAction\",\"target\":{\"@type\":\"EntryPoint\",\"urlTemplate\":\"https:\\\/\\\/gdksoftware.com\\\/pt-br?s={search_term_string}\"},\"query-input\":{\"@type\":\"PropertyValueSpecification\",\"valueRequired\":true,\"valueName\":\"search_term_string\"}}],\"inLanguage\":\"pt-BR\"}]}<\/script>\n<!-- \/ Yoast SEO Premium plugin. -->","yoast_head_json":{"title":"Remco sobre a GDK - GDK Software","description":"\"A atmosfera no trabalho \u00e9 talvez ainda mais importante do que o trabalho que fa\u00e7o\".","robots":{"index":"index","follow":"follow","max-snippet":"max-snippet:-1","max-image-preview":"max-image-preview:large","max-video-preview":"max-video-preview:-1"},"canonical":"https:\/\/gdksoftware.com\/pt-br\/remco-sobre-a-gdk","og_locale":"pt_BR","og_type":"article","og_title":"Remco sobre a GDK","og_description":"\"A atmosfera no trabalho \u00e9 talvez ainda mais importante do que o trabalho que fa\u00e7o\".","og_url":"https:\/\/gdksoftware.com\/pt-br\/remco-sobre-a-gdk","og_site_name":"GDK Software","article_modified_time":"2023-03-31T16:21:16+00:00","twitter_card":"summary_large_image","schema":{"@context":"https:\/\/schema.org","@graph":[{"@type":"WebPage","@id":"https:\/\/gdksoftware.com\/pt-br\/remco-sobre-a-gdk","url":"https:\/\/gdksoftware.com\/pt-br\/remco-sobre-a-gdk","name":"Remco sobre a GDK - GDK Software","isPartOf":{"@id":"https:\/\/gdksoftware.com\/pt-br#website"},"datePublished":"2020-06-23T12:53:52+00:00","dateModified":"2023-03-31T16:21:16+00:00","description":"\"A atmosfera no trabalho \u00e9 talvez ainda mais importante do que o trabalho que fa\u00e7o\".","breadcrumb":{"@id":"https:\/\/gdksoftware.com\/pt-br\/remco-sobre-a-gdk#breadcrumb"},"inLanguage":"pt-BR","potentialAction":[{"@type":"ReadAction","target":["https:\/\/gdksoftware.com\/pt-br\/remco-sobre-a-gdk"]}]},{"@type":"BreadcrumbList","@id":"https:\/\/gdksoftware.com\/pt-br\/remco-sobre-a-gdk#breadcrumb","itemListElement":[{"@type":"ListItem","position":1,"name":"Home","item":"https:\/\/gdksoftware.com\/pt-br"},{"@type":"ListItem","position":2,"name":"Remco sobre a GDK"}]},{"@type":"WebSite","@id":"https:\/\/gdksoftware.com\/pt-br#website","url":"https:\/\/gdksoftware.com\/pt-br","name":"GDK Software","description":"Zet de stip op je horizon","potentialAction":[{"@type":"SearchAction","target":{"@type":"EntryPoint","urlTemplate":"https:\/\/gdksoftware.com\/pt-br?s={search_term_string}"},"query-input":{"@type":"PropertyValueSpecification","valueRequired":true,"valueName":"search_term_string"}}],"inLanguage":"pt-BR"}]}},"_links":{"self":[{"href":"https:\/\/gdksoftware.com\/pt-br\/wp-json\/wp\/v2\/pages\/4219","targetHints":{"allow":["GET"]}}],"collection":[{"href":"https:\/\/gdksoftware.com\/pt-br\/wp-json\/wp\/v2\/pages"}],"about":[{"href":"https:\/\/gdksoftware.com\/pt-br\/wp-json\/wp\/v2\/types\/page"}],"author":[{"embeddable":true,"href":"https:\/\/gdksoftware.com\/pt-br\/wp-json\/wp\/v2\/users\/4"}],"replies":[{"embeddable":true,"href":"https:\/\/gdksoftware.com\/pt-br\/wp-json\/wp\/v2\/comments?post=4219"}],"version-history":[{"count":4,"href":"https:\/\/gdksoftware.com\/pt-br\/wp-json\/wp\/v2\/pages\/4219\/revisions"}],"predecessor-version":[{"id":4224,"href":"https:\/\/gdksoftware.com\/pt-br\/wp-json\/wp\/v2\/pages\/4219\/revisions\/4224"}],"wp:attachment":[{"href":"https:\/\/gdksoftware.com\/pt-br\/wp-json\/wp\/v2\/media?parent=4219"}],"curies":[{"name":"wp","href":"https:\/\/api.w.org\/{rel}","templated":true}]}}