{"id":4445,"date":"2023-01-05T10:54:56","date_gmt":"2023-01-05T09:54:56","guid":{"rendered":"https:\/\/gdksoftware.com\/delphi-programmeren"},"modified":"2023-05-04T09:02:10","modified_gmt":"2023-05-04T08:02:10","slug":"programacao-delphi","status":"publish","type":"page","link":"https:\/\/gdksoftware.com\/pt-br\/programacao-delphi","title":{"rendered":"Programa\u00e7\u00e3o em Delphi"},"content":{"rendered":"","protected":false},"excerpt":{"rendered":"","protected":false},"author":1,"featured_media":0,"parent":0,"menu_order":0,"comment_status":"closed","ping_status":"closed","template":"","meta":{"_acf_changed":false,"footnotes":""},"class_list":["post-4445","page","type-page","status-publish","hentry"],"acf":{"type_hero":"img","hero_image":2069,"hero_image_position":"","hero_title":"Programa\u00e7\u00e3o em Delphi: Crie aplicativos para Android, iOS e mais.","hero_content":"","hero_link":null,"hero_show_h1":false,"flexible_content":[{"acf_fc_layout":"text","text_type":"container","text_marge":"none","text_id":"","text_title":"","text_content":"<strong>A mais recente vers\u00e3o do Delphi est\u00e1 dispon\u00edvel! Embora seja uma \u00f3tima not\u00edcia para nossos especialistas (mais possibilidades!), muitas empresas podem estar trabalhando com uma vers\u00e3o desatualizada. Ent\u00e3o \u00e9 muito bom trabalhar com algu\u00e9m que saiba programar em Delphi. Para nossos especialistas, Delphi \u00e9 f\u00e1cil, por isso na GDK Software voc\u00ea est\u00e1 no lugar certo.<\/strong>\r\n<h2>Programa\u00e7\u00e3o Delphi<\/h2>\r\nVoc\u00ea j\u00e1 trabalha com Delphi? \u00d3timo! \u00c9 poss\u00edvel (gra\u00e7as \u00e0 atualiza\u00e7\u00e3o mais recente) que voc\u00ea esteja trabalhando com uma vers\u00e3o antiga e, portanto, sua aplica\u00e7\u00e3o n\u00e3o funcione nas vers\u00f5es mais recentes. N\u00e3o se preocupe, na GDK Software voc\u00ea est\u00e1 no lugar certo. Precisa de um desenvolvedor com urg\u00eancia? Ou est\u00e1 procurando um parceiro para manter sua aplica\u00e7\u00e3o Delphi? Estamos aqui para ajud\u00e1-lo com a programa\u00e7\u00e3o Delphi. Uma equipe forte de especialistas com amplo conhecimento e experi\u00eancia nesta bela linguagem de programa\u00e7\u00e3o est\u00e1 \u00e0 sua disposi\u00e7\u00e3o.\r\n<h2>Benef\u00edcios da vers\u00e3o mais recente do Delphi<\/h2>\r\nTrabalhar com a vers\u00e3o mais recente do Delphi traz v\u00e1rios benef\u00edcios. Listamos alguns deles para voc\u00ea.\r\n<ul>\r\n \t<li>Use o framework visual FMX do Delphi para Windows para criar interfaces responsivas de plataforma cruzada.<\/li>\r\n \t<li>Use e desfrute do novo IDE compat\u00edvel com DPI alto em telas 4k+.<\/li>\r\n \t<li>Biblioteca VCL aprimorada para o uso do elemento WebView 2 da Microsoft nos componentes TEdgeBrowser e TWebBrowser, com melhor suporte para configura\u00e7\u00f5es UserDataFolder e ExecutableFolder.<\/li>\r\n \t<li>Use estilos VCL durante o design! Crie prot\u00f3tipos de UI elegantes ainda mais rapidamente, vendo como os formul\u00e1rios e controles estilizados parecer\u00e3o durante a execu\u00e7\u00e3o.<\/li>\r\n \t<li>Prototipe mais r\u00e1pido com linhas visuais e melhor suporte para margens e preenchimentos.<\/li>\r\n \t<li>Melhorias para v\u00e1rios monitores e v\u00e1rias janelas: Projete e trabalhe com o mesmo formul\u00e1rio em v\u00e1rias janelas.<\/li>\r\n \t<li>Projete rapidamente sua layout mestre de UI responsiva e, em seguida, ajuste as renderiza\u00e7\u00f5es espec\u00edficas da plataforma e do dispositivo sem trabalho duplicado durante o design.<\/li>\r\n \t<li>Conecte elementos da interface do usu\u00e1rio a fontes de dados usando o LiveBindings Designer.<\/li>\r\n<\/ul>\r\nMas, \u00e9 claro, primeiro verificamos se \u00e9 realmente necess\u00e1rio usar a vers\u00e3o mais recente do Delphi. Talvez possamos levar seu software a um n\u00edvel mais alto com algumas altera\u00e7\u00f5es relativamente simples! Na GDK Software, sempre oferecemos um conselho honesto. Juntos, buscamos o m\u00e1ximo resultado e uma colabora\u00e7\u00e3o duradoura!\r\n<h2>Nossos especialistas em Delphi est\u00e3o prontos para ajudar<\/h2>\r\nOs melhores especialistas em Delphi na Holanda, Brasil e Inglaterra trabalham juntos sob um mesmo teto na GDK Software. Tem um problema espec\u00edfico ou um desafio t\u00e9cnico em programa\u00e7\u00e3o Delphi? Ou quer levar sua equipe Delphi a um n\u00edvel mais alto? Conhe\u00e7a um de nossos especialistas.\r\n\r\nEstamos aqui para ajud\u00e1-lo. GDK. Uma equipe forte de especialistas com muito conhecimento e habilidades em Delphi.","text_content2":"","text_content3":"","text_side_image":null,"text_side_images":null,"text_side_shortcuts_title":"","text_side_shortcuts":null,"text_side_usps":""},{"acf_fc_layout":"related_items","related_items_title":"Mais sobre Delphi?","related_items_id":"","related_items":[3670,3413]}]},"yoast_head":"<!-- This site is optimized with the Yoast SEO Premium plugin v26.8 (Yoast SEO v27.4) - https:\/\/yoast.com\/product\/yoast-seo-premium-wordpress\/ -->\n<title>Programa\u00e7\u00e3o em Delphi - GDK Software<\/title>\n<meta name=\"robots\" content=\"index, follow, max-snippet:-1, max-image-preview:large, max-video-preview:-1\" \/>\n<link rel=\"canonical\" href=\"https:\/\/gdksoftware.com\/pt-br\/programacao-delphi\" \/>\n<meta property=\"og:locale\" content=\"pt_BR\" \/>\n<meta property=\"og:type\" content=\"article\" \/>\n<meta property=\"og:title\" content=\"Programa\u00e7\u00e3o em Delphi\" \/>\n<meta property=\"og:url\" content=\"https:\/\/gdksoftware.com\/pt-br\/programacao-delphi\" \/>\n<meta property=\"og:site_name\" content=\"GDK Software\" \/>\n<meta property=\"article:modified_time\" content=\"2023-05-04T08:02:10+00:00\" \/>\n<meta name=\"twitter:card\" content=\"summary_large_image\" \/>\n<script type=\"application\/ld+json\" class=\"yoast-schema-graph\">{\"@context\":\"https:\\\/\\\/schema.org\",\"@graph\":[{\"@type\":\"WebPage\",\"@id\":\"https:\\\/\\\/gdksoftware.com\\\/pt-br\\\/programacao-delphi\",\"url\":\"https:\\\/\\\/gdksoftware.com\\\/pt-br\\\/programacao-delphi\",\"name\":\"Programa\u00e7\u00e3o em Delphi - GDK Software\",\"isPartOf\":{\"@id\":\"https:\\\/\\\/gdksoftware.com\\\/pt-br#website\"},\"datePublished\":\"2023-01-05T09:54:56+00:00\",\"dateModified\":\"2023-05-04T08:02:10+00:00\",\"breadcrumb\":{\"@id\":\"https:\\\/\\\/gdksoftware.com\\\/pt-br\\\/programacao-delphi#breadcrumb\"},\"inLanguage\":\"pt-BR\",\"potentialAction\":[{\"@type\":\"ReadAction\",\"target\":[\"https:\\\/\\\/gdksoftware.com\\\/pt-br\\\/programacao-delphi\"]}]},{\"@type\":\"BreadcrumbList\",\"@id\":\"https:\\\/\\\/gdksoftware.com\\\/pt-br\\\/programacao-delphi#breadcrumb\",\"itemListElement\":[{\"@type\":\"ListItem\",\"position\":1,\"name\":\"Home\",\"item\":\"https:\\\/\\\/gdksoftware.com\\\/pt-br\"},{\"@type\":\"ListItem\",\"position\":2,\"name\":\"Programa\u00e7\u00e3o em Delphi\"}]},{\"@type\":\"WebSite\",\"@id\":\"https:\\\/\\\/gdksoftware.com\\\/pt-br#website\",\"url\":\"https:\\\/\\\/gdksoftware.com\\\/pt-br\",\"name\":\"GDK Software\",\"description\":\"Zet de stip op je horizon\",\"potentialAction\":[{\"@type\":\"SearchAction\",\"target\":{\"@type\":\"EntryPoint\",\"urlTemplate\":\"https:\\\/\\\/gdksoftware.com\\\/pt-br?s={search_term_string}\"},\"query-input\":{\"@type\":\"PropertyValueSpecification\",\"valueRequired\":true,\"valueName\":\"search_term_string\"}}],\"inLanguage\":\"pt-BR\"}]}<\/script>\n<!-- \/ Yoast SEO Premium plugin. -->","yoast_head_json":{"title":"Programa\u00e7\u00e3o em Delphi - GDK Software","robots":{"index":"index","follow":"follow","max-snippet":"max-snippet:-1","max-image-preview":"max-image-preview:large","max-video-preview":"max-video-preview:-1"},"canonical":"https:\/\/gdksoftware.com\/pt-br\/programacao-delphi","og_locale":"pt_BR","og_type":"article","og_title":"Programa\u00e7\u00e3o em Delphi","og_url":"https:\/\/gdksoftware.com\/pt-br\/programacao-delphi","og_site_name":"GDK Software","article_modified_time":"2023-05-04T08:02:10+00:00","twitter_card":"summary_large_image","schema":{"@context":"https:\/\/schema.org","@graph":[{"@type":"WebPage","@id":"https:\/\/gdksoftware.com\/pt-br\/programacao-delphi","url":"https:\/\/gdksoftware.com\/pt-br\/programacao-delphi","name":"Programa\u00e7\u00e3o em Delphi - GDK Software","isPartOf":{"@id":"https:\/\/gdksoftware.com\/pt-br#website"},"datePublished":"2023-01-05T09:54:56+00:00","dateModified":"2023-05-04T08:02:10+00:00","breadcrumb":{"@id":"https:\/\/gdksoftware.com\/pt-br\/programacao-delphi#breadcrumb"},"inLanguage":"pt-BR","potentialAction":[{"@type":"ReadAction","target":["https:\/\/gdksoftware.com\/pt-br\/programacao-delphi"]}]},{"@type":"BreadcrumbList","@id":"https:\/\/gdksoftware.com\/pt-br\/programacao-delphi#breadcrumb","itemListElement":[{"@type":"ListItem","position":1,"name":"Home","item":"https:\/\/gdksoftware.com\/pt-br"},{"@type":"ListItem","position":2,"name":"Programa\u00e7\u00e3o em Delphi"}]},{"@type":"WebSite","@id":"https:\/\/gdksoftware.com\/pt-br#website","url":"https:\/\/gdksoftware.com\/pt-br","name":"GDK Software","description":"Zet de stip op je horizon","potentialAction":[{"@type":"SearchAction","target":{"@type":"EntryPoint","urlTemplate":"https:\/\/gdksoftware.com\/pt-br?s={search_term_string}"},"query-input":{"@type":"PropertyValueSpecification","valueRequired":true,"valueName":"search_term_string"}}],"inLanguage":"pt-BR"}]}},"_links":{"self":[{"href":"https:\/\/gdksoftware.com\/pt-br\/wp-json\/wp\/v2\/pages\/4445","targetHints":{"allow":["GET"]}}],"collection":[{"href":"https:\/\/gdksoftware.com\/pt-br\/wp-json\/wp\/v2\/pages"}],"about":[{"href":"https:\/\/gdksoftware.com\/pt-br\/wp-json\/wp\/v2\/types\/page"}],"author":[{"embeddable":true,"href":"https:\/\/gdksoftware.com\/pt-br\/wp-json\/wp\/v2\/users\/1"}],"replies":[{"embeddable":true,"href":"https:\/\/gdksoftware.com\/pt-br\/wp-json\/wp\/v2\/comments?post=4445"}],"version-history":[{"count":4,"href":"https:\/\/gdksoftware.com\/pt-br\/wp-json\/wp\/v2\/pages\/4445\/revisions"}],"predecessor-version":[{"id":4470,"href":"https:\/\/gdksoftware.com\/pt-br\/wp-json\/wp\/v2\/pages\/4445\/revisions\/4470"}],"wp:attachment":[{"href":"https:\/\/gdksoftware.com\/pt-br\/wp-json\/wp\/v2\/media?parent=4445"}],"curies":[{"name":"wp","href":"https:\/\/api.w.org\/{rel}","templated":true}]}}