{"id":4449,"date":"2023-02-13T10:33:36","date_gmt":"2023-02-13T09:33:36","guid":{"rendered":"https:\/\/gdksoftware.com\/delphi-pascal"},"modified":"2023-05-04T09:02:12","modified_gmt":"2023-05-04T08:02:12","slug":"delphi-pascal","status":"publish","type":"page","link":"https:\/\/gdksoftware.com\/pt-br\/delphi-pascal","title":{"rendered":"O que \u00e9 Delphi e Pascal?"},"content":{"rendered":"<p><strong>Delphi \u00e9 o ambiente de desenvolvimento de software (IDE) para a linguagem de programa\u00e7\u00e3o Pascal. A hist\u00f3ria do Delphi come\u00e7a com o Pascal e \u00e9 praticamente a extens\u00e3o visual da linguagem de programa\u00e7\u00e3o. Um n\u00e3o pode existir sem o outro. E ainda tem uma hist\u00f3ria interessante por tr\u00e1s disso. Curioso?<\/strong><\/p>\n","protected":false},"excerpt":{"rendered":"<p>Delphi \u00e9 o ambiente de desenvolvimento de software (IDE) para a linguagem de programa\u00e7\u00e3o Pascal. A hist\u00f3ria do Delphi come\u00e7a com o Pascal e \u00e9 praticamente a extens\u00e3o visual da linguagem de programa\u00e7\u00e3o. Um n\u00e3o pode existir sem o outro. E ainda tem uma hist\u00f3ria interessante por tr\u00e1s disso. Curioso?<\/p>\n","protected":false},"author":1,"featured_media":3011,"parent":0,"menu_order":0,"comment_status":"closed","ping_status":"closed","template":"","meta":{"_acf_changed":false,"footnotes":""},"class_list":["post-4449","page","type-page","status-publish","has-post-thumbnail","hentry"],"acf":{"type_hero":"img","hero_image":1083,"hero_image_position":"","hero_title":"O que \u00e9 Delphi e Pascal?","hero_content":"","hero_link":null,"hero_show_h1":false,"flexible_content":[{"acf_fc_layout":"text","text_type":"container","text_marge":"none","text_id":"","text_title":"","text_content":"<h2>No in\u00edcio<\/h2>\r\nNa d\u00e9cada de 1980, o Turbo Pascal era uma linguagem de programa\u00e7\u00e3o muito utilizada. Era f\u00e1cil de aprender e poderosa para uso. Por volta de 1995, o Turbo Pascal fez a transi\u00e7\u00e3o do MS-DOS para o Windows. A empresa de software Borland desejava focar mais nas capacidades orientadas a objetos e, portanto, desenvolveu a IDE chamada Delphi, com a linguagem Object Pascal sendo implementada.\r\n\r\nA primeira vers\u00e3o do Delphi foi lan\u00e7ada em 1995. O Delphi 1 foi lan\u00e7ado para o Windows 3.1 e foi uma das primeiras ferramentas de Desenvolvimento R\u00e1pido de Aplicativos. Devido ao sucesso do Windows 3.1, o Delphi 1 foi um sucesso. O Delphi 2 foi uma vers\u00e3o de 32 bits para o Windows 95. Este software foi lan\u00e7ado em 1996. Apesar da transi\u00e7\u00e3o para o Windows 95, n\u00e3o foi uma grande mudan\u00e7a para os desenvolvedores, pois o conjunto de ferramentas gr\u00e1ficas permaneceu o mesmo.\r\n\r\nEm 1997, foi lan\u00e7ado o Delphi 3. Essa vers\u00e3o era muito mais est\u00e1vel do que o Delphi 2 e introduziu pacotes para componentes, integra\u00e7\u00e3o com COM para interfaces, tecnologia WebBroker, componentes DecisionCube e TeeChart, al\u00e9m de depura\u00e7\u00e3o de DLL.\r\n<h2>Delphi 4 e 5<\/h2>\r\nEm 1998, a Inprise Borland lan\u00e7ou o Delphi 4. A IDE veio com um novo editor, que era f\u00e1cil de acoplar. Foi adicionado suporte para ADO (ActiveX Data Objects) com bancos de dados, al\u00e9m do BDE (Borland Database Engine). O VCL adicionou suporte para ActionLists, anchors e constraints, bem como para o novo servidor de banco de dados Oracle8d. Saiba mais sobre todas as melhorias do Delphi 4.\r\n\r\nUm ano ap\u00f3s o Delphi 4, o Delphi 5 foi lan\u00e7ado no mercado. Esta vers\u00e3o tamb\u00e9m era muito mais est\u00e1vel do que a vers\u00e3o anterior e oferecia ainda mais recursos novos, como a possibilidade de usar frames e desenvolver em paralelo.\r\n<h2>Hora de inovar<\/h2>\r\nSe o seu aplicativo ainda est\u00e1 sendo executado no Delphi 1, 2, 3 ou 4, significa que ele tem mais de 25 anos de idade e provavelmente precisa ser substitu\u00eddo (muitas vezes). Essas vers\u00f5es n\u00e3o s\u00e3o f\u00e1ceis de atualizar. Como desenvolvedor, voc\u00ea provavelmente est\u00e1 enfrentando limita\u00e7\u00f5es no ambiente de desenvolvimento. Felizmente, na GDK Software, temos uma solu\u00e7\u00e3o.\r\n\r\nAtualmente, o Delphi oferece o Object Pascal com compiladores e componentes para Windows, macOS, Android e Linux. Houve muitas novas extens\u00f5es de linguagem, tornando o Delphi uma linguagem orientada a objetos f\u00e1cil de ler, aprender e usar para desenvolvedores.\r\n<h2>Amplie seus horizontes<\/h2>\r\nQuer saber como podemos ajud\u00e1-lo? Nossos especialistas pensam em solu\u00e7\u00f5es. Entre em contato conosco sem compromisso e pergunte sobre as possibilidades. Teremos prazer em encontrar uma solu\u00e7\u00e3o adequada para o seu desafio!","text_content2":"","text_content3":"","text_side_image":null,"text_side_images":null,"text_side_shortcuts_title":"","text_side_shortcuts":null,"text_side_usps":""},{"acf_fc_layout":"related_persons","related_persons_title":"N\u00f3s teremos o prazer em te ajudar!","related_persons_id":"","related_persons":[1398,1384]}]},"yoast_head":"<!-- This site is optimized with the Yoast SEO Premium plugin v26.8 (Yoast SEO v27.4) - https:\/\/yoast.com\/product\/yoast-seo-premium-wordpress\/ -->\n<title>Wat is Delphi Pascal? GDK legt uit | Upgrade of Expertise?<\/title>\n<meta name=\"description\" content=\"O que \u00e9 Delphi e Pascal? A GDK Software explica o que o ambiente de desenvolvimento de software e a linguagem de programa\u00e7\u00e3o t\u00eam a ver um com o outro.\" \/>\n<meta name=\"robots\" content=\"index, follow, max-snippet:-1, max-image-preview:large, max-video-preview:-1\" \/>\n<link rel=\"canonical\" href=\"https:\/\/gdksoftware.com\/pt-br\/delphi-pascal\" \/>\n<meta property=\"og:locale\" content=\"pt_BR\" \/>\n<meta property=\"og:type\" content=\"article\" \/>\n<meta property=\"og:title\" content=\"O que \u00e9 Delphi e Pascal?\" \/>\n<meta property=\"og:description\" content=\"O que \u00e9 Delphi e Pascal? A GDK Software explica o que o ambiente de desenvolvimento de software e a linguagem de programa\u00e7\u00e3o t\u00eam a ver um com o outro.\" \/>\n<meta property=\"og:url\" content=\"https:\/\/gdksoftware.com\/pt-br\/delphi-pascal\" \/>\n<meta property=\"og:site_name\" content=\"GDK Software\" \/>\n<meta property=\"article:modified_time\" content=\"2023-05-04T08:02:12+00:00\" \/>\n<meta property=\"og:image\" content=\"https:\/\/gdksoftware.com\/wp-content\/uploads\/2020\/05\/Startmeeting-Delphi-1-1-scaled.jpg\" \/>\n\t<meta property=\"og:image:width\" content=\"2560\" \/>\n\t<meta property=\"og:image:height\" content=\"1707\" \/>\n\t<meta property=\"og:image:type\" content=\"image\/jpeg\" \/>\n<meta name=\"twitter:card\" content=\"summary_large_image\" \/>\n<meta name=\"twitter:label1\" content=\"Est. tempo de leitura\" \/>\n\t<meta name=\"twitter:data1\" content=\"1 minuto\" \/>\n<script type=\"application\/ld+json\" class=\"yoast-schema-graph\">{\"@context\":\"https:\\\/\\\/schema.org\",\"@graph\":[{\"@type\":\"WebPage\",\"@id\":\"https:\\\/\\\/gdksoftware.com\\\/pt-br\\\/delphi-pascal\",\"url\":\"https:\\\/\\\/gdksoftware.com\\\/pt-br\\\/delphi-pascal\",\"name\":\"Wat is Delphi Pascal? GDK legt uit | Upgrade of Expertise?\",\"isPartOf\":{\"@id\":\"https:\\\/\\\/gdksoftware.com\\\/pt-br#website\"},\"primaryImageOfPage\":{\"@id\":\"https:\\\/\\\/gdksoftware.com\\\/pt-br\\\/delphi-pascal#primaryimage\"},\"image\":{\"@id\":\"https:\\\/\\\/gdksoftware.com\\\/pt-br\\\/delphi-pascal#primaryimage\"},\"thumbnailUrl\":\"https:\\\/\\\/gdksoftware.com\\\/wp-content\\\/uploads\\\/2020\\\/05\\\/Startmeeting-Delphi-1-1-scaled.jpg\",\"datePublished\":\"2023-02-13T09:33:36+00:00\",\"dateModified\":\"2023-05-04T08:02:12+00:00\",\"description\":\"O que \u00e9 Delphi e Pascal? A GDK Software explica o que o ambiente de desenvolvimento de software e a linguagem de programa\u00e7\u00e3o t\u00eam a ver um com o outro.\",\"breadcrumb\":{\"@id\":\"https:\\\/\\\/gdksoftware.com\\\/pt-br\\\/delphi-pascal#breadcrumb\"},\"inLanguage\":\"pt-BR\",\"potentialAction\":[{\"@type\":\"ReadAction\",\"target\":[\"https:\\\/\\\/gdksoftware.com\\\/pt-br\\\/delphi-pascal\"]}]},{\"@type\":\"ImageObject\",\"inLanguage\":\"pt-BR\",\"@id\":\"https:\\\/\\\/gdksoftware.com\\\/pt-br\\\/delphi-pascal#primaryimage\",\"url\":\"https:\\\/\\\/gdksoftware.com\\\/wp-content\\\/uploads\\\/2020\\\/05\\\/Startmeeting-Delphi-1-1-scaled.jpg\",\"contentUrl\":\"https:\\\/\\\/gdksoftware.com\\\/wp-content\\\/uploads\\\/2020\\\/05\\\/Startmeeting-Delphi-1-1-scaled.jpg\",\"width\":2560,\"height\":1707},{\"@type\":\"BreadcrumbList\",\"@id\":\"https:\\\/\\\/gdksoftware.com\\\/pt-br\\\/delphi-pascal#breadcrumb\",\"itemListElement\":[{\"@type\":\"ListItem\",\"position\":1,\"name\":\"Home\",\"item\":\"https:\\\/\\\/gdksoftware.com\\\/pt-br\"},{\"@type\":\"ListItem\",\"position\":2,\"name\":\"O que \u00e9 Delphi e Pascal?\"}]},{\"@type\":\"WebSite\",\"@id\":\"https:\\\/\\\/gdksoftware.com\\\/pt-br#website\",\"url\":\"https:\\\/\\\/gdksoftware.com\\\/pt-br\",\"name\":\"GDK Software\",\"description\":\"Zet de stip op je horizon\",\"potentialAction\":[{\"@type\":\"SearchAction\",\"target\":{\"@type\":\"EntryPoint\",\"urlTemplate\":\"https:\\\/\\\/gdksoftware.com\\\/pt-br?s={search_term_string}\"},\"query-input\":{\"@type\":\"PropertyValueSpecification\",\"valueRequired\":true,\"valueName\":\"search_term_string\"}}],\"inLanguage\":\"pt-BR\"}]}<\/script>\n<!-- \/ Yoast SEO Premium plugin. -->","yoast_head_json":{"title":"Wat is Delphi Pascal? GDK legt uit | Upgrade of Expertise?","description":"O que \u00e9 Delphi e Pascal? A GDK Software explica o que o ambiente de desenvolvimento de software e a linguagem de programa\u00e7\u00e3o t\u00eam a ver um com o outro.","robots":{"index":"index","follow":"follow","max-snippet":"max-snippet:-1","max-image-preview":"max-image-preview:large","max-video-preview":"max-video-preview:-1"},"canonical":"https:\/\/gdksoftware.com\/pt-br\/delphi-pascal","og_locale":"pt_BR","og_type":"article","og_title":"O que \u00e9 Delphi e Pascal?","og_description":"O que \u00e9 Delphi e Pascal? A GDK Software explica o que o ambiente de desenvolvimento de software e a linguagem de programa\u00e7\u00e3o t\u00eam a ver um com o outro.","og_url":"https:\/\/gdksoftware.com\/pt-br\/delphi-pascal","og_site_name":"GDK Software","article_modified_time":"2023-05-04T08:02:12+00:00","og_image":[{"width":2560,"height":1707,"url":"https:\/\/gdksoftware.com\/wp-content\/uploads\/2020\/05\/Startmeeting-Delphi-1-1-scaled.jpg","type":"image\/jpeg"}],"twitter_card":"summary_large_image","twitter_misc":{"Est. tempo de leitura":"1 minuto"},"schema":{"@context":"https:\/\/schema.org","@graph":[{"@type":"WebPage","@id":"https:\/\/gdksoftware.com\/pt-br\/delphi-pascal","url":"https:\/\/gdksoftware.com\/pt-br\/delphi-pascal","name":"Wat is Delphi Pascal? GDK legt uit | Upgrade of Expertise?","isPartOf":{"@id":"https:\/\/gdksoftware.com\/pt-br#website"},"primaryImageOfPage":{"@id":"https:\/\/gdksoftware.com\/pt-br\/delphi-pascal#primaryimage"},"image":{"@id":"https:\/\/gdksoftware.com\/pt-br\/delphi-pascal#primaryimage"},"thumbnailUrl":"https:\/\/gdksoftware.com\/wp-content\/uploads\/2020\/05\/Startmeeting-Delphi-1-1-scaled.jpg","datePublished":"2023-02-13T09:33:36+00:00","dateModified":"2023-05-04T08:02:12+00:00","description":"O que \u00e9 Delphi e Pascal? A GDK Software explica o que o ambiente de desenvolvimento de software e a linguagem de programa\u00e7\u00e3o t\u00eam a ver um com o outro.","breadcrumb":{"@id":"https:\/\/gdksoftware.com\/pt-br\/delphi-pascal#breadcrumb"},"inLanguage":"pt-BR","potentialAction":[{"@type":"ReadAction","target":["https:\/\/gdksoftware.com\/pt-br\/delphi-pascal"]}]},{"@type":"ImageObject","inLanguage":"pt-BR","@id":"https:\/\/gdksoftware.com\/pt-br\/delphi-pascal#primaryimage","url":"https:\/\/gdksoftware.com\/wp-content\/uploads\/2020\/05\/Startmeeting-Delphi-1-1-scaled.jpg","contentUrl":"https:\/\/gdksoftware.com\/wp-content\/uploads\/2020\/05\/Startmeeting-Delphi-1-1-scaled.jpg","width":2560,"height":1707},{"@type":"BreadcrumbList","@id":"https:\/\/gdksoftware.com\/pt-br\/delphi-pascal#breadcrumb","itemListElement":[{"@type":"ListItem","position":1,"name":"Home","item":"https:\/\/gdksoftware.com\/pt-br"},{"@type":"ListItem","position":2,"name":"O que \u00e9 Delphi e Pascal?"}]},{"@type":"WebSite","@id":"https:\/\/gdksoftware.com\/pt-br#website","url":"https:\/\/gdksoftware.com\/pt-br","name":"GDK Software","description":"Zet de stip op je horizon","potentialAction":[{"@type":"SearchAction","target":{"@type":"EntryPoint","urlTemplate":"https:\/\/gdksoftware.com\/pt-br?s={search_term_string}"},"query-input":{"@type":"PropertyValueSpecification","valueRequired":true,"valueName":"search_term_string"}}],"inLanguage":"pt-BR"}]}},"_links":{"self":[{"href":"https:\/\/gdksoftware.com\/pt-br\/wp-json\/wp\/v2\/pages\/4449","targetHints":{"allow":["GET"]}}],"collection":[{"href":"https:\/\/gdksoftware.com\/pt-br\/wp-json\/wp\/v2\/pages"}],"about":[{"href":"https:\/\/gdksoftware.com\/pt-br\/wp-json\/wp\/v2\/types\/page"}],"author":[{"embeddable":true,"href":"https:\/\/gdksoftware.com\/pt-br\/wp-json\/wp\/v2\/users\/1"}],"replies":[{"embeddable":true,"href":"https:\/\/gdksoftware.com\/pt-br\/wp-json\/wp\/v2\/comments?post=4449"}],"version-history":[{"count":3,"href":"https:\/\/gdksoftware.com\/pt-br\/wp-json\/wp\/v2\/pages\/4449\/revisions"}],"predecessor-version":[{"id":4471,"href":"https:\/\/gdksoftware.com\/pt-br\/wp-json\/wp\/v2\/pages\/4449\/revisions\/4471"}],"wp:featuredmedia":[{"embeddable":true,"href":"https:\/\/gdksoftware.com\/pt-br\/wp-json\/wp\/v2\/media\/3011"}],"wp:attachment":[{"href":"https:\/\/gdksoftware.com\/pt-br\/wp-json\/wp\/v2\/media?parent=4449"}],"curies":[{"name":"wp","href":"https:\/\/api.w.org\/{rel}","templated":true}]}}