{"id":4458,"date":"2023-04-20T09:22:20","date_gmt":"2023-04-20T08:22:20","guid":{"rendered":"https:\/\/gdksoftware.com\/desenvolvedores-delphi"},"modified":"2023-05-04T09:02:15","modified_gmt":"2023-05-04T08:02:15","slug":"desenvolvedores-delphi","status":"publish","type":"page","link":"https:\/\/gdksoftware.com\/pt-br\/desenvolvedores-delphi","title":{"rendered":"Desenvolvedores Delphi"},"content":{"rendered":"","protected":false},"excerpt":{"rendered":"","protected":false},"author":4,"featured_media":0,"parent":0,"menu_order":0,"comment_status":"closed","ping_status":"closed","template":"","meta":{"_acf_changed":false,"footnotes":""},"class_list":["post-4458","page","type-page","status-publish","hentry"],"acf":{"type_hero":"img","hero_image":4127,"hero_image_position":"","hero_title":"O desenvolvedor Delphi ideal para o seu desafio","hero_content":"","hero_link":null,"hero_show_h1":false,"flexible_content":[{"acf_fc_layout":"text","text_type":"container","text_marge":"none","text_id":"","text_title":"","text_content":"Procurando por um desenvolvedor Delphi? Ent\u00e3o voc\u00ea est\u00e1 no lugar certo: A GDK Software. Como somos uma ag\u00eancia, trabalhamos com e para diversos clientes diferentes. Isso, combinado com o tempo dedicado para aprender novos recursos, faz com que nossos desenvolvedores tragam muitos conhecimentos e experi\u00eancias. Como nossos especialistas lidam com muitos desafios diferentes, eles tamb\u00e9m podem ajud\u00e1-lo a encontrar uma solu\u00e7\u00e3o adequada para voc\u00ea.\r\n<h2>Nossos desenvolvedores Delphi<\/h2>\r\nOs melhores desenvolvedores Delphi da Holanda, Inglaterra e Brasil\u00a0trabalham juntos em um s\u00f3 lugar. Mesmo para problemas espec\u00edficos, a GDK Software \u00e9 o lugar certo para voc\u00ea. Se voc\u00ea tem um desafio t\u00e9cnico ou quer levar sua equipe Delphi a um n\u00edvel mais alto, conhe\u00e7a James, Tranquilo, Patrick, Remco ou um de nossos outros especialistas.\r\n\r\nTodos os nossos especialistas em Delphi t\u00eam dois dias a cada dois meses para fazer pesquisas. Isso leva a belas iniciativas em nossos projetos.\r\n<h2>Atualizando uma vers\u00e3o antiga do Delphi<\/h2>\r\nVoc\u00ea est\u00e1 trabalhando com uma vers\u00e3o antiga do Delphi, como Delphi 5 ou 7? Talvez uma parte do seu aplicativo j\u00e1 n\u00e3o funcione, o tempo de resposta seja muito lento ou surjam outros problemas? Ent\u00e3o voc\u00ea precisa urgentemente de um desenvolvedor Delphi. Afinal, o Delphi 5 tem mais de 20 anos. N\u00e3o \u00e9 de se surpreender que voc\u00ea esteja enfrentando limita\u00e7\u00f5es do ambiente de desenvolvimento. Na GDK Software, podemos facilmente converter seu aplicativo Delphi desatualizado para a vers\u00e3o mais recente. Quer saber mais? Leia mais sobre a atualiza\u00e7\u00e3o do Delphi ou entre em contato conosco.\r\n<h2>O que exatamente faz um desenvolvedor Delphi?<\/h2>\r\nNa GDK Software, nossos desenvolvedores Delphi fazem o upgrad e o update de aplicativos de nossos clientes. Mas tamb\u00e9m podem cuidar da manuten\u00e7\u00e3o do software Delphi. Eles s\u00e3o capazes de atualizar seu aplicativo desatualizado (que pode estar rodando no Delphi 5 ou 7) para a vers\u00e3o mais recente do Delphi e mant\u00ea-lo atualizado. Assim, voc\u00ea nunca mais ter\u00e1 problemas com tempo de resposta lento e outros problemas desagrad\u00e1veis.\r\n<h2>Tamb\u00e9m podemos resolver seu desafio t\u00e9cnico<\/h2>\r\nQuer causar um impacto com um aplicativo? Tem uma ideia brilhante para levar seu neg\u00f3cio adiante? Ou voc\u00ea tem apenas uma pergunta? Adoramos conversar e ajud\u00e1-lo. Ligue ou envie um e-mail para obter um conselho gratuito. Ou visite-nos!","text_content2":"","text_content3":"","text_side_image":null,"text_side_images":null,"text_side_shortcuts_title":"","text_side_shortcuts":null,"text_side_usps":""},{"acf_fc_layout":"related_items","related_items_title":"Mais sobre Delphi?","related_items_id":"","related_items":[3855,3695]}]},"yoast_head":"<!-- This site is optimized with the Yoast SEO Premium plugin v26.8 (Yoast SEO v27.3) - https:\/\/yoast.com\/product\/yoast-seo-premium-wordpress\/ -->\n<title>Desenvolvedores Delphi - GDK Software<\/title>\n<meta name=\"robots\" content=\"index, follow, max-snippet:-1, max-image-preview:large, max-video-preview:-1\" \/>\n<link rel=\"canonical\" href=\"https:\/\/gdksoftware.com\/pt-br\/desenvolvedores-delphi\" \/>\n<meta property=\"og:locale\" content=\"pt_BR\" \/>\n<meta property=\"og:type\" content=\"article\" \/>\n<meta property=\"og:title\" content=\"Desenvolvedores Delphi\" \/>\n<meta property=\"og:url\" content=\"https:\/\/gdksoftware.com\/pt-br\/desenvolvedores-delphi\" \/>\n<meta property=\"og:site_name\" content=\"GDK Software\" \/>\n<meta property=\"article:modified_time\" content=\"2023-05-04T08:02:15+00:00\" \/>\n<meta name=\"twitter:card\" content=\"summary_large_image\" \/>\n<script type=\"application\/ld+json\" class=\"yoast-schema-graph\">{\"@context\":\"https:\\\/\\\/schema.org\",\"@graph\":[{\"@type\":\"WebPage\",\"@id\":\"https:\\\/\\\/gdksoftware.com\\\/pt-br\\\/desenvolvedores-delphi\",\"url\":\"https:\\\/\\\/gdksoftware.com\\\/pt-br\\\/desenvolvedores-delphi\",\"name\":\"Desenvolvedores Delphi - GDK Software\",\"isPartOf\":{\"@id\":\"https:\\\/\\\/gdksoftware.com\\\/pt-br#website\"},\"datePublished\":\"2023-04-20T08:22:20+00:00\",\"dateModified\":\"2023-05-04T08:02:15+00:00\",\"breadcrumb\":{\"@id\":\"https:\\\/\\\/gdksoftware.com\\\/pt-br\\\/desenvolvedores-delphi#breadcrumb\"},\"inLanguage\":\"pt-BR\",\"potentialAction\":[{\"@type\":\"ReadAction\",\"target\":[\"https:\\\/\\\/gdksoftware.com\\\/pt-br\\\/desenvolvedores-delphi\"]}]},{\"@type\":\"BreadcrumbList\",\"@id\":\"https:\\\/\\\/gdksoftware.com\\\/pt-br\\\/desenvolvedores-delphi#breadcrumb\",\"itemListElement\":[{\"@type\":\"ListItem\",\"position\":1,\"name\":\"Home\",\"item\":\"https:\\\/\\\/gdksoftware.com\\\/pt-br\"},{\"@type\":\"ListItem\",\"position\":2,\"name\":\"Desenvolvedores Delphi\"}]},{\"@type\":\"WebSite\",\"@id\":\"https:\\\/\\\/gdksoftware.com\\\/pt-br#website\",\"url\":\"https:\\\/\\\/gdksoftware.com\\\/pt-br\",\"name\":\"GDK Software\",\"description\":\"Zet de stip op je horizon\",\"potentialAction\":[{\"@type\":\"SearchAction\",\"target\":{\"@type\":\"EntryPoint\",\"urlTemplate\":\"https:\\\/\\\/gdksoftware.com\\\/pt-br?s={search_term_string}\"},\"query-input\":{\"@type\":\"PropertyValueSpecification\",\"valueRequired\":true,\"valueName\":\"search_term_string\"}}],\"inLanguage\":\"pt-BR\"}]}<\/script>\n<!-- \/ Yoast SEO Premium plugin. -->","yoast_head_json":{"title":"Desenvolvedores Delphi - GDK Software","robots":{"index":"index","follow":"follow","max-snippet":"max-snippet:-1","max-image-preview":"max-image-preview:large","max-video-preview":"max-video-preview:-1"},"canonical":"https:\/\/gdksoftware.com\/pt-br\/desenvolvedores-delphi","og_locale":"pt_BR","og_type":"article","og_title":"Desenvolvedores Delphi","og_url":"https:\/\/gdksoftware.com\/pt-br\/desenvolvedores-delphi","og_site_name":"GDK Software","article_modified_time":"2023-05-04T08:02:15+00:00","twitter_card":"summary_large_image","schema":{"@context":"https:\/\/schema.org","@graph":[{"@type":"WebPage","@id":"https:\/\/gdksoftware.com\/pt-br\/desenvolvedores-delphi","url":"https:\/\/gdksoftware.com\/pt-br\/desenvolvedores-delphi","name":"Desenvolvedores Delphi - GDK Software","isPartOf":{"@id":"https:\/\/gdksoftware.com\/pt-br#website"},"datePublished":"2023-04-20T08:22:20+00:00","dateModified":"2023-05-04T08:02:15+00:00","breadcrumb":{"@id":"https:\/\/gdksoftware.com\/pt-br\/desenvolvedores-delphi#breadcrumb"},"inLanguage":"pt-BR","potentialAction":[{"@type":"ReadAction","target":["https:\/\/gdksoftware.com\/pt-br\/desenvolvedores-delphi"]}]},{"@type":"BreadcrumbList","@id":"https:\/\/gdksoftware.com\/pt-br\/desenvolvedores-delphi#breadcrumb","itemListElement":[{"@type":"ListItem","position":1,"name":"Home","item":"https:\/\/gdksoftware.com\/pt-br"},{"@type":"ListItem","position":2,"name":"Desenvolvedores Delphi"}]},{"@type":"WebSite","@id":"https:\/\/gdksoftware.com\/pt-br#website","url":"https:\/\/gdksoftware.com\/pt-br","name":"GDK Software","description":"Zet de stip op je horizon","potentialAction":[{"@type":"SearchAction","target":{"@type":"EntryPoint","urlTemplate":"https:\/\/gdksoftware.com\/pt-br?s={search_term_string}"},"query-input":{"@type":"PropertyValueSpecification","valueRequired":true,"valueName":"search_term_string"}}],"inLanguage":"pt-BR"}]}},"_links":{"self":[{"href":"https:\/\/gdksoftware.com\/pt-br\/wp-json\/wp\/v2\/pages\/4458","targetHints":{"allow":["GET"]}}],"collection":[{"href":"https:\/\/gdksoftware.com\/pt-br\/wp-json\/wp\/v2\/pages"}],"about":[{"href":"https:\/\/gdksoftware.com\/pt-br\/wp-json\/wp\/v2\/types\/page"}],"author":[{"embeddable":true,"href":"https:\/\/gdksoftware.com\/pt-br\/wp-json\/wp\/v2\/users\/4"}],"replies":[{"embeddable":true,"href":"https:\/\/gdksoftware.com\/pt-br\/wp-json\/wp\/v2\/comments?post=4458"}],"version-history":[{"count":3,"href":"https:\/\/gdksoftware.com\/pt-br\/wp-json\/wp\/v2\/pages\/4458\/revisions"}],"predecessor-version":[{"id":4474,"href":"https:\/\/gdksoftware.com\/pt-br\/wp-json\/wp\/v2\/pages\/4458\/revisions\/4474"}],"wp:attachment":[{"href":"https:\/\/gdksoftware.com\/pt-br\/wp-json\/wp\/v2\/media?parent=4458"}],"curies":[{"name":"wp","href":"https:\/\/api.w.org\/{rel}","templated":true}]}}