{"id":4555,"date":"2021-12-22T10:44:19","date_gmt":"2021-12-22T09:44:19","guid":{"rendered":"https:\/\/gdksoftware.com\/online-delphi-pascal-compiler"},"modified":"2023-06-22T18:56:51","modified_gmt":"2023-06-22T17:56:51","slug":"compilador-online-delphi-pascal-estes-sao-os-melhores-compiladores","status":"publish","type":"page","link":"https:\/\/gdksoftware.com\/pt-br\/compilador-online-delphi-pascal-estes-sao-os-melhores-compiladores","title":{"rendered":"Compilador online Delphi \/ Pascal: estes s\u00e3o os melhores compiladores"},"content":{"rendered":"<p><strong>Existem v\u00e1rios compiladores online de Delphi. Voc\u00ea pode usar compiladores para compilar e depurar seu c\u00f3digo Delphi.<\/strong><\/p>\n<h3>O que \u00e9 um compilador Delphi?<\/h3>\n<p>Um compilador Delphi \u00e9 uma ferramenta que traduz um programa escrito em uma linguagem de origem para um programa semanticamente equivalente em uma linguagem de destino. Muitos compiladores online gratuitos n\u00e3o conseguem traduzir, converter ou &#8220;atualizar&#8221; c\u00f3digo Delphi (por exemplo, do Delphi 4\/5\/6\/7 para o Delphi 10), mas podem compilar ou depurar o c\u00f3digo.<\/p>\n<h3>Quais s\u00e3o os melhores compiladores Delphi gratuitos?<\/h3>\n<ul>\n<li>Um compilador Delphi online gratuito \u00e9 o <strong><a href=\"https:\/\/www.onlinegdb.com\/online_pascal_compiler\" target=\"_blank\" rel=\"noopener\">Online Pascal Compiler do OnlineGDB<\/a><\/strong>. Adicione seu c\u00f3digo e teste se ele funciona. Voc\u00ea tamb\u00e9m pode formatar seu c\u00f3digo Delphi aqui.<\/li>\n<li>Outro site onde voc\u00ea pode compilar e executar Pascal gratuitamente \u00e9 o <strong><a href=\"https:\/\/www.tutorialspoint.com\/compile_pascal_online.php\" target=\"_blank\" rel=\"noopener\">Tutorialspoint.com<\/a><\/strong>.<\/li>\n<li>O \u00faltimo site que queremos mencionar \u00e9 o <strong><a href=\"https:\/\/ideone.com\/\" target=\"_blank\" rel=\"noopener\">Ideaone.com<\/a><\/strong>.<\/li>\n<\/ul>\n<p>Todos eles utilizam o compilador Delphi gratuito <a href=\"https:\/\/gitlab.com\/freepascal.org\/fpc\" target=\"_blank\" rel=\"noopener\"><strong>Free Pascal<\/strong><\/a>. O Free Pascal est\u00e1 no GitLab, onde voc\u00ea pode encontrar e baixar todos os arquivos.<\/p>\n<h3>A melhor ferramenta para atualizar o Delphi: GDK Duster<\/h3>\n<p>Ainda est\u00e1 usando uma vers\u00e3o antiga do Delphi e gostaria de atualizar para uma nova vers\u00e3o do Delphi? Ent\u00e3o \u00e9 melhor usar o GDK Duster. A ferramenta GDK Duster utiliza o compilador Delphi para compilar programas automaticamente, encontrar erros e modificar o c\u00f3digo para corrigir esses erros. Como todas as altera\u00e7\u00f5es s\u00e3o feitas por meio de a\u00e7\u00f5es, voc\u00ea pode apenas pegar a vers\u00e3o mais recente do c\u00f3digo e iniciar a convers\u00e3o sempre que necess\u00e1rio. Ao desenvolver a ferramenta GDK Duster, sempre buscamos automatizar a convers\u00e3o o m\u00e1ximo poss\u00edvel.<br \/>\n<img decoding=\"async\" class=\"wp-image-2618 aligncenter\" src=\"https:\/\/gdksoftware.com\/wp-content\/uploads\/2021\/05\/ed684602-67a9-481e-a425-a6f0f16041691.png\" alt=\"Ferramenta de atualiza\u00e7\u00e3o Delphi GDK Duster\" width=\"579\" height=\"361\" srcset=\"https:\/\/gdksoftware.com\/wp-content\/uploads\/2021\/05\/ed684602-67a9-481e-a425-a6f0f16041691.png 1312w, https:\/\/gdksoftware.com\/wp-content\/uploads\/2021\/05\/ed684602-67a9-481e-a425-a6f0f16041691-300x187.png 300w, https:\/\/gdksoftware.com\/wp-content\/uploads\/2021\/05\/ed684602-67a9-481e-a425-a6f0f16041691-768x479.png 768w\" sizes=\"(max-width: 579px) 100vw, 579px\" \/><br \/>\nVoc\u00ea est\u00e1 interessado em uma demonstra\u00e7\u00e3o pessoal do GDK Duster ou est\u00e1 procurando ajuda para converter um projeto Delphi? Entre em contato conosco pelo e-mail <a href=\"mailto:info@gdksoftware.com\">info@gdksoftware.com<\/a>.<\/p>\n","protected":false},"excerpt":{"rendered":"<p>Existem v\u00e1rios compiladores online de Delphi. Voc\u00ea pode usar compiladores para compilar e depurar seu c\u00f3digo Delphi. O que \u00e9 um compilador Delphi? Um compilador Delphi \u00e9 uma ferramenta que traduz um programa escrito em uma linguagem de origem para um programa semanticamente equivalente em uma linguagem de destino. Muitos compiladores online gratuitos n\u00e3o conseguem [&hellip;]<\/p>\n","protected":false},"author":4,"featured_media":0,"parent":0,"menu_order":0,"comment_status":"closed","ping_status":"closed","template":"","meta":{"_acf_changed":false,"footnotes":""},"class_list":["post-4555","page","type-page","status-publish","hentry"],"acf":{"type_hero":"img","hero_image":1067,"hero_image_position":"","hero_title":"Os melhores compiladores online de Delphi \/ Pascal","hero_content":"","hero_link":null,"hero_show_h1":false,"flexible_content":null},"yoast_head":"<!-- This site is optimized with the Yoast SEO Premium plugin v26.8 (Yoast SEO v27.3) - https:\/\/yoast.com\/product\/yoast-seo-premium-wordpress\/ -->\n<title>Compilador online Delphi \/ Pascal: estes s\u00e3o os melhores compiladores - GDK Software<\/title>\n<meta name=\"description\" content=\"Voc\u00ea est\u00e1 interessado em uma demonstra\u00e7\u00e3o pessoal do GDK Duster ou est\u00e1 procurando ajuda para converter um projeto Delphi? Entre em contato conosco!\" \/>\n<meta name=\"robots\" content=\"index, follow, max-snippet:-1, max-image-preview:large, max-video-preview:-1\" \/>\n<link rel=\"canonical\" href=\"https:\/\/gdksoftware.com\/pt-br\/compilador-online-delphi-pascal-estes-sao-os-melhores-compiladores\" \/>\n<meta property=\"og:locale\" content=\"pt_BR\" \/>\n<meta property=\"og:type\" content=\"article\" \/>\n<meta property=\"og:title\" content=\"Compilador online Delphi \/ Pascal: estes s\u00e3o os melhores compiladores\" \/>\n<meta property=\"og:description\" content=\"Voc\u00ea est\u00e1 interessado em uma demonstra\u00e7\u00e3o pessoal do GDK Duster ou est\u00e1 procurando ajuda para converter um projeto Delphi? Entre em contato conosco!\" \/>\n<meta property=\"og:url\" content=\"https:\/\/gdksoftware.com\/pt-br\/compilador-online-delphi-pascal-estes-sao-os-melhores-compiladores\" \/>\n<meta property=\"og:site_name\" content=\"GDK Software\" \/>\n<meta property=\"article:modified_time\" content=\"2023-06-22T17:56:51+00:00\" \/>\n<meta property=\"og:image\" content=\"https:\/\/gdksoftware.com\/wp-content\/uploads\/2021\/05\/ed684602-67a9-481e-a425-a6f0f16041691.png\" \/>\n<meta name=\"twitter:card\" content=\"summary_large_image\" \/>\n<meta name=\"twitter:label1\" content=\"Est. tempo de leitura\" \/>\n\t<meta name=\"twitter:data1\" content=\"2 minutos\" \/>\n<script type=\"application\/ld+json\" class=\"yoast-schema-graph\">{\"@context\":\"https:\\\/\\\/schema.org\",\"@graph\":[{\"@type\":\"WebPage\",\"@id\":\"https:\\\/\\\/gdksoftware.com\\\/pt-br\\\/compilador-online-delphi-pascal-estes-sao-os-melhores-compiladores\",\"url\":\"https:\\\/\\\/gdksoftware.com\\\/pt-br\\\/compilador-online-delphi-pascal-estes-sao-os-melhores-compiladores\",\"name\":\"Compilador online Delphi \\\/ Pascal: estes s\u00e3o os melhores compiladores - GDK Software\",\"isPartOf\":{\"@id\":\"https:\\\/\\\/gdksoftware.com\\\/pt-br#website\"},\"primaryImageOfPage\":{\"@id\":\"https:\\\/\\\/gdksoftware.com\\\/pt-br\\\/compilador-online-delphi-pascal-estes-sao-os-melhores-compiladores#primaryimage\"},\"image\":{\"@id\":\"https:\\\/\\\/gdksoftware.com\\\/pt-br\\\/compilador-online-delphi-pascal-estes-sao-os-melhores-compiladores#primaryimage\"},\"thumbnailUrl\":\"https:\\\/\\\/gdksoftware.com\\\/wp-content\\\/uploads\\\/2021\\\/05\\\/ed684602-67a9-481e-a425-a6f0f16041691.png\",\"datePublished\":\"2021-12-22T09:44:19+00:00\",\"dateModified\":\"2023-06-22T17:56:51+00:00\",\"description\":\"Voc\u00ea est\u00e1 interessado em uma demonstra\u00e7\u00e3o pessoal do GDK Duster ou est\u00e1 procurando ajuda para converter um projeto Delphi? Entre em contato conosco!\",\"breadcrumb\":{\"@id\":\"https:\\\/\\\/gdksoftware.com\\\/pt-br\\\/compilador-online-delphi-pascal-estes-sao-os-melhores-compiladores#breadcrumb\"},\"inLanguage\":\"pt-BR\",\"potentialAction\":[{\"@type\":\"ReadAction\",\"target\":[\"https:\\\/\\\/gdksoftware.com\\\/pt-br\\\/compilador-online-delphi-pascal-estes-sao-os-melhores-compiladores\"]}]},{\"@type\":\"ImageObject\",\"inLanguage\":\"pt-BR\",\"@id\":\"https:\\\/\\\/gdksoftware.com\\\/pt-br\\\/compilador-online-delphi-pascal-estes-sao-os-melhores-compiladores#primaryimage\",\"url\":\"https:\\\/\\\/gdksoftware.com\\\/wp-content\\\/uploads\\\/2021\\\/05\\\/ed684602-67a9-481e-a425-a6f0f16041691.png\",\"contentUrl\":\"https:\\\/\\\/gdksoftware.com\\\/wp-content\\\/uploads\\\/2021\\\/05\\\/ed684602-67a9-481e-a425-a6f0f16041691.png\"},{\"@type\":\"BreadcrumbList\",\"@id\":\"https:\\\/\\\/gdksoftware.com\\\/pt-br\\\/compilador-online-delphi-pascal-estes-sao-os-melhores-compiladores#breadcrumb\",\"itemListElement\":[{\"@type\":\"ListItem\",\"position\":1,\"name\":\"Home\",\"item\":\"https:\\\/\\\/gdksoftware.com\\\/pt-br\"},{\"@type\":\"ListItem\",\"position\":2,\"name\":\"Compilador online Delphi \\\/ Pascal: estes s\u00e3o os melhores compiladores\"}]},{\"@type\":\"WebSite\",\"@id\":\"https:\\\/\\\/gdksoftware.com\\\/pt-br#website\",\"url\":\"https:\\\/\\\/gdksoftware.com\\\/pt-br\",\"name\":\"GDK Software\",\"description\":\"Zet de stip op je horizon\",\"potentialAction\":[{\"@type\":\"SearchAction\",\"target\":{\"@type\":\"EntryPoint\",\"urlTemplate\":\"https:\\\/\\\/gdksoftware.com\\\/pt-br?s={search_term_string}\"},\"query-input\":{\"@type\":\"PropertyValueSpecification\",\"valueRequired\":true,\"valueName\":\"search_term_string\"}}],\"inLanguage\":\"pt-BR\"}]}<\/script>\n<!-- \/ Yoast SEO Premium plugin. -->","yoast_head_json":{"title":"Compilador online Delphi \/ Pascal: estes s\u00e3o os melhores compiladores - GDK Software","description":"Voc\u00ea est\u00e1 interessado em uma demonstra\u00e7\u00e3o pessoal do GDK Duster ou est\u00e1 procurando ajuda para converter um projeto Delphi? Entre em contato conosco!","robots":{"index":"index","follow":"follow","max-snippet":"max-snippet:-1","max-image-preview":"max-image-preview:large","max-video-preview":"max-video-preview:-1"},"canonical":"https:\/\/gdksoftware.com\/pt-br\/compilador-online-delphi-pascal-estes-sao-os-melhores-compiladores","og_locale":"pt_BR","og_type":"article","og_title":"Compilador online Delphi \/ Pascal: estes s\u00e3o os melhores compiladores","og_description":"Voc\u00ea est\u00e1 interessado em uma demonstra\u00e7\u00e3o pessoal do GDK Duster ou est\u00e1 procurando ajuda para converter um projeto Delphi? Entre em contato conosco!","og_url":"https:\/\/gdksoftware.com\/pt-br\/compilador-online-delphi-pascal-estes-sao-os-melhores-compiladores","og_site_name":"GDK Software","article_modified_time":"2023-06-22T17:56:51+00:00","og_image":[{"url":"https:\/\/gdksoftware.com\/wp-content\/uploads\/2021\/05\/ed684602-67a9-481e-a425-a6f0f16041691.png","type":"","width":"","height":""}],"twitter_card":"summary_large_image","twitter_misc":{"Est. tempo de leitura":"2 minutos"},"schema":{"@context":"https:\/\/schema.org","@graph":[{"@type":"WebPage","@id":"https:\/\/gdksoftware.com\/pt-br\/compilador-online-delphi-pascal-estes-sao-os-melhores-compiladores","url":"https:\/\/gdksoftware.com\/pt-br\/compilador-online-delphi-pascal-estes-sao-os-melhores-compiladores","name":"Compilador online Delphi \/ Pascal: estes s\u00e3o os melhores compiladores - GDK Software","isPartOf":{"@id":"https:\/\/gdksoftware.com\/pt-br#website"},"primaryImageOfPage":{"@id":"https:\/\/gdksoftware.com\/pt-br\/compilador-online-delphi-pascal-estes-sao-os-melhores-compiladores#primaryimage"},"image":{"@id":"https:\/\/gdksoftware.com\/pt-br\/compilador-online-delphi-pascal-estes-sao-os-melhores-compiladores#primaryimage"},"thumbnailUrl":"https:\/\/gdksoftware.com\/wp-content\/uploads\/2021\/05\/ed684602-67a9-481e-a425-a6f0f16041691.png","datePublished":"2021-12-22T09:44:19+00:00","dateModified":"2023-06-22T17:56:51+00:00","description":"Voc\u00ea est\u00e1 interessado em uma demonstra\u00e7\u00e3o pessoal do GDK Duster ou est\u00e1 procurando ajuda para converter um projeto Delphi? Entre em contato conosco!","breadcrumb":{"@id":"https:\/\/gdksoftware.com\/pt-br\/compilador-online-delphi-pascal-estes-sao-os-melhores-compiladores#breadcrumb"},"inLanguage":"pt-BR","potentialAction":[{"@type":"ReadAction","target":["https:\/\/gdksoftware.com\/pt-br\/compilador-online-delphi-pascal-estes-sao-os-melhores-compiladores"]}]},{"@type":"ImageObject","inLanguage":"pt-BR","@id":"https:\/\/gdksoftware.com\/pt-br\/compilador-online-delphi-pascal-estes-sao-os-melhores-compiladores#primaryimage","url":"https:\/\/gdksoftware.com\/wp-content\/uploads\/2021\/05\/ed684602-67a9-481e-a425-a6f0f16041691.png","contentUrl":"https:\/\/gdksoftware.com\/wp-content\/uploads\/2021\/05\/ed684602-67a9-481e-a425-a6f0f16041691.png"},{"@type":"BreadcrumbList","@id":"https:\/\/gdksoftware.com\/pt-br\/compilador-online-delphi-pascal-estes-sao-os-melhores-compiladores#breadcrumb","itemListElement":[{"@type":"ListItem","position":1,"name":"Home","item":"https:\/\/gdksoftware.com\/pt-br"},{"@type":"ListItem","position":2,"name":"Compilador online Delphi \/ Pascal: estes s\u00e3o os melhores compiladores"}]},{"@type":"WebSite","@id":"https:\/\/gdksoftware.com\/pt-br#website","url":"https:\/\/gdksoftware.com\/pt-br","name":"GDK Software","description":"Zet de stip op je horizon","potentialAction":[{"@type":"SearchAction","target":{"@type":"EntryPoint","urlTemplate":"https:\/\/gdksoftware.com\/pt-br?s={search_term_string}"},"query-input":{"@type":"PropertyValueSpecification","valueRequired":true,"valueName":"search_term_string"}}],"inLanguage":"pt-BR"}]}},"_links":{"self":[{"href":"https:\/\/gdksoftware.com\/pt-br\/wp-json\/wp\/v2\/pages\/4555","targetHints":{"allow":["GET"]}}],"collection":[{"href":"https:\/\/gdksoftware.com\/pt-br\/wp-json\/wp\/v2\/pages"}],"about":[{"href":"https:\/\/gdksoftware.com\/pt-br\/wp-json\/wp\/v2\/types\/page"}],"author":[{"embeddable":true,"href":"https:\/\/gdksoftware.com\/pt-br\/wp-json\/wp\/v2\/users\/4"}],"replies":[{"embeddable":true,"href":"https:\/\/gdksoftware.com\/pt-br\/wp-json\/wp\/v2\/comments?post=4555"}],"version-history":[{"count":2,"href":"https:\/\/gdksoftware.com\/pt-br\/wp-json\/wp\/v2\/pages\/4555\/revisions"}],"predecessor-version":[{"id":4557,"href":"https:\/\/gdksoftware.com\/pt-br\/wp-json\/wp\/v2\/pages\/4555\/revisions\/4557"}],"wp:attachment":[{"href":"https:\/\/gdksoftware.com\/pt-br\/wp-json\/wp\/v2\/media?parent=4555"}],"curies":[{"name":"wp","href":"https:\/\/api.w.org\/{rel}","templated":true}]}}