{"id":4558,"date":"2022-11-10T09:32:51","date_gmt":"2022-11-10T08:32:51","guid":{"rendered":"https:\/\/gdksoftware.com\/delphi-ide"},"modified":"2023-06-05T09:14:38","modified_gmt":"2023-06-05T08:14:38","slug":"ide-delphi","status":"publish","type":"page","link":"https:\/\/gdksoftware.com\/pt-br\/ide-delphi","title":{"rendered":"IDE Delphi"},"content":{"rendered":"","protected":false},"excerpt":{"rendered":"","protected":false},"author":1,"featured_media":0,"parent":0,"menu_order":0,"comment_status":"closed","ping_status":"closed","template":"","meta":{"_acf_changed":false,"footnotes":""},"class_list":["post-4558","page","type-page","status-publish","hentry"],"acf":{"type_hero":"img","hero_image":2069,"hero_image_position":"","hero_title":"IDE Delphi: tudo sobre ela","hero_content":"","hero_link":null,"hero_show_h1":false,"flexible_content":[{"acf_fc_layout":"text","text_type":"container","text_marge":"none","text_id":"","text_title":"","text_content":"<strong>A IDE Delphi \u00e9 usada diariamente por desenvolvedores Delphi. \u00c9 o ambiente de desenvolvimento integrado (IDE ou editor) no qual voc\u00ea desenvolve aplicativos. Al\u00e9m disso, voc\u00ea pode visualizar os aplicativos \"ao vivo\" na IDE.<\/strong>\r\n\r\nO que voc\u00ea pode construir e desenvolver nesse ambiente, se h\u00e1 atalhos dispon\u00edveis e se existe uma boa alternativa, a GDK Software ir\u00e1 explicar para voc\u00ea. Curioso? Leia adiante ou <a href=\"https:\/\/gdksoftware.com\/contact-us\">entre em contato<\/a> diretamente se voc\u00ea estiver enfrentando um problema que n\u00e3o consegue resolver por conta pr\u00f3pria. Nossos especialistas ficar\u00e3o felizes em ajudar!\r\n<h2>O que \u00e9 a IDE Delphi?<\/h2>\r\nIDE \u00e9 a abrevia\u00e7\u00e3o para Ambiente de Desenvolvimento Integrado. \u00c9 um software de computador usado por desenvolvedores para criar aplicativos. Geralmente, esse ambiente consiste em alguns programas necess\u00e1rios, como um compilador, depurador e um editor.\r\n<h2>Por que escolher a IDE Delphi?<\/h2>\r\nA IDE Delphi \u00e9 uma ferramenta muito poderosa. Por causa disso, pode parecer um pouco intimidante se voc\u00ea estiver come\u00e7ando a desenvolver aplicativos. Felizmente, o Delphi \u00e9 uma das IDEs mais amig\u00e1veis ao usu\u00e1rio, ent\u00e3o voc\u00ea rapidamente se familiarizar\u00e1 com ela. Quando voc\u00ea abre a IDE Delphi, \u00e9 levado \u00e0 p\u00e1gina inicial, onde pode ver os projetos com os quais trabalhou recentemente. A partir da\u00ed, voc\u00ea pode continuar trabalhando em um projeto existente ou iniciar um novo.\r\n\r\nA IDE Delphi (desde seu lan\u00e7amento h\u00e1 25 anos) ainda \u00e9 amplamente usada em todo o mundo. Apesar de ser relativamente antiga, ela \u00e9 frequentemente usada para desenvolver, por exemplo, aplicativos para Windows. Mas tamb\u00e9m \u00e9 comumente usada no desenvolvimento de aplicativos web, aplicativos de aprendizado de m\u00e1quina, aplicativos desktop e aplicativos m\u00f3veis para os sistemas operacionais OS X, iOS e Android.\r\n<h2>Existem plugins dispon\u00edveis?<\/h2>\r\nQuase todo desenvolvedor Delphi usa plugins e atalhos para desenvolver mais rapidamente. Nossos plugins favoritos s\u00e3o GExperts, DDevExtensions, Delphi IDE Fix pack e Parnassus Bookmarks. O GExperts adiciona fun\u00e7\u00f5es \u00fateis (como Pesquisa Grep, Renomear Componentes e Lista de Procedimentos), enquanto o DDevExtensions substitui facilmente as caixas de di\u00e1logo (Encontrar Unit\/Usar Unit). Voc\u00ea pode ler tudo sobre esses plugins em nossa p\u00e1gina de <a href=\"https:\/\/gdksoftware.com\/knowledgebase\/delphi-tips-and-tricks\">Dicas e Truques do Delphi<\/a>.\r\n<h2>Quais s\u00e3o os atalhos \u00fateis na IDE Delphi?<\/h2>\r\nA IDE Delphi possui uma infinidade de atalhos, todos os quais voc\u00ea pode encontrar aqui. Voc\u00ea provavelmente est\u00e1 familiarizado com alguns atalhos, como Ctrl+V e Ctrl+C. Eles tamb\u00e9m s\u00e3o usados em programas como Word e Excel. Ainda assim, existem muitos outros atalhos, como criar marcadores (pontos no c\u00f3digo para os quais voc\u00ea deseja retornar). Salve um arquivo regularmente com Ctrl + S. Marque com Ctrl + Shift + [n\u00famero] e encontre um marcador com Ctrl + [","text_content2":"","text_content3":"","text_side_image":null,"text_side_images":null,"text_side_shortcuts_title":"","text_side_shortcuts":null,"text_side_usps":""},{"acf_fc_layout":"related_items","related_items_title":"Mais Delphi?","related_items_id":"","related_items":[3670,1483]}]},"yoast_head":"<!-- This site is optimized with the Yoast SEO Premium plugin v26.8 (Yoast SEO v27.5) - https:\/\/yoast.com\/product\/yoast-seo-premium-wordpress\/ -->\n<title>O que \u00e9 Delphi IDE? Existem atalhos? Software GDK<\/title>\n<meta name=\"description\" content=\"Delphi IDE, o que \u00e9? Existem atalhos? E existe uma boa alternativa para o ambiente de software? Consulte Mais informa\u00e7\u00e3o!\" \/>\n<meta name=\"robots\" content=\"index, follow, max-snippet:-1, max-image-preview:large, max-video-preview:-1\" \/>\n<link rel=\"canonical\" href=\"https:\/\/gdksoftware.com\/pt-br\/ide-delphi\" \/>\n<meta property=\"og:locale\" content=\"pt_BR\" \/>\n<meta property=\"og:type\" content=\"article\" \/>\n<meta property=\"og:title\" content=\"IDE Delphi\" \/>\n<meta property=\"og:description\" content=\"Delphi IDE, o que \u00e9? Existem atalhos? E existe uma boa alternativa para o ambiente de software? Consulte Mais informa\u00e7\u00e3o!\" \/>\n<meta property=\"og:url\" content=\"https:\/\/gdksoftware.com\/pt-br\/ide-delphi\" \/>\n<meta property=\"og:site_name\" content=\"GDK Software\" \/>\n<meta property=\"article:modified_time\" content=\"2023-06-05T08:14:38+00:00\" \/>\n<meta name=\"twitter:card\" content=\"summary_large_image\" \/>\n<script type=\"application\/ld+json\" class=\"yoast-schema-graph\">{\"@context\":\"https:\\\/\\\/schema.org\",\"@graph\":[{\"@type\":\"WebPage\",\"@id\":\"https:\\\/\\\/gdksoftware.com\\\/pt-br\\\/ide-delphi\",\"url\":\"https:\\\/\\\/gdksoftware.com\\\/pt-br\\\/ide-delphi\",\"name\":\"O que \u00e9 Delphi IDE? Existem atalhos? Software GDK\",\"isPartOf\":{\"@id\":\"https:\\\/\\\/gdksoftware.com\\\/pt-br#website\"},\"datePublished\":\"2022-11-10T08:32:51+00:00\",\"dateModified\":\"2023-06-05T08:14:38+00:00\",\"description\":\"Delphi IDE, o que \u00e9? Existem atalhos? E existe uma boa alternativa para o ambiente de software? Consulte Mais informa\u00e7\u00e3o!\",\"breadcrumb\":{\"@id\":\"https:\\\/\\\/gdksoftware.com\\\/pt-br\\\/ide-delphi#breadcrumb\"},\"inLanguage\":\"pt-BR\",\"potentialAction\":[{\"@type\":\"ReadAction\",\"target\":[\"https:\\\/\\\/gdksoftware.com\\\/pt-br\\\/ide-delphi\"]}]},{\"@type\":\"BreadcrumbList\",\"@id\":\"https:\\\/\\\/gdksoftware.com\\\/pt-br\\\/ide-delphi#breadcrumb\",\"itemListElement\":[{\"@type\":\"ListItem\",\"position\":1,\"name\":\"Home\",\"item\":\"https:\\\/\\\/gdksoftware.com\\\/pt-br\"},{\"@type\":\"ListItem\",\"position\":2,\"name\":\"IDE Delphi\"}]},{\"@type\":\"WebSite\",\"@id\":\"https:\\\/\\\/gdksoftware.com\\\/pt-br#website\",\"url\":\"https:\\\/\\\/gdksoftware.com\\\/pt-br\",\"name\":\"GDK Software\",\"description\":\"Zet de stip op je horizon\",\"potentialAction\":[{\"@type\":\"SearchAction\",\"target\":{\"@type\":\"EntryPoint\",\"urlTemplate\":\"https:\\\/\\\/gdksoftware.com\\\/pt-br?s={search_term_string}\"},\"query-input\":{\"@type\":\"PropertyValueSpecification\",\"valueRequired\":true,\"valueName\":\"search_term_string\"}}],\"inLanguage\":\"pt-BR\"}]}<\/script>\n<!-- \/ Yoast SEO Premium plugin. -->","yoast_head_json":{"title":"O que \u00e9 Delphi IDE? Existem atalhos? Software GDK","description":"Delphi IDE, o que \u00e9? Existem atalhos? E existe uma boa alternativa para o ambiente de software? Consulte Mais informa\u00e7\u00e3o!","robots":{"index":"index","follow":"follow","max-snippet":"max-snippet:-1","max-image-preview":"max-image-preview:large","max-video-preview":"max-video-preview:-1"},"canonical":"https:\/\/gdksoftware.com\/pt-br\/ide-delphi","og_locale":"pt_BR","og_type":"article","og_title":"IDE Delphi","og_description":"Delphi IDE, o que \u00e9? Existem atalhos? E existe uma boa alternativa para o ambiente de software? Consulte Mais informa\u00e7\u00e3o!","og_url":"https:\/\/gdksoftware.com\/pt-br\/ide-delphi","og_site_name":"GDK Software","article_modified_time":"2023-06-05T08:14:38+00:00","twitter_card":"summary_large_image","schema":{"@context":"https:\/\/schema.org","@graph":[{"@type":"WebPage","@id":"https:\/\/gdksoftware.com\/pt-br\/ide-delphi","url":"https:\/\/gdksoftware.com\/pt-br\/ide-delphi","name":"O que \u00e9 Delphi IDE? Existem atalhos? Software GDK","isPartOf":{"@id":"https:\/\/gdksoftware.com\/pt-br#website"},"datePublished":"2022-11-10T08:32:51+00:00","dateModified":"2023-06-05T08:14:38+00:00","description":"Delphi IDE, o que \u00e9? Existem atalhos? E existe uma boa alternativa para o ambiente de software? Consulte Mais informa\u00e7\u00e3o!","breadcrumb":{"@id":"https:\/\/gdksoftware.com\/pt-br\/ide-delphi#breadcrumb"},"inLanguage":"pt-BR","potentialAction":[{"@type":"ReadAction","target":["https:\/\/gdksoftware.com\/pt-br\/ide-delphi"]}]},{"@type":"BreadcrumbList","@id":"https:\/\/gdksoftware.com\/pt-br\/ide-delphi#breadcrumb","itemListElement":[{"@type":"ListItem","position":1,"name":"Home","item":"https:\/\/gdksoftware.com\/pt-br"},{"@type":"ListItem","position":2,"name":"IDE Delphi"}]},{"@type":"WebSite","@id":"https:\/\/gdksoftware.com\/pt-br#website","url":"https:\/\/gdksoftware.com\/pt-br","name":"GDK Software","description":"Zet de stip op je horizon","potentialAction":[{"@type":"SearchAction","target":{"@type":"EntryPoint","urlTemplate":"https:\/\/gdksoftware.com\/pt-br?s={search_term_string}"},"query-input":{"@type":"PropertyValueSpecification","valueRequired":true,"valueName":"search_term_string"}}],"inLanguage":"pt-BR"}]}},"_links":{"self":[{"href":"https:\/\/gdksoftware.com\/pt-br\/wp-json\/wp\/v2\/pages\/4558","targetHints":{"allow":["GET"]}}],"collection":[{"href":"https:\/\/gdksoftware.com\/pt-br\/wp-json\/wp\/v2\/pages"}],"about":[{"href":"https:\/\/gdksoftware.com\/pt-br\/wp-json\/wp\/v2\/types\/page"}],"author":[{"embeddable":true,"href":"https:\/\/gdksoftware.com\/pt-br\/wp-json\/wp\/v2\/users\/1"}],"replies":[{"embeddable":true,"href":"https:\/\/gdksoftware.com\/pt-br\/wp-json\/wp\/v2\/comments?post=4558"}],"version-history":[{"count":2,"href":"https:\/\/gdksoftware.com\/pt-br\/wp-json\/wp\/v2\/pages\/4558\/revisions"}],"predecessor-version":[{"id":4560,"href":"https:\/\/gdksoftware.com\/pt-br\/wp-json\/wp\/v2\/pages\/4558\/revisions\/4560"}],"wp:attachment":[{"href":"https:\/\/gdksoftware.com\/pt-br\/wp-json\/wp\/v2\/media?parent=4558"}],"curies":[{"name":"wp","href":"https:\/\/api.w.org\/{rel}","templated":true}]}}