{"id":4561,"date":"2023-01-05T12:46:45","date_gmt":"2023-01-05T11:46:45","guid":{"rendered":"https:\/\/gdksoftware.com\/delphi-code"},"modified":"2023-06-05T17:43:22","modified_gmt":"2023-06-05T16:43:22","slug":"codigo-delphi","status":"publish","type":"page","link":"https:\/\/gdksoftware.com\/pt-br\/codigo-delphi","title":{"rendered":"C\u00f3digo Delphi"},"content":{"rendered":"","protected":false},"excerpt":{"rendered":"","protected":false},"author":1,"featured_media":0,"parent":0,"menu_order":0,"comment_status":"closed","ping_status":"closed","template":"","meta":{"_acf_changed":false,"footnotes":""},"class_list":["post-4561","page","type-page","status-publish","hentry"],"acf":{"type_hero":"img","hero_image":2069,"hero_image_position":"","hero_title":"C\u00f3digo Delphi: \u00e9 a sua vez de come\u00e7ar a programar?","hero_content":"","hero_link":null,"hero_show_h1":false,"flexible_content":[{"acf_fc_layout":"intro","intro_id":"","intro_title":"","intro_content":"Sabia que o Delphi existe desde 1995?! Desde ent\u00e3o, a linguagem de programa\u00e7\u00e3o e a IDE t\u00eam evolu\u00eddo continuamente, adicionando recursos avan\u00e7ados. As mudan\u00e7as no Windows permitiram que o Delphi assumisse uma posi\u00e7\u00e3o ainda mais proeminente como a linguagem de programa\u00e7\u00e3o mais importante."},{"acf_fc_layout":"text","text_type":"container","text_marge":"none","text_id":"","text_title":"","text_content":"<h2>C\u00f3digo Delphi: o que \u00e9 exatamente?<\/h2>\r\nInicialmente, o Delphi foi desenvolvido para a vers\u00e3o mais antiga do Windows. Portanto, \u00e9 tanto uma linguagem de programa\u00e7\u00e3o quanto um produto de software (completo com um <a href=\"https:\/\/gdksoftware.com\/knowledgebase\/what-is-the-delphi-ide\">Ambiente de Desenvolvimento Integrado - IDE<\/a>) para desenvolver rapidamente aplicativos para desktop, dispositivos m\u00f3veis, web e muito mais. Assim como seu predecessor, o Delphi \u00e9 uma linguagem de prop\u00f3sito geral, onde a efici\u00eancia \u00e9 fundamental. E at\u00e9 mesmo o assembly e o c\u00f3digo de m\u00e1quina s\u00e3o suportados. Em outras palavras, h\u00e1 muitas possibilidades!\r\n<h2>O que diferencia o c\u00f3digo Delphi?<\/h2>\r\nTalvez a maior for\u00e7a do Delphi seja a velocidade. Desenvolvido como uma ferramenta RAD, o Delphi \u00e9 extremamente r\u00e1pido no desenvolvimento de novos aplicativos.\r\n\r\nAl\u00e9m disso, o Delphi atualmente suporta todas as plataformas que voc\u00ea usa, como Windows, macOS, Linux, Android e iOS. Isso \u00e9 poss\u00edvel gra\u00e7as ao framework de desenvolvimento multiplataforma.\r\n<h2>Aprender por conta pr\u00f3pria ou trabalhar com especialistas?<\/h2>\r\nProgramar muitas vezes \u00e9 sin\u00f4nimo de pagar por software caro e perder tempo aprendendo uma nova linguagem. Com a Edi\u00e7\u00e3o Comunit\u00e1ria do Delphi, isso n\u00e3o \u00e9 mais o caso, mas ela oferece possibilidades limitadas em compara\u00e7\u00e3o com ambientes profissionais. Atualmente, existem tr\u00eas op\u00e7\u00f5es dispon\u00edveis: Professional, Enterprise e Architect. Cada uma dessas op\u00e7\u00f5es tem um pre\u00e7o diferente e possui suas pr\u00f3prias funcionalidades novas.\r\n\r\nMesmo que o pre\u00e7o de compra possa n\u00e3o ser o problema, o tempo que voc\u00ea precisa investir para aprender como a <a href=\"https:\/\/gdksoftware.com\/knowledgebase\/delphi\">linguagem de programa\u00e7\u00e3o<\/a> funciona pode ser uma barreira. Afinal, n\u00e3o se aprende a programar da noite para o dia. Conhecer todos os detalhes leva meses, \u00e0s vezes at\u00e9 anos. Tempo que talvez voc\u00ea n\u00e3o tenha. Ou para o qual n\u00e3o consegue encontrar a pessoa certa. Nesse caso, trabalhar com a GDK Software \u00e9 a solu\u00e7\u00e3o.\r\n<h2>Uma equipe comprometida de especialistas prontos para ajudar<\/h2>\r\nOs melhores especialistas em Delphi da Holanda, Brasil e Inglaterra trabalham juntos em um s\u00f3 lugar. Portanto, qualquer pergunta que voc\u00ea tenha sobre c\u00f3digo Delphi: encontraremos a resposta para voc\u00ea. Voc\u00ea tem algum problema espec\u00edfico ou desafio t\u00e9cnico em Delphi? Ou deseja levar sua equipe a um n\u00edvel mais alto? Ent\u00e3o, conhe\u00e7a um de nossos especialistas. Temos uma equipe forte de especialistas com amplo conhecimento e expertise nessa bela linguagem de desenvolvimento.\r\n\r\nLigue para n\u00f3s e nos conte sua vis\u00e3o, desejos e ideias. Gostamos de pensar junto com voc\u00ea. \u00c9 realmente necess\u00e1ria uma atualiza\u00e7\u00e3o para a vers\u00e3o mais recente do Delphi? Ou podemos levar seu software para o pr\u00f3ximo n\u00edvel com alguns ajustes? Sempre lhe damos conselhos honestos. Juntos, buscamos o resultado m\u00e1ximo e uma coopera\u00e7\u00e3o de longo prazo!","text_content2":"","text_content3":"","text_side_image":null,"text_side_images":null,"text_side_shortcuts_title":"","text_side_shortcuts":null,"text_side_usps":""},{"acf_fc_layout":"related_items","related_items_title":"Mais sobre Delphi?","related_items_id":"","related_items":[3670,3413]}]},"yoast_head":"<!-- This site is optimized with the Yoast SEO Premium plugin v26.8 (Yoast SEO v27.4) - https:\/\/yoast.com\/product\/yoast-seo-premium-wordpress\/ -->\n<title>C\u00f3digo Delphi: \u00e9 a sua vez de come\u00e7ar a programar em 2023?<\/title>\n<meta name=\"description\" content=\"Voc\u00ea quer saber como escrever c\u00f3digo Delphi ou precisa de ajuda para atualizar para a vers\u00e3o mais recente? A GDK Software est\u00e1 aqui para te ajudar!\" \/>\n<meta name=\"robots\" content=\"index, follow, max-snippet:-1, max-image-preview:large, max-video-preview:-1\" \/>\n<link rel=\"canonical\" href=\"https:\/\/gdksoftware.com\/pt-br\/codigo-delphi\" \/>\n<meta property=\"og:locale\" content=\"pt_BR\" \/>\n<meta property=\"og:type\" content=\"article\" \/>\n<meta property=\"og:title\" content=\"C\u00f3digo Delphi\" \/>\n<meta property=\"og:description\" content=\"Voc\u00ea quer saber como escrever c\u00f3digo Delphi ou precisa de ajuda para atualizar para a vers\u00e3o mais recente? A GDK Software est\u00e1 aqui para te ajudar!\" \/>\n<meta property=\"og:url\" content=\"https:\/\/gdksoftware.com\/pt-br\/codigo-delphi\" \/>\n<meta property=\"og:site_name\" content=\"GDK Software\" \/>\n<meta property=\"article:modified_time\" content=\"2023-06-05T16:43:22+00:00\" \/>\n<meta name=\"twitter:card\" content=\"summary_large_image\" \/>\n<script type=\"application\/ld+json\" class=\"yoast-schema-graph\">{\"@context\":\"https:\\\/\\\/schema.org\",\"@graph\":[{\"@type\":\"WebPage\",\"@id\":\"https:\\\/\\\/gdksoftware.com\\\/pt-br\\\/codigo-delphi\",\"url\":\"https:\\\/\\\/gdksoftware.com\\\/pt-br\\\/codigo-delphi\",\"name\":\"C\u00f3digo Delphi: \u00e9 a sua vez de come\u00e7ar a programar em 2023?\",\"isPartOf\":{\"@id\":\"https:\\\/\\\/gdksoftware.com\\\/pt-br#website\"},\"datePublished\":\"2023-01-05T11:46:45+00:00\",\"dateModified\":\"2023-06-05T16:43:22+00:00\",\"description\":\"Voc\u00ea quer saber como escrever c\u00f3digo Delphi ou precisa de ajuda para atualizar para a vers\u00e3o mais recente? A GDK Software est\u00e1 aqui para te ajudar!\",\"breadcrumb\":{\"@id\":\"https:\\\/\\\/gdksoftware.com\\\/pt-br\\\/codigo-delphi#breadcrumb\"},\"inLanguage\":\"pt-BR\",\"potentialAction\":[{\"@type\":\"ReadAction\",\"target\":[\"https:\\\/\\\/gdksoftware.com\\\/pt-br\\\/codigo-delphi\"]}]},{\"@type\":\"BreadcrumbList\",\"@id\":\"https:\\\/\\\/gdksoftware.com\\\/pt-br\\\/codigo-delphi#breadcrumb\",\"itemListElement\":[{\"@type\":\"ListItem\",\"position\":1,\"name\":\"Home\",\"item\":\"https:\\\/\\\/gdksoftware.com\\\/pt-br\"},{\"@type\":\"ListItem\",\"position\":2,\"name\":\"C\u00f3digo Delphi\"}]},{\"@type\":\"WebSite\",\"@id\":\"https:\\\/\\\/gdksoftware.com\\\/pt-br#website\",\"url\":\"https:\\\/\\\/gdksoftware.com\\\/pt-br\",\"name\":\"GDK Software\",\"description\":\"Zet de stip op je horizon\",\"potentialAction\":[{\"@type\":\"SearchAction\",\"target\":{\"@type\":\"EntryPoint\",\"urlTemplate\":\"https:\\\/\\\/gdksoftware.com\\\/pt-br?s={search_term_string}\"},\"query-input\":{\"@type\":\"PropertyValueSpecification\",\"valueRequired\":true,\"valueName\":\"search_term_string\"}}],\"inLanguage\":\"pt-BR\"}]}<\/script>\n<!-- \/ Yoast SEO Premium plugin. -->","yoast_head_json":{"title":"C\u00f3digo Delphi: \u00e9 a sua vez de come\u00e7ar a programar em 2023?","description":"Voc\u00ea quer saber como escrever c\u00f3digo Delphi ou precisa de ajuda para atualizar para a vers\u00e3o mais recente? A GDK Software est\u00e1 aqui para te ajudar!","robots":{"index":"index","follow":"follow","max-snippet":"max-snippet:-1","max-image-preview":"max-image-preview:large","max-video-preview":"max-video-preview:-1"},"canonical":"https:\/\/gdksoftware.com\/pt-br\/codigo-delphi","og_locale":"pt_BR","og_type":"article","og_title":"C\u00f3digo Delphi","og_description":"Voc\u00ea quer saber como escrever c\u00f3digo Delphi ou precisa de ajuda para atualizar para a vers\u00e3o mais recente? A GDK Software est\u00e1 aqui para te ajudar!","og_url":"https:\/\/gdksoftware.com\/pt-br\/codigo-delphi","og_site_name":"GDK Software","article_modified_time":"2023-06-05T16:43:22+00:00","twitter_card":"summary_large_image","schema":{"@context":"https:\/\/schema.org","@graph":[{"@type":"WebPage","@id":"https:\/\/gdksoftware.com\/pt-br\/codigo-delphi","url":"https:\/\/gdksoftware.com\/pt-br\/codigo-delphi","name":"C\u00f3digo Delphi: \u00e9 a sua vez de come\u00e7ar a programar em 2023?","isPartOf":{"@id":"https:\/\/gdksoftware.com\/pt-br#website"},"datePublished":"2023-01-05T11:46:45+00:00","dateModified":"2023-06-05T16:43:22+00:00","description":"Voc\u00ea quer saber como escrever c\u00f3digo Delphi ou precisa de ajuda para atualizar para a vers\u00e3o mais recente? A GDK Software est\u00e1 aqui para te ajudar!","breadcrumb":{"@id":"https:\/\/gdksoftware.com\/pt-br\/codigo-delphi#breadcrumb"},"inLanguage":"pt-BR","potentialAction":[{"@type":"ReadAction","target":["https:\/\/gdksoftware.com\/pt-br\/codigo-delphi"]}]},{"@type":"BreadcrumbList","@id":"https:\/\/gdksoftware.com\/pt-br\/codigo-delphi#breadcrumb","itemListElement":[{"@type":"ListItem","position":1,"name":"Home","item":"https:\/\/gdksoftware.com\/pt-br"},{"@type":"ListItem","position":2,"name":"C\u00f3digo Delphi"}]},{"@type":"WebSite","@id":"https:\/\/gdksoftware.com\/pt-br#website","url":"https:\/\/gdksoftware.com\/pt-br","name":"GDK Software","description":"Zet de stip op je horizon","potentialAction":[{"@type":"SearchAction","target":{"@type":"EntryPoint","urlTemplate":"https:\/\/gdksoftware.com\/pt-br?s={search_term_string}"},"query-input":{"@type":"PropertyValueSpecification","valueRequired":true,"valueName":"search_term_string"}}],"inLanguage":"pt-BR"}]}},"_links":{"self":[{"href":"https:\/\/gdksoftware.com\/pt-br\/wp-json\/wp\/v2\/pages\/4561","targetHints":{"allow":["GET"]}}],"collection":[{"href":"https:\/\/gdksoftware.com\/pt-br\/wp-json\/wp\/v2\/pages"}],"about":[{"href":"https:\/\/gdksoftware.com\/pt-br\/wp-json\/wp\/v2\/types\/page"}],"author":[{"embeddable":true,"href":"https:\/\/gdksoftware.com\/pt-br\/wp-json\/wp\/v2\/users\/1"}],"replies":[{"embeddable":true,"href":"https:\/\/gdksoftware.com\/pt-br\/wp-json\/wp\/v2\/comments?post=4561"}],"version-history":[{"count":3,"href":"https:\/\/gdksoftware.com\/pt-br\/wp-json\/wp\/v2\/pages\/4561\/revisions"}],"predecessor-version":[{"id":4566,"href":"https:\/\/gdksoftware.com\/pt-br\/wp-json\/wp\/v2\/pages\/4561\/revisions\/4566"}],"wp:attachment":[{"href":"https:\/\/gdksoftware.com\/pt-br\/wp-json\/wp\/v2\/media?parent=4561"}],"curies":[{"name":"wp","href":"https:\/\/api.w.org\/{rel}","templated":true}]}}