{"id":4864,"date":"2023-11-07T10:07:32","date_gmt":"2023-11-07T09:07:32","guid":{"rendered":"https:\/\/gdksoftware.com\/?page_id=4864"},"modified":"2023-11-07T10:07:32","modified_gmt":"2023-11-07T09:07:32","slug":"johnny-sobre-a-gdk","status":"publish","type":"page","link":"https:\/\/gdksoftware.com\/pt-br\/johnny-sobre-a-gdk","title":{"rendered":"Johnny sobre a GDK"},"content":{"rendered":"","protected":false},"excerpt":{"rendered":"","protected":false},"author":4,"featured_media":0,"parent":0,"menu_order":0,"comment_status":"closed","ping_status":"closed","template":"","meta":{"_acf_changed":false,"footnotes":""},"class_list":["post-4864","page","type-page","status-publish","hentry"],"acf":{"type_hero":"img-text","hero_image":3065,"hero_image_position":"","hero_title":"\"Uma equipe envolvida, mesmo a longa dist\u00e2ncia\"","hero_content":"","hero_link":"","hero_show_h1":false,"flexible_content":[{"acf_fc_layout":"text","text_type":"container","text_marge":"none","text_id":"","text_title":"","text_content":"<strong>O desenvolvedor Johnny trocou Papendrecht pela bela Veluwe. Recentemente, ele trabalha em seu pr\u00f3prio escrit\u00f3rio na fazenda de seus sogros. Ele v\u00ea seus colegas da GDK apenas uma vez a cada duas semanas, mas felizmente Johnny est\u00e1 acostumado a falar com seus colegas com menos frequ\u00eancia. \"Antes disso, fiquei quatro anos em segunda\u00e7\u00e3o na Coolblue.\"<\/strong>\r\n\r\nJohnny est\u00e1 acostumado a mudan\u00e7as. Ele trabalhou como desenvolvedor Java na Logica CMG antes de se juntar \u00e0 GDK. Na GDK, ele mudou de linguagem de programa\u00e7\u00e3o, passando do PHP para o Delphi. \"Eu compartilho a vis\u00e3o do Marco e do Kees quando se trata de programa\u00e7\u00e3o. Programar \u00e9 um tanto universal. Voc\u00ea tem isso ou n\u00e3o. O interesse deve estar presente. Em que idioma voc\u00ea faz isso? Isso n\u00e3o deveria importar muito.\" Levou apenas algumas semanas para Johnny se adaptar e acompanhar outros programadores. \"Eu tenho a experi\u00eancia e a compreens\u00e3o para escrever c\u00f3digo. O desafio est\u00e1 mais em se adaptar a um novo projeto do que em entender o c\u00f3digo.\"\r\n<h2>Dire\u00e7\u00e3o \u00e0 Coolblue<\/h2>\r\nEm certo momento, a Coolblue estava procurando muitos desenvolvedores Delphi. Marco e Kees perguntaram \u00e0 equipe quem estava disposto a passar quatro dias por semana l\u00e1. \"Eu fui o \u00fanico a levantar a m\u00e3o\", conta Johnny. \"Eu gosto de desafios e mudan\u00e7as. Na Coolblue, os desenvolvedores trabalham de maneira diferente do que na GDK Software. Isso ocorre principalmente porque a GDK faz software para clientes, enquanto a Coolblue faz software para si mesma. Se algo n\u00e3o funcionar ap\u00f3s os testes, uma parte do aplicativo \u00e9 removida, mesmo que tenha havido meses de trabalho. Trabalhar com um cliente, como na GDK, oferece mais estrutura.\"","text_content2":"","text_content3":"","text_side_image":null,"text_side_images":null,"text_side_shortcuts_title":"","text_side_shortcuts":null,"text_side_usps":""},{"acf_fc_layout":"quote","quote_content":"\"N\u00e3o h\u00e1 competi\u00e7\u00e3o desleal. Ningu\u00e9m est\u00e1 tentando se destacar. H\u00e1 respeito m\u00fatuo.\"","quote_id":"","quote_title":"Johnny, programador na GDK"},{"acf_fc_layout":"text","text_type":"container","text_marge":"none","text_id":"","text_title":"","text_content":"<h2>Contato di\u00e1rio com clientes<\/h2>\r\nA partir de Wekerom, Johnny mant\u00e9m contato di\u00e1rio com os clientes da GDK, seja pelo Slack, telefone ou e-mail. \"O contato com o cliente \u00e9 um dos pontos altos do meu trabalho. Principalmente pensar na pergunta: como traduzir os desejos do cliente em c\u00f3digo? Quase todos os meus clientes fornecem desejos e requisitos de forma estruturada. Se eles desejarem mudan\u00e7as, eles as registram de maneira apropriada. Isso evita que eu tenha que lidar com muitas tarefas improvisadas.\"\r\n<h2>Equipe envolvida<\/h2>\r\n97 quil\u00f4metros separam Papendrecht de Wekerom. Uma hora de carro fora do hor\u00e1rio de pico. Felizmente, Johnny n\u00e3o sente nenhuma dist\u00e2ncia entre ele e seus colegas. \"A equipe \u00e9 muito envolvida. Isso tamb\u00e9m se deve aos Company Days, onde nos encontramos v\u00e1rias vezes por ano com nossos colegas brit\u00e2nicos. N\u00e3o h\u00e1 separa\u00e7\u00e3o entre ingl\u00eas e holand\u00eas nesses dias. Realizamos todas as atividades juntos e parece que somos um grupo unido.\" Durante os Company Days, os funcion\u00e1rios apresentam os resultados de suas pr\u00f3prias pesquisas realizadas durante os Research Days. \"Fiz pesquisas sobre o Desenvolvimento Orientado para o Comportamento, em que os desejos do cliente s\u00e3o traduzidos para uma estrutura de linguagem espec\u00edfica. O cliente \u00e9 ativamente envolvido no design do aplicativo. Juntamente com o cliente, criamos casos de teste para a constru\u00e7\u00e3o do aplicativo. Dessa forma, o cliente precisa pensar nos detalhes desde o in\u00edcio. Isso evita que entreguemos algo que n\u00e3o corresponda \u00e0 lista de desejos dele.\"","text_content2":"","text_content3":"","text_side_image":null,"text_side_images":null,"text_side_shortcuts_title":"","text_side_shortcuts":null,"text_side_usps":""},{"acf_fc_layout":"images","images_type":"container","images_marge":"none","images_id":"","images_title":"","images_image":3131,"images_image2":null,"images_image3":null},{"acf_fc_layout":"text","text_type":"container","text_marge":"none","text_id":"","text_title":"","text_content":"<h2>Valores crist\u00e3os<\/h2>\r\nJohnny se sente \u00e0 vontade na GDK. \"\u00c0s vezes, penso que seria mais pr\u00e1tico se eu tivesse um empregador pr\u00f3ximo, mas me sinto em casa na GDK. Os princ\u00edpios da GDK tamb\u00e9m combinam comigo. A maioria dos colegas \u00e9 crist\u00e3 e isso \u00e9 evidente no local de trabalho. N\u00e3o h\u00e1 competi\u00e7\u00e3o desleal. Ningu\u00e9m est\u00e1 tentando se destacar. H\u00e1 respeito m\u00fatuo. Por exemplo, fazemos ora\u00e7\u00f5es juntos antes das refei\u00e7\u00f5es, para aqueles que desejam. Sinto-me muito confort\u00e1vel com isso.\"","text_content2":"","text_content3":"","text_side_image":null,"text_side_images":null,"text_side_shortcuts_title":"","text_side_shortcuts":null,"text_side_usps":""}]},"yoast_head":"<!-- This site is optimized with the Yoast SEO Premium plugin v26.8 (Yoast SEO v27.4) - https:\/\/yoast.com\/product\/yoast-seo-premium-wordpress\/ -->\n<title>Johnny sobre a GDK - GDK Software<\/title>\n<meta name=\"robots\" content=\"index, follow, max-snippet:-1, max-image-preview:large, max-video-preview:-1\" \/>\n<link rel=\"canonical\" href=\"https:\/\/gdksoftware.com\/pt-br\/johnny-sobre-a-gdk\" \/>\n<meta property=\"og:locale\" content=\"pt_BR\" \/>\n<meta property=\"og:type\" content=\"article\" \/>\n<meta property=\"og:title\" content=\"Johnny sobre a GDK\" \/>\n<meta property=\"og:url\" content=\"https:\/\/gdksoftware.com\/pt-br\/johnny-sobre-a-gdk\" \/>\n<meta property=\"og:site_name\" content=\"GDK Software\" \/>\n<meta name=\"twitter:card\" content=\"summary_large_image\" \/>\n<script type=\"application\/ld+json\" class=\"yoast-schema-graph\">{\"@context\":\"https:\\\/\\\/schema.org\",\"@graph\":[{\"@type\":\"WebPage\",\"@id\":\"https:\\\/\\\/gdksoftware.com\\\/pt-br\\\/johnny-sobre-a-gdk\",\"url\":\"https:\\\/\\\/gdksoftware.com\\\/pt-br\\\/johnny-sobre-a-gdk\",\"name\":\"Johnny sobre a GDK - GDK Software\",\"isPartOf\":{\"@id\":\"https:\\\/\\\/gdksoftware.com\\\/pt-br#website\"},\"datePublished\":\"2023-11-07T09:07:32+00:00\",\"breadcrumb\":{\"@id\":\"https:\\\/\\\/gdksoftware.com\\\/pt-br\\\/johnny-sobre-a-gdk#breadcrumb\"},\"inLanguage\":\"pt-BR\",\"potentialAction\":[{\"@type\":\"ReadAction\",\"target\":[\"https:\\\/\\\/gdksoftware.com\\\/pt-br\\\/johnny-sobre-a-gdk\"]}]},{\"@type\":\"BreadcrumbList\",\"@id\":\"https:\\\/\\\/gdksoftware.com\\\/pt-br\\\/johnny-sobre-a-gdk#breadcrumb\",\"itemListElement\":[{\"@type\":\"ListItem\",\"position\":1,\"name\":\"Home\",\"item\":\"https:\\\/\\\/gdksoftware.com\\\/pt-br\"},{\"@type\":\"ListItem\",\"position\":2,\"name\":\"Johnny sobre a GDK\"}]},{\"@type\":\"WebSite\",\"@id\":\"https:\\\/\\\/gdksoftware.com\\\/pt-br#website\",\"url\":\"https:\\\/\\\/gdksoftware.com\\\/pt-br\",\"name\":\"GDK Software\",\"description\":\"Zet de stip op je horizon\",\"potentialAction\":[{\"@type\":\"SearchAction\",\"target\":{\"@type\":\"EntryPoint\",\"urlTemplate\":\"https:\\\/\\\/gdksoftware.com\\\/pt-br?s={search_term_string}\"},\"query-input\":{\"@type\":\"PropertyValueSpecification\",\"valueRequired\":true,\"valueName\":\"search_term_string\"}}],\"inLanguage\":\"pt-BR\"}]}<\/script>\n<!-- \/ Yoast SEO Premium plugin. -->","yoast_head_json":{"title":"Johnny sobre a GDK - GDK Software","robots":{"index":"index","follow":"follow","max-snippet":"max-snippet:-1","max-image-preview":"max-image-preview:large","max-video-preview":"max-video-preview:-1"},"canonical":"https:\/\/gdksoftware.com\/pt-br\/johnny-sobre-a-gdk","og_locale":"pt_BR","og_type":"article","og_title":"Johnny sobre a GDK","og_url":"https:\/\/gdksoftware.com\/pt-br\/johnny-sobre-a-gdk","og_site_name":"GDK Software","twitter_card":"summary_large_image","schema":{"@context":"https:\/\/schema.org","@graph":[{"@type":"WebPage","@id":"https:\/\/gdksoftware.com\/pt-br\/johnny-sobre-a-gdk","url":"https:\/\/gdksoftware.com\/pt-br\/johnny-sobre-a-gdk","name":"Johnny sobre a GDK - GDK Software","isPartOf":{"@id":"https:\/\/gdksoftware.com\/pt-br#website"},"datePublished":"2023-11-07T09:07:32+00:00","breadcrumb":{"@id":"https:\/\/gdksoftware.com\/pt-br\/johnny-sobre-a-gdk#breadcrumb"},"inLanguage":"pt-BR","potentialAction":[{"@type":"ReadAction","target":["https:\/\/gdksoftware.com\/pt-br\/johnny-sobre-a-gdk"]}]},{"@type":"BreadcrumbList","@id":"https:\/\/gdksoftware.com\/pt-br\/johnny-sobre-a-gdk#breadcrumb","itemListElement":[{"@type":"ListItem","position":1,"name":"Home","item":"https:\/\/gdksoftware.com\/pt-br"},{"@type":"ListItem","position":2,"name":"Johnny sobre a GDK"}]},{"@type":"WebSite","@id":"https:\/\/gdksoftware.com\/pt-br#website","url":"https:\/\/gdksoftware.com\/pt-br","name":"GDK Software","description":"Zet de stip op je horizon","potentialAction":[{"@type":"SearchAction","target":{"@type":"EntryPoint","urlTemplate":"https:\/\/gdksoftware.com\/pt-br?s={search_term_string}"},"query-input":{"@type":"PropertyValueSpecification","valueRequired":true,"valueName":"search_term_string"}}],"inLanguage":"pt-BR"}]}},"_links":{"self":[{"href":"https:\/\/gdksoftware.com\/pt-br\/wp-json\/wp\/v2\/pages\/4864","targetHints":{"allow":["GET"]}}],"collection":[{"href":"https:\/\/gdksoftware.com\/pt-br\/wp-json\/wp\/v2\/pages"}],"about":[{"href":"https:\/\/gdksoftware.com\/pt-br\/wp-json\/wp\/v2\/types\/page"}],"author":[{"embeddable":true,"href":"https:\/\/gdksoftware.com\/pt-br\/wp-json\/wp\/v2\/users\/4"}],"replies":[{"embeddable":true,"href":"https:\/\/gdksoftware.com\/pt-br\/wp-json\/wp\/v2\/comments?post=4864"}],"version-history":[{"count":2,"href":"https:\/\/gdksoftware.com\/pt-br\/wp-json\/wp\/v2\/pages\/4864\/revisions"}],"predecessor-version":[{"id":4866,"href":"https:\/\/gdksoftware.com\/pt-br\/wp-json\/wp\/v2\/pages\/4864\/revisions\/4866"}],"wp:attachment":[{"href":"https:\/\/gdksoftware.com\/pt-br\/wp-json\/wp\/v2\/media?parent=4864"}],"curies":[{"name":"wp","href":"https:\/\/api.w.org\/{rel}","templated":true}]}}