{"id":4867,"date":"2023-11-07T10:11:50","date_gmt":"2023-11-07T09:11:50","guid":{"rendered":"https:\/\/gdksoftware.com\/?page_id=4867"},"modified":"2023-11-07T10:11:50","modified_gmt":"2023-11-07T09:11:50","slug":"reinier-sobre-a-gdk","status":"publish","type":"page","link":"https:\/\/gdksoftware.com\/pt-br\/reinier-sobre-a-gdk","title":{"rendered":"Reinier sobre a GDK"},"content":{"rendered":"","protected":false},"excerpt":{"rendered":"","protected":false},"author":4,"featured_media":0,"parent":0,"menu_order":0,"comment_status":"closed","ping_status":"closed","template":"","meta":{"_acf_changed":false,"footnotes":""},"class_list":["post-4867","page","type-page","status-publish","hentry"],"acf":{"type_hero":"img-text","hero_image":2937,"hero_image_position":"","hero_title":"\"Sem hierarquia: sempre h\u00e1 espa\u00e7o para suas pr\u00f3prias ideias.\"","hero_content":"","hero_link":"","hero_show_h1":false,"flexible_content":[{"acf_fc_layout":"text","text_type":"container","text_marge":"none","text_id":"","text_title":"","text_content":"<strong>Desenvolvimento de baixo c\u00f3digo: Reinier adora. H\u00e1 um ano, ele trabalha como desenvolvedor Mendix em projetos emocionantes. \"Gra\u00e7as ao Mendix, a\u00e7\u00f5es padr\u00e3o se tornam desnecess\u00e1rias. Como desenvolvedor, voc\u00ea est\u00e1 lidando com l\u00f3gica pura. Criando coisas em vez de digitar infinitamente. Eu aprecio que a GDK me ofereceu esta oportunidade.\"<\/strong>\r\n\r\nReinier procurou emprego em sua \u00e1rea de inform\u00e1tica no \u00faltimo ano de sua forma\u00e7\u00e3o. \"Por acaso, Marco Geuze \u00e9 meu tio. Ele me perguntou: 'Voc\u00ea conhece pessoas procurando emprego?' E eu disse: 'Sim, eu.' Ap\u00f3s uma conversa com Kees, fui contratado. Primeiro na equipe de estudantes e depois como funcion\u00e1rio em tempo integral.\"\r\n<h2>De Delphi para Mendix<\/h2>\r\nAtualmente, Reinier trabalha em um grande projeto com alguns colegas da Mendix. \"Originalmente, este era um projeto Delphi que chegou at\u00e9 n\u00f3s para manuten\u00e7\u00e3o. O c\u00f3digo estava mal mantido, e por isso decidimos migrar a aplica\u00e7\u00e3o para o Mendix. Isso nos permite ter contato mais intenso com o cliente. Ele pode executar o projeto Mendix sozinho e verificar se as atualiza\u00e7\u00f5es est\u00e3o funcionando bem. Eu realmente gosto desse contato com o cliente. Quando voc\u00ea tem contato direto com algu\u00e9m e ouve que ele est\u00e1 satisfeito, isso proporciona uma sensa\u00e7\u00e3o boa.\"","text_content2":"","text_content3":"","text_side_image":null,"text_side_images":null,"text_side_shortcuts_title":"","text_side_shortcuts":null,"text_side_usps":""},{"acf_fc_layout":"quote","quote_content":"\"Uma partida de Mario Kart no intervalo ou uma caminhada. Tudo \u00e9 muito descontra\u00eddo.\"","quote_id":"","quote_title":"Reinier, programador na GDK"},{"acf_fc_layout":"text","text_type":"container","text_marge":"none","text_id":"","text_title":"","text_content":"<h2>Mantendo-se em alta<\/h2>\r\nReinier tenta manter seu conhecimento sempre atualizado. \"Eu e Kees obtivemos um certificado avan\u00e7ado do Mendix juntos. Al\u00e9m disso, h\u00e1 encontros do Mendix, onde os programadores compartilham informa\u00e7\u00f5es sobre projetos espec\u00edficos. Se houver um encontro com um t\u00f3pico interessante, eu vou. Al\u00e9m disso, uma vez por ano temos o Mendix World, mas infelizmente este ano um v\u00edrus atrapalhou.\"\r\n<h2>Ambiente informal e agrad\u00e1vel<\/h2>\r\nReinier descreve o ambiente na GDK como informal. \"Eu gosto disso, poder brincar com os colegas de vez em quando. Uma partida de Mario Kart no intervalo ou uma caminhada. Tudo \u00e9 muito descontra\u00eddo. Tentamos nos divertir juntos. N\u00e3o h\u00e1 hierarquia no local de trabalho. Ningu\u00e9m diz: 'Eu sou melhor e voc\u00ea precisa ficar calado.' Voc\u00ea tem a liberdade de expressar suas pr\u00f3prias ideias. Se algo n\u00e3o der certo, sempre h\u00e1 algu\u00e9m para ajudar. N\u00e3o sou limitado em lugar nenhum e tenho muita liberdade criativa e responsabilidade.\"","text_content2":"","text_content3":"","text_side_image":null,"text_side_images":null,"text_side_shortcuts_title":"","text_side_shortcuts":null,"text_side_usps":""},{"acf_fc_layout":"images","images_type":"container","images_marge":"none","images_id":"","images_title":"","images_image":3570,"images_image2":null,"images_image3":null},{"acf_fc_layout":"text","text_type":"container","text_marge":"none","text_id":"","text_title":"","text_content":"<h2>Benef\u00edcios agrad\u00e1veis<\/h2>\r\nComo empregador, a GDK oferece mais do que apenas sal\u00e1rio ou trabalho valioso. \"Existem benef\u00edcios agrad\u00e1veis, como um passe anual para museus e uma assinatura de academia. O benef\u00edcio que mais gosto \u00e9 que podemos gastar 500 euros por ano em gadgets. No ano passado, escolhi um monitor de alta qualidade para usar em casa. Desfruto disso todos os dias. Tamb\u00e9m aprecio almo\u00e7ar juntos na empresa, onde Francisca garante que haja algo saboroso para todos.\"\r\n<h2>Continuar crescendo<\/h2>\r\nEnquanto Reinier continuar vendo oportunidades de crescimento na GDK, ele n\u00e3o deixar\u00e1 a empresa de software. \"Tenho muito a aprender. Se expandirmos ainda mais no Mendix, quero liderar projetos. Ter a responsabilidade de trabalhar em equipe para atender a um cliente. Estou ansioso por isso!\"","text_content2":"","text_content3":"","text_side_image":null,"text_side_images":null,"text_side_shortcuts_title":"","text_side_shortcuts":null,"text_side_usps":""}]},"yoast_head":"<!-- This site is optimized with the Yoast SEO Premium plugin v26.8 (Yoast SEO v27.5) - https:\/\/yoast.com\/product\/yoast-seo-premium-wordpress\/ -->\n<title>Reinier sobre a GDK - GDK Software<\/title>\n<meta name=\"robots\" content=\"index, follow, max-snippet:-1, max-image-preview:large, max-video-preview:-1\" \/>\n<link rel=\"canonical\" href=\"https:\/\/gdksoftware.com\/pt-br\/reinier-sobre-a-gdk\" \/>\n<meta property=\"og:locale\" content=\"pt_BR\" \/>\n<meta property=\"og:type\" content=\"article\" \/>\n<meta property=\"og:title\" content=\"Reinier sobre a GDK\" \/>\n<meta property=\"og:url\" content=\"https:\/\/gdksoftware.com\/pt-br\/reinier-sobre-a-gdk\" \/>\n<meta property=\"og:site_name\" content=\"GDK Software\" \/>\n<meta name=\"twitter:card\" content=\"summary_large_image\" \/>\n<script type=\"application\/ld+json\" class=\"yoast-schema-graph\">{\"@context\":\"https:\\\/\\\/schema.org\",\"@graph\":[{\"@type\":\"WebPage\",\"@id\":\"https:\\\/\\\/gdksoftware.com\\\/pt-br\\\/reinier-sobre-a-gdk\",\"url\":\"https:\\\/\\\/gdksoftware.com\\\/pt-br\\\/reinier-sobre-a-gdk\",\"name\":\"Reinier sobre a GDK - GDK Software\",\"isPartOf\":{\"@id\":\"https:\\\/\\\/gdksoftware.com\\\/pt-br#website\"},\"datePublished\":\"2023-11-07T09:11:50+00:00\",\"breadcrumb\":{\"@id\":\"https:\\\/\\\/gdksoftware.com\\\/pt-br\\\/reinier-sobre-a-gdk#breadcrumb\"},\"inLanguage\":\"pt-BR\",\"potentialAction\":[{\"@type\":\"ReadAction\",\"target\":[\"https:\\\/\\\/gdksoftware.com\\\/pt-br\\\/reinier-sobre-a-gdk\"]}]},{\"@type\":\"BreadcrumbList\",\"@id\":\"https:\\\/\\\/gdksoftware.com\\\/pt-br\\\/reinier-sobre-a-gdk#breadcrumb\",\"itemListElement\":[{\"@type\":\"ListItem\",\"position\":1,\"name\":\"Home\",\"item\":\"https:\\\/\\\/gdksoftware.com\\\/pt-br\"},{\"@type\":\"ListItem\",\"position\":2,\"name\":\"Reinier sobre a GDK\"}]},{\"@type\":\"WebSite\",\"@id\":\"https:\\\/\\\/gdksoftware.com\\\/pt-br#website\",\"url\":\"https:\\\/\\\/gdksoftware.com\\\/pt-br\",\"name\":\"GDK Software\",\"description\":\"Zet de stip op je horizon\",\"potentialAction\":[{\"@type\":\"SearchAction\",\"target\":{\"@type\":\"EntryPoint\",\"urlTemplate\":\"https:\\\/\\\/gdksoftware.com\\\/pt-br?s={search_term_string}\"},\"query-input\":{\"@type\":\"PropertyValueSpecification\",\"valueRequired\":true,\"valueName\":\"search_term_string\"}}],\"inLanguage\":\"pt-BR\"}]}<\/script>\n<!-- \/ Yoast SEO Premium plugin. -->","yoast_head_json":{"title":"Reinier sobre a GDK - GDK Software","robots":{"index":"index","follow":"follow","max-snippet":"max-snippet:-1","max-image-preview":"max-image-preview:large","max-video-preview":"max-video-preview:-1"},"canonical":"https:\/\/gdksoftware.com\/pt-br\/reinier-sobre-a-gdk","og_locale":"pt_BR","og_type":"article","og_title":"Reinier sobre a GDK","og_url":"https:\/\/gdksoftware.com\/pt-br\/reinier-sobre-a-gdk","og_site_name":"GDK Software","twitter_card":"summary_large_image","schema":{"@context":"https:\/\/schema.org","@graph":[{"@type":"WebPage","@id":"https:\/\/gdksoftware.com\/pt-br\/reinier-sobre-a-gdk","url":"https:\/\/gdksoftware.com\/pt-br\/reinier-sobre-a-gdk","name":"Reinier sobre a GDK - GDK Software","isPartOf":{"@id":"https:\/\/gdksoftware.com\/pt-br#website"},"datePublished":"2023-11-07T09:11:50+00:00","breadcrumb":{"@id":"https:\/\/gdksoftware.com\/pt-br\/reinier-sobre-a-gdk#breadcrumb"},"inLanguage":"pt-BR","potentialAction":[{"@type":"ReadAction","target":["https:\/\/gdksoftware.com\/pt-br\/reinier-sobre-a-gdk"]}]},{"@type":"BreadcrumbList","@id":"https:\/\/gdksoftware.com\/pt-br\/reinier-sobre-a-gdk#breadcrumb","itemListElement":[{"@type":"ListItem","position":1,"name":"Home","item":"https:\/\/gdksoftware.com\/pt-br"},{"@type":"ListItem","position":2,"name":"Reinier sobre a GDK"}]},{"@type":"WebSite","@id":"https:\/\/gdksoftware.com\/pt-br#website","url":"https:\/\/gdksoftware.com\/pt-br","name":"GDK Software","description":"Zet de stip op je horizon","potentialAction":[{"@type":"SearchAction","target":{"@type":"EntryPoint","urlTemplate":"https:\/\/gdksoftware.com\/pt-br?s={search_term_string}"},"query-input":{"@type":"PropertyValueSpecification","valueRequired":true,"valueName":"search_term_string"}}],"inLanguage":"pt-BR"}]}},"_links":{"self":[{"href":"https:\/\/gdksoftware.com\/pt-br\/wp-json\/wp\/v2\/pages\/4867","targetHints":{"allow":["GET"]}}],"collection":[{"href":"https:\/\/gdksoftware.com\/pt-br\/wp-json\/wp\/v2\/pages"}],"about":[{"href":"https:\/\/gdksoftware.com\/pt-br\/wp-json\/wp\/v2\/types\/page"}],"author":[{"embeddable":true,"href":"https:\/\/gdksoftware.com\/pt-br\/wp-json\/wp\/v2\/users\/4"}],"replies":[{"embeddable":true,"href":"https:\/\/gdksoftware.com\/pt-br\/wp-json\/wp\/v2\/comments?post=4867"}],"version-history":[{"count":2,"href":"https:\/\/gdksoftware.com\/pt-br\/wp-json\/wp\/v2\/pages\/4867\/revisions"}],"predecessor-version":[{"id":4869,"href":"https:\/\/gdksoftware.com\/pt-br\/wp-json\/wp\/v2\/pages\/4867\/revisions\/4869"}],"wp:attachment":[{"href":"https:\/\/gdksoftware.com\/pt-br\/wp-json\/wp\/v2\/media?parent=4867"}],"curies":[{"name":"wp","href":"https:\/\/api.w.org\/{rel}","templated":true}]}}