{"id":5237,"date":"2024-04-22T12:28:34","date_gmt":"2024-04-22T11:28:34","guid":{"rendered":"https:\/\/gdksoftware.com\/?page_id=5237"},"modified":"2024-04-22T14:51:41","modified_gmt":"2024-04-22T13:51:41","slug":"existe-uma-ferramenta-de-migracao-delphi-perfeita","status":"publish","type":"page","link":"https:\/\/gdksoftware.com\/pt-br\/existe-uma-ferramenta-de-migracao-delphi-perfeita","title":{"rendered":"Existe uma Ferramenta de Migra\u00e7\u00e3o Delphi Perfeita?"},"content":{"rendered":"","protected":false},"excerpt":{"rendered":"","protected":false},"author":4,"featured_media":0,"parent":0,"menu_order":0,"comment_status":"closed","ping_status":"closed","template":"","meta":{"_acf_changed":false,"footnotes":""},"class_list":["post-5237","page","type-page","status-publish","hentry"],"acf":{"type_hero":"img","hero_image":5157,"hero_image_position":"","hero_title":"Existe uma Ferramenta de Migra\u00e7\u00e3o Delphi Perfeita?","hero_content":"","hero_link":null,"hero_show_h1":false,"flexible_content":[{"acf_fc_layout":"text","text_type":"container","text_marge":"none","text_id":"","text_title":"","text_content":"<strong>A resposta curta para se existe uma ferramenta de migra\u00e7\u00e3o Delphi perfeita \u00e9, de fato, n\u00e3o. Migrar uma aplica\u00e7\u00e3o Delphi de qualquer vers\u00e3o anterior a 2009 para uma vers\u00e3o moderna do Delphi pode ser complexo e demorado, principalmente devido \u00e0s mudan\u00e7as significativas na linguagem de programa\u00e7\u00e3o e no ambiente de desenvolvimento ao longo dos anos.<\/strong>\r\n\r\n\u00c0s vezes, uma migra\u00e7\u00e3o Delphi \u00e9 relativamente simples. Isso depende muito da complexidade da aplica\u00e7\u00e3o e da vers\u00e3o do Delphi na qual foi originalmente desenvolvida. Por exemplo, migrar do Delphi 2007 para o Delphi 12 \u00e9 muitas vezes menos complicado do que migrar de vers\u00f5es muito antigas, como do Delphi 5 para o Delphi 12. Isso ocorre porque vers\u00f5es mais antigas, como o Delphi 5, frequentemente utilizam componentes e estruturas obsoletas que n\u00e3o s\u00e3o mais suportadas nas vers\u00f5es mais recentes. Como resultado, muito mais c\u00f3digo precisa ser reescrito para ser compat\u00edvel com as tecnologias e padr\u00f5es modernos.\r\n\r\nUm exemplo espec\u00edfico de um grande desafio \u00e9 a introdu\u00e7\u00e3o do Unicode no Delphi. Embarcadero introduziu suporte completo ao Unicode em 2008 com o RAD Studio. Esta atualiza\u00e7\u00e3o teve implica\u00e7\u00f5es significativas para os tipos de dados comumente usados em programas Delphi. Exemplos incluem os tipos de dados String, Char e PChar, cujas defini\u00e7\u00f5es foram ajustadas para suportar caracteres Unicode. Essa mudan\u00e7a requer que aplica\u00e7\u00f5es existentes que utilizem esses tipos de dados sejam modificadas para funcionar corretamente nas novas vers\u00f5es do Delphi. Isso pode levar a problemas ao migrar aplica\u00e7\u00f5es, bibliotecas e unidades compartilhadas originalmente escritas para um ambiente n\u00e3o Unicode.\r\n\r\nOs desafios de migra\u00e7\u00e3o n\u00e3o param por a\u00ed. Vers\u00f5es modernas do Delphi, como o Delphi 10 e posteriores, oferecem recursos mais avan\u00e7ados e desempenho aprimorado que tornam a atualiza\u00e7\u00e3o atraente, mas tamb\u00e9m exigem que os desenvolvedores se familiarizem com novas funcionalidades do IDE, bibliotecas de componentes e constru\u00e7\u00f5es de linguagem. Al\u00e9m disso, aspectos de seguran\u00e7a, como o manejo de APIs externas e a integra\u00e7\u00e3o com sistemas operacionais modernos, podem adicionar complica\u00e7\u00f5es adicionais \u00e0 migra\u00e7\u00e3o.\r\n\r\nPortanto, \u00e9 crucial para as organiza\u00e7\u00f5es que consideram uma migra\u00e7\u00e3o Delphi realizar um planejamento e avalia\u00e7\u00e3o minuciosos, e possivelmente investir em ferramentas ou servi\u00e7os especializados para facilitar a transi\u00e7\u00e3o. N\u00e3o existe uma solu\u00e7\u00e3o \"tamanho \u00fanico\", e o sucesso de um projeto de migra\u00e7\u00e3o depende de um entendimento profundo tanto dos sistemas antigos quanto dos novos.\r\n<h3>GDK Duster<\/h3>\r\nOs programadores Delphi da GDK Software migraram centenas de aplica\u00e7\u00f5es Delphi existentes. Verifica-se que cerca de oitenta a noventa por cento do c\u00f3digo pode ser reutilizado. Os dez a vinte por cento restantes devem ser reescritos. Frequentemente usamos nossa pr\u00f3pria ferramenta de migra\u00e7\u00e3o para reescrever automaticamente o c\u00f3digo mais antigo. Esta ferramenta de migra\u00e7\u00e3o \u00e9 chamada GDK Duster. O GDK Duster possui mais de 500 solu\u00e7\u00f5es prontas dispon\u00edveis. O GDK Duster usa o compilador Delphi para compilar automaticamente programas, encontrar erros e ajustar o c\u00f3digo para corrigir esses erros. Uma grande parte dos erros pode ser resolvida automaticamente. E o resto? Com o editor embutido pr\u00e1tico, voc\u00ea pode facilmente adicionar novas solu\u00e7\u00f5es \u00e0 lista por conta pr\u00f3pria, para que s\u00f3 precise adicionar cada solu\u00e7\u00e3o uma vez.\r\n\r\nVeja como o Duster funciona no v\u00eddeo abaixo:\r\n\r\nhttps:\/\/www.youtube.com\/watch?v=p8qtl_kMvd4\r\n<h3>Comece a Migrar Sua Aplica\u00e7\u00e3o?<\/h3>\r\nVoc\u00ea quer migrar sua aplica\u00e7\u00e3o Delphi existente? Voc\u00ea pode fazer isso por conta pr\u00f3pria com o GDK Duster ou pode entrar em contato conosco. Teremos prazer em discutir as possibilidades com voc\u00ea. Se voc\u00ea escolher a GDK Software, ser\u00e1 apoiado por uma forte equipe de especialistas. Esperamos v\u00ea-lo em breve!\r\n\r\n<a href=\"https:\/\/calendly.com\/marcogeuze\/strategy-session?month=2024-04\">Agende uma sess\u00e3o estrat\u00e9gica online gratuita com a GDK<\/a>!","text_content2":"","text_content3":"","text_side_image":null,"text_side_images":null,"text_side_shortcuts_title":"","text_side_shortcuts":null,"text_side_usps":""}]},"yoast_head":"<!-- This site is optimized with the Yoast SEO Premium plugin v26.8 (Yoast SEO v27.5) - https:\/\/yoast.com\/product\/yoast-seo-premium-wordpress\/ -->\n<title>Existe uma Ferramenta de Migra\u00e7\u00e3o Delphi Perfeita? - GDK Software<\/title>\n<meta name=\"robots\" content=\"index, follow, max-snippet:-1, max-image-preview:large, max-video-preview:-1\" \/>\n<link rel=\"canonical\" href=\"https:\/\/gdksoftware.com\/pt-br\/existe-uma-ferramenta-de-migracao-delphi-perfeita\" \/>\n<meta property=\"og:locale\" content=\"pt_BR\" \/>\n<meta property=\"og:type\" content=\"article\" \/>\n<meta property=\"og:title\" content=\"Existe uma Ferramenta de Migra\u00e7\u00e3o Delphi Perfeita?\" \/>\n<meta property=\"og:url\" content=\"https:\/\/gdksoftware.com\/pt-br\/existe-uma-ferramenta-de-migracao-delphi-perfeita\" \/>\n<meta property=\"og:site_name\" content=\"GDK Software\" \/>\n<meta property=\"article:modified_time\" content=\"2024-04-22T13:51:41+00:00\" \/>\n<meta name=\"twitter:card\" content=\"summary_large_image\" \/>\n<meta name=\"twitter:label1\" content=\"Est. tempo de leitura\" \/>\n\t<meta name=\"twitter:data1\" content=\"4 minutos\" \/>\n<script type=\"application\/ld+json\" class=\"yoast-schema-graph\">{\"@context\":\"https:\\\/\\\/schema.org\",\"@graph\":[{\"@type\":\"WebPage\",\"@id\":\"https:\\\/\\\/gdksoftware.com\\\/pt-br\\\/existe-uma-ferramenta-de-migracao-delphi-perfeita\",\"url\":\"https:\\\/\\\/gdksoftware.com\\\/pt-br\\\/existe-uma-ferramenta-de-migracao-delphi-perfeita\",\"name\":\"Existe uma Ferramenta de Migra\u00e7\u00e3o Delphi Perfeita? - GDK Software\",\"isPartOf\":{\"@id\":\"https:\\\/\\\/gdksoftware.com\\\/pt-br#website\"},\"datePublished\":\"2024-04-22T11:28:34+00:00\",\"dateModified\":\"2024-04-22T13:51:41+00:00\",\"breadcrumb\":{\"@id\":\"https:\\\/\\\/gdksoftware.com\\\/pt-br\\\/existe-uma-ferramenta-de-migracao-delphi-perfeita#breadcrumb\"},\"inLanguage\":\"pt-BR\",\"potentialAction\":[{\"@type\":\"ReadAction\",\"target\":[\"https:\\\/\\\/gdksoftware.com\\\/pt-br\\\/existe-uma-ferramenta-de-migracao-delphi-perfeita\"]}]},{\"@type\":\"BreadcrumbList\",\"@id\":\"https:\\\/\\\/gdksoftware.com\\\/pt-br\\\/existe-uma-ferramenta-de-migracao-delphi-perfeita#breadcrumb\",\"itemListElement\":[{\"@type\":\"ListItem\",\"position\":1,\"name\":\"Home\",\"item\":\"https:\\\/\\\/gdksoftware.com\\\/pt-br\"},{\"@type\":\"ListItem\",\"position\":2,\"name\":\"Existe uma Ferramenta de Migra\u00e7\u00e3o Delphi Perfeita?\"}]},{\"@type\":\"WebSite\",\"@id\":\"https:\\\/\\\/gdksoftware.com\\\/pt-br#website\",\"url\":\"https:\\\/\\\/gdksoftware.com\\\/pt-br\",\"name\":\"GDK Software\",\"description\":\"Zet de stip op je horizon\",\"potentialAction\":[{\"@type\":\"SearchAction\",\"target\":{\"@type\":\"EntryPoint\",\"urlTemplate\":\"https:\\\/\\\/gdksoftware.com\\\/pt-br?s={search_term_string}\"},\"query-input\":{\"@type\":\"PropertyValueSpecification\",\"valueRequired\":true,\"valueName\":\"search_term_string\"}}],\"inLanguage\":\"pt-BR\"}]}<\/script>\n<!-- \/ Yoast SEO Premium plugin. -->","yoast_head_json":{"title":"Existe uma Ferramenta de Migra\u00e7\u00e3o Delphi Perfeita? - GDK Software","robots":{"index":"index","follow":"follow","max-snippet":"max-snippet:-1","max-image-preview":"max-image-preview:large","max-video-preview":"max-video-preview:-1"},"canonical":"https:\/\/gdksoftware.com\/pt-br\/existe-uma-ferramenta-de-migracao-delphi-perfeita","og_locale":"pt_BR","og_type":"article","og_title":"Existe uma Ferramenta de Migra\u00e7\u00e3o Delphi Perfeita?","og_url":"https:\/\/gdksoftware.com\/pt-br\/existe-uma-ferramenta-de-migracao-delphi-perfeita","og_site_name":"GDK Software","article_modified_time":"2024-04-22T13:51:41+00:00","twitter_card":"summary_large_image","twitter_misc":{"Est. tempo de leitura":"4 minutos"},"schema":{"@context":"https:\/\/schema.org","@graph":[{"@type":"WebPage","@id":"https:\/\/gdksoftware.com\/pt-br\/existe-uma-ferramenta-de-migracao-delphi-perfeita","url":"https:\/\/gdksoftware.com\/pt-br\/existe-uma-ferramenta-de-migracao-delphi-perfeita","name":"Existe uma Ferramenta de Migra\u00e7\u00e3o Delphi Perfeita? - GDK Software","isPartOf":{"@id":"https:\/\/gdksoftware.com\/pt-br#website"},"datePublished":"2024-04-22T11:28:34+00:00","dateModified":"2024-04-22T13:51:41+00:00","breadcrumb":{"@id":"https:\/\/gdksoftware.com\/pt-br\/existe-uma-ferramenta-de-migracao-delphi-perfeita#breadcrumb"},"inLanguage":"pt-BR","potentialAction":[{"@type":"ReadAction","target":["https:\/\/gdksoftware.com\/pt-br\/existe-uma-ferramenta-de-migracao-delphi-perfeita"]}]},{"@type":"BreadcrumbList","@id":"https:\/\/gdksoftware.com\/pt-br\/existe-uma-ferramenta-de-migracao-delphi-perfeita#breadcrumb","itemListElement":[{"@type":"ListItem","position":1,"name":"Home","item":"https:\/\/gdksoftware.com\/pt-br"},{"@type":"ListItem","position":2,"name":"Existe uma Ferramenta de Migra\u00e7\u00e3o Delphi Perfeita?"}]},{"@type":"WebSite","@id":"https:\/\/gdksoftware.com\/pt-br#website","url":"https:\/\/gdksoftware.com\/pt-br","name":"GDK Software","description":"Zet de stip op je horizon","potentialAction":[{"@type":"SearchAction","target":{"@type":"EntryPoint","urlTemplate":"https:\/\/gdksoftware.com\/pt-br?s={search_term_string}"},"query-input":{"@type":"PropertyValueSpecification","valueRequired":true,"valueName":"search_term_string"}}],"inLanguage":"pt-BR"}]}},"_links":{"self":[{"href":"https:\/\/gdksoftware.com\/pt-br\/wp-json\/wp\/v2\/pages\/5237","targetHints":{"allow":["GET"]}}],"collection":[{"href":"https:\/\/gdksoftware.com\/pt-br\/wp-json\/wp\/v2\/pages"}],"about":[{"href":"https:\/\/gdksoftware.com\/pt-br\/wp-json\/wp\/v2\/types\/page"}],"author":[{"embeddable":true,"href":"https:\/\/gdksoftware.com\/pt-br\/wp-json\/wp\/v2\/users\/4"}],"replies":[{"embeddable":true,"href":"https:\/\/gdksoftware.com\/pt-br\/wp-json\/wp\/v2\/comments?post=5237"}],"version-history":[{"count":2,"href":"https:\/\/gdksoftware.com\/pt-br\/wp-json\/wp\/v2\/pages\/5237\/revisions"}],"predecessor-version":[{"id":5240,"href":"https:\/\/gdksoftware.com\/pt-br\/wp-json\/wp\/v2\/pages\/5237\/revisions\/5240"}],"wp:attachment":[{"href":"https:\/\/gdksoftware.com\/pt-br\/wp-json\/wp\/v2\/media?parent=5237"}],"curies":[{"name":"wp","href":"https:\/\/api.w.org\/{rel}","templated":true}]}}